{"id":4543,"date":"2017-12-20T09:40:04","date_gmt":"2017-12-20T09:40:04","guid":{"rendered":"http:\/\/crystalralaksmi.com\/eesti\/?page_id=4543"},"modified":"2021-03-05T19:05:07","modified_gmt":"2021-03-05T17:05:07","slug":"16-kokkulepet-crystal-raga-koostooks","status":"publish","type":"page","link":"https:\/\/crystalralaksmi.com\/eesti\/teenused\/16-kokkulepet-crystal-raga-koostooks\/","title":{"rendered":"16 kokkulepet Crystal Raga koost\u00f6\u00f6ks"},"content":{"rendered":"[et_pb_section fb_built=&#8221;1&#8243; admin_label=&#8221;Section&#8221; _builder_version=&#8221;4.9.0&#8243; custom_padding=&#8221;||0px|||&#8221; global_module=&#8221;225116&#8243; saved_tabs=&#8221;all&#8221;][et_pb_row _builder_version=&#8221;3.25&#8243; background_size=&#8221;initial&#8221; background_position=&#8221;top_left&#8221; background_repeat=&#8221;repeat&#8221; custom_padding=&#8221;||0px|||&#8221;][et_pb_column type=&#8221;4_4&#8243; _builder_version=&#8221;3.25.3&#8243;][et_pb_post_title meta=&#8221;off&#8221; featured_image=&#8221;off&#8221; _builder_version=&#8221;3.25.3&#8243; title_font=&#8221;Poppins|600|||||||&#8221; custom_margin=&#8221;||0px|||&#8221;][\/et_pb_post_title][et_pb_divider color=&#8221;#57ca85&#8243; divider_weight=&#8221;5px&#8221; _builder_version=&#8221;3.25.3&#8243; width=&#8221;14%&#8221;][\/et_pb_divider][\/et_pb_column][\/et_pb_row][et_pb_row _builder_version=&#8221;4.9.0&#8243; _module_preset=&#8221;default&#8221;][et_pb_column type=&#8221;4_4&#8243; _builder_version=&#8221;4.9.0&#8243; _module_preset=&#8221;default&#8221;][et_pb_gallery gallery_ids=&#8221;225560,225561&#8243; posts_number=&#8221;2&#8243; show_title_and_caption=&#8221;off&#8221; show_pagination=&#8221;off&#8221; _builder_version=&#8221;4.9.0&#8243; _module_preset=&#8221;default&#8221; width=&#8221;1920px&#8221;][\/et_pb_gallery][\/et_pb_column][\/et_pb_row][\/et_pb_section][et_pb_section fb_built=&#8221;1&#8243; admin_label=&#8221;section&#8221; _builder_version=&#8221;3.22.3&#8243;][et_pb_row admin_label=&#8221;row&#8221; _builder_version=&#8221;3.25&#8243; background_size=&#8221;initial&#8221; background_position=&#8221;top_left&#8221; background_repeat=&#8221;repeat&#8221;][et_pb_column type=&#8221;4_4&#8243; _builder_version=&#8221;3.25&#8243; custom_padding=&#8221;|||&#8221; custom_padding__hover=&#8221;|||&#8221;][et_pb_text admin_label=&#8221;Text&#8221; _builder_version=&#8221;4.9.0&#8243; background_size=&#8221;initial&#8221; background_position=&#8221;top_left&#8221; background_repeat=&#8221;repeat&#8221; hover_enabled=&#8221;0&#8243; sticky_enabled=&#8221;0&#8243; custom_padding=&#8221;0px|||||&#8221;]<p style=\"text-align: justify;\"><a href=\"https:\/\/crystalralaksmi.com\/eesti\/wp-content\/uploads\/2014\/09\/PV-wantrahands.jpg\"><img loading=\"lazy\" decoding=\"async\" class=\"size-medium wp-image-1903\" src=\"https:\/\/crystalralaksmi.com\/eesti\/wp-content\/uploads\/2014\/09\/PV-wantrahands-300x183.jpg\" alt=\"PV wantrahands\" width=\"300\" height=\"183\" \/><\/a><\/p>\n<p style=\"text-align: justify;\">Selleks et mina saaksin anda endast maksimaalse parima on vaja v\u00e4ga selgeid koost\u00f6\u00f6 kokkuleppeid. V\u00e4ga paljud terapeudid v\u00f5i coachid teevad selle vea et suhtlemise ja koost\u00f6\u00f6 konteineri piirid on ebaselged. Kuna olen inimestega tegelenud juba \u00fcle 20 aasta, siis mul ei ole enam seda luksust v\u00f5imalik endale lubada et m\u00e4ngida kassi ja hiire m\u00e4ngu. Kui k\u00f5ik on konkreetselt paigas siis teab ka minu klient mida minult oodata ja kuidas minuga koost\u00f6\u00f6s toimetada. Kui sellised kokkulepped ei sobi, siis ei ole me ilmselgelt sobivad koost\u00f6\u00f6partnerid ja ka see on okei. Iga\u00fcks leiab omale sobiva inimese ja teejuhi.<\/p>\n<p style=\"text-align: justify;\"><strong>M\u00f5ned inimesed arvavad, et mul polegi oma elu, et ma istun vaid Facebookis ja vastan suvalistele s\u00f5numitele v\u00f5i siis v\u00f5tan vastu suvalisi telefonik\u00f5nesid v\u00f5i olen valmis koheselt kellelegi seanssi tegema. Kahjuks nii need asjad ei k\u00e4i. Uues ajas toimetades peame ka seadma oma tingimusi ja ka ennast teadlikult ning s\u00f5bralikult kehtestama. <\/strong><\/p>\n<p style=\"text-align: justify;\"><strong>Isegi kui sul veel k\u00f5ikide kokkulepetega oma elus ei ole k\u00f5ik korras, v\u00f5id ikkagi minuga \u00fchendust v\u00f5tta ja vaatame koos, mis v\u00f5imalik on.\u00a0<\/strong><\/p>\n<p style=\"text-align: justify;\">Otsustasin, et kirjutan ka siia selle kohta eraldi lehel, et siis enne kui inimene minuga \u00fcldse kontakti v\u00f5tab, saab selle \u00fcle vaadata ja otsustada kas mina olen see inimene, kes saaks sinule panustada?<\/p>\n<p style=\"text-align: justify;\">Loodusseadus on see, et kui \u00fcks annab ja teine vastu ei v\u00f5ta, siis ei saa andja antud kingitus kohale j\u00f5uda. Siin toon siis \u00e4ra nimekirja, mis aitab saada \u00fclevaate. \u00dctleme nii, et tegu on kokkulepetega enne kui astume sammu \u00e4riliselt koost\u00f6\u00f6d tegema hakata.<\/p>\n<p style=\"text-align: justify;\"><strong>1. Minu kokkulepe on olla austav oma klientide suhtes.<\/strong> Seega valin teha koost\u00f6\u00f6d eelk\u00f5ige klientidega, kellel on minu suhtes austus ja v\u00f5ime kuulata ja ka vastu v\u00f5tta mida mul on \u00fctelda. Kui sa oled minu suhtes negatiivselt meelestatud, siis mu energaid ei pruugi sinuni j\u00f5uda, nii nagu ei pruugi ka sinuni j\u00f5uda info l\u00e4bi su meele ja keha. Kui puudub austus, siis l\u00e4hevad minu energiad blokki ja ma ei ole suuteline sulle andma, mida sa minult vajaksid.<\/p>\n<p style=\"text-align: justify;\"><strong>2. Ma austan oma klientide aega.<\/strong> Kui ma n\u00e4en, et seanss hakkab \u00fcle aja minema, siis ma teavitan oma kliente. Kui ma olen ise hilinemas seansile, siis annan samuti teada. Seep\u00e4rast armastan koost\u00f6\u00f6d teha ka klientidega, kes austavad ka minu aega. Kui sa ei saa kokkulepitud seanssi teha &#8211; siis annad sellest varakult teada nii nagu mu teenuste tingimuste all on kirjas ja paneme sulle uue aja. Minu aeg on mulle kallis ja kui midagi juhtub, siis palun austa mu aega ja teavita mind sellest.<\/p>\n<p style=\"text-align: justify;\"><strong>3. Kui ma ostan midagi v\u00f5i keegi on mulle osutanud teenuse, siis maksan selle eest nii nagu kokku lepime.<\/strong> Kliendid, kes maksavad kohe kui teenus on osutatud v\u00f5i siis kui eelnevalt on kokku lepitud (kui tegu on online koolitusega). Kui me lepime kokku eritingimustega maksed (teen seda v\u00e4ga harva) siis on minu ootus, et sa ka ise meeles pead millal viimased maksed kohale j\u00f5uavad. Kui sa j\u00e4tad need maksmata, on karma sinu kohtum\u00f5istja.<\/p>\n<p style=\"text-align: justify;\"><strong>4. Ma teen kogu aeg iseendaga v\u00e4ga tugevat t\u00f6\u00f6d.<\/strong> Seep\u00e4rast sobivad ka minule kliendid, kes soovivad t\u00f5eliselt iseendaga t\u00f6\u00f6d teha ja v\u00f5tavad seansse t\u00f5siselt. Kliendid, kes kui minuga koost\u00f6\u00f6 heliseb kaaluvad mind ka tuleviku seanssidele tellida. Armastan oma pikajalisi kliente. Neist saavad minu VIP kliendid, kes saavad ka kutse liituda minu VIP klubiga. Selleks soovitangi liituda online koolitustega.<\/p>\n<p style=\"text-align: justify;\"><strong>5. Klient, kes kui oleme milleski omavahel kokku leppinud sellest ka kinni peab.<\/strong> N\u00e4iteks online koolituste puhul &#8211; saadab sisse oma kodut\u00f6\u00f6d selleks etten\u00e4htud ajal, v\u00f5tab vastu mu kommentaarid ja t\u00e4nab selle eest, osaleb aktiivselt ka FB grupis ja kui tekib probleem on piisavalt julge, et sellest r\u00e4\u00e4kida ja minuga koos lahendusi otsida ja on vastutustundlik.<\/p>\n<p style=\"text-align: justify;\"><strong>6. Kui ma saan hea kogemuse kogemuse, siis jagan seda alati oma sotsiaalmeedia kontol.<\/strong> Seep\u00e4rast armastan ma ka kliente, kes v\u00e4\u00e4rtustavad mu t\u00f6\u00f6d ja pakuvad ise oma imelise koost\u00f6\u00f6kogemuse tagasisidemena mulle saata ka teistele jagamiseks.<\/p>\n<p style=\"text-align: justify;\"><strong>7. Kui olen kogenud v\u00e4ga h\u00e4id terapeute, siis soovitan neid alati edasi oma klientidele v\u00f5i l\u00e4hedastele.<\/strong> Seep\u00e4rast hindan k\u00f5rgelt kliente, kes ka mind edasi soovitavad oma tuttavatele ja l\u00e4hedastele.<\/p>\n<p style=\"text-align: justify;\"><strong>8. Kui ma tunnen, et mul on kellegi kohta vaja midagi kommenteerida, siis ma teen seda ja ka mainin miks ma seda teen &#8211; aga ma ei r\u00e4\u00e4gi inimesi taga.<\/strong> Seep\u00e4rast armastan ka kliente, kes ei r\u00e4\u00e4gi minust selja taga v\u00f5i kui siis soovitavad mind ka teistele.<\/p>\n<p style=\"text-align: justify;\"><strong>9. Ma arvestan inimestega enda \u00fcmber.<\/strong> Seep\u00e4rast valin ka eelk\u00f5ige kliente, kes on ka minuga arvestav. Kui me oleme alustanud koost\u00f6\u00f6d ja omavahel kokku leppinud tingimustes, siis kui on vaja neid muuta me jagame neid omavahel, et teisega teadlikult arvestada.<\/p>\n<p style=\"text-align: justify;\"><strong>10. Ei ole midagi hullemat kui \u00fchesuunaline liiklus &#8211; kus ma annan ja annan ja teine pool ei suuda seda vastu v\u00f5tta v\u00f5i see ei j\u00f5ua kohale.<\/strong> Milline r\u00f5\u00f5m on t\u00f6\u00f6tada klientidega, kes saavad aru, mida ma r\u00e4\u00e4gin ja samas ka v\u00f5tavad vastu mu n\u00f5uanded ja panevad need ka t\u00f6\u00f6sse. Seep\u00e4rast armastan valida kliente, kelledega koost\u00f6\u00f6 on lust ja kelledega energia voolab kahesuunalise liiklusena.<\/p>\n<p style=\"text-align: justify;\"><strong>11. Olen oma klientidega t\u00f6\u00f6tades t\u00e4iesti kohal.<\/strong> Klient, kes on praeguses hetkes ja olevikus ja soovib muuta oma tulevikku ning on valmis tervendama oma minevikku.<\/p>\n<p style=\"text-align: justify;\"><strong>12. Klient, keda mina saan usaldada ja kes mind usaldab.<\/strong> Usaldus on energiat\u00f6\u00f6 ja ka kehat\u00f6\u00f6 puhul v\u00e4ga oluline, sest see annab sulle kui kliendile v\u00f5imaluse olla haavatav, mis on \u00fclivajalik oma keha, vaimu ja meele tervendamisel.<\/p>\n<p style=\"text-align: justify;\"><strong>13. Klient, kes m\u00f5nikord kui on vaja &#8211; teeb teenuseid v\u00f5i tegusid, mis annavad mulle tunde, et mind ja mu t\u00f6\u00f6d v\u00e4\u00e4rtustatakse ning austatakse ning ma olen tema jaoks eriline.<\/strong><\/p>\n<p style=\"text-align: justify;\"><strong>14. Klient, kes ei kopeeri minu tegevust.<\/strong> Kui sa n\u00e4ed, et ma teen midagi vahvat v\u00f5i omamoodi, siis ole julge ja k\u00fcsi selle kohta ja v\u00f5ibolla sellest v\u00f5ib s\u00fcndida ka koost\u00f6\u00f6 tulevikuks?<\/p>\n<p style=\"text-align: justify;\"><strong>15. Klient, kes saab ka aru, et ka mina olen inimene ja vahest (v\u00e4ga harva) pean t\u00fchistama kas seansi v\u00f5i kokkuleppe<\/strong> kuna midagi t\u00e4htsamat tuli vahele, aga arvestades sinuga pakun sulle ka uue v\u00f5imaluse.<\/p>\n<p style=\"text-align: justify;\"><strong>16. Ma olen aastatega \u00f5ppinud ennast teadlikult kehtestama ja mu soov on et ka minu kliendid teeksid seda.<\/strong> Kui nad veel ei oska, siis ma v\u00f5in suunata ja juhtida.<\/p>\n<p style=\"text-align: justify;\">Kui kliendid neid punkte silmas peavad, siis juhtub sageli, et meist saavad ka head tuttavad ja vahest isegi s\u00f5brad. Minuga tasub head koost\u00f6\u00f6d teha, kuna mul on suured suhtlusv\u00f5rgustikud ka globaalsel tasandil nii nagu pidevalt midagi uut ja p\u00f5nevat toimumas ja ma ka reisin palju. Aga ma ei jaga neid sinuga enne kui sa oled t\u00f5estanud, et oled minu usaldust v\u00e4\u00e4rt ja et me heliseme \u00fches helistikus.<\/p>\n<p style=\"text-align: justify;\">Seega kui sa m\u00f5tled minu juurde tulla kas seansile v\u00f5i siis alustada koost\u00f6\u00f6d online kursustega v\u00f5i siis ka muul moel &#8211; siis on hea kui tunnetad \u00fcle kas ja kuidas sinul nende kokkulepetega lood on ja kuidas need sinuga helisevad?<\/p>\n<p style=\"text-align: justify;\">Aloha ja imelise kohtumiseni,<\/p>\n<p style=\"text-align: justify;\">Crystal Ra<\/p>\n<p><\/p>\n<figure class=\"wp-block-image is-resized\"><img loading=\"lazy\" decoding=\"async\" src=\"https:\/\/crystalralaksmi.com\/eesti\/wp-content\/uploads\/2019\/01\/crsytaldolphins-770x1024.jpg\" alt=\"\" class=\"wp-image-5273\" width=\"180\" height=\"239\" \/><\/p>\n<figcaption>Kohtumiseni!<\/figcaption>\n<\/figure>\n<p><br \/> \u00a0<\/p>\n<p><\/p>[\/et_pb_text][\/et_pb_column][\/et_pb_row][\/et_pb_section]<span class=\"et_bloom_bottom_trigger\"><\/span>","protected":false},"excerpt":{"rendered":"<p>Selleks et mina saaksin anda endast maksimaalse parima on vaja v\u00e4ga selgeid koost\u00f6\u00f6 kokkuleppeid. V\u00e4ga paljud terapeudid v\u00f5i coachid teevad selle vea et suhtlemise ja koost\u00f6\u00f6 konteineri piirid on ebaselged. [&hellip;]<\/p>\n","protected":false},"author":1,"featured_media":224861,"parent":215,"menu_order":0,"comment_status":"closed","ping_status":"closed","template":"","meta":{"_acf_changed":false,"_et_pb_use_builder":"on","_et_pb_old_content":"<p style=\"text-align: justify;\"><a href=\"https:\/\/crystalralaksmi.com\/eesti\/wp-content\/uploads\/2014\/09\/PV-wantrahands.jpg\"><img class=\"size-medium wp-image-1903\" src=\"https:\/\/crystalralaksmi.com\/eesti\/wp-content\/uploads\/2014\/09\/PV-wantrahands-300x183.jpg\" alt=\"PV wantrahands\" width=\"300\" height=\"183\" \/><\/a><\/p>\r\n<p style=\"text-align: justify;\">Selleks et mina saaksin anda endast maksimaalse parima on vaja v\u00e4ga selgeid koost\u00f6\u00f6 kokkuleppeid. V\u00e4ga paljud terapeudid v\u00f5i coachid teevad selle vea et suhtlemise ja koost\u00f6\u00f6 konteineri piirid on ebaselged. Kuna olen inimestega tegelenud juba pea 20 aastat, siis mul ei ole enam seda luksust v\u00f5imalik endale lubada et m\u00e4ngida kassi ja hiire m\u00e4ngu. Kui k\u00f5ik on konkreetselt paigas siis teab ka minu klient mida minult oodata ja kuidas minuga koost\u00f6\u00f6s toimetada. Kui sellised kokkulepped ei sobi, siis ei ole me ilmselgelt sobivad koost\u00f6\u00f6partnerid ja ka see on okei. Iga\u00fcks leiab omale sobiva inimese ja teejuhi.\u00a0<\/p>\r\n<p style=\"text-align: justify;\"><strong>M\u00f5ned inimesed arvavad, et mul polegi oma elu, et ma istun vaid Facebookis ja vastan suvalistele s\u00f5numitele v\u00f5i siis v\u00f5tan vastu suvalisi telefonik\u00f5nesid v\u00f5i olen valmis koheselt kellelegi seanssi tegema. Kahjuks nii need asjad ei k\u00e4i. Uues ajas toimetades peame ka seadma oma tingimusi ja ka ennast teadlikult ning s\u00f5bralikult kehtestama. <\/strong><\/p>\r\n<p style=\"text-align: justify;\"><strong>Isegi kui sul veel k\u00f5ikide kokkulepetega oma elus ei ole k\u00f5ik korras, v\u00f5id ikkagi minuga \u00fchendust v\u00f5tta ja vaatame koos, mis v\u00f5imalik on.\u00a0<\/strong><\/p>\r\n<p style=\"text-align: justify;\">Otsustasin, et kirjutan ka siia selle kohta eraldi lehel, et siis enne kui inimene minuga \u00fcldse kontakti v\u00f5tab, saab selle \u00fcle vaadata ja otsustada kas mina olen see inimene, kes saaks sinule panustada?<\/p>\r\n<p style=\"text-align: justify;\">Loodusseadus on see, et kui \u00fcks annab ja teine vastu ei v\u00f5ta, siis ei saa andja antud kingitus kohale j\u00f5uda. Siin toon siis \u00e4ra nimekirja, mis aitab saada \u00fclevaate. \u00dctleme nii, et tegu on kokkulepetega enne kui astume sammu \u00e4riliselt koost\u00f6\u00f6d tegema hakata.<\/p>\r\n<p style=\"text-align: justify;\"><strong>1. Minu kokkulepe on olla austav oma klientide suhtes.<\/strong> Seega valin teha koost\u00f6\u00f6d eelk\u00f5ige klientidega, kellel on minu suhtes austus ja v\u00f5ime kuulata ja ka vastu v\u00f5tta mida mul on \u00fctelda. Kui sa oled minu suhtes negatiivselt meelestatud, siis mu energaid ei pruugi sinuni j\u00f5uda, nii nagu ei pruugi ka sinuni j\u00f5uda info l\u00e4bi su meele ja keha. Kui puudub austus, siis l\u00e4hevad minu energiad blokki ja ma ei ole suuteline sulle andma, mida sa minult vajaksid.<\/p>\r\n<p style=\"text-align: justify;\"><strong>2. Ma austan oma klientide aega.<\/strong> Kui ma n\u00e4en, et seanss hakkab \u00fcle aja minema, siis ma teavitan oma kliente. Kui ma olen ise hilinemas seansile, siis annan samuti teada. Seep\u00e4rast armastan koost\u00f6\u00f6d teha ka klientidega, kes austavad ka minu aega. Kui sa ei saa kokkulepitud seanssi teha - siis annad sellest varakult teada nii nagu mu teenuste tingimuste all on kirjas ja paneme sulle uue aja. Minu aeg on mulle kallis ja kui midagi juhtub, siis palun austa mu aega ja teavita mind sellest.<\/p>\r\n<p style=\"text-align: justify;\"><strong>3. Kui ma ostan midagi v\u00f5i keegi on mulle osutanud teenuse, siis maksan selle eest nii nagu kokku lepime.<\/strong> Kliendid, kes maksavad kohe kui teenus on osutatud v\u00f5i siis kui eelnevalt on kokku lepitud (kui tegu on online koolitusega). Kui me lepime kokku eritingimustega maksed (teen seda v\u00e4ga harva) siis on minu ootus, et sa ka ise meeles pead millal viimased maksed kohale j\u00f5uavad. Kui sa j\u00e4tad need maksmata, on karma sinu kohtum\u00f5istja.<\/p>\r\n<p style=\"text-align: justify;\"><strong>4. Ma teen kogu aeg iseendaga v\u00e4ga tugevat t\u00f6\u00f6d.<\/strong> Seep\u00e4rast sobivad ka minule kliendid, kes soovivad t\u00f5eliselt iseendaga t\u00f6\u00f6d teha ja v\u00f5tavad seansse t\u00f5siselt. Kliendid, kes kui minuga koost\u00f6\u00f6 heliseb kaaluvad mind ka tuleviku seanssidele tellida. Armastan oma pikajalisi kliente. Neist saavad minu VIP kliendid, kes saavad ka kutse liituda minu VIP klubiga. Selleks soovitangi liituda online koolitustega.<\/p>\r\n<p style=\"text-align: justify;\"><strong>5. Klient, kes kui oleme milleski omavahel kokku leppinud sellest ka kinni peab.<\/strong> N\u00e4iteks online koolituste puhul - saadab sisse oma kodut\u00f6\u00f6d selleks etten\u00e4htud ajal, v\u00f5tab vastu mu kommentaarid ja t\u00e4nab selle eest, osaleb aktiivselt ka FB grupis ja kui tekib probleem on piisavalt julge, et sellest r\u00e4\u00e4kida ja minuga koos lahendusi otsida ja on vastutustundlik.<\/p>\r\n<p style=\"text-align: justify;\"><strong>6. Kui ma saan hea kogemuse kogemuse, siis jagan seda alati oma sotsiaalmeedia kontol.<\/strong> Seep\u00e4rast armastan ma ka kliente, kes v\u00e4\u00e4rtustavad mu t\u00f6\u00f6d ja pakuvad ise oma imelise koost\u00f6\u00f6kogemuse tagasisidemena mulle saata ka teistele jagamiseks.<\/p>\r\n<p style=\"text-align: justify;\"><strong>7. Kui olen kogenud v\u00e4ga h\u00e4id terapeute, siis soovitan neid alati edasi oma klientidele v\u00f5i l\u00e4hedastele.<\/strong> Seep\u00e4rast hindan k\u00f5rgelt kliente, kes ka mind edasi soovitavad oma tuttavatele ja l\u00e4hedastele.<\/p>\r\n<p style=\"text-align: justify;\"><strong>8. Kui ma tunnen, et mul on kellegi kohta vaja midagi kommenteerida, siis ma teen seda ja ka mainin miks ma seda teen - aga ma ei r\u00e4\u00e4gi inimesi taga.<\/strong> Seep\u00e4rast armastan ka kliente, kes ei r\u00e4\u00e4gi minust selja taga v\u00f5i kui siis soovitavad mind ka teistele.<\/p>\r\n<p style=\"text-align: justify;\"><strong>9. Ma arvestan inimestega enda \u00fcmber.<\/strong> Seep\u00e4rast valin ka eelk\u00f5ige kliente, kes on ka minuga arvestav. Kui me oleme alustanud koost\u00f6\u00f6d ja omavahel kokku leppinud tingimustes, siis kui on vaja neid muuta me jagame neid omavahel, et teisega teadlikult arvestada.<\/p>\r\n<p style=\"text-align: justify;\"><strong>10. Ei ole midagi hullemat kui \u00fchesuunaline liiklus - kus ma annan ja annan ja teine pool ei suuda seda vastu v\u00f5tta v\u00f5i see ei j\u00f5ua kohale.<\/strong> Milline r\u00f5\u00f5m on t\u00f6\u00f6tada klientidega, kes saavad aru, mida ma r\u00e4\u00e4gin ja samas ka v\u00f5tavad vastu mu n\u00f5uanded ja panevad need ka t\u00f6\u00f6sse. Seep\u00e4rast armastan valida kliente, kelledega koost\u00f6\u00f6 on lust ja kelledega energia voolab kahesuunalise liiklusena.<\/p>\r\n<p style=\"text-align: justify;\"><strong>11. Olen oma klientidega t\u00f6\u00f6tades t\u00e4iesti kohal.<\/strong> Klient, kes on praeguses hetkes ja olevikus ja soovib muuta oma tulevikku ning on valmis tervendama oma minevikku.<\/p>\r\n<p style=\"text-align: justify;\"><strong>12. Klient, keda mina saan usaldada ja kes mind usaldab.<\/strong> Usaldus on energiat\u00f6\u00f6 ja ka kehat\u00f6\u00f6 puhul v\u00e4ga oluline, sest see annab sulle kui kliendile v\u00f5imaluse olla haavatav, mis on \u00fclivajalik oma keha, vaimu ja meele tervendamisel.<\/p>\r\n<p style=\"text-align: justify;\"><strong>13. Klient, kes m\u00f5nikord kui on vaja - teeb teenuseid v\u00f5i tegusid, mis annavad mulle tunde, et mind ja mu t\u00f6\u00f6d v\u00e4\u00e4rtustatakse ning austatakse ning ma olen tema jaoks eriline.<\/strong><\/p>\r\n<p style=\"text-align: justify;\"><strong>14. Klient, kes ei kopeeri minu tegevust.<\/strong> Kui sa n\u00e4ed, et ma teen midagi vahvat v\u00f5i omamoodi, siis ole julge ja k\u00fcsi selle kohta ja v\u00f5ibolla sellest v\u00f5ib s\u00fcndida ka koost\u00f6\u00f6 tulevikuks?<\/p>\r\n<p style=\"text-align: justify;\"><strong>15. Klient, kes saab ka aru, et ka mina olen inimene ja vahest (v\u00e4ga harva) pean t\u00fchistama kas seansi v\u00f5i kokkuleppe<\/strong> kuna midagi t\u00e4htsamat tuli vahele, aga arvestades sinuga pakun sulle ka uue v\u00f5imaluse.<\/p>\r\n<p style=\"text-align: justify;\"><strong>16. Ma olen aastatega \u00f5ppinud ennast teadlikult kehtestama ja mu soov on et ka minu kliendid teeksid seda.<\/strong> Kui nad veel ei oska, siis ma v\u00f5in suunata ja juhtida.<\/p>\r\n<p style=\"text-align: justify;\">Kui kliendid neid punkte silmas peavad, siis juhtub sageli, et meist saavad ka head tuttavad ja vahest isegi s\u00f5brad. Minuga tasub head koost\u00f6\u00f6d teha, kuna mul on suured suhtlusv\u00f5rgustikud ka globaalsel tasandil nii nagu pidevalt midagi uut ja p\u00f5nevat toimumas ja ma ka reisin palju. Aga ma ei jaga neid sinuga enne kui sa oled t\u00f5estanud, et oled minu usaldust v\u00e4\u00e4rt ja et me heliseme \u00fches helistikus.<\/p>\r\n<p style=\"text-align: justify;\">Seega kui sa m\u00f5tled minu juurde tulla kas seansile v\u00f5i siis alustada koost\u00f6\u00f6d online kursustega v\u00f5i siis ka muul moel - siis on hea kui tunnetad \u00fcle kas ja kuidas sinul nende kokkulepetega lood on ja kuidas need sinuga helisevad?<\/p>\r\n<p style=\"text-align: justify;\">Aloha ja imelise kohtumiseni,<\/p>\r\n<p style=\"text-align: justify;\">Crystal Ra<\/p>\r\n<p style=\"text-align: justify;\">\u00a0<\/p>\r\n<!-- wp:image {\"id\":5273,\"width\":180,\"height\":239} -->\r\n<figure class=\"wp-block-image is-resized\"><img src=\"https:\/\/crystalralaksmi.com\/eesti\/wp-content\/uploads\/2019\/01\/crsytaldolphins-770x1024.jpg\" alt=\"\" class=\"wp-image-5273\" width=\"180\" height=\"239\"\/><figcaption>Kohtumiseni!<\/figcaption><\/figure>\r\n<!-- \/wp:image -->\r\n<!-- wp:paragraph -->\r\n<p><\/p>\r\n<!-- \/wp:paragraph -->","_et_gb_content_width":"","footnotes":""},"class_list":["post-4543","page","type-page","status-publish","has-post-thumbnail","hentry"],"acf":[],"_links":{"self":[{"href":"https:\/\/crystalralaksmi.com\/eesti\/wp-json\/wp\/v2\/pages\/4543","targetHints":{"allow":["GET"]}}],"collection":[{"href":"https:\/\/crystalralaksmi.com\/eesti\/wp-json\/wp\/v2\/pages"}],"about":[{"href":"https:\/\/crystalralaksmi.com\/eesti\/wp-json\/wp\/v2\/types\/page"}],"author":[{"embeddable":true,"href":"https:\/\/crystalralaksmi.com\/eesti\/wp-json\/wp\/v2\/users\/1"}],"replies":[{"embeddable":true,"href":"https:\/\/crystalralaksmi.com\/eesti\/wp-json\/wp\/v2\/comments?post=4543"}],"version-history":[{"count":6,"href":"https:\/\/crystalralaksmi.com\/eesti\/wp-json\/wp\/v2\/pages\/4543\/revisions"}],"predecessor-version":[{"id":225617,"href":"https:\/\/crystalralaksmi.com\/eesti\/wp-json\/wp\/v2\/pages\/4543\/revisions\/225617"}],"up":[{"embeddable":true,"href":"https:\/\/crystalralaksmi.com\/eesti\/wp-json\/wp\/v2\/pages\/215"}],"wp:featuredmedia":[{"embeddable":true,"href":"https:\/\/crystalralaksmi.com\/eesti\/wp-json\/wp\/v2\/media\/224861"}],"wp:attachment":[{"href":"https:\/\/crystalralaksmi.com\/eesti\/wp-json\/wp\/v2\/media?parent=4543"}],"curies":[{"name":"wp","href":"https:\/\/api.w.org\/{rel}","templated":true}]}}