{"id":4648,"date":"2018-02-06T00:05:55","date_gmt":"2018-02-06T00:05:55","guid":{"rendered":"http:\/\/crystalralaksmi.com\/eesti\/?page_id=4648"},"modified":"2018-02-06T00:05:55","modified_gmt":"2018-02-06T00:05:55","slug":"crystal-ra-ja-michaeli-biod","status":"publish","type":"page","link":"https:\/\/crystalralaksmi.com\/eesti\/crystal-ra-ja-michaeli-biod\/","title":{"rendered":"Crystal Ra ja Michaeli biod"},"content":{"rendered":"<p><a href=\"https:\/\/crystalralaksmi.com\/eesti\/wp-content\/uploads\/2018\/02\/Queen-Crystal-Tantra.jpg\"><img loading=\"lazy\" decoding=\"async\" class=\"size-medium wp-image-4649 alignleft\" src=\"https:\/\/crystalralaksmi.com\/eesti\/wp-content\/uploads\/2018\/02\/Queen-Crystal-Tantra-289x300.jpg\" alt=\"\" width=\"289\" height=\"300\" \/><\/a><\/p>\n<p class=\"p1\"><span class=\"s1\"><b>Crystal Ra Bio<\/b><\/span><\/p>\n<p class=\"p1\"><span class=\"s1\">Maailmar\u00e4ndur oma olemuselt ja mitmeid v\u00f5\u00f5rkeeli vabalt valdavat Crystal Rad v\u00f5iks kutsuda &#8216;k\u00fclluse antropoloogiks&#8217;, kes omab juba viimased k\u00fcmme aastat oma \u00e4ri, mis pakub rahvusvahelisi \u00e4ri- ja enesearengukoolitusi. Koreograafina seob ta kokku inimeste elud, suunates \u00fchenduma keha, meele ja vaimu \u2013 iga kliendi elu on muusikalisest fraasist transformeeritud s\u00fcmfooniaks. Elluj\u00e4\u00e4mise asemel hakkavad nad elu t\u00f5eliselt nautima \u2013 tehes seda teadlikult, t\u00e4henduslikult ja kasumlikult. Originaalsus ja julge pealehakkamine on Crystal Ra edu v\u00f5tmed.<\/span><\/p>\n<p class=\"p1\"><span class=\"s1\">Oma purjetajast isast inspireerituna on Crystal Ra oma r\u00e4nnakutel k\u00fclastanud 30 erinevat riiki ja juhtinud paljusid rahvusvahelisi seikluskoolitusi. L\u00e4bi f\u00fc\u00fcsiliste seikluste on tema seikluskoolitused inspireerinud osalejaid \u00fchenduma iseenda s\u00fcgavamate varandustega iseendas (n\u00e4iteks julgusega purjetada maailma erinevatel ookeanidel), lahustama oma hirmud laavakoobastes mediteerimisega v\u00f5i siis \u00fcletama iseennast kaugete m\u00e4gede otsa ronimisega, avades seel\u00e4bi uued uksed uuele tulevikule.<\/span><\/p>\n<p class=\"p1\"><span class=\"s1\">Crystal Ral on bakalaureuse kraad sotsiaalantropoloogias maailma erinevatest tunnustatud \u00fclikoolidest (Oslo, Kaplinn, Troms\u00f6 \u00dclikoolid) ja ka magistrikraad visuaalses antropoloogias, mille \u00fche osana valmis kaks dokumentaalfilmi. Oma p\u00f5neva elu jagamist on ta kajastanud erinevates blogiartiklites v\u00f5i siis vabakutselise ajakirjanikuna erinevatest ajalehtedes ja ajakirjades ning muudes meediav\u00e4ljaannetes.<\/span><\/p>\n<p class=\"p1\"><span class=\"s1\">Wantra on Crystal Ra poolt arendatud veetehnika, mis \u00fchendab endas nii vett kui ka tantrat, mis aitab lahustada oma veehirmu, saada veega s\u00f5braks ning leevendada f\u00fc\u00fcsilisi kehavaevusi. <\/span><\/p>\n<p class=\"p1\"><span class=\"s1\">Crystal Ra on oma maailmar\u00e4nnakutel \u00f5ppinud palju erinevaid tehnikaid, mida jagades motiveerib ta oma kliente oma elu juhtimine iseenda k\u00e4tesse v\u00f5tma. Kohtumine Michaeliga on avanud v\u00e4ga palju uusi v\u00f5imalusi selleks, et koos luua ja juhtida teisi nende \u00f5nnelikuma ja teadlikuma tuleviku suunas.<\/span><\/p>\n<p><a href=\"https:\/\/crystalralaksmi.com\/eesti\/wp-content\/uploads\/2018\/02\/king-smiling.jpg\"><img loading=\"lazy\" decoding=\"async\" class=\"size-medium wp-image-4650 alignleft\" src=\"https:\/\/crystalralaksmi.com\/eesti\/wp-content\/uploads\/2018\/02\/king-smiling-270x300.jpg\" alt=\"\" width=\"270\" height=\"300\" \/><\/a><\/p>\n<p class=\"p1\"><span class=\"s1\"><b>Michaeli Bio<\/b><\/span><\/p>\n<p class=\"p1\"><span class=\"s1\">Juba kaheksa-aastasest peale oli Michael ettev\u00f5tja m\u00fc\u00fces oma ema aiasaadusi. Oma ettev\u00f5tja-oskuseid lihvis ta v\u00e4ga teadlikult nii, et \u00fchel hetkel oli tema juhtida tervelt viis erinevat firmat. Tema t\u00f5eline kirg on m\u00fc\u00fcmine ja kinnisvara.<\/span><\/p>\n<p class=\"p1\"><span class=\"s1\">2007. aastal m\u00fc\u00fcs ta aga k\u00f5ik oma \u00e4rid ja kinnisvara maha ning purjetas vastu uutele seiklustele. Nende seikluste hulgas oli Mehhiko l\u00e4\u00e4neranniku avastamine ja hooajati Alaska turisminduses t\u00f6\u00f6tamine.<\/span><\/p>\n<p class=\"p1\"><span class=\"s1\">\u00dchel hetkel viis saatus teda hoopiski lahutuse randa ja 24-aastane abielu j\u00f5udis l\u00f5pule. Oma transiitajas kohtaski Michael Crystal Rad, mis oli uueks alguseks ja lehek\u00fcljeks mitmel tasandil tema elus. Aastaid varem oli Michael alustanud oma raamatu kirjutamisega ja novembris 2015 sai raamat ka kaante vahele.<\/span><\/p>\n<p class=\"p1\"><span class=\"s1\">Raamatu materjal ja v\u00e4ga paljud elukogemused on andnud piisavalt inspiratsiooni ja materjali selleks, et hakata kokku panema koosloome projekte koos oma abikaasa Crystal Raga, samuti retriite, s\u00fcndmuseid ja v\u00f5imalusi, et m\u00f5jutada teiste elusid.<\/span><\/p>\n<p class=\"p1\"><span class=\"s1\">\u00a0<\/span><\/p>\n<span class=\"et_bloom_bottom_trigger\"><\/span>","protected":false},"excerpt":{"rendered":"<p>Crystal Ra Bio Maailmar\u00e4ndur oma olemuselt ja mitmeid v\u00f5\u00f5rkeeli vabalt valdavat Crystal Rad v\u00f5iks kutsuda &#8216;k\u00fclluse antropoloogiks&#8217;, kes omab juba viimased k\u00fcmme aastat oma \u00e4ri, mis pakub rahvusvahelisi \u00e4ri- ja [&hellip;]<\/p>\n","protected":false},"author":1,"featured_media":224866,"parent":0,"menu_order":0,"comment_status":"closed","ping_status":"closed","template":"showcase.php","meta":{"_acf_changed":false,"_et_pb_use_builder":"","_et_pb_old_content":"","_et_gb_content_width":"","footnotes":""},"class_list":["post-4648","page","type-page","status-publish","has-post-thumbnail","hentry"],"acf":[],"_links":{"self":[{"href":"https:\/\/crystalralaksmi.com\/eesti\/wp-json\/wp\/v2\/pages\/4648","targetHints":{"allow":["GET"]}}],"collection":[{"href":"https:\/\/crystalralaksmi.com\/eesti\/wp-json\/wp\/v2\/pages"}],"about":[{"href":"https:\/\/crystalralaksmi.com\/eesti\/wp-json\/wp\/v2\/types\/page"}],"author":[{"embeddable":true,"href":"https:\/\/crystalralaksmi.com\/eesti\/wp-json\/wp\/v2\/users\/1"}],"replies":[{"embeddable":true,"href":"https:\/\/crystalralaksmi.com\/eesti\/wp-json\/wp\/v2\/comments?post=4648"}],"version-history":[{"count":0,"href":"https:\/\/crystalralaksmi.com\/eesti\/wp-json\/wp\/v2\/pages\/4648\/revisions"}],"wp:featuredmedia":[{"embeddable":true,"href":"https:\/\/crystalralaksmi.com\/eesti\/wp-json\/wp\/v2\/media\/224866"}],"wp:attachment":[{"href":"https:\/\/crystalralaksmi.com\/eesti\/wp-json\/wp\/v2\/media?parent=4648"}],"curies":[{"name":"wp","href":"https:\/\/api.w.org\/{rel}","templated":true}]}}