{"id":4696,"date":"2018-02-07T01:46:23","date_gmt":"2018-02-07T01:46:23","guid":{"rendered":"http:\/\/crystalralaksmi.com\/eesti\/?page_id=4696"},"modified":"2019-07-23T10:54:19","modified_gmt":"2019-07-23T07:54:19","slug":"crystal-ra-ja-michaeli-tutvustus-tantrafestivalile-eestis","status":"publish","type":"page","link":"https:\/\/crystalralaksmi.com\/eesti\/sundmused-maailmas\/crystal-ra-ja-michaeli-tutvustus-tantrafestivalile-eestis\/","title":{"rendered":"Crystal Ra ja Michaeli tutvustus tantrafestivalile Eestis &#8211; 17 &#8211; 22 juuli 2018"},"content":{"rendered":"<p>[et_pb_section fb_built=&#8221;1&#8243; admin_label=&#8221;Section&#8221; _builder_version=&#8221;3.22.3&#8243; saved_tabs=&#8221;all&#8221; global_module=&#8221;225116&#8243;][et_pb_row _builder_version=&#8221;3.25&#8243; background_size=&#8221;initial&#8221; background_position=&#8221;top_left&#8221; background_repeat=&#8221;repeat&#8221;][et_pb_column type=&#8221;4_4&#8243; _builder_version=&#8221;3.25.3&#8243;][et_pb_post_title meta=&#8221;off&#8221; featured_image=&#8221;off&#8221; _builder_version=&#8221;3.25.3&#8243; title_font=&#8221;Poppins|600|||||||&#8221; custom_margin=&#8221;||0px|||&#8221;][\/et_pb_post_title][et_pb_divider color=&#8221;#57ca85&#8243; divider_weight=&#8221;5px&#8221; _builder_version=&#8221;3.25.3&#8243; width=&#8221;14%&#8221;][\/et_pb_divider][\/et_pb_column][\/et_pb_row][\/et_pb_section][et_pb_section fb_built=&#8221;1&#8243; _builder_version=&#8221;3.22&#8243;][et_pb_row _builder_version=&#8221;3.25&#8243; background_size=&#8221;initial&#8221; background_position=&#8221;top_left&#8221; background_repeat=&#8221;repeat&#8221;][et_pb_column type=&#8221;4_4&#8243; _builder_version=&#8221;3.25&#8243; custom_padding=&#8221;|||&#8221; custom_padding__hover=&#8221;|||&#8221;][et_pb_text _builder_version=&#8221;3.0.74&#8243; background_size=&#8221;initial&#8221; background_position=&#8221;top_left&#8221; background_repeat=&#8221;repeat&#8221;]<\/p>\n<p lang=\"et-EE\" align=\"JUSTIFY\"><strong>Meie lugu on olnud p\u00f5nev ja v\u00e4ga teistsugune. Ei ole juhus et suvaline eestlane ja ameeriklane kohtuvad \u00fches v\u00e4ikeses kalurik\u00fclas Mehhikos. Kui kaks inimest kohtuvad sellisel moel, siis on see sageli nagu kahe puslet\u00fcki kokkusobitumine igal tasandil. Michael niitis Crystal Ral jalad alt oma kuningliku h\u00e4rrasmeheliku k\u00e4itumisega ja Michael oli lummatud Crystal Ra m\u00fcstilisusest.\u00a0<\/strong><\/p>\n<p lang=\"et-EE\" align=\"JUSTIFY\"><strong>Saa meiega l\u00e4hemalt tuttavamaks lugedes meie tutvustusi.<\/strong><\/p>\n<p lang=\"et-EE\" align=\"JUSTIFY\"><!--more--><\/p>\n<p><a href=\"https:\/\/crystalralaksmi.com\/eesti\/wp-content\/uploads\/2018\/02\/Queen-Crystal-Tantra.jpg\"><img loading=\"lazy\" decoding=\"async\" class=\"size-medium wp-image-4649 alignleft\" src=\"https:\/\/crystalralaksmi.com\/eesti\/wp-content\/uploads\/2018\/02\/Queen-Crystal-Tantra-289x300.jpg\" alt=\"\" width=\"289\" height=\"300\" \/><\/a><\/p>\n<p lang=\"et-EE\" align=\"JUSTIFY\"><span style=\"font-family: Arial, sans-serif;\"><b>Crystal Ra Laksmi-Ditton<\/b> alustas enesearengu ja grupiteraapiatega juba v\u00e4ga noorelt, olles vaid 18-aastane. See andis tugeva anal\u00fc\u00fcsiv\u00f5ime, \u00fchenduse sisemise loomingu ja intuitsiooniga ning ka v\u00e4ga palju v\u00f5imalusi reisida. <\/span><\/p>\n<p lang=\"et-EE\" align=\"JUSTIFY\"><span style=\"font-family: Arial, sans-serif;\">Reisidelt t\u00f5i ta alati kaasa uusi kogemusi ja inspiratsioonihetki. Norras alustas ta ise enesearengu gruppide juhtimisega. Sellest hetkest on n\u00fc\u00fcd m\u00f6\u00f6das juba 17 aastat.<\/span><\/p>\n<p lang=\"et-EE\" align=\"JUSTIFY\"><span style=\"font-family: Arial, sans-serif;\">Crystal Ra on alati olnud v\u00e4ga huvitatud inimloomusest kui sellisest ja seda ka suuremas plaanis. Tema r\u00e4nnakud on teda pannud otsima vastuseid k\u00fcsimustele kas ja kuidas m\u00f5jutavad meie elu, olemust ja tulevikku meie juured ning kultuurilised kogemused? <\/span><\/p>\n<p lang=\"et-EE\" align=\"JUSTIFY\"><span style=\"font-family: Arial, sans-serif;\">See uudishimu viis teda \u00f5ppima sotsiaalantropoloogiat nii Oslo kui ka Kaplinna \u00fclikooli, millele j\u00e4rgnes teemaga tegelemine visuaalset magistrikraadi omandades Troms\u00f6 \u00fclikoolis. Videokaamera abiga oli tal v\u00f5imalus j\u00e4\u00e4dvustada paljude inimeste triumfi l\u00e4bi katsumuste, valu ja uute alguste. K\u00f5iki neid inimesi \u00fchendav l\u00fcli oli armastus. Pole vahet, kus me oleme s\u00fcndinud, meis k\u00f5igis on s\u00fcgav vajadus olla armastatud ja armastada \u2013 iga\u00fcks omal moel. <\/span><\/p>\n<p lang=\"et-EE\" align=\"JUSTIFY\"><span style=\"font-family: Arial, sans-serif;\">\u00dchel hetkel tutvus Crystal Ra Zeggi \u00f6kok\u00fcla suvep\u00e4evadel tantrameistri <strong>Lokianoga.<\/strong> 2009. aasta algusest sai Crystal Ra\u00b4st Lokiano koost\u00f6\u00f6partner korraldades Lokianoga koos julgeid tantrakursuseid. Nende koost\u00f6\u00f6 kestis kokku kaks ja pool pikka aastat, mille jooksul toimusid kursused peaaegu igal kuul, m\u00f5nikord isegi mitu n\u00e4dalat jutti. See andis v\u00e4ga s\u00fcgava ja v\u00f5imsa tantramaailma kogemuse, kuna Lokiano taustaks olid Idamaade Osho tantra ja Saksamaalt <strong>Wilhelm Reichi<\/strong> energiat\u00f6\u00f6. Nende kahe l\u00e4henemise s\u00fcntees l\u00f5i s\u00fcgava aluse ka Crystal Ra s\u00fcgavamale tantral\u00e4henemisele. <\/span><\/p>\n<p lang=\"et-EE\" align=\"JUSTIFY\"><span style=\"font-family: Arial, sans-serif;\">Peale koost\u00f6\u00f6 l\u00f5ppemist Lokianoga t\u00f5i Crystal Ra Eestisse esmakordselt tantra\u00f5petajad <strong>Niteni ja Santoshi,<\/strong> kelle taust on samuti seotud <strong>Osho tantraga<\/strong>, lisaks ka Inglismaa Tantrakooliga eesotsas <strong>Saritaga<\/strong>. Need kursused olid d\u00fcnaamilised ja v\u00e4ekad, kuna kursuseid juhtis v\u00e4ga d\u00fcnaamiline tantrapaar, kelle peamisteks t\u00f6\u00f6riistadeks olid vabastav liikumine ja tants.<\/span><\/p>\n<p lang=\"et-EE\" align=\"JUSTIFY\"><span style=\"font-family: Arial, sans-serif;\">Crystal Ra on l\u00e4binud mitmeid tantrakursuseid ka <strong>Andrew Barnsi<\/strong> k\u00e4e all. Peale seda on Crystal Ra kogunud lisakogemusi tantravallas nii elust, suhetest kui ka teistelt \u00f5petajatelt, kelle fookus on olnud \u00fcle\u00fcldisel holistilisel keha-, meele- ja vaimu tasakaalustamisel. Viimane v\u00e4gev kogemus oli <strong>Nancy Lucina ja Brandoni<\/strong>\u00a0&#8220;P\u00fcha Suhte&#8221; kursusega Mehhikos, mis v\u00e4rskendas juba kogetut ja andis uusi p\u00f5nevaid inspiratsioonihetki.<\/span><\/p>\n<p lang=\"et-EE\" align=\"JUSTIFY\"><span style=\"font-family: Arial, sans-serif;\">Crystal Ral on oma elu jooksul olnud palju l\u00fchemaid ning m\u00f5ned pikemad suhted. K\u00f5ik need suhted on olnud viljakaks pinnaseks suhteteema ja inimloomuse tundma \u00f5ppimisel. Oma kogemusi sel teemal jagab Crystal Ra oma uues raamatus ning ka sellel retriidil. T\u00e4iendavat v\u00e4\u00e4rtust lisab veel koost\u00f6\u00f6 oma abikaasa ja partneri Michaeliga. See on suhe, kus k\u00f5ik tasandid on t\u00e4ie v\u00f5imsusega aktiveeritud ning kus toimub t\u00f5eline kasv ja avardumine harmoonilistes energiates igal tasandil. <\/span><\/p>\n<p><a href=\"https:\/\/crystalralaksmi.com\/eesti\/wp-content\/uploads\/2018\/02\/king-smiling.jpg\"><img loading=\"lazy\" decoding=\"async\" class=\"size-medium wp-image-4650 alignleft\" src=\"https:\/\/crystalralaksmi.com\/eesti\/wp-content\/uploads\/2018\/02\/king-smiling-270x300.jpg\" alt=\"\" width=\"270\" height=\"300\" \/><\/a><\/p>\n<p lang=\"et-EE\" align=\"JUSTIFY\"><span style=\"font-family: Arial, sans-serif;\"><b>Michael Ditton<\/b> on tegelenud iseendaga v\u00e4ga p\u00f5hjalikult l\u00e4bi \u00e4ride ja kinnisvara arendamise. Michaelil on v\u00e4ga s\u00fcgavad teadmised inimps\u00fc\u00fchikast ja kommuni-katsioonist. <\/span><\/p>\n<p lang=\"et-EE\" align=\"JUSTIFY\"><span style=\"font-family: Arial, sans-serif;\">Tal on imeline v\u00f5ime alati k\u00f5igele vaadata v\u00e4rske ja uue pilguga ning viidata lahendustele seal, kus teised seda ei n\u00e4e. Tal on v\u00e4ga hea oskus inimesi suunata harmoonia teele olles s\u00fcgavas \u00fchenduses oma sisemise v\u00e4ega. <\/span><\/p>\n<p lang=\"et-EE\" align=\"JUSTIFY\"><span style=\"font-family: Arial, sans-serif;\">Tantraga tutvus Michael sellel hetkel, kui tutvus Crystal Ra-ga. Michael avastas, et tal on v\u00e4ga head k\u00e4ed, ta oskab energiaid juhtida ning suurep\u00e4raselt loomulikul teel turvaruumi luua ja hoida. Samuti tunneb ja tunnetab ta lisaks naise kehale v\u00e4ga h\u00e4sti ka naise ps\u00fc\u00fchikat. Tema kuninglikkus paneb iga inimese tema l\u00e4heduses tundma ennast turvaliselt ja l\u00f5dvestunult, luues tunde, et iga inimene on t\u00e4htis ja temast hoolitakse t\u00f5eliselt.<\/span><\/p>\n<p lang=\"et-EE\" align=\"JUSTIFY\"><span style=\"font-family: Arial, sans-serif;\">Michael ja Crystal Ra on m\u00e4nguliselt teineteise jaoks avatud, valmis proovima uusi ja erinevaid p\u00f5nevaid energia- ja tantratehnikaid. Michael on l\u00e4binud koos Crystal Ra-ga &#8216;p\u00fcha suhte kursuse&#8217; Mehhikos, mis andis palju inspiratsiooni. <\/span><\/p>\n<p lang=\"et-EE\" align=\"JUSTIFY\"><span style=\"font-family: Arial, sans-serif;\">Michaelil on seljataga mitmeid pikemaid suhteid, mis on temast loonud v\u00e4ga k\u00fcpse mehe, kes on n\u00fc\u00fcd palju teadlikum. Ta teab v\u00e4ga konkreetselt millised vanu vigu ta korrata ei soovi, et j\u00e4tkuvalt luua ja hoida t\u00f6\u00f6s imelist uut, harmoonilist ning j\u00e4tkusuutlikku suhet Crystal Ra-ga. <\/span><\/p>\n<p lang=\"et-EE\" align=\"JUSTIFY\"><span style=\"font-family: Arial, sans-serif;\">***<\/span><\/p>\n<p lang=\"et-EE\" align=\"JUSTIFY\"><span style=\"font-family: Arial, sans-serif;\"><a href=\"https:\/\/crystalralaksmi.com\/eesti\/wp-content\/uploads\/2018\/01\/minamichaelheartsbw.jpg\"><img loading=\"lazy\" decoding=\"async\" class=\"alignleft size-medium wp-image-4608\" src=\"https:\/\/crystalralaksmi.com\/eesti\/wp-content\/uploads\/2018\/01\/minamichaelheartsbw-300x264.jpg\" alt=\"\" width=\"300\" height=\"264\" \/><\/a><strong>Crystal Ra ja Michael<\/strong> soovivad olla toeks ja suunajaks sinu enese-avastuste teel sinu s\u00fcgavama olemuseni.\u00a0<\/span><\/p>\n<p lang=\"et-EE\" align=\"JUSTIFY\"><span style=\"font-family: Arial, sans-serif;\">Pakume sellel tantrafestivalil mitmeid teemakohaseid workshoppe ja soovi korral ka eraseansse. <\/span><\/p>\n<p lang=\"et-EE\" align=\"JUSTIFY\"><span style=\"font-family: Arial, sans-serif;\">\u00dcks teema, mis meid m\u00f5lemaid v\u00e4ga k\u00f5netab, on s\u00fcgava turvaruumi loomine nii, et iga\u00fcks meist saaks tutvuda enda peidetud emotsio-naalsete ja ka seksuaalsete haavadega, l\u00e4bi teadlikkuse ruumi ja kohaloleva armastuse abil liikuda uuele tasandile, kus on v\u00f5imalik tunda, et sa oled j\u00e4rjest rohkem \u00fchendumas oma t\u00f5elise \u00fchtse olemusega loomaks paremat versiooni endast ja oma tulevikust.<\/span><\/p>\n<p lang=\"et-EE\" align=\"JUSTIFY\"><b>***<\/b><\/p>\n<p lang=\"et-EE\" style=\"text-align: center;\" align=\"JUSTIFY\"><strong>Me soovime sinuga jagada kuidas meie l\u00f5ime oma muinasjutust reaalsuse.\u00a0<\/strong><\/p>\n<p lang=\"et-EE\" style=\"text-align: center;\" align=\"JUSTIFY\"><strong>Kas sa oled valmis?\u00a0<\/strong><\/p>\n<p lang=\"et-EE\" style=\"text-align: center;\" align=\"JUSTIFY\"><strong>Kohtumiseni Eestis!<\/strong><\/p>\n<p lang=\"et-EE\" align=\"JUSTIFY\"><strong>***<\/strong><\/p>\n<h2 class=\"western\" lang=\"et-EE\" align=\"JUSTIFY\">Lisainfo ja kontaktide emailid:<\/h2>\n<p lang=\"et-EE\" align=\"JUSTIFY\"><b>\u00dchine leht: Infinite Activation<\/b>:\u00a0<a href=\"httpss:\/\/www.facebook.com\/infiniteactivation\/\">httpss:\/\/www.facebook.com\/infiniteactivation\/<\/a><\/p>\n<p lang=\"et-EE\" align=\"JUSTIFY\"><strong>Crystal Ra Laksmi-Ditton:\u00a0<\/strong><a href=\"https:\/\/www.crystalralaksmi.com\/eesti\">www.crystalralaksmi.com\/eesti<\/a><\/p>\n<p lang=\"et-EE\" align=\"JUSTIFY\"><strong>Email: <span style=\"color: #0000ff;\">infiniteactivation@gmail.com<\/span><\/strong><\/p>\n<p lang=\"et-EE\" align=\"JUSTIFY\"><strong>Michael Ditton:\u00a0<\/strong><a href=\"https:\/\/www.goalsettingbasics.com\/\">https:\/\/www.goalsettingbasics.com<\/a><\/p>\n<p lang=\"et-EE\" align=\"JUSTIFY\"><a href=\"https:\/\/www.dreamsgoalsandadventure.com\/\">https:\/\/www.dreamsgoalsandadventure.com<\/a><\/p>\n<p align=\"JUSTIFY\"><strong><span lang=\"et-EE\">Email:\u00a0<\/span><\/strong><a href=\"mailto:michaelditton@yahoo.com\"><span lang=\"et-EE\">michaelditton@yahoo.com<\/span><\/a><\/p>\n<p>[\/et_pb_text][\/et_pb_column][\/et_pb_row][\/et_pb_section]<\/p>\n<span class=\"et_bloom_bottom_trigger\"><\/span>","protected":false},"excerpt":{"rendered":"<p>Meie lugu on olnud p\u00f5nev ja v\u00e4ga teistsugune. Ei ole juhus et suvaline eestlane ja ameeriklane kohtuvad \u00fches v\u00e4ikeses kalurik\u00fclas Mehhikos. Kui kaks inimest kohtuvad sellisel moel, siis on see [&hellip;]<\/p>\n","protected":false},"author":1,"featured_media":224868,"parent":224783,"menu_order":0,"comment_status":"closed","ping_status":"closed","template":"","meta":{"_acf_changed":false,"_et_pb_use_builder":"on","_et_pb_old_content":"<p lang=\"et-EE\" align=\"JUSTIFY\"><strong>Meie lugu on olnud p\u00f5nev ja v\u00e4ga teistsugune. Ei ole juhus et suvaline eestlane ja ameeriklane kohtuvad \u00fches v\u00e4ikeses kalurik\u00fclas Mehhikos. Kui kaks inimest kohtuvad sellisel moel, siis on see sageli nagu kahe puslet\u00fcki kokkusobitumine igal tasandil. Michael niitis Crystal Ral jalad alt oma kuningliku h\u00e4rrasmeheliku k\u00e4itumisega ja Michael oli lummatud Crystal Ra m\u00fcstilisusest.\u00a0<\/strong><\/p><p lang=\"et-EE\" align=\"JUSTIFY\"><strong>Saa meiega l\u00e4hemalt tuttavamaks lugedes meie tutvustusi.<\/strong><\/p><p lang=\"et-EE\" align=\"JUSTIFY\"><!--more--><\/p><p><a href=\"https:\/\/crystalralaksmi.com\/eesti\/wp-content\/uploads\/2018\/02\/Queen-Crystal-Tantra.jpg\"><img class=\"size-medium wp-image-4649 alignleft\" src=\"https:\/\/crystalralaksmi.com\/eesti\/wp-content\/uploads\/2018\/02\/Queen-Crystal-Tantra-289x300.jpg\" alt=\"\" width=\"289\" height=\"300\" \/><\/a><\/p><p lang=\"et-EE\" align=\"JUSTIFY\"><span style=\"font-family: Arial, sans-serif;\"><b>Crystal Ra Laksmi-Ditton<\/b> alustas enesearengu ja grupiteraapiatega juba v\u00e4ga noorelt, olles vaid 18-aastane. See andis tugeva anal\u00fc\u00fcsiv\u00f5ime, \u00fchenduse sisemise loomingu ja intuitsiooniga ning ka v\u00e4ga palju v\u00f5imalusi reisida. <\/span><\/p><p lang=\"et-EE\" align=\"JUSTIFY\"><span style=\"font-family: Arial, sans-serif;\">Reisidelt t\u00f5i ta alati kaasa uusi kogemusi ja inspiratsioonihetki. Norras alustas ta ise enesearengu gruppide juhtimisega. Sellest hetkest on n\u00fc\u00fcd m\u00f6\u00f6das juba 17 aastat.<\/span><\/p><p lang=\"et-EE\" align=\"JUSTIFY\"><span style=\"font-family: Arial, sans-serif;\">Crystal Ra on alati olnud v\u00e4ga huvitatud inimloomusest kui sellisest ja seda ka suuremas plaanis. Tema r\u00e4nnakud on teda pannud otsima vastuseid k\u00fcsimustele kas ja kuidas m\u00f5jutavad meie elu, olemust ja tulevikku meie juured ning kultuurilised kogemused? <\/span><\/p><p lang=\"et-EE\" align=\"JUSTIFY\"><span style=\"font-family: Arial, sans-serif;\">See uudishimu viis teda \u00f5ppima sotsiaalantropoloogiat nii Oslo kui ka Kaplinna \u00fclikooli, millele j\u00e4rgnes teemaga tegelemine visuaalset magistrikraadi omandades Troms\u00f6 \u00fclikoolis. Videokaamera abiga oli tal v\u00f5imalus j\u00e4\u00e4dvustada paljude inimeste triumfi l\u00e4bi katsumuste, valu ja uute alguste. K\u00f5iki neid inimesi \u00fchendav l\u00fcli oli armastus. Pole vahet, kus me oleme s\u00fcndinud, meis k\u00f5igis on s\u00fcgav vajadus olla armastatud ja armastada \u2013 iga\u00fcks omal moel. <\/span><\/p><p lang=\"et-EE\" align=\"JUSTIFY\"><span style=\"font-family: Arial, sans-serif;\">\u00dchel hetkel tutvus Crystal Ra Zeggi \u00f6kok\u00fcla suvep\u00e4evadel tantrameistri <strong>Lokianoga.<\/strong> 2009. aasta algusest sai Crystal Ra\u00b4st Lokiano koost\u00f6\u00f6partner korraldades Lokianoga koos julgeid tantrakursuseid. Nende koost\u00f6\u00f6 kestis kokku kaks ja pool pikka aastat, mille jooksul toimusid kursused peaaegu igal kuul, m\u00f5nikord isegi mitu n\u00e4dalat jutti. See andis v\u00e4ga s\u00fcgava ja v\u00f5imsa tantramaailma kogemuse, kuna Lokiano taustaks olid Idamaade Osho tantra ja Saksamaalt <strong>Wilhelm Reichi<\/strong> energiat\u00f6\u00f6. Nende kahe l\u00e4henemise s\u00fcntees l\u00f5i s\u00fcgava aluse ka Crystal Ra s\u00fcgavamale tantral\u00e4henemisele. <\/span><\/p><p lang=\"et-EE\" align=\"JUSTIFY\"><span style=\"font-family: Arial, sans-serif;\">Peale koost\u00f6\u00f6 l\u00f5ppemist Lokianoga t\u00f5i Crystal Ra Eestisse esmakordselt tantra\u00f5petajad <strong>Niteni ja Santoshi,<\/strong> kelle taust on samuti seotud <strong>Osho tantraga<\/strong>, lisaks ka Inglismaa Tantrakooliga eesotsas <strong>Saritaga<\/strong>. Need kursused olid d\u00fcnaamilised ja v\u00e4ekad, kuna kursuseid juhtis v\u00e4ga d\u00fcnaamiline tantrapaar, kelle peamisteks t\u00f6\u00f6riistadeks olid vabastav liikumine ja tants.<\/span><\/p><p lang=\"et-EE\" align=\"JUSTIFY\"><span style=\"font-family: Arial, sans-serif;\">Crystal Ra on l\u00e4binud mitmeid tantrakursuseid ka <strong>Andrew Barnsi<\/strong> k\u00e4e all. Peale seda on Crystal Ra kogunud lisakogemusi tantravallas nii elust, suhetest kui ka teistelt \u00f5petajatelt, kelle fookus on olnud \u00fcle\u00fcldisel holistilisel keha-, meele- ja vaimu tasakaalustamisel. Viimane v\u00e4gev kogemus oli <strong>Nancy Lucina ja Brandoni<\/strong>\u00a0\"P\u00fcha Suhte\" kursusega Mehhikos, mis v\u00e4rskendas juba kogetut ja andis uusi p\u00f5nevaid inspiratsioonihetki.<\/span><\/p><p lang=\"et-EE\" align=\"JUSTIFY\"><span style=\"font-family: Arial, sans-serif;\">Crystal Ral on oma elu jooksul olnud palju l\u00fchemaid ning m\u00f5ned pikemad suhted. K\u00f5ik need suhted on olnud viljakaks pinnaseks suhteteema ja inimloomuse tundma \u00f5ppimisel. Oma kogemusi sel teemal jagab Crystal Ra oma uues raamatus ning ka sellel retriidil. T\u00e4iendavat v\u00e4\u00e4rtust lisab veel koost\u00f6\u00f6 oma abikaasa ja partneri Michaeliga. See on suhe, kus k\u00f5ik tasandid on t\u00e4ie v\u00f5imsusega aktiveeritud ning kus toimub t\u00f5eline kasv ja avardumine harmoonilistes energiates igal tasandil. <\/span><\/p><p><a href=\"https:\/\/crystalralaksmi.com\/eesti\/wp-content\/uploads\/2018\/02\/king-smiling.jpg\"><img class=\"size-medium wp-image-4650 alignleft\" src=\"https:\/\/crystalralaksmi.com\/eesti\/wp-content\/uploads\/2018\/02\/king-smiling-270x300.jpg\" alt=\"\" width=\"270\" height=\"300\" \/><\/a><\/p><p lang=\"et-EE\" align=\"JUSTIFY\"><span style=\"font-family: Arial, sans-serif;\"><b>Michael Ditton<\/b> on tegelenud iseendaga v\u00e4ga p\u00f5hjalikult l\u00e4bi \u00e4ride ja kinnisvara arendamise. Michaelil on v\u00e4ga s\u00fcgavad teadmised inimps\u00fc\u00fchikast ja kommuni-katsioonist. <\/span><\/p><p lang=\"et-EE\" align=\"JUSTIFY\"><span style=\"font-family: Arial, sans-serif;\">Tal on imeline v\u00f5ime alati k\u00f5igele vaadata v\u00e4rske ja uue pilguga ning viidata lahendustele seal, kus teised seda ei n\u00e4e. Tal on v\u00e4ga hea oskus inimesi suunata harmoonia teele olles s\u00fcgavas \u00fchenduses oma sisemise v\u00e4ega. <\/span><\/p><p lang=\"et-EE\" align=\"JUSTIFY\"><span style=\"font-family: Arial, sans-serif;\">Tantraga tutvus Michael sellel hetkel, kui tutvus Crystal Ra-ga. Michael avastas, et tal on v\u00e4ga head k\u00e4ed, ta oskab energiaid juhtida ning suurep\u00e4raselt loomulikul teel turvaruumi luua ja hoida. Samuti tunneb ja tunnetab ta lisaks naise kehale v\u00e4ga h\u00e4sti ka naise ps\u00fc\u00fchikat. Tema kuninglikkus paneb iga inimese tema l\u00e4heduses tundma ennast turvaliselt ja l\u00f5dvestunult, luues tunde, et iga inimene on t\u00e4htis ja temast hoolitakse t\u00f5eliselt.<\/span><\/p><p lang=\"et-EE\" align=\"JUSTIFY\"><span style=\"font-family: Arial, sans-serif;\">Michael ja Crystal Ra on m\u00e4nguliselt teineteise jaoks avatud, valmis proovima uusi ja erinevaid p\u00f5nevaid energia- ja tantratehnikaid. Michael on l\u00e4binud koos Crystal Ra-ga 'p\u00fcha suhte kursuse' Mehhikos, mis andis palju inspiratsiooni. <\/span><\/p><p lang=\"et-EE\" align=\"JUSTIFY\"><span style=\"font-family: Arial, sans-serif;\">Michaelil on seljataga mitmeid pikemaid suhteid, mis on temast loonud v\u00e4ga k\u00fcpse mehe, kes on n\u00fc\u00fcd palju teadlikum. Ta teab v\u00e4ga konkreetselt millised vanu vigu ta korrata ei soovi, et j\u00e4tkuvalt luua ja hoida t\u00f6\u00f6s imelist uut, harmoonilist ning j\u00e4tkusuutlikku suhet Crystal Ra-ga. <\/span><\/p><p lang=\"et-EE\" align=\"JUSTIFY\"><span style=\"font-family: Arial, sans-serif;\">***<\/span><\/p><p lang=\"et-EE\" align=\"JUSTIFY\"><span style=\"font-family: Arial, sans-serif;\"><a href=\"https:\/\/crystalralaksmi.com\/eesti\/wp-content\/uploads\/2018\/01\/minamichaelheartsbw.jpg\"><img class=\"alignleft size-medium wp-image-4608\" src=\"https:\/\/crystalralaksmi.com\/eesti\/wp-content\/uploads\/2018\/01\/minamichaelheartsbw-300x264.jpg\" alt=\"\" width=\"300\" height=\"264\" \/><\/a><strong>Crystal Ra ja Michael<\/strong> soovivad olla toeks ja suunajaks sinu enese-avastuste teel sinu s\u00fcgavama olemuseni.\u00a0<\/span><\/p><p lang=\"et-EE\" align=\"JUSTIFY\"><span style=\"font-family: Arial, sans-serif;\">Pakume sellel tantrafestivalil mitmeid teemakohaseid workshoppe ja soovi korral ka eraseansse. <\/span><\/p><p lang=\"et-EE\" align=\"JUSTIFY\"><span style=\"font-family: Arial, sans-serif;\">\u00dcks teema, mis meid m\u00f5lemaid v\u00e4ga k\u00f5netab, on s\u00fcgava turvaruumi loomine nii, et iga\u00fcks meist saaks tutvuda enda peidetud emotsio-naalsete ja ka seksuaalsete haavadega, l\u00e4bi teadlikkuse ruumi ja kohaloleva armastuse abil liikuda uuele tasandile, kus on v\u00f5imalik tunda, et sa oled j\u00e4rjest rohkem \u00fchendumas oma t\u00f5elise \u00fchtse olemusega loomaks paremat versiooni endast ja oma tulevikust.<\/span><\/p><p lang=\"et-EE\" align=\"JUSTIFY\"><b>***<\/b><\/p><p lang=\"et-EE\" style=\"text-align: center;\" align=\"JUSTIFY\"><strong>Me soovime sinuga jagada kuidas meie l\u00f5ime oma muinasjutust reaalsuse.\u00a0<\/strong><\/p><p lang=\"et-EE\" style=\"text-align: center;\" align=\"JUSTIFY\"><strong>Kas sa oled valmis?\u00a0<\/strong><\/p><p lang=\"et-EE\" style=\"text-align: center;\" align=\"JUSTIFY\"><strong>Kohtumiseni Eestis!<\/strong><\/p><p lang=\"et-EE\" align=\"JUSTIFY\"><strong>***<\/strong><\/p><h2 class=\"western\" lang=\"et-EE\" align=\"JUSTIFY\">Lisainfo ja kontaktide emailid:<\/h2><p lang=\"et-EE\" align=\"JUSTIFY\"><b>\u00dchine leht: Infinite Activation<\/b>:\u00a0<a href=\"httpss:\/\/www.facebook.com\/infiniteactivation\/\">httpss:\/\/www.facebook.com\/infiniteactivation\/<\/a><\/p><p lang=\"et-EE\" align=\"JUSTIFY\"><strong>Crystal Ra Laksmi-Ditton:\u00a0<\/strong><a href=\"https:\/\/www.crystalralaksmi.com\/eesti\">www.crystalralaksmi.com\/eesti<\/a><\/p><p lang=\"et-EE\" align=\"JUSTIFY\"><strong>Email: <span style=\"color: #0000ff;\">infiniteactivation@gmail.com<\/span><\/strong><\/p><p lang=\"et-EE\" align=\"JUSTIFY\"><strong>Michael Ditton:\u00a0<\/strong><a href=\"https:\/\/www.goalsettingbasics.com\/\">https:\/\/www.goalsettingbasics.com<\/a><\/p><p lang=\"et-EE\" align=\"JUSTIFY\"><a href=\"https:\/\/www.dreamsgoalsandadventure.com\/\">https:\/\/www.dreamsgoalsandadventure.com<\/a><\/p><p align=\"JUSTIFY\"><strong><span lang=\"et-EE\">Email:\u00a0<\/span><\/strong><a href=\"mailto:michaelditton@yahoo.com\"><span lang=\"et-EE\">michaelditton@yahoo.com<\/span><\/a><\/p>","_et_gb_content_width":"","footnotes":""},"class_list":["post-4696","page","type-page","status-publish","has-post-thumbnail","hentry"],"acf":[],"_links":{"self":[{"href":"https:\/\/crystalralaksmi.com\/eesti\/wp-json\/wp\/v2\/pages\/4696","targetHints":{"allow":["GET"]}}],"collection":[{"href":"https:\/\/crystalralaksmi.com\/eesti\/wp-json\/wp\/v2\/pages"}],"about":[{"href":"https:\/\/crystalralaksmi.com\/eesti\/wp-json\/wp\/v2\/types\/page"}],"author":[{"embeddable":true,"href":"https:\/\/crystalralaksmi.com\/eesti\/wp-json\/wp\/v2\/users\/1"}],"replies":[{"embeddable":true,"href":"https:\/\/crystalralaksmi.com\/eesti\/wp-json\/wp\/v2\/comments?post=4696"}],"version-history":[{"count":2,"href":"https:\/\/crystalralaksmi.com\/eesti\/wp-json\/wp\/v2\/pages\/4696\/revisions"}],"predecessor-version":[{"id":225168,"href":"https:\/\/crystalralaksmi.com\/eesti\/wp-json\/wp\/v2\/pages\/4696\/revisions\/225168"}],"up":[{"embeddable":true,"href":"https:\/\/crystalralaksmi.com\/eesti\/wp-json\/wp\/v2\/pages\/224783"}],"wp:featuredmedia":[{"embeddable":true,"href":"https:\/\/crystalralaksmi.com\/eesti\/wp-json\/wp\/v2\/media\/224868"}],"wp:attachment":[{"href":"https:\/\/crystalralaksmi.com\/eesti\/wp-json\/wp\/v2\/media?parent=4696"}],"curies":[{"name":"wp","href":"https:\/\/api.w.org\/{rel}","templated":true}]}}