{"id":4763,"date":"2018-02-18T20:50:43","date_gmt":"2018-02-18T20:50:43","guid":{"rendered":"http:\/\/crystalralaksmi.com\/eesti\/?page_id=4763"},"modified":"2019-07-04T11:38:21","modified_gmt":"2019-07-04T08:38:21","slug":"inspireerivad-rahvusvahelised-intervjuud","status":"publish","type":"page","link":"https:\/\/crystalralaksmi.com\/eesti\/blogi\/inspireerivad-rahvusvahelised-intervjuud\/","title":{"rendered":"Inspireerivad Rahvusvahelised Intervjuud"},"content":{"rendered":"<p>[et_pb_section fb_built=&#8221;1&#8243; _builder_version=&#8221;3.22.3&#8243;][et_pb_row _builder_version=&#8221;3.25&#8243; background_size=&#8221;initial&#8221; background_position=&#8221;top_left&#8221; background_repeat=&#8221;repeat&#8221;][et_pb_column type=&#8221;4_4&#8243; _builder_version=&#8221;3.25&#8243; custom_padding=&#8221;|||&#8221; custom_padding__hover=&#8221;|||&#8221;][et_pb_text _builder_version=&#8221;3.0.74&#8243; background_size=&#8221;initial&#8221; background_position=&#8221;top_left&#8221; background_repeat=&#8221;repeat&#8221;]<\/p>\n<header class=\"entry-header\">\n<h1><a href=\"https:\/\/crystalralaksmi.com\/eesti\/wp-content\/uploads\/2015\/02\/3pvwithkatrinwall.jpg\"><img loading=\"lazy\" decoding=\"async\" class=\"size-medium wp-image-2278 aligncenter\" src=\"https:\/\/crystalralaksmi.com\/eesti\/wp-content\/uploads\/2015\/02\/3pvwithkatrinwall-300x172.jpg\" alt=\"\" width=\"300\" height=\"172\" \/><\/a><\/h1>\n<h1>T\u00e4nan sind, et sa k\u00fclastad mu kodulehte. Siin on kollektsioon minu pikematest intervjuudest v\u00e4ga inspireerivate inimestega, keda ma ka isiklikult tunnen. Ma loodan et need jutud ei lahuta vaid su meelt vaid annavad sulle ka uusi ideid kuidas oma elu paremini elada.<\/h1>\n<\/header>\n<h1>M\u00f5ned tegemisel olevad intervjuud on ka v\u00e4lja tulemas \u00fcsna varsti. Seega &#8211; p\u00fcsi lainel!<\/h1>\n<p><strong>Tulevikus v\u00f5ib parimatest intervjuudest s\u00fcndida ka v\u00e4ike raamatu kogumik.<\/strong><br \/>\n<b>Sa v\u00f5id vabalt neid linke jagada oma Facebooki seinal. L\u00e4bi selle aitad kaasa heade uudiste levitamisele maailmas ja inspireerid teisigi elama oma unistusi.<\/b><br \/>\n<a href=\"https:\/\/crystalralaksmi.com\/eesti\/2018\/02\/intervjuu-valev-laubega-julgus-pilet-sinu-unistusteni\/\"><strong>Intervjuu Valev Laubega &#8211; Julgus on pilet sinu unistusteni!<\/strong><\/a><br \/>\n<strong>Eesti &#8211; New York &#8211; Itaalia<\/strong><br \/>\n<strong>18.02.2018<\/strong><br \/>\n<strong><a href=\"https:\/\/crystalralaksmi.com\/eesti\/2016\/07\/juulikuu-intervjuu-tousva-tahe-diina-tamme-tantsuline-kannapoore-new-yorkis\/#more-3831\">Juulikuu intervjuu &#8211; T\u00f5usva T\u00e4he Diina Tamme tantsuline kannap\u00f6\u00f6re New Yorkis.\u00a0<\/a><\/strong><br \/>\n<strong>Eesti &#8211; New York<\/strong><br \/>\n<strong>15.08.2016<\/strong><br \/>\n<strong><a href=\"https:\/\/crystalralaksmi.com\/eesti\/2016\/06\/lihtsa-elu-naudingud-juunikuu-intervjuu-ema-purjetaja-ja-kirjaniku-kai-walliniga\/#more-3631\">Lihtsa elu naudingud &#8211; Juunikuu intervjuu ema, purjetaja ja kirjaniku Kai Walliniga.<\/a><\/strong><br \/>\n<strong>Kanada &#8211; Alaska &#8211; Mehhiko<\/strong><br \/>\n<strong>24.05.2016<\/strong><br \/>\n<a href=\"https:\/\/crystalralaksmi.com\/eesti\/2016\/05\/kuu-intervjuu-joylene-nowell-butler-kirjanik-ema-ja-naine-kes-teab-votmeid-kuidas-raskustest-fooniksina-tousta\/#more-3565\"><strong>Intervjuu &#8211; Joylene Nowell Butleriga &#8211; kirjanik, ema ja naine, kes teab v\u00f5tmeid kuidas raskustest f\u00f6\u00f6niksina t\u00f5usta.\u00a0<\/strong><\/a><br \/>\n<strong>Kanada &#8211; Mehhiko<\/strong><br \/>\n<b>15.05. 2016<\/b><br \/>\n<a href=\"https:\/\/crystalralaksmi.com\/eesti\/2016\/04\/teadlane-avastamas-sisemisi-ja-valimisi-maailmu-intervjuu-janet-hudsoniga\/#more-3498\"><strong>Teadlane avastamas sisemisi ja v\u00e4limisi maailmu kui lumelind Mehhikos &#8211; intervjuu Janet Hudsoniga.<\/strong><\/a><br \/>\n<strong>USA &#8211; Mehhiko<\/strong><br \/>\n<strong>10.04.2016<\/strong><br \/>\n<a href=\"https:\/\/crystalralaksmi.com\/eesti\/2016\/03\/sisearengu-rannak-intervjuu-muusiku-ja-kunstniku-sonny-davisiga\/#more-3429\"><strong>Sisearengu r\u00e4nnak &#8211; Kuidas piirangud v\u00f5ivad saada sinu piletiks vabadusse &#8211; intervjuu muusiku ja kunstniku Sonny Davisiga.\u00a0<\/strong><\/a><br \/>\n<strong>Kanada &#8211; Mehhiko<\/strong><br \/>\n<strong>14.03.2016<\/strong><br \/>\n<strong><a href=\"https:\/\/crystalralaksmi.com\/eesti\/2016\/02\/surfates-labi-elu-ja-astroloogia-kosmiliste-lainete-intervjuu-katrin-haibaga\/#more-3337\">Surfates l\u00e4bi elu ja astroloogia kosmiliste lainete &#8211; intervjuu purjetaja, surfaja ning astroloogi Katrin Haibaga.<\/a>\u00a0<\/strong><br \/>\n<strong>New York &#8211; Mehhiko &#8211; Eesti<\/strong><br \/>\n<strong>14.02.2016<\/strong><br \/>\n<strong><a href=\"https:\/\/crystalralaksmi.com\/eesti\/2016\/01\/suunamuutus-blogis-intervjuu-michael-dittoniga-unistused-eesmargid-ja-seiklus\/#more-3308\">Suunamuutus blogis &#8211; Intervjuu Michael Dittoniga &#8211; Unistused, Eesm\u00e4rgid ja Seiklus.<\/a><\/strong><b><\/b><br \/>\n<strong>USA &#8211; Alaska &#8211; California &#8211; Mehhiko &#8211; Hawaii\u00a0<\/strong><br \/>\n<strong>25.01. 2016<\/strong><a href=\"https:\/\/crystalralaksmi.com\/eesti\/wp-content\/uploads\/2017\/01\/michaeldream.jpg\"><img loading=\"lazy\" decoding=\"async\" class=\"size-medium wp-image-4020 aligncenter\" src=\"https:\/\/crystalralaksmi.com\/eesti\/wp-content\/uploads\/2017\/01\/michaeldream-300x203.jpg\" alt=\"\" width=\"300\" height=\"203\" \/><\/a><br \/>\n[\/et_pb_text][\/et_pb_column][\/et_pb_row][\/et_pb_section]<\/p>\n<span class=\"et_bloom_bottom_trigger\"><\/span>","protected":false},"excerpt":{"rendered":"<p>T\u00e4nan sind, et sa k\u00fclastad mu kodulehte. Siin on kollektsioon minu pikematest intervjuudest v\u00e4ga inspireerivate inimestega, keda ma ka isiklikult tunnen. Ma loodan et need jutud ei lahuta vaid su [&hellip;]<\/p>\n","protected":false},"author":1,"featured_media":224871,"parent":77,"menu_order":0,"comment_status":"closed","ping_status":"closed","template":"","meta":{"_acf_changed":false,"_et_pb_use_builder":"on","_et_pb_old_content":"<header class=\"entry-header\"><h1><a href=\"https:\/\/crystalralaksmi.com\/eesti\/wp-content\/uploads\/2015\/02\/3pvwithkatrinwall.jpg\"><img class=\"size-medium wp-image-2278 aligncenter\" src=\"https:\/\/crystalralaksmi.com\/eesti\/wp-content\/uploads\/2015\/02\/3pvwithkatrinwall-300x172.jpg\" alt=\"\" width=\"300\" height=\"172\" \/><\/a><\/h1><h1>T\u00e4nan sind, et sa k\u00fclastad mu kodulehte. Siin on kollektsioon minu pikematest intervjuudest v\u00e4ga inspireerivate inimestega, keda ma ka isiklikult tunnen. Ma loodan et need jutud ei lahuta vaid su meelt vaid annavad sulle ka uusi ideid kuidas oma elu paremini elada.<\/h1><\/header><h1>M\u00f5ned tegemisel olevad intervjuud on ka v\u00e4lja tulemas \u00fcsna varsti. Seega - p\u00fcsi lainel!<\/h1><p><strong>Tulevikus v\u00f5ib parimatest intervjuudest s\u00fcndida ka v\u00e4ike raamatu kogumik.<\/strong><br \/><b>Sa v\u00f5id vabalt neid linke jagada oma Facebooki seinal. L\u00e4bi selle aitad kaasa heade uudiste levitamisele maailmas ja inspireerid teisigi elama oma unistusi.<\/b><br \/><a href=\"https:\/\/crystalralaksmi.com\/eesti\/2018\/02\/intervjuu-valev-laubega-julgus-pilet-sinu-unistusteni\/\"><strong>Intervjuu Valev Laubega - Julgus on pilet sinu unistusteni!<\/strong><\/a><br \/><strong>Eesti - New York - Itaalia<\/strong><br \/><strong>18.02.2018<\/strong><br \/><strong><a href=\"https:\/\/crystalralaksmi.com\/eesti\/2016\/07\/juulikuu-intervjuu-tousva-tahe-diina-tamme-tantsuline-kannapoore-new-yorkis\/#more-3831\">Juulikuu intervjuu - T\u00f5usva T\u00e4he Diina Tamme tantsuline kannap\u00f6\u00f6re New Yorkis.\u00a0<\/a><\/strong><br \/><strong>Eesti - New York<\/strong><br \/><strong>15.08.2016<\/strong><br \/><strong><a href=\"https:\/\/crystalralaksmi.com\/eesti\/2016\/06\/lihtsa-elu-naudingud-juunikuu-intervjuu-ema-purjetaja-ja-kirjaniku-kai-walliniga\/#more-3631\">Lihtsa elu naudingud - Juunikuu intervjuu ema, purjetaja ja kirjaniku Kai Walliniga.<\/a><\/strong><br \/><strong>Kanada - Alaska - Mehhiko<\/strong><br \/><strong>24.05.2016<\/strong><br \/><a href=\"https:\/\/crystalralaksmi.com\/eesti\/2016\/05\/kuu-intervjuu-joylene-nowell-butler-kirjanik-ema-ja-naine-kes-teab-votmeid-kuidas-raskustest-fooniksina-tousta\/#more-3565\"><strong>Intervjuu - Joylene Nowell Butleriga - kirjanik, ema ja naine, kes teab v\u00f5tmeid kuidas raskustest f\u00f6\u00f6niksina t\u00f5usta.\u00a0<\/strong><\/a><br \/><strong>Kanada - Mehhiko<\/strong><br \/><b>15.05. 2016<\/b><br \/><a href=\"https:\/\/crystalralaksmi.com\/eesti\/2016\/04\/teadlane-avastamas-sisemisi-ja-valimisi-maailmu-intervjuu-janet-hudsoniga\/#more-3498\"><strong>Teadlane avastamas sisemisi ja v\u00e4limisi maailmu kui lumelind Mehhikos - intervjuu Janet Hudsoniga.<\/strong><\/a><br \/><strong>USA - Mehhiko<\/strong><br \/><strong>10.04.2016<\/strong><br \/><a href=\"https:\/\/crystalralaksmi.com\/eesti\/2016\/03\/sisearengu-rannak-intervjuu-muusiku-ja-kunstniku-sonny-davisiga\/#more-3429\"><strong>Sisearengu r\u00e4nnak - Kuidas piirangud v\u00f5ivad saada sinu piletiks vabadusse - intervjuu muusiku ja kunstniku Sonny Davisiga.\u00a0<\/strong><\/a><br \/><strong>Kanada - Mehhiko<\/strong><br \/><strong>14.03.2016<\/strong><br \/><strong><a href=\"https:\/\/crystalralaksmi.com\/eesti\/2016\/02\/surfates-labi-elu-ja-astroloogia-kosmiliste-lainete-intervjuu-katrin-haibaga\/#more-3337\">Surfates l\u00e4bi elu ja astroloogia kosmiliste lainete - intervjuu purjetaja, surfaja ning astroloogi Katrin Haibaga.<\/a>\u00a0<\/strong><br \/><strong>New York - Mehhiko - Eesti<\/strong><br \/><strong>14.02.2016<\/strong><br \/><strong><a href=\"https:\/\/crystalralaksmi.com\/eesti\/2016\/01\/suunamuutus-blogis-intervjuu-michael-dittoniga-unistused-eesmargid-ja-seiklus\/#more-3308\">Suunamuutus blogis - Intervjuu Michael Dittoniga - Unistused, Eesm\u00e4rgid ja Seiklus.<\/a><\/strong><b><\/b><br \/><strong>USA - Alaska - California - Mehhiko - Hawaii\u00a0<\/strong><br \/><strong>25.01. 2016<\/strong><a href=\"https:\/\/crystalralaksmi.com\/eesti\/wp-content\/uploads\/2017\/01\/michaeldream.jpg\"><img class=\"size-medium wp-image-4020 aligncenter\" src=\"https:\/\/crystalralaksmi.com\/eesti\/wp-content\/uploads\/2017\/01\/michaeldream-300x203.jpg\" alt=\"\" width=\"300\" height=\"203\" \/><\/a><\/p>","_et_gb_content_width":"","footnotes":""},"class_list":["post-4763","page","type-page","status-publish","has-post-thumbnail","hentry"],"acf":[],"_links":{"self":[{"href":"https:\/\/crystalralaksmi.com\/eesti\/wp-json\/wp\/v2\/pages\/4763","targetHints":{"allow":["GET"]}}],"collection":[{"href":"https:\/\/crystalralaksmi.com\/eesti\/wp-json\/wp\/v2\/pages"}],"about":[{"href":"https:\/\/crystalralaksmi.com\/eesti\/wp-json\/wp\/v2\/types\/page"}],"author":[{"embeddable":true,"href":"https:\/\/crystalralaksmi.com\/eesti\/wp-json\/wp\/v2\/users\/1"}],"replies":[{"embeddable":true,"href":"https:\/\/crystalralaksmi.com\/eesti\/wp-json\/wp\/v2\/comments?post=4763"}],"version-history":[{"count":2,"href":"https:\/\/crystalralaksmi.com\/eesti\/wp-json\/wp\/v2\/pages\/4763\/revisions"}],"predecessor-version":[{"id":224898,"href":"https:\/\/crystalralaksmi.com\/eesti\/wp-json\/wp\/v2\/pages\/4763\/revisions\/224898"}],"up":[{"embeddable":true,"href":"https:\/\/crystalralaksmi.com\/eesti\/wp-json\/wp\/v2\/pages\/77"}],"wp:featuredmedia":[{"embeddable":true,"href":"https:\/\/crystalralaksmi.com\/eesti\/wp-json\/wp\/v2\/media\/224871"}],"wp:attachment":[{"href":"https:\/\/crystalralaksmi.com\/eesti\/wp-json\/wp\/v2\/media?parent=4763"}],"curies":[{"name":"wp","href":"https:\/\/api.w.org\/{rel}","templated":true}]}}