{"id":4784,"date":"2018-02-21T00:57:28","date_gmt":"2018-02-21T00:57:28","guid":{"rendered":"http:\/\/crystalralaksmi.com\/eesti\/?page_id=4784"},"modified":"2019-07-30T12:26:35","modified_gmt":"2019-07-30T09:26:35","slug":"suvetuurilyhikava","status":"publish","type":"page","link":"https:\/\/crystalralaksmi.com\/eesti\/sundmused-maailmas\/suvetuurilyhikava\/","title":{"rendered":"Eesti Suvetuuri \u00fclevaatlik l\u00fchikava"},"content":{"rendered":"<p>[et_pb_section fb_built=&#8221;1&#8243; admin_label=&#8221;Section&#8221; _builder_version=&#8221;3.22.3&#8243; saved_tabs=&#8221;all&#8221; global_module=&#8221;225116&#8243;][et_pb_row _builder_version=&#8221;3.25&#8243; background_size=&#8221;initial&#8221; background_position=&#8221;top_left&#8221; background_repeat=&#8221;repeat&#8221;][et_pb_column type=&#8221;4_4&#8243; _builder_version=&#8221;3.25.3&#8243;][et_pb_post_title meta=&#8221;off&#8221; featured_image=&#8221;off&#8221; _builder_version=&#8221;3.25.3&#8243; title_font=&#8221;Poppins|600|||||||&#8221; custom_margin=&#8221;||0px|||&#8221;][\/et_pb_post_title][et_pb_divider color=&#8221;#57ca85&#8243; divider_weight=&#8221;5px&#8221; _builder_version=&#8221;3.25.3&#8243; width=&#8221;14%&#8221;][\/et_pb_divider][\/et_pb_column][\/et_pb_row][\/et_pb_section][et_pb_section fb_built=&#8221;1&#8243; _builder_version=&#8221;3.22&#8243;][et_pb_row _builder_version=&#8221;3.25&#8243; background_size=&#8221;initial&#8221; background_position=&#8221;top_left&#8221; background_repeat=&#8221;repeat&#8221;][et_pb_column type=&#8221;4_4&#8243; _builder_version=&#8221;3.25&#8243; custom_padding=&#8221;|||&#8221; custom_padding__hover=&#8221;|||&#8221;][et_pb_text _builder_version=&#8221;3.0.74&#8243; background_size=&#8221;initial&#8221; background_position=&#8221;top_left&#8221; background_repeat=&#8221;repeat&#8221;]<\/p>\n<p lang=\"et-EE\" align=\"JUSTIFY\"><a href=\"https:\/\/crystalralaksmi.com\/eesti\/wp-content\/uploads\/2018\/02\/Suvetuuri-u\u0308ldplakat.jpg\"><img loading=\"lazy\" decoding=\"async\" class=\"alignleft size-medium wp-image-4785\" src=\"https:\/\/crystalralaksmi.com\/eesti\/wp-content\/uploads\/2018\/02\/Suvetuuri-u\u0308ldplakat-210x300.jpg\" alt=\"\" width=\"210\" height=\"300\" \/><\/a><\/p>\n<p lang=\"et-EE\" align=\"JUSTIFY\"><strong>Aloha k\u00f5igile!\u00a0<\/strong><\/p>\n<p lang=\"et-EE\" align=\"JUSTIFY\"><strong>Tere tulemast meie imelisele suvetuurile Eestis!<\/strong><\/p>\n<p lang=\"et-EE\" align=\"JUSTIFY\">Vaata siit sulle sobivaid kohti ja aegu ning registreeri ennast varakult. Pakume midagi igale maitsele. Nii neile kes tahavad vaid l\u00fchidalt <a href=\"https:\/\/crystalralaksmi.com\/eesti\/kontakt\/crystal-ra-ja-michaeli-biod\/\">meiega tutvuda<\/a> kui ka neile kes soovivad meiega s\u00fcgavamalt koost\u00f6\u00f6d teha l\u00e4bi retriitide ja <a href=\"https:\/\/crystalralaksmi.com\/eesti\/teenused\/crystalramichaeliseansid\/\">eraseansside<\/a>. Vaata ka meie tutvustavat videot meie taustade kohta <a href=\"httpss:\/\/www.youtube.com\/watch?v=Iz6V-FZ0bXk\">siit:\u00a0<\/a><\/p>\n<p lang=\"et-EE\" align=\"JUSTIFY\"><strong>Meie \u00fchine avapauk toimub Tallinnas:<\/strong><\/p>\n<p lang=\"et-EE\" align=\"JUSTIFY\"><b>5. juuni Tallinnas,\u00a0kl 18.30 \u2013 21.00 \u2013\u00a0<a href=\"https:\/\/crystalralaksmi.com\/eesti\/sundmused-maailmas\/crystal-ra-ja-michaeli-eesti-minituur-suvel-2018\/\">Pelgulinna Rahvamajas<\/a>\u00a0\u2013 FB s\u00fcndmuse link ja eelregistreerimine<a href=\"httpss:\/\/www.facebook.com\/events\/149876769064789\/\">\u00a0siin:<\/a>\u00a0<\/b><\/p>\n<p lang=\"et-EE\" align=\"JUSTIFY\"><b>7. juuni Rakvere, kl 18.30 \u2013 21.00\u00a0 \u2013<a href=\"https:\/\/crystalralaksmi.com\/eesti\/sundmused-maailmas\/crystal-ra-ja-michaeli-eesti-minituur-suvel-2018\/\">\u00a0Rahulolu Pesas\u00a0<\/a><\/b><b>\u2013 FB s\u00fcndmuse link ja eelregistreerimine<a href=\"httpss:\/\/www.facebook.com\/events\/2026094664339609\/\">siin:<\/a><\/b><\/p>\n<p lang=\"et-EE\" align=\"JUSTIFY\"><strong>11. juuni Raplas, kl 19 &#8211; 21.30<\/strong> &#8211; <a href=\"httpss:\/\/www.elujoukeskus.ee\/\"><strong>Rapla Eluj\u00f5u Keskuses<\/strong><\/a> &#8211; Fb s\u00fcndmuse link ja eelregistreerimine asub <a href=\"httpss:\/\/www.facebook.com\/events\/1827650217529499\/\">siin:\u00a0<\/a><\/p>\n<p lang=\"et-EE\" align=\"JUSTIFY\"><b>14. juuni P\u00e4rnus kl 18 \u2013 20 \u2013\u00a0<a href=\"https:\/\/crystalralaksmi.com\/eesti\/sundmused-maailmas\/crystal-ra-ja-michaeli-eesti-minituur-suvel-2018\/\">P\u00e4rnu Raamatukogus<\/a>\u00a0\u2013 Eneset\u00e4iendajate Klubi k\u00fclalisesinejatena \u2013\u00a0FB s\u00fcndmuse link ja eelregistreerimine\u00a0<a href=\"httpss:\/\/www.facebook.com\/events\/266325170569325\/\">siin:\u00a0<\/a><\/b><\/p>\n<p lang=\"et-EE\" align=\"JUSTIFY\"><b>18. juuni Tartus kl 18 \u2013 20 \u2013\u00a0<a href=\"https:\/\/crystalralaksmi.com\/eesti\/sundmused-maailmas\/crystal-ra-ja-michaeli-eesti-minituur-suvel-2018\/\">Dorpati Konverentsikeskuses<\/a>\u00a0\u2013 Arengutee Klubi k\u00fclalisesinejatena,\u00a0FB s\u00fcndmuse link ja eelregistreerimine\u00a0<a href=\"httpss:\/\/www.facebook.com\/events\/152772885428354\/\">siin:\u00a0<\/a><\/b><\/p>\n<p lang=\"et-EE\" align=\"JUSTIFY\"><strong>19. juuni J\u00f5geval \u2013<\/strong>\u00a0<b>k\u00fclalisesinejatena Marge Palootsi paradiisis \u2013\u00a0FB s\u00fcndmuse link ja eelregistreerimine\u00a0<a href=\"httpss:\/\/www.facebook.com\/events\/2082405951980432\/\">siin:\u00a0<\/a><\/b><\/p>\n<p lang=\"et-EE\" align=\"JUSTIFY\">***<\/p>\n<p lang=\"et-EE\" align=\"JUSTIFY\"><strong>Lisas\u00fcndmused\u00a0<\/strong><\/p>\n<p lang=\"et-EE\" align=\"JUSTIFY\"><strong>12 juuni kogunemine Auratransformeeritutele Tallinnas<\/strong> &#8211; loeng, k\u00fcsimused ja vastused ning grupi tasakaalustus<\/p>\n<p lang=\"et-EE\" align=\"JUSTIFY\"><strong>25 juuni workshop Energiate lugemisest ja selgeltn\u00e4gemise ning uue aja energiatega t\u00f6\u00f6st<\/strong> Tallinnas<\/p>\n<p lang=\"et-EE\" align=\"JUSTIFY\"><strong>4. Juuli Tallinnas Mustam\u00e4el Wantra Naistele &#8211;\u00a0&#8216;Iseenda vee ja k\u00fclluse kuninganna \u00e4ratus l\u00e4bi Wantra maagia&#8217;\u00a0soojas vees \u00f5htu, vaata<a href=\"httpss:\/\/www.facebook.com\/events\/246249395930133\/\"> siit:<\/a><\/strong><\/p>\n<p lang=\"et-EE\" align=\"JUSTIFY\"><strong>6. juuli Tartu Gaia Kristallipoes &#8211; &#8216;\u00a0Inimkristallid, Havai, Lemuuria ja kristallide \u00fchepajatoit!&#8217; Vaata lisa <a href=\"httpss:\/\/www.facebook.com\/events\/2164793197141315\/\">siit:\u00a0<\/a><\/strong><\/p>\n<p lang=\"et-EE\" align=\"JUSTIFY\"><strong>10. juuli Auratransformeeritute loeng dimensioonidest, k\u00fcsimused ja vastused, grupi tasakaalustus. K\u00fcsi lisainfot!<\/strong><\/p>\n<p lang=\"et-EE\" align=\"JUSTIFY\"><b>17. \u2013 20. juuli \u2013\u00a0<a href=\"https:\/\/highonlifefestival.com\/\">Osalemine Eesti High on Life Tantrafestivalil\u00a0<\/a><\/b><strong>&#8211; Fb s\u00fcndmuse link ja eelregistreerimine <a href=\"httpss:\/\/www.facebook.com\/events\/222204601681037\/\">siin:\u00a0<\/a><\/strong><\/p>\n<p lang=\"et-EE\" align=\"JUSTIFY\"><strong>Tantrafestivali videokutse asub<\/strong> <a href=\"httpss:\/\/www.youtube.com\/watch?v=GFysFh1CoCQ\">siin:\u00a0<\/a><\/p>\n<p lang=\"et-EE\" align=\"JUSTIFY\"><a href=\"https:\/\/crystalralaksmi.com\/eesti\/wp-content\/uploads\/2016\/06\/+wantranaised.jpg\"><img loading=\"lazy\" decoding=\"async\" class=\"alignleft size-medium wp-image-3719\" src=\"https:\/\/crystalralaksmi.com\/eesti\/wp-content\/uploads\/2016\/06\/+wantranaised-300x155.jpg\" alt=\"\" width=\"300\" height=\"155\" \/><\/a>***<\/p>\n<p lang=\"et-EE\" align=\"JUSTIFY\"><strong>Wantra kursused sellel suvel Eestis<\/strong><\/p>\n<p lang=\"et-EE\" align=\"JUSTIFY\">Kui sa soovid \u00e4ratada oma sisemise merineitsi v\u00f5i merimehe ja sooviksid s\u00fcgavamalt sukelduda nii iseendasse kui ka ellu &#8211; siis Wantrakursused sel suvel nii nagu ka privaatsed Wantraseansid on t\u00e4pselt sulle! Kuna tegutsen Eestis sel suvel vaid 2 kuud, siis saavad sageli ajad neile seanssidele ja koolitustele v\u00e4ga ruttu t\u00e4is. Seega ole oma eelregistreerimisega kiire tegutseja!<\/p>\n<p lang=\"et-EE\" align=\"JUSTIFY\"><strong>Iga Wantrakursuse toimumise otsustan \u00e4ra v\u00e4hemalt 7 p\u00e4eva enne kursust!!<\/strong><\/p>\n<p lang=\"et-EE\" align=\"JUSTIFY\"><strong>1) 9. juuni ja 17 juuni<\/strong> &#8211; <strong>Saa S\u00f5braks Veega kursus<\/strong> &#8211; neile kes kardavad vett, omavad uppumiskogemust, kardavad s\u00fcgavust v\u00f5i pead vee alla panna.<\/p>\n<p lang=\"et-EE\" align=\"JUSTIFY\">Kursus maksab 90 eurot ja ajakava on kella 9st kella 16.30ni.<\/p>\n<p lang=\"et-EE\" align=\"JUSTIFY\"><strong>Loe lisa selle kursuse kohta<\/strong> <a href=\"httpss:\/\/www.facebook.com\/events\/573659489674406\/\">siit:<\/a><\/p>\n<p lang=\"et-EE\" align=\"JUSTIFY\"><strong>2) 13, 20, 21,27, 28 juuni kell 18 &#8211; 20 &#8211; 4 Elemendi ja K\u00fclluse Ratta aktiveerimine Wantra grupit\u00f6\u00f6ga vees.<\/strong> See kursuse viis korda kokku maksab 200 eurot ja eelistatud on need kes registeerivad ennast k\u00f5igile viiele korrale.<\/p>\n<p lang=\"et-EE\" align=\"JUSTIFY\">Sellisel kujul ei ole ma kunagi Wantrakursust grupile varem teinud. See on v\u00e4ga eriline pakkumine, seega kasuta v\u00f5imalust!<\/p>\n<p lang=\"et-EE\" align=\"JUSTIFY\"><strong>Kursuse kohta loe lisainfot<\/strong> <a href=\"httpss:\/\/www.facebook.com\/events\/198308954119173\/\">siit:\u00a0<\/a><\/p>\n<p><span style=\"color: #000000;\"><strong>3) 7. juuli &#8211; Wantra Algajate kursus.<\/strong> Kursus maksab 90 eurot ja ajakava on kella 9st kuni kella 16.30ni.\u00a0<\/span><br \/>\n<span style=\"color: #000000;\"><strong>Loe selle kursuse ja registreerimise kohta infot<\/strong><a href=\"httpss:\/\/www.facebook.com\/events\/194772664657491\/\"> siit:<\/a>\u00a0\u00a0<\/span><br \/>\n<strong>4) 8. juuli &#8211; Wantra Edasij\u00f5udnute kursus.<\/strong> Kursus maksab 90 eurot ja ajakava on kella 9st kuni 16.30ni.<br \/>\n<strong>Loe selle kursuse ja registreerimise kohta infot<\/strong> <a href=\"httpss:\/\/www.facebook.com\/events\/636509940026774\/\">siit:<\/a><br \/>\n*** <strong>K\u00f5ik kursused toimuvad vaid siis kui on registreerinud miinimum 6 osalejat v\u00e4hemalt 7 p\u00e4eva enne kursust. Selleks ajaks peaks olema ka laekunud kogu kursuse osalustasu. Kui kursuse toimumine on kinnitatud 7 p\u00e4eva vahetult enne s\u00fcndmust, aga sa t\u00fchistad oma osaluse peale seda, tuleb sul endale leida asendusosaleja kuna peale seda raha enam ei tagastata.\u00a0\u00a0<\/strong><\/p>\n<p lang=\"et-EE\" align=\"JUSTIFY\">Kui sul tekib lisak\u00fcsimusi siis kirjuta <span style=\"color: #000080;\"><strong>infiniteactivation@gmail.com<\/strong><\/span><\/p>\n<p lang=\"et-EE\" align=\"JUSTIFY\">Kui soovid aidata meid meie marketingi t\u00f6\u00f6s ole armas ja jaga selle postituse plakati faili ja samuti ka seda l\u00fchilinki oma s\u00f5pruskonnas ja FB perekonnas. Suur t\u00e4nu juba ette.<\/p>\n<p lang=\"et-EE\" align=\"JUSTIFY\">Imeliste kohtumisteni!<\/p>\n<p lang=\"et-EE\" align=\"JUSTIFY\">Crystal Ra ja Michael<\/p>\n<div id=\"attachment_4794\" style=\"width: 310px\" class=\"wp-caption aligncenter\"><a href=\"https:\/\/crystalralaksmi.com\/eesti\/wp-content\/uploads\/2018\/02\/sunsetromance.png\"><img loading=\"lazy\" decoding=\"async\" aria-describedby=\"caption-attachment-4794\" class=\"wp-image-4794 size-medium\" src=\"https:\/\/crystalralaksmi.com\/eesti\/wp-content\/uploads\/2018\/02\/sunsetromance-300x214.png\" alt=\"\" width=\"300\" height=\"214\" \/><\/a><p id=\"caption-attachment-4794\" class=\"wp-caption-text\">Foto &#8211; Pixabay<\/p><\/div>\n<p>J\u00e4rgmise aasta 2019 aasta suvel on v\u00f5imalik sarnane s\u00fcndmus Matsalus:\u00a0<b><a href=\"https:\/\/crystalralaksmi.com\/eesti\/sundmused-maailmas\/puha-suhte-retriit-paaridele-crystal-ra-ja-michaeliga-suvel-2018\/\">\u00a0 Kuninganna ja Kuninga \u00c4ratamine &#8211; retriit Matsalus &#8211; avatud k\u00f5igile\u00a0<\/a><\/b><strong>FB s\u00fcndmuse link ja eelregistreerimine <a href=\"httpss:\/\/www.facebook.com\/events\/2062385003998635\/\">siin:<\/a><\/strong><br \/>\n[\/et_pb_text][\/et_pb_column][\/et_pb_row][\/et_pb_section]<\/p>\n<span class=\"et_bloom_bottom_trigger\"><\/span>","protected":false},"excerpt":{"rendered":"<p>Aloha k\u00f5igile!\u00a0 Tere tulemast meie imelisele suvetuurile Eestis! Vaata siit sulle sobivaid kohti ja aegu ning registreeri ennast varakult. Pakume midagi igale maitsele. Nii neile kes tahavad vaid l\u00fchidalt meiega [&hellip;]<\/p>\n","protected":false},"author":1,"featured_media":224872,"parent":224783,"menu_order":0,"comment_status":"closed","ping_status":"closed","template":"","meta":{"_acf_changed":false,"_et_pb_use_builder":"on","_et_pb_old_content":"<p lang=\"et-EE\" align=\"JUSTIFY\"><a href=\"https:\/\/crystalralaksmi.com\/eesti\/wp-content\/uploads\/2018\/02\/Suvetuuri-u\u0308ldplakat.jpg\"><img class=\"alignleft size-medium wp-image-4785\" src=\"https:\/\/crystalralaksmi.com\/eesti\/wp-content\/uploads\/2018\/02\/Suvetuuri-u\u0308ldplakat-210x300.jpg\" alt=\"\" width=\"210\" height=\"300\" \/><\/a><\/p><p lang=\"et-EE\" align=\"JUSTIFY\"><strong>Aloha k\u00f5igile!\u00a0<\/strong><\/p><p lang=\"et-EE\" align=\"JUSTIFY\"><strong>Tere tulemast meie imelisele suvetuurile Eestis!<\/strong><\/p><p lang=\"et-EE\" align=\"JUSTIFY\">Vaata siit sulle sobivaid kohti ja aegu ning registreeri ennast varakult. Pakume midagi igale maitsele. Nii neile kes tahavad vaid l\u00fchidalt <a href=\"https:\/\/crystalralaksmi.com\/eesti\/kontakt\/crystal-ra-ja-michaeli-biod\/\">meiega tutvuda<\/a> kui ka neile kes soovivad meiega s\u00fcgavamalt koost\u00f6\u00f6d teha l\u00e4bi retriitide ja <a href=\"https:\/\/crystalralaksmi.com\/eesti\/teenused\/crystalramichaeliseansid\/\">eraseansside<\/a>. Vaata ka meie tutvustavat videot meie taustade kohta <a href=\"httpss:\/\/www.youtube.com\/watch?v=Iz6V-FZ0bXk\">siit:\u00a0<\/a><\/p><p lang=\"et-EE\" align=\"JUSTIFY\"><strong>Meie \u00fchine avapauk toimub Tallinnas:<\/strong><\/p><p lang=\"et-EE\" align=\"JUSTIFY\"><b>5. juuni Tallinnas,\u00a0kl 18.30 \u2013 21.00 \u2013\u00a0<a href=\"https:\/\/crystalralaksmi.com\/eesti\/sundmused-maailmas\/crystal-ra-ja-michaeli-eesti-minituur-suvel-2018\/\">Pelgulinna Rahvamajas<\/a>\u00a0\u2013 FB s\u00fcndmuse link ja eelregistreerimine<a href=\"httpss:\/\/www.facebook.com\/events\/149876769064789\/\">\u00a0siin:<\/a>\u00a0<\/b><\/p><p lang=\"et-EE\" align=\"JUSTIFY\"><b>7. juuni Rakvere, kl 18.30 \u2013 21.00\u00a0 \u2013<a href=\"https:\/\/crystalralaksmi.com\/eesti\/sundmused-maailmas\/crystal-ra-ja-michaeli-eesti-minituur-suvel-2018\/\">\u00a0Rahulolu Pesas\u00a0<\/a><\/b><b>\u2013 FB s\u00fcndmuse link ja eelregistreerimine<a href=\"httpss:\/\/www.facebook.com\/events\/2026094664339609\/\">siin:<\/a><\/b><\/p><p lang=\"et-EE\" align=\"JUSTIFY\"><strong>11. juuni Raplas, kl 19 - 21.30<\/strong> - <a href=\"httpss:\/\/www.elujoukeskus.ee\/\"><strong>Rapla Eluj\u00f5u Keskuses<\/strong><\/a> - Fb s\u00fcndmuse link ja eelregistreerimine asub <a href=\"httpss:\/\/www.facebook.com\/events\/1827650217529499\/\">siin:\u00a0<\/a><\/p><p lang=\"et-EE\" align=\"JUSTIFY\"><b>14. juuni P\u00e4rnus kl 18 \u2013 20 \u2013\u00a0<a href=\"https:\/\/crystalralaksmi.com\/eesti\/sundmused-maailmas\/crystal-ra-ja-michaeli-eesti-minituur-suvel-2018\/\">P\u00e4rnu Raamatukogus<\/a>\u00a0\u2013 Eneset\u00e4iendajate Klubi k\u00fclalisesinejatena \u2013\u00a0FB s\u00fcndmuse link ja eelregistreerimine\u00a0<a href=\"httpss:\/\/www.facebook.com\/events\/266325170569325\/\">siin:\u00a0<\/a><\/b><\/p><p lang=\"et-EE\" align=\"JUSTIFY\"><b>18. juuni Tartus kl 18 \u2013 20 \u2013\u00a0<a href=\"https:\/\/crystalralaksmi.com\/eesti\/sundmused-maailmas\/crystal-ra-ja-michaeli-eesti-minituur-suvel-2018\/\">Dorpati Konverentsikeskuses<\/a>\u00a0\u2013 Arengutee Klubi k\u00fclalisesinejatena,\u00a0FB s\u00fcndmuse link ja eelregistreerimine\u00a0<a href=\"httpss:\/\/www.facebook.com\/events\/152772885428354\/\">siin:\u00a0<\/a><\/b><\/p><p lang=\"et-EE\" align=\"JUSTIFY\"><strong>19. juuni J\u00f5geval \u2013<\/strong>\u00a0<b>k\u00fclalisesinejatena Marge Palootsi paradiisis \u2013\u00a0FB s\u00fcndmuse link ja eelregistreerimine\u00a0<a href=\"httpss:\/\/www.facebook.com\/events\/2082405951980432\/\">siin:\u00a0<\/a><\/b><\/p><p lang=\"et-EE\" align=\"JUSTIFY\">***<\/p><p lang=\"et-EE\" align=\"JUSTIFY\"><strong>Lisas\u00fcndmused\u00a0<\/strong><\/p><p lang=\"et-EE\" align=\"JUSTIFY\"><strong>12 juuni kogunemine Auratransformeeritutele Tallinnas<\/strong> - loeng, k\u00fcsimused ja vastused ning grupi tasakaalustus<\/p><p lang=\"et-EE\" align=\"JUSTIFY\"><strong>25 juuni workshop Energiate lugemisest ja selgeltn\u00e4gemise ning uue aja energiatega t\u00f6\u00f6st<\/strong> Tallinnas<\/p><p lang=\"et-EE\" align=\"JUSTIFY\"><strong>4. Juuli Tallinnas Mustam\u00e4el Wantra Naistele -\u00a0'Iseenda vee ja k\u00fclluse kuninganna \u00e4ratus l\u00e4bi Wantra maagia'\u00a0soojas vees \u00f5htu, vaata<a href=\"httpss:\/\/www.facebook.com\/events\/246249395930133\/\"> siit:<\/a><\/strong><\/p><p lang=\"et-EE\" align=\"JUSTIFY\"><strong>6. juuli Tartu Gaia Kristallipoes - '\u00a0Inimkristallid, Havai, Lemuuria ja kristallide \u00fchepajatoit!' Vaata lisa <a href=\"httpss:\/\/www.facebook.com\/events\/2164793197141315\/\">siit:\u00a0<\/a><\/strong><\/p><p lang=\"et-EE\" align=\"JUSTIFY\"><strong>10. juuli Auratransformeeritute loeng dimensioonidest, k\u00fcsimused ja vastused, grupi tasakaalustus. K\u00fcsi lisainfot!<\/strong><\/p><p lang=\"et-EE\" align=\"JUSTIFY\"><b>17. \u2013 20. juuli \u2013\u00a0<a href=\"https:\/\/highonlifefestival.com\/\">Osalemine Eesti High on Life Tantrafestivalil\u00a0<\/a><\/b><strong>- Fb s\u00fcndmuse link ja eelregistreerimine <a href=\"httpss:\/\/www.facebook.com\/events\/222204601681037\/\">siin:\u00a0<\/a><\/strong><\/p><p lang=\"et-EE\" align=\"JUSTIFY\"><strong>Tantrafestivali videokutse asub<\/strong> <a href=\"httpss:\/\/www.youtube.com\/watch?v=GFysFh1CoCQ\">siin:\u00a0<\/a><\/p><p lang=\"et-EE\" align=\"JUSTIFY\"><a href=\"https:\/\/crystalralaksmi.com\/eesti\/wp-content\/uploads\/2016\/06\/+wantranaised.jpg\"><img class=\"alignleft size-medium wp-image-3719\" src=\"https:\/\/crystalralaksmi.com\/eesti\/wp-content\/uploads\/2016\/06\/+wantranaised-300x155.jpg\" alt=\"\" width=\"300\" height=\"155\" \/><\/a>***<\/p><p lang=\"et-EE\" align=\"JUSTIFY\"><strong>Wantra kursused sellel suvel Eestis<\/strong><\/p><p lang=\"et-EE\" align=\"JUSTIFY\">Kui sa soovid \u00e4ratada oma sisemise merineitsi v\u00f5i merimehe ja sooviksid s\u00fcgavamalt sukelduda nii iseendasse kui ka ellu - siis Wantrakursused sel suvel nii nagu ka privaatsed Wantraseansid on t\u00e4pselt sulle! Kuna tegutsen Eestis sel suvel vaid 2 kuud, siis saavad sageli ajad neile seanssidele ja koolitustele v\u00e4ga ruttu t\u00e4is. Seega ole oma eelregistreerimisega kiire tegutseja!<\/p><p lang=\"et-EE\" align=\"JUSTIFY\"><strong>Iga Wantrakursuse toimumise otsustan \u00e4ra v\u00e4hemalt 7 p\u00e4eva enne kursust!!<\/strong><\/p><p lang=\"et-EE\" align=\"JUSTIFY\"><strong>1) 9. juuni ja 17 juuni<\/strong> - <strong>Saa S\u00f5braks Veega kursus<\/strong> - neile kes kardavad vett, omavad uppumiskogemust, kardavad s\u00fcgavust v\u00f5i pead vee alla panna.<\/p><p lang=\"et-EE\" align=\"JUSTIFY\">Kursus maksab 90 eurot ja ajakava on kella 9st kella 16.30ni.<\/p><p lang=\"et-EE\" align=\"JUSTIFY\"><strong>Loe lisa selle kursuse kohta<\/strong> <a href=\"httpss:\/\/www.facebook.com\/events\/573659489674406\/\">siit:<\/a><\/p><p lang=\"et-EE\" align=\"JUSTIFY\"><strong>2) 13, 20, 21,27, 28 juuni kell 18 - 20 - 4 Elemendi ja K\u00fclluse Ratta aktiveerimine Wantra grupit\u00f6\u00f6ga vees.<\/strong> See kursuse viis korda kokku maksab 200 eurot ja eelistatud on need kes registeerivad ennast k\u00f5igile viiele korrale.<\/p><p lang=\"et-EE\" align=\"JUSTIFY\">Sellisel kujul ei ole ma kunagi Wantrakursust grupile varem teinud. See on v\u00e4ga eriline pakkumine, seega kasuta v\u00f5imalust!<\/p><p lang=\"et-EE\" align=\"JUSTIFY\"><strong>Kursuse kohta loe lisainfot<\/strong> <a href=\"httpss:\/\/www.facebook.com\/events\/198308954119173\/\">siit:\u00a0<\/a><\/p><p><span style=\"color: #000000;\"><strong>3) 7. juuli - Wantra Algajate kursus.<\/strong> Kursus maksab 90 eurot ja ajakava on kella 9st kuni kella 16.30ni.\u00a0<\/span><br \/><span style=\"color: #000000;\"><strong>Loe selle kursuse ja registreerimise kohta infot<\/strong><a href=\"httpss:\/\/www.facebook.com\/events\/194772664657491\/\"> siit:<\/a>\u00a0\u00a0<\/span><br \/><strong>4) 8. juuli - Wantra Edasij\u00f5udnute kursus.<\/strong> Kursus maksab 90 eurot ja ajakava on kella 9st kuni 16.30ni.<br \/><strong>Loe selle kursuse ja registreerimise kohta infot<\/strong> <a href=\"httpss:\/\/www.facebook.com\/events\/636509940026774\/\">siit:<\/a><br \/>*** <strong>K\u00f5ik kursused toimuvad vaid siis kui on registreerinud miinimum 6 osalejat v\u00e4hemalt 7 p\u00e4eva enne kursust. Selleks ajaks peaks olema ka laekunud kogu kursuse osalustasu. Kui kursuse toimumine on kinnitatud 7 p\u00e4eva vahetult enne s\u00fcndmust, aga sa t\u00fchistad oma osaluse peale seda, tuleb sul endale leida asendusosaleja kuna peale seda raha enam ei tagastata.\u00a0\u00a0<\/strong><\/p><p lang=\"et-EE\" align=\"JUSTIFY\">Kui sul tekib lisak\u00fcsimusi siis kirjuta <span style=\"color: #000080;\"><strong>infiniteactivation@gmail.com<\/strong><\/span><\/p><p lang=\"et-EE\" align=\"JUSTIFY\">Kui soovid aidata meid meie marketingi t\u00f6\u00f6s ole armas ja jaga selle postituse plakati faili ja samuti ka seda l\u00fchilinki oma s\u00f5pruskonnas ja FB perekonnas. Suur t\u00e4nu juba ette.<\/p><p lang=\"et-EE\" align=\"JUSTIFY\">Imeliste kohtumisteni!<\/p><p lang=\"et-EE\" align=\"JUSTIFY\">Crystal Ra ja Michael<\/p>[caption id=\"attachment_4794\" align=\"aligncenter\" width=\"300\"]<a href=\"https:\/\/crystalralaksmi.com\/eesti\/wp-content\/uploads\/2018\/02\/sunsetromance.png\"><img class=\"wp-image-4794 size-medium\" src=\"https:\/\/crystalralaksmi.com\/eesti\/wp-content\/uploads\/2018\/02\/sunsetromance-300x214.png\" alt=\"\" width=\"300\" height=\"214\" \/><\/a> Foto - Pixabay[\/caption]<p>J\u00e4rgmise aasta 2019 aasta suvel on v\u00f5imalik sarnane s\u00fcndmus Matsalus:\u00a0<b><a href=\"https:\/\/crystalralaksmi.com\/eesti\/sundmused-maailmas\/puha-suhte-retriit-paaridele-crystal-ra-ja-michaeliga-suvel-2018\/\">\u00a0 Kuninganna ja Kuninga \u00c4ratamine - retriit Matsalus - avatud k\u00f5igile\u00a0<\/a><\/b><strong>FB s\u00fcndmuse link ja eelregistreerimine <a href=\"httpss:\/\/www.facebook.com\/events\/2062385003998635\/\">siin:<\/a><\/strong><\/p>","_et_gb_content_width":"","footnotes":""},"class_list":["post-4784","page","type-page","status-publish","has-post-thumbnail","hentry"],"acf":[],"_links":{"self":[{"href":"https:\/\/crystalralaksmi.com\/eesti\/wp-json\/wp\/v2\/pages\/4784","targetHints":{"allow":["GET"]}}],"collection":[{"href":"https:\/\/crystalralaksmi.com\/eesti\/wp-json\/wp\/v2\/pages"}],"about":[{"href":"https:\/\/crystalralaksmi.com\/eesti\/wp-json\/wp\/v2\/types\/page"}],"author":[{"embeddable":true,"href":"https:\/\/crystalralaksmi.com\/eesti\/wp-json\/wp\/v2\/users\/1"}],"replies":[{"embeddable":true,"href":"https:\/\/crystalralaksmi.com\/eesti\/wp-json\/wp\/v2\/comments?post=4784"}],"version-history":[{"count":2,"href":"https:\/\/crystalralaksmi.com\/eesti\/wp-json\/wp\/v2\/pages\/4784\/revisions"}],"predecessor-version":[{"id":225199,"href":"https:\/\/crystalralaksmi.com\/eesti\/wp-json\/wp\/v2\/pages\/4784\/revisions\/225199"}],"up":[{"embeddable":true,"href":"https:\/\/crystalralaksmi.com\/eesti\/wp-json\/wp\/v2\/pages\/224783"}],"wp:featuredmedia":[{"embeddable":true,"href":"https:\/\/crystalralaksmi.com\/eesti\/wp-json\/wp\/v2\/media\/224872"}],"wp:attachment":[{"href":"https:\/\/crystalralaksmi.com\/eesti\/wp-json\/wp\/v2\/media?parent=4784"}],"curies":[{"name":"wp","href":"https:\/\/api.w.org\/{rel}","templated":true}]}}