{"id":4798,"date":"2018-03-01T00:44:33","date_gmt":"2018-03-01T00:44:33","guid":{"rendered":"http:\/\/crystalralaksmi.com\/eesti\/?page_id=4798"},"modified":"2018-03-01T00:44:33","modified_gmt":"2018-03-01T00:44:33","slug":"e-kursused","status":"publish","type":"page","link":"https:\/\/crystalralaksmi.com\/eesti\/tootedpakkumised\/e-kursused\/","title":{"rendered":"E-kursused"},"content":{"rendered":"<p><a href=\"https:\/\/crystalralaksmi.com\/eesti\/wp-content\/uploads\/2018\/03\/goldenspiral.jpg\"><img loading=\"lazy\" decoding=\"async\" class=\"alignleft size-medium wp-image-4799\" src=\"https:\/\/crystalralaksmi.com\/eesti\/wp-content\/uploads\/2018\/03\/goldenspiral-300x249.jpg\" alt=\"\" width=\"300\" height=\"249\" \/><\/a>Siit lehelt saad info kas ja kuidas osta minu E-kursuseid. Ava eraldiolev rippmen\u00fc\u00fc, mis annab sulle \u00fclevaate erinevatest digitaalsetest kursustest. Ava iga kursuse leht ja loe kirjeldust. Vali see, mis sulle sobib.<br \/>\n<strong>Senikaua kuni valmib e-pood, saad maksta oma valitud kursuse eest \u00fclekandega ja saata oma maksekorralduse koopia toote infos antud emailile. Toode saabub n\u00e4dala jooksul.<\/strong><\/p>\n<ul>\n<li><strong>Uue Aja Haldamise Kiirkursus<\/strong><\/li>\n<li><strong>Motivatsiooni Alused Uues Ajas<\/strong><\/li>\n<li><a href=\"https:\/\/crystalralaksmi.com\/eesti\/tootedpakkumised\/e-kursused\/uue-aja-kulluse-loomine-koostoos-nelja-elemendiga\/\"><strong>Uue Aja K\u00fclluse Loomine koost\u00f6\u00f6s Nelja Elemendiga<\/strong><\/a><\/li>\n<li><strong>Kolme mina ja sisemise perekonnaga \u00fchendumise Meditatsioon<\/strong><\/li>\n<li><strong>Uue Aja Energiad &#8211; Indigo, Kristall ja Kuldenergiad ning Auratransformatsioon<\/strong><\/li>\n<li><strong>Kiirtee Iseendasse &#8211; 6-kuuline passiivne kursus<\/strong><\/li>\n<li><strong>Kiirtee Iseendasse &#8211; 12-kuuline passiivne kursus<\/strong><\/li>\n<li><strong>K\u00fclluse Seikluskoolitus Unistuste Ellu &#8211; 8-kuuline passiivne kursus<\/strong><\/li>\n<\/ul>\n<p><a href=\"https:\/\/crystalralaksmi.com\/eesti\/wp-content\/uploads\/2018\/03\/crystal-blue.jpg\"><img loading=\"lazy\" decoding=\"async\" class=\"wp-image-4800 size-medium alignleft\" src=\"https:\/\/crystalralaksmi.com\/eesti\/wp-content\/uploads\/2018\/03\/crystal-blue-300x268.jpg\" alt=\"\" width=\"300\" height=\"268\" \/><\/a><br \/>\nKursuste looja ja juht on Crystal Ra Laksmi-Ditton. Crystal Ra on olnud innovatiivsete enesearengute kursuste looja alates 2000ndast aastast. Inimestega tegelemine nii nagu ka nende s\u00f5bralik suunamine on \u00fcks tema suurimatest kirgedest.<br \/>\nJ\u00e4rgnevatel aastatel on loomisel online <strong>K\u00fclluse Akadeemia<\/strong>, kus paljud siin juba nimetatud tooted ja ka uued kursused saavad olema k\u00e4ttesaadavad 24\/7 ja 12 kuud aastas \u00fcksk\u00f5ik kus asuvad inimesed, kes seda vajavad v\u00f5i kus asub Crystal Ra.<br \/>\n&nbsp;<\/p>\n<span class=\"et_bloom_bottom_trigger\"><\/span>","protected":false},"excerpt":{"rendered":"<p>Siit lehelt saad info kas ja kuidas osta minu E-kursuseid. Ava eraldiolev rippmen\u00fc\u00fc, mis annab sulle \u00fclevaate erinevatest digitaalsetest kursustest. Ava iga kursuse leht ja loe kirjeldust. Vali see, mis [&hellip;]<\/p>\n","protected":false},"author":1,"featured_media":224873,"parent":224785,"menu_order":0,"comment_status":"closed","ping_status":"closed","template":"showcase.php","meta":{"_acf_changed":false,"_et_pb_use_builder":"","_et_pb_old_content":"","_et_gb_content_width":"","footnotes":""},"class_list":["post-4798","page","type-page","status-publish","has-post-thumbnail","hentry"],"acf":[],"_links":{"self":[{"href":"https:\/\/crystalralaksmi.com\/eesti\/wp-json\/wp\/v2\/pages\/4798","targetHints":{"allow":["GET"]}}],"collection":[{"href":"https:\/\/crystalralaksmi.com\/eesti\/wp-json\/wp\/v2\/pages"}],"about":[{"href":"https:\/\/crystalralaksmi.com\/eesti\/wp-json\/wp\/v2\/types\/page"}],"author":[{"embeddable":true,"href":"https:\/\/crystalralaksmi.com\/eesti\/wp-json\/wp\/v2\/users\/1"}],"replies":[{"embeddable":true,"href":"https:\/\/crystalralaksmi.com\/eesti\/wp-json\/wp\/v2\/comments?post=4798"}],"version-history":[{"count":0,"href":"https:\/\/crystalralaksmi.com\/eesti\/wp-json\/wp\/v2\/pages\/4798\/revisions"}],"up":[{"embeddable":true,"href":"https:\/\/crystalralaksmi.com\/eesti\/wp-json\/wp\/v2\/pages\/224785"}],"wp:featuredmedia":[{"embeddable":true,"href":"https:\/\/crystalralaksmi.com\/eesti\/wp-json\/wp\/v2\/media\/224873"}],"wp:attachment":[{"href":"https:\/\/crystalralaksmi.com\/eesti\/wp-json\/wp\/v2\/media?parent=4798"}],"curies":[{"name":"wp","href":"https:\/\/api.w.org\/{rel}","templated":true}]}}