{"id":4805,"date":"2018-03-01T01:36:38","date_gmt":"2018-03-01T01:36:38","guid":{"rendered":"http:\/\/crystalralaksmi.com\/eesti\/?page_id=4805"},"modified":"2018-03-01T01:36:38","modified_gmt":"2018-03-01T01:36:38","slug":"uue-aja-kulluse-loomine-koostoos-nelja-elemendiga","status":"publish","type":"page","link":"https:\/\/crystalralaksmi.com\/eesti\/tootedpakkumised\/e-kursused\/uue-aja-kulluse-loomine-koostoos-nelja-elemendiga\/","title":{"rendered":"Uue Aja K\u00fclluse Loomine koost\u00f6\u00f6s Nelja Elemendiga"},"content":{"rendered":"<p><div id=\"attachment_4806\" style=\"width: 310px\" class=\"wp-caption alignleft\"><a href=\"https:\/\/crystalralaksmi.com\/eesti\/wp-content\/uploads\/2018\/03\/4-elementidreamstimecom.jpg\"><img loading=\"lazy\" decoding=\"async\" aria-describedby=\"caption-attachment-4806\" class=\"wp-image-4806 size-medium\" src=\"https:\/\/crystalralaksmi.com\/eesti\/wp-content\/uploads\/2018\/03\/4-elementidreamstimecom-300x300.jpg\" alt=\"\" width=\"300\" height=\"300\" \/><\/a><p id=\"caption-attachment-4806\" class=\"wp-caption-text\">Foto: Dreamstime.com<\/p><\/div><br \/>\nAntud E-kursus r\u00e4\u00e4gib k\u00fcllusest uues ajas ning kas ja kuidas luua k\u00fcllust koost\u00f6\u00f6s nelja elemendiga.<br \/>\nKursuse lindistus toimus 27ndal veebruaril 2018 aastal Havail.<br \/>\nKursus on kokku pandud 2 tunni ja 12 minutilisest videoesitlusest, mille l\u00f5pus ka live kursuse osalejad esitavad k\u00fcsimusi antud teemal. Lisana saad ka antud esitluse PDF faili. Kursuse materjalides on ka m\u00f5ned kodut\u00f6\u00f6d, mis aitavad materjali integreerida ja paremini m\u00f5ista.<\/p>\n<p class=\"p1\"><span class=\"s1\">Ait\u00e4h et otsustasid osaleda v\u00f5i s\u00fcgavamalt sukelduda uue ajastu teemadesse.\u00a0<\/span><\/p>\n<p><strong>E-kursuse sisukord:<\/strong><\/p>\n<ul>\n<li class=\"p1\"><span class=\"s1\">K\u00fclluse definitsioon<\/span><\/li>\n<li class=\"p1\"><span class=\"s1\">Elementide baasavaldumine<\/span><\/li>\n<li class=\"p1\"><span class=\"s1\">4 Elementi vana versus uues ajas v\u00f5rdlus<\/span><\/li>\n<li class=\"p1\"><span class=\"s1\">V\u00f5tmeelement mis aktiveerib su k\u00fclluse<\/span><\/li>\n<li class=\"p1\"><span class=\"s1\">K\u00fclluse ja nelja elemendi seos<\/span><\/li>\n<li class=\"p1\"><span class=\"s1\">K\u00fclluse ratta ja elementide seos<\/span><\/li>\n<li class=\"p1\"><span class=\"s1\">Elu\u00fclesande ratta n\u00e4ide<\/span><\/li>\n<li class=\"p1\"><span class=\"s1\">Peamised 2 nurgakivi elementi<\/span><\/li>\n<li class=\"p1\"><span class=\"s1\">Kahe elemendi seletus<\/span><\/li>\n<li class=\"p1\"><span class=\"s1\">Kaks k\u00fclluse k\u00e4ivitusv\u00f5tit<\/span><\/li>\n<li class=\"p1\"><span class=\"s1\">4 elementi uues ajas<\/span><\/li>\n<li class=\"p1\"><span class=\"s1\">Mis elemendid on praegu olulisemad?<\/span><\/li>\n<li class=\"p1\"><span class=\"s1\">K\u00fclluse seos uue aja energiatega<\/span><\/li>\n<li class=\"p1\"><span class=\"s1\">Peamine v\u00f5ti kuidas uue aja energiad oma k\u00fclluse jaoks t\u00f6\u00f6le panna\u00a0<\/span><\/li>\n<li class=\"p1\"><span class=\"s1\">Erinevate kohtade m\u00f5ju su elementidele ja k\u00fcllusele<\/span><\/li>\n<li class=\"p1\"><span class=\"s1\">Milliseid kohti tuleks valida, et luua k\u00fcllust koost\u00f6\u00f6s oma elementidega?\u00a0<\/span><\/li>\n<li class=\"p1\"><span class=\"s1\">Hawaii ja 4 elementi\u00a0<\/span><\/li>\n<li class=\"p1\"><span class=\"s1\">4 elemendi kaardistamise k\u00fcsimused<\/span><\/li>\n<li class=\"p1\"><span class=\"s1\">Elementide ja hirmude seos\u00a0<\/span><\/li>\n<li class=\"p1\"><span class=\"s1\">Elementide hirmud ja uus energia<\/span><\/li>\n<li class=\"p1\"><span class=\"s1\">Elementide hirmude lahustamine<\/span><\/li>\n<li class=\"p1\"><span class=\"s1\">4 elementi elu\u00fclesandes<\/span><\/li>\n<li class=\"p1\"><span class=\"s1\">Elementide blokid<\/span><\/li>\n<li class=\"p1\"><span class=\"s1\">4 elementi kui parimad giidid su elu\u00fclesande sektorite avastamisele<\/span><\/li>\n<li class=\"p1\"><span class=\"s1\">4 elemendi elu\u00fclesannete sektorite avastamise abitrikk ja v\u00f5ti<\/span><\/li>\n<li class=\"p1\"><span class=\"s1\">Oluline elementide t\u00f6\u00f6shoidmises<\/span><\/li>\n<li class=\"p1\"><span class=\"s1\">Kuidas Crystal Ra oma elemente toidab ja t\u00f6\u00f6s hoiab?<\/span><\/li>\n<li class=\"p1\"><span class=\"s1\">Elementide ja Kolme Mina ja Sisemise Perekonna Seos<\/span><\/li>\n<li class=\"p1\"><span class=\"s1\">Kuidas aru saada kas elemendid on t\u00e4ielikutl t\u00f6\u00f6s uues ajas just k\u00fcllusega seoses<\/span><\/li>\n<li class=\"p1\"><span class=\"s1\">Elementide sissel\u00fclitus v\u00f5ti<\/span><\/li>\n<li class=\"p1\"><span class=\"s1\">Kokkuv\u00f5te<\/span><\/li>\n<\/ul>\n<p><strong>Antud E-Kursuse ostmiseks kanna 40eurot O\u00fc New Flow arvele EE552200221039028272 ja maksekoopia saada crystalralaksmi@gmail.com aadressile. Hiljemalt n\u00e4dala jooksul saabub sulle antud kursus emailile.\u00a0<\/strong><\/p>\n<p class=\"p1\"><span class=\"s1\">Vaata viimaseid aktuaalseid pakkumisi ja s\u00fcndmuseid Eestis: <a href=\"https:\/\/www.crystalralaksmi.com\/eesti\">www.crystalralaksmi.com\/eesti<\/a> \u00a0ja\u00a0<\/span><\/p>\n<p class=\"p1\"><span class=\"s1\"><a href=\"https:\/\/www.crystalralaksmi.com\">www.crystalralaksmi.com<\/a> \u00a0maailmas<\/span><\/p>\n<p class=\"p1\"><a href=\"httpss:\/\/www.facebook.com\/infiniteactivation\/\"><span class=\"s1\">httpss:\/\/www.facebook.com\/infiniteactivation\/<\/span><\/a><\/p>\n<p><a href=\"https:\/\/crystalralaksmi.com\/eesti\/wp-content\/uploads\/2017\/11\/minaananassiga.jpg\"><img loading=\"lazy\" decoding=\"async\" class=\"alignleft size-medium wp-image-4461\" src=\"https:\/\/crystalralaksmi.com\/eesti\/wp-content\/uploads\/2017\/11\/minaananassiga-244x300.jpg\" alt=\"\" width=\"244\" height=\"300\" \/><\/a>Kursuste looja ja juht on <strong>Crystal Ra Laksmi-Ditton<\/strong>. Crystal Ra on olnud innovatiivsete enesearengute kursuste looja alates 2000ndast aastast. Inimestega tegelemine nii nagu ka nende s\u00f5bralik suunamine on \u00fcks tema suurimatest kirgedest.<br \/>\nJ\u00e4rgnevatel aastatel on loomisel online\u00a0<strong>K\u00fclluse Akadeemia<\/strong>, kus paljud siin juba nimetatud tooted ja ka uued kursused saavad olema k\u00e4ttesaadavad 24\/7 ja 12 kuud aastas \u00fcksk\u00f5ik kus asuvad inimesed, kes seda vajavad v\u00f5i kus asub Crystal Ra.<\/p>\n<p class=\"p1\"><span class=\"s1\">Imelise kohtumiseni ja imelist k\u00fclluse loomist sulle koost\u00f6\u00f6s nelja elemendiga!<\/span><\/p>\n<p class=\"p1\"><span class=\"s1\">Crystal Ra\u00a0<\/span><\/p>\n<p>&nbsp;<\/p>\n<span class=\"et_bloom_bottom_trigger\"><\/span>","protected":false},"excerpt":{"rendered":"<p>Antud E-kursus r\u00e4\u00e4gib k\u00fcllusest uues ajas ning kas ja kuidas luua k\u00fcllust koost\u00f6\u00f6s nelja elemendiga. Kursuse lindistus toimus 27ndal veebruaril 2018 aastal Havail. Kursus on kokku pandud 2 tunni ja [&hellip;]<\/p>\n","protected":false},"author":1,"featured_media":224874,"parent":4798,"menu_order":0,"comment_status":"closed","ping_status":"closed","template":"","meta":{"_acf_changed":false,"_et_pb_use_builder":"","_et_pb_old_content":"","_et_gb_content_width":"","footnotes":""},"class_list":["post-4805","page","type-page","status-publish","has-post-thumbnail","hentry"],"acf":[],"_links":{"self":[{"href":"https:\/\/crystalralaksmi.com\/eesti\/wp-json\/wp\/v2\/pages\/4805","targetHints":{"allow":["GET"]}}],"collection":[{"href":"https:\/\/crystalralaksmi.com\/eesti\/wp-json\/wp\/v2\/pages"}],"about":[{"href":"https:\/\/crystalralaksmi.com\/eesti\/wp-json\/wp\/v2\/types\/page"}],"author":[{"embeddable":true,"href":"https:\/\/crystalralaksmi.com\/eesti\/wp-json\/wp\/v2\/users\/1"}],"replies":[{"embeddable":true,"href":"https:\/\/crystalralaksmi.com\/eesti\/wp-json\/wp\/v2\/comments?post=4805"}],"version-history":[{"count":0,"href":"https:\/\/crystalralaksmi.com\/eesti\/wp-json\/wp\/v2\/pages\/4805\/revisions"}],"up":[{"embeddable":true,"href":"https:\/\/crystalralaksmi.com\/eesti\/wp-json\/wp\/v2\/pages\/4798"}],"wp:featuredmedia":[{"embeddable":true,"href":"https:\/\/crystalralaksmi.com\/eesti\/wp-json\/wp\/v2\/media\/224874"}],"wp:attachment":[{"href":"https:\/\/crystalralaksmi.com\/eesti\/wp-json\/wp\/v2\/media?parent=4805"}],"curies":[{"name":"wp","href":"https:\/\/api.w.org\/{rel}","templated":true}]}}