{"id":4850,"date":"2018-03-28T06:54:53","date_gmt":"2018-03-28T06:54:53","guid":{"rendered":"http:\/\/crystalralaksmi.com\/eesti\/?page_id=4850"},"modified":"2019-07-30T13:33:07","modified_gmt":"2019-07-30T10:33:07","slug":"wantra-eelised","status":"publish","type":"page","link":"https:\/\/crystalralaksmi.com\/eesti\/teenused\/wantra-eelised\/","title":{"rendered":"Wantra eelised"},"content":{"rendered":"<p>[et_pb_section fb_built=&#8221;1&#8243; admin_label=&#8221;Section&#8221; _builder_version=&#8221;3.22.3&#8243; saved_tabs=&#8221;all&#8221; global_module=&#8221;225116&#8243;][et_pb_row _builder_version=&#8221;3.25&#8243; background_size=&#8221;initial&#8221; background_position=&#8221;top_left&#8221; background_repeat=&#8221;repeat&#8221;][et_pb_column type=&#8221;4_4&#8243; _builder_version=&#8221;3.25.3&#8243;][et_pb_post_title meta=&#8221;off&#8221; featured_image=&#8221;off&#8221; _builder_version=&#8221;3.25.3&#8243; title_font=&#8221;Poppins|600|||||||&#8221; custom_margin=&#8221;||0px|||&#8221;][\/et_pb_post_title][et_pb_divider color=&#8221;#57ca85&#8243; divider_weight=&#8221;5px&#8221; _builder_version=&#8221;3.25.3&#8243; width=&#8221;14%&#8221;][\/et_pb_divider][\/et_pb_column][\/et_pb_row][\/et_pb_section][et_pb_section fb_built=&#8221;1&#8243; _builder_version=&#8221;3.22&#8243;][et_pb_row _builder_version=&#8221;3.25&#8243; background_size=&#8221;initial&#8221; background_position=&#8221;top_left&#8221; background_repeat=&#8221;repeat&#8221;][et_pb_column type=&#8221;4_4&#8243; _builder_version=&#8221;3.25&#8243; custom_padding=&#8221;|||&#8221; custom_padding__hover=&#8221;|||&#8221;][et_pb_text _builder_version=&#8221;3.0.74&#8243; background_size=&#8221;initial&#8221; background_position=&#8221;top_left&#8221; background_repeat=&#8221;repeat&#8221;]<\/p>\n<p align=\"JUSTIFY\"><span style=\"color: #000000;\"><span style=\"font-family: Arial;\"><span style=\"font-size: medium;\"><b><a href=\"https:\/\/crystalralaksmi.com\/eesti\/wp-content\/uploads\/2017\/01\/katlinmermaidhugF.jpg\"><img loading=\"lazy\" decoding=\"async\" class=\"alignleft size-medium wp-image-4019\" src=\"https:\/\/crystalralaksmi.com\/eesti\/wp-content\/uploads\/2017\/01\/katlinmermaidhugF-300x200.jpg\" alt=\"\" width=\"300\" height=\"200\" \/><\/a><\/b><\/span><\/span><\/span><\/p>\n<p align=\"JUSTIFY\"><span style=\"color: #000000;\"><span style=\"font-family: Arial;\"><span style=\"font-size: medium;\"><b>Wantra eelised p\u00f5hinevad kogemuslikel tulemustel viimase viie aasta jooksul v\u00e4ga paljude rahvusvaheliste klientidega:<\/b><\/span><\/span><\/span><\/p>\n<ul>\n<li><span style=\"color: #000000;\"><span style=\"font-family: Arial;\"><span style=\"font-size: medium;\"><b>M\u00f5jutab neuromuskulartuurset s\u00fcsteemi<\/b><\/span><\/span><\/span><\/li>\n<\/ul>\n<p align=\"JUSTIFY\"><span style=\"color: #000000;\"><span style=\"font-family: Arial;\"><span style=\"font-size: medium;\"><b>&#8211; Harutab lahti sidekoe s\u00f5lmed<\/b><\/span><\/span><\/span><\/p>\n<p align=\"JUSTIFY\"><span style=\"color: #000000;\"><span style=\"font-family: Arial;\"><span style=\"font-size: medium;\"><b>&#8211; Lahustab emotsionaalset stressi <\/b><\/span><\/span><\/span><\/p>\n<p align=\"JUSTIFY\"><span style=\"color: #000000;\"><span style=\"font-family: Arial;\"><span style=\"font-size: medium;\"><b>&#8211; Alandab verer\u00f5hku <\/b><\/span><\/span><\/span><\/p>\n<p align=\"JUSTIFY\"><span style=\"color: #000000;\"><span style=\"font-family: Arial;\"><span style=\"font-size: medium;\"><b>&#8211; Eraldab \u00f5nne harmoone <\/b><\/span><\/span><\/span><\/p>\n<p align=\"JUSTIFY\"><span style=\"color: #000000;\"><span style=\"font-family: Arial;\"><span style=\"font-size: medium;\"><b>&#8211; Aeglustab s\u00fcdame r\u00fctmi <\/b><\/span><\/span><\/span><\/p>\n<p align=\"JUSTIFY\"><span style=\"color: #000000;\"><span style=\"font-family: Arial;\"><span style=\"font-size: medium;\"><b>&#8211; L\u00f5dvestab liigeseid ja lihaseid<\/b><\/span><\/span><\/span><\/p>\n<p align=\"JUSTIFY\"><span style=\"color: #000000;\"><span style=\"font-family: Arial;\"><span style=\"font-size: medium;\"><b>&#8211; Lahustab keha-, meele- ja vaimu pingeid<\/b><\/span><\/span><\/span><\/p>\n<p align=\"JUSTIFY\"><span style=\"color: #000000;\"><span style=\"font-family: Arial;\"><span style=\"font-size: medium;\"><b>&#8211; Muudab keha rohkem aluselisemaks<\/b><\/span><\/span><\/span><\/p>\n<p align=\"JUSTIFY\"><span style=\"color: #000000;\"><span style=\"font-family: Arial;\"><span style=\"font-size: medium;\"><b>&#8211; T\u00f5stab keha immuunsust<\/b><\/span><\/span><\/span><\/p>\n<p align=\"JUSTIFY\"><span style=\"color: #000000;\"><span style=\"font-family: Arial;\"><span style=\"font-size: medium;\"><b>&#8211; \u00d5petab vastu v\u00f5tma<\/b><\/span><\/span><\/span><\/p>\n<p align=\"JUSTIFY\"><span style=\"color: #000000;\"><span style=\"font-family: Arial;\"><span style=\"font-size: medium;\"><b>&#8211; S\u00fcgavl\u00f5dvestab keha<\/b><\/span><\/span><\/span><\/p>\n<p align=\"JUSTIFY\"><span style=\"color: #000000;\"><span style=\"font-family: Arial;\"><span style=\"font-size: medium;\"><b>&#8211; Aitab kontrollist lahti lasta, usaldada tundmatust<\/b><\/span><\/span><\/span><\/p>\n<p align=\"JUSTIFY\"><span style=\"color: #000000;\"><span style=\"font-family: Arial;\"><span style=\"font-size: medium;\"><b>&#8211; \u00d5petab usaldama ennast ja teisi<\/b><\/span><\/span><\/span><\/p>\n<p align=\"JUSTIFY\"><span style=\"color: #000000;\"><span style=\"font-family: Arial;\"><span style=\"font-size: medium;\"><b>&#8211; Aitab aeglustuda<\/b><\/span><\/span><\/span><\/p>\n<p align=\"JUSTIFY\"><span style=\"color: #000000;\"><span style=\"font-family: Arial;\"><span style=\"font-size: medium;\"><b>&#8211; Aktiveerib teadliku hingamise<\/b><\/span><\/span><\/span><\/p>\n<p align=\"JUSTIFY\"><span style=\"color: #000000;\"><span style=\"font-family: Arial;\"><span style=\"font-size: medium;\"><b>&#8211; Viib kehasse ja ajju rohkem hapnikku<\/b><\/span><\/span><\/span><\/p>\n<p align=\"JUSTIFY\"><span style=\"color: #000000;\"><span style=\"font-family: Arial;\"><span style=\"font-size: medium;\"><b>&#8211; Tutvustab kehale uusi liigutusi<\/b><\/span><\/span><\/span><\/p>\n<p align=\"JUSTIFY\"><span style=\"color: #000000;\"><span style=\"font-family: Arial;\"><span style=\"font-size: medium;\"><b>&#8211; \u00dchendab sind oma kehaga<\/b><\/span><\/span><\/span><\/p>\n<p align=\"JUSTIFY\"><span style=\"color: #000000;\"><span style=\"font-family: Arial;\"><span style=\"font-size: medium;\"><b>&#8211; Rahustab n\u00e4rvis\u00fcsteemi<\/b><\/span><\/span><\/span><\/p>\n<p align=\"JUSTIFY\"><span style=\"color: #000000;\"><span style=\"font-family: Arial;\"><span style=\"font-size: medium;\"><b>&#8211; Puhastab, aktiveerib ja tasakaalustab naisenergiaid<\/b><\/span><\/span><\/span><\/p>\n<p align=\"JUSTIFY\"><span style=\"color: #000000;\"><span style=\"font-family: Arial;\"><span style=\"font-size: medium;\"><b>&#8211; Parandab und<\/b><\/span><\/span><\/span><\/p>\n<p align=\"JUSTIFY\"><span style=\"color: #000000;\"><span style=\"font-family: Arial;\"><span style=\"font-size: medium;\"><b>&#8211; Aktiveerib vedelike liikumist kehas<\/b><\/span><\/span><\/span><\/p>\n<p align=\"JUSTIFY\"><span style=\"color: #000000;\"><span style=\"font-family: Arial;\"><span style=\"font-size: medium;\"><b>&#8211; Aktiveerib l\u00fcmfis\u00fcsteemi<\/b><\/span><\/span><\/span><\/p>\n<p align=\"JUSTIFY\"><span style=\"color: #000000;\"><span style=\"font-family: Arial;\"><span style=\"font-size: medium;\"><b>&#8211; Aktiveerib \u00fchendust s\u00fcdame ja intuitsiooniga<\/b><\/span><\/span><\/span><\/p>\n<p align=\"JUSTIFY\"><span style=\"color: #000000;\"><span style=\"font-family: Arial;\"><span style=\"font-size: medium;\"><b>&#8211; Aitab hakata puhastamaebaselgeid emotsioone<\/b><\/span><\/span><\/span><\/p>\n<p align=\"JUSTIFY\"><span style=\"color: #000000;\"><span style=\"font-family: Arial;\"><span style=\"font-size: medium;\"><b>&#8211; Annab v\u00f5imaluse iseendasse investeerida<\/b><\/span><\/span><\/span><\/p>\n<p align=\"JUSTIFY\"><span style=\"color: #000000;\"><span style=\"font-family: Arial;\"><span style=\"font-size: medium;\"><b>&#8211; Alustab vee hirmust vabastamise protsessi<\/b><\/span><\/span><\/span><\/p>\n<p align=\"JUSTIFY\"><span style=\"color: #000000;\"><span style=\"font-family: Arial;\"><span style=\"font-size: medium;\"><b>&#8211; Aitab kaasa \u00fchendumisele oma sisemise lapsega<\/b><\/span><\/span><\/span><\/p>\n<p align=\"JUSTIFY\"><span style=\"color: #000000;\"><span style=\"font-family: Arial;\"><span style=\"font-size: medium;\"><b>&#8211; Alustab kehatraumade tervendamise protsessi<\/b><\/span><\/span><\/span><\/p>\n<p align=\"JUSTIFY\"><span style=\"color: #000000;\"><span style=\"font-family: Arial;\"><span style=\"font-size: medium;\"><b>&#8211; Muudab enesekindlamaks<\/b><\/span><\/span><\/span><\/p>\n<p align=\"JUSTIFY\"><span style=\"color: #000000;\"><span style=\"font-family: Arial;\"><span style=\"font-size: medium;\"><b>&#8211; Puhastab ja tasakaalustab mehelikkust ja naiselikkust<\/b><\/span><\/span><\/span><\/p>\n<p align=\"JUSTIFY\"><span style=\"color: #000000;\"><span style=\"font-family: Arial;\"><span style=\"font-size: medium;\"><b>&#8211; Puhastab ja tasakaalustab nelja elementi meie kehas (tuli, vesi, maa ja \u00f5hk)<\/b><\/span><\/span><\/span><\/p>\n<p align=\"JUSTIFY\"><span style=\"color: #000000;\"><span style=\"font-family: Arial;\"><span style=\"font-size: medium;\"><b>&#8211; Hakkab aktiveerima elu k\u00fclluse voolu<\/b><\/span><\/span><\/span><\/p>\n<p align=\"JUSTIFY\"><span style=\"color: #000000;\"><span style=\"font-family: Arial;\"><span style=\"font-size: medium;\"><b>&#8211; Pakub mitmeid eneseabi tehnikaid<\/b><\/span><\/span><\/span><\/p>\n<p align=\"JUSTIFY\">***<\/p>\n<p align=\"JUSTIFY\"><strong>Huvi korral v\u00f5ta minuga \u00fchendust crystalexpansion @ gmail.com<\/strong><\/p>\n<p align=\"JUSTIFY\"><strong>Vaata ka lisa Wantra FB lehelt<a href=\"httpss:\/\/www.facebook.com\/wantrawatertherapy\/\"> siit<\/a><\/strong><\/p>\n<p>[\/et_pb_text][\/et_pb_column][\/et_pb_row][\/et_pb_section]<\/p>\n<span class=\"et_bloom_bottom_trigger\"><\/span>","protected":false},"excerpt":{"rendered":"<p>Wantra eelised p\u00f5hinevad kogemuslikel tulemustel viimase viie aasta jooksul v\u00e4ga paljude rahvusvaheliste klientidega: M\u00f5jutab neuromuskulartuurset s\u00fcsteemi &#8211; Harutab lahti sidekoe s\u00f5lmed &#8211; Lahustab emotsionaalset stressi &#8211; Alandab verer\u00f5hku &#8211; Eraldab [&hellip;]<\/p>\n","protected":false},"author":1,"featured_media":224877,"parent":215,"menu_order":0,"comment_status":"closed","ping_status":"closed","template":"","meta":{"_acf_changed":false,"_et_pb_use_builder":"on","_et_pb_old_content":"<p align=\"JUSTIFY\"><span style=\"color: #000000;\"><span style=\"font-family: Arial;\"><span style=\"font-size: medium;\"><b><a href=\"https:\/\/crystalralaksmi.com\/eesti\/wp-content\/uploads\/2017\/01\/katlinmermaidhugF.jpg\"><img class=\"alignleft size-medium wp-image-4019\" src=\"https:\/\/crystalralaksmi.com\/eesti\/wp-content\/uploads\/2017\/01\/katlinmermaidhugF-300x200.jpg\" alt=\"\" width=\"300\" height=\"200\" \/><\/a><\/b><\/span><\/span><\/span><\/p><p align=\"JUSTIFY\"><span style=\"color: #000000;\"><span style=\"font-family: Arial;\"><span style=\"font-size: medium;\"><b>Wantra eelised p\u00f5hinevad kogemuslikel tulemustel viimase viie aasta jooksul v\u00e4ga paljude rahvusvaheliste klientidega:<\/b><\/span><\/span><\/span><\/p><ul><li><span style=\"color: #000000;\"><span style=\"font-family: Arial;\"><span style=\"font-size: medium;\"><b>M\u00f5jutab neuromuskulartuurset s\u00fcsteemi<\/b><\/span><\/span><\/span><\/li><\/ul><p align=\"JUSTIFY\"><span style=\"color: #000000;\"><span style=\"font-family: Arial;\"><span style=\"font-size: medium;\"><b>- Harutab lahti sidekoe s\u00f5lmed<\/b><\/span><\/span><\/span><\/p><p align=\"JUSTIFY\"><span style=\"color: #000000;\"><span style=\"font-family: Arial;\"><span style=\"font-size: medium;\"><b>- Lahustab emotsionaalset stressi <\/b><\/span><\/span><\/span><\/p><p align=\"JUSTIFY\"><span style=\"color: #000000;\"><span style=\"font-family: Arial;\"><span style=\"font-size: medium;\"><b>- Alandab verer\u00f5hku <\/b><\/span><\/span><\/span><\/p><p align=\"JUSTIFY\"><span style=\"color: #000000;\"><span style=\"font-family: Arial;\"><span style=\"font-size: medium;\"><b>- Eraldab \u00f5nne harmoone <\/b><\/span><\/span><\/span><\/p><p align=\"JUSTIFY\"><span style=\"color: #000000;\"><span style=\"font-family: Arial;\"><span style=\"font-size: medium;\"><b>- Aeglustab s\u00fcdame r\u00fctmi <\/b><\/span><\/span><\/span><\/p><p align=\"JUSTIFY\"><span style=\"color: #000000;\"><span style=\"font-family: Arial;\"><span style=\"font-size: medium;\"><b>- L\u00f5dvestab liigeseid ja lihaseid<\/b><\/span><\/span><\/span><\/p><p align=\"JUSTIFY\"><span style=\"color: #000000;\"><span style=\"font-family: Arial;\"><span style=\"font-size: medium;\"><b>- Lahustab keha-, meele- ja vaimu pingeid<\/b><\/span><\/span><\/span><\/p><p align=\"JUSTIFY\"><span style=\"color: #000000;\"><span style=\"font-family: Arial;\"><span style=\"font-size: medium;\"><b>- Muudab keha rohkem aluselisemaks<\/b><\/span><\/span><\/span><\/p><p align=\"JUSTIFY\"><span style=\"color: #000000;\"><span style=\"font-family: Arial;\"><span style=\"font-size: medium;\"><b>- T\u00f5stab keha immuunsust<\/b><\/span><\/span><\/span><\/p><p align=\"JUSTIFY\"><span style=\"color: #000000;\"><span style=\"font-family: Arial;\"><span style=\"font-size: medium;\"><b>- \u00d5petab vastu v\u00f5tma<\/b><\/span><\/span><\/span><\/p><p align=\"JUSTIFY\"><span style=\"color: #000000;\"><span style=\"font-family: Arial;\"><span style=\"font-size: medium;\"><b>- S\u00fcgavl\u00f5dvestab keha<\/b><\/span><\/span><\/span><\/p><p align=\"JUSTIFY\"><span style=\"color: #000000;\"><span style=\"font-family: Arial;\"><span style=\"font-size: medium;\"><b>- Aitab kontrollist lahti lasta, usaldada tundmatust<\/b><\/span><\/span><\/span><\/p><p align=\"JUSTIFY\"><span style=\"color: #000000;\"><span style=\"font-family: Arial;\"><span style=\"font-size: medium;\"><b>- \u00d5petab usaldama ennast ja teisi<\/b><\/span><\/span><\/span><\/p><p align=\"JUSTIFY\"><span style=\"color: #000000;\"><span style=\"font-family: Arial;\"><span style=\"font-size: medium;\"><b>- Aitab aeglustuda<\/b><\/span><\/span><\/span><\/p><p align=\"JUSTIFY\"><span style=\"color: #000000;\"><span style=\"font-family: Arial;\"><span style=\"font-size: medium;\"><b>- Aktiveerib teadliku hingamise<\/b><\/span><\/span><\/span><\/p><p align=\"JUSTIFY\"><span style=\"color: #000000;\"><span style=\"font-family: Arial;\"><span style=\"font-size: medium;\"><b>- Viib kehasse ja ajju rohkem hapnikku<\/b><\/span><\/span><\/span><\/p><p align=\"JUSTIFY\"><span style=\"color: #000000;\"><span style=\"font-family: Arial;\"><span style=\"font-size: medium;\"><b>- Tutvustab kehale uusi liigutusi<\/b><\/span><\/span><\/span><\/p><p align=\"JUSTIFY\"><span style=\"color: #000000;\"><span style=\"font-family: Arial;\"><span style=\"font-size: medium;\"><b>- \u00dchendab sind oma kehaga<\/b><\/span><\/span><\/span><\/p><p align=\"JUSTIFY\"><span style=\"color: #000000;\"><span style=\"font-family: Arial;\"><span style=\"font-size: medium;\"><b>- Rahustab n\u00e4rvis\u00fcsteemi<\/b><\/span><\/span><\/span><\/p><p align=\"JUSTIFY\"><span style=\"color: #000000;\"><span style=\"font-family: Arial;\"><span style=\"font-size: medium;\"><b>- Puhastab, aktiveerib ja tasakaalustab naisenergiaid<\/b><\/span><\/span><\/span><\/p><p align=\"JUSTIFY\"><span style=\"color: #000000;\"><span style=\"font-family: Arial;\"><span style=\"font-size: medium;\"><b>- Parandab und<\/b><\/span><\/span><\/span><\/p><p align=\"JUSTIFY\"><span style=\"color: #000000;\"><span style=\"font-family: Arial;\"><span style=\"font-size: medium;\"><b>- Aktiveerib vedelike liikumist kehas<\/b><\/span><\/span><\/span><\/p><p align=\"JUSTIFY\"><span style=\"color: #000000;\"><span style=\"font-family: Arial;\"><span style=\"font-size: medium;\"><b>- Aktiveerib l\u00fcmfis\u00fcsteemi<\/b><\/span><\/span><\/span><\/p><p align=\"JUSTIFY\"><span style=\"color: #000000;\"><span style=\"font-family: Arial;\"><span style=\"font-size: medium;\"><b>- Aktiveerib \u00fchendust s\u00fcdame ja intuitsiooniga<\/b><\/span><\/span><\/span><\/p><p align=\"JUSTIFY\"><span style=\"color: #000000;\"><span style=\"font-family: Arial;\"><span style=\"font-size: medium;\"><b>- Aitab hakata puhastamaebaselgeid emotsioone<\/b><\/span><\/span><\/span><\/p><p align=\"JUSTIFY\"><span style=\"color: #000000;\"><span style=\"font-family: Arial;\"><span style=\"font-size: medium;\"><b>- Annab v\u00f5imaluse iseendasse investeerida<\/b><\/span><\/span><\/span><\/p><p align=\"JUSTIFY\"><span style=\"color: #000000;\"><span style=\"font-family: Arial;\"><span style=\"font-size: medium;\"><b>- Alustab vee hirmust vabastamise protsessi<\/b><\/span><\/span><\/span><\/p><p align=\"JUSTIFY\"><span style=\"color: #000000;\"><span style=\"font-family: Arial;\"><span style=\"font-size: medium;\"><b>- Aitab kaasa \u00fchendumisele oma sisemise lapsega<\/b><\/span><\/span><\/span><\/p><p align=\"JUSTIFY\"><span style=\"color: #000000;\"><span style=\"font-family: Arial;\"><span style=\"font-size: medium;\"><b>- Alustab kehatraumade tervendamise protsessi<\/b><\/span><\/span><\/span><\/p><p align=\"JUSTIFY\"><span style=\"color: #000000;\"><span style=\"font-family: Arial;\"><span style=\"font-size: medium;\"><b>- Muudab enesekindlamaks<\/b><\/span><\/span><\/span><\/p><p align=\"JUSTIFY\"><span style=\"color: #000000;\"><span style=\"font-family: Arial;\"><span style=\"font-size: medium;\"><b>- Puhastab ja tasakaalustab mehelikkust ja naiselikkust<\/b><\/span><\/span><\/span><\/p><p align=\"JUSTIFY\"><span style=\"color: #000000;\"><span style=\"font-family: Arial;\"><span style=\"font-size: medium;\"><b>- Puhastab ja tasakaalustab nelja elementi meie kehas (tuli, vesi, maa ja \u00f5hk)<\/b><\/span><\/span><\/span><\/p><p align=\"JUSTIFY\"><span style=\"color: #000000;\"><span style=\"font-family: Arial;\"><span style=\"font-size: medium;\"><b>- Hakkab aktiveerima elu k\u00fclluse voolu<\/b><\/span><\/span><\/span><\/p><p align=\"JUSTIFY\"><span style=\"color: #000000;\"><span style=\"font-family: Arial;\"><span style=\"font-size: medium;\"><b>- Pakub mitmeid eneseabi tehnikaid<\/b><\/span><\/span><\/span><\/p><p align=\"JUSTIFY\">***<\/p><p align=\"JUSTIFY\"><strong>Huvi korral v\u00f5ta minuga \u00fchendust crystalexpansion @ gmail.com<\/strong><\/p><p align=\"JUSTIFY\"><strong>Vaata ka lisa Wantra FB lehelt<a href=\"httpss:\/\/www.facebook.com\/wantrawatertherapy\/\"> siit<\/a><\/strong><\/p>","_et_gb_content_width":"","footnotes":""},"class_list":["post-4850","page","type-page","status-publish","has-post-thumbnail","hentry"],"acf":[],"_links":{"self":[{"href":"https:\/\/crystalralaksmi.com\/eesti\/wp-json\/wp\/v2\/pages\/4850","targetHints":{"allow":["GET"]}}],"collection":[{"href":"https:\/\/crystalralaksmi.com\/eesti\/wp-json\/wp\/v2\/pages"}],"about":[{"href":"https:\/\/crystalralaksmi.com\/eesti\/wp-json\/wp\/v2\/types\/page"}],"author":[{"embeddable":true,"href":"https:\/\/crystalralaksmi.com\/eesti\/wp-json\/wp\/v2\/users\/1"}],"replies":[{"embeddable":true,"href":"https:\/\/crystalralaksmi.com\/eesti\/wp-json\/wp\/v2\/comments?post=4850"}],"version-history":[{"count":2,"href":"https:\/\/crystalralaksmi.com\/eesti\/wp-json\/wp\/v2\/pages\/4850\/revisions"}],"predecessor-version":[{"id":225311,"href":"https:\/\/crystalralaksmi.com\/eesti\/wp-json\/wp\/v2\/pages\/4850\/revisions\/225311"}],"up":[{"embeddable":true,"href":"https:\/\/crystalralaksmi.com\/eesti\/wp-json\/wp\/v2\/pages\/215"}],"wp:featuredmedia":[{"embeddable":true,"href":"https:\/\/crystalralaksmi.com\/eesti\/wp-json\/wp\/v2\/media\/224877"}],"wp:attachment":[{"href":"https:\/\/crystalralaksmi.com\/eesti\/wp-json\/wp\/v2\/media?parent=4850"}],"curies":[{"name":"wp","href":"https:\/\/api.w.org\/{rel}","templated":true}]}}