{"id":4926,"date":"2018-04-30T23:19:28","date_gmt":"2018-04-30T23:19:28","guid":{"rendered":"http:\/\/crystalralaksmi.com\/eesti\/?page_id=4926"},"modified":"2021-09-15T18:49:13","modified_gmt":"2021-09-15T15:49:13","slug":"tiina-veehirmu-seljatamine-43-selt-eestis-ja-havail","status":"publish","type":"page","link":"https:\/\/crystalralaksmi.com\/eesti\/tiina-veehirmu-seljatamine-43-selt-eestis-ja-havail\/","title":{"rendered":"Tiina veehirmu seljatamine 43-selt &#8211; Eestis ja Havail"},"content":{"rendered":"<header><a href=\"https:\/\/crystalralaksmi.com\/eesti\/wp-content\/uploads\/2013\/08\/tiinaminahawailnummid.jpg\"><img loading=\"lazy\" decoding=\"async\" class=\"alignleft size-medium wp-image-284\" src=\"https:\/\/crystalralaksmi.com\/eesti\/wp-content\/uploads\/2013\/08\/tiinaminahawailnummid-300x284.jpg\" alt=\"\" width=\"300\" height=\"284\" \/><\/a>Tiina oli \u00fcks esimestest, kellega katsetasin oma veeteraapia tehnikaid ja v\u00f5lusid. 2009. aasta alguses l\u00e4bisin Havail veeteraapia koolituse, mille j\u00e4rgselt hakkasin \u00f5pitut praktiseerima k\u00f5igepealt oma s\u00f5prade peal. Kui k\u00e4si juba soe oli, v\u00f5tsin juba ka ette teisi soovijaid. Nagu ikka kui midagi jumalikku on plaanis, siis k\u00f5ik joondub ise paika &#8211; nii ka siin. J\u00e4rjest tuli v\u00f5imalusi erinevates erabasseinides toimetada veega erineval moel. Olen k\u00f5igile neile inimestele ja v\u00f5imalustele \u00fc\u00fcratult t\u00e4nulik, kuna ilma selleta ei oleks mina t\u00e4na siin kus ma olen.<\/p>\n<p><strong>Loe Tiina muundumise lugu ja jaga kui see sind inspireerib. Kui sul on endalgi sarnane teema, siis tea et tavaliselt k\u00fclastan Eestit v\u00e4hemalt korra aastas suviti ja paar kuud korraga. Seega kasuta seda erilist v\u00f5imalust minuga koost\u00f6\u00f6d teha ja oma hirmud seljatada. Vees saame seljatada mitte ainult vee hirmu vaid ka k\u00f5ik teised hirmud.\u00a0<\/strong><br \/>\nLoe lisa ka <strong>Wantra<\/strong><a href=\"httpss:\/\/www.facebook.com\/wantrawatertherapy\/\"> FB lehelt siit:\u00a0<\/a><br \/>\n***<br \/>\n<strong>Vaata Tiina ujumist Vaikses Ookeanis<\/strong><a href=\"httpss:\/\/www.youtube.com\/watch?v=Kc9kg8qe1zI\"> siin:<\/a><br \/>\n<strong>Kuula tema delfiiniujumise kogemuste kohta<\/strong><a href=\"httpss:\/\/www.youtube.com\/watch?v=--opm4M-3n8\"> siit:\u00a0<\/a><\/p>\n<\/header>\n<div>\n<p align=\"JUSTIFY\"><strong>Loe Tiina lugu ujumisest, veehirmust, Havaist ja uuest elust mida veega s\u00f5brustamine kaasa t\u00f5i!\u00a0<\/strong><strong>Hea k\u00fcsimus siinkohal oleks: Kas ja mis te arvate toimub teie eluga kui te pole veega s\u00f5brad?<span id=\"more-3774\"><\/span><\/strong><\/p>\n<p align=\"JUSTIFY\"><strong>Julgus on armastusaf\u00e4\u00e4r tundmatusega!<\/strong><\/p>\n<blockquote class=\"wp-embedded-content\" data-secret=\"uzhULO1XkU\"><p><a href=\"https:\/\/crystalralaksmi.com\/eesti\/tiina-veehirmu-seljatamine-43-selt-2\/\">Tiina veehirmu seljatamine 43-selt ehk julgus on armastusaf\u00e4\u00e4r tundmatusega!<\/a><\/p><\/blockquote>\n<p><iframe loading=\"lazy\" class=\"wp-embedded-content\" sandbox=\"allow-scripts\" security=\"restricted\" style=\"position: absolute; clip: rect(1px, 1px, 1px, 1px);\" title=\"&#8220;Tiina veehirmu seljatamine 43-selt ehk julgus on armastusaf\u00e4\u00e4r tundmatusega!&#8221; &#8212; New Zone+ Application\" src=\"https:\/\/crystalralaksmi.com\/eesti\/tiina-veehirmu-seljatamine-43-selt-2\/embed\/#?secret=uzhULO1XkU\" data-secret=\"uzhULO1XkU\" width=\"600\" height=\"338\" frameborder=\"0\" marginwidth=\"0\" marginheight=\"0\" scrolling=\"no\"><\/iframe><br \/>\n<a href=\"https:\/\/crystalralaksmi.com\/eesti\/wp-content\/uploads\/2015\/08\/tiinavesi.jpg\"><img loading=\"lazy\" decoding=\"async\" class=\"size-medium wp-image-2873 aligncenter\" src=\"https:\/\/crystalralaksmi.com\/eesti\/wp-content\/uploads\/2015\/08\/tiinavesi-300x180.jpg\" alt=\"\" width=\"300\" height=\"180\" \/><\/a><\/p>\n<\/div>\n<span class=\"et_bloom_bottom_trigger\"><\/span>","protected":false},"excerpt":{"rendered":"<p>Tiina oli \u00fcks esimestest, kellega katsetasin oma veeteraapia tehnikaid ja v\u00f5lusid. 2009. aasta alguses l\u00e4bisin Havail veeteraapia koolituse, mille j\u00e4rgselt hakkasin \u00f5pitut praktiseerima k\u00f5igepealt oma s\u00f5prade peal. Kui k\u00e4si juba [&hellip;]<\/p>\n","protected":false},"author":1,"featured_media":224881,"parent":0,"menu_order":0,"comment_status":"closed","ping_status":"closed","template":"","meta":{"_acf_changed":false,"_et_pb_use_builder":"","_et_pb_old_content":"","_et_gb_content_width":"","footnotes":""},"class_list":["post-4926","page","type-page","status-publish","has-post-thumbnail","hentry"],"acf":[],"_links":{"self":[{"href":"https:\/\/crystalralaksmi.com\/eesti\/wp-json\/wp\/v2\/pages\/4926","targetHints":{"allow":["GET"]}}],"collection":[{"href":"https:\/\/crystalralaksmi.com\/eesti\/wp-json\/wp\/v2\/pages"}],"about":[{"href":"https:\/\/crystalralaksmi.com\/eesti\/wp-json\/wp\/v2\/types\/page"}],"author":[{"embeddable":true,"href":"https:\/\/crystalralaksmi.com\/eesti\/wp-json\/wp\/v2\/users\/1"}],"replies":[{"embeddable":true,"href":"https:\/\/crystalralaksmi.com\/eesti\/wp-json\/wp\/v2\/comments?post=4926"}],"version-history":[{"count":1,"href":"https:\/\/crystalralaksmi.com\/eesti\/wp-json\/wp\/v2\/pages\/4926\/revisions"}],"predecessor-version":[{"id":225799,"href":"https:\/\/crystalralaksmi.com\/eesti\/wp-json\/wp\/v2\/pages\/4926\/revisions\/225799"}],"wp:featuredmedia":[{"embeddable":true,"href":"https:\/\/crystalralaksmi.com\/eesti\/wp-json\/wp\/v2\/media\/224881"}],"wp:attachment":[{"href":"https:\/\/crystalralaksmi.com\/eesti\/wp-json\/wp\/v2\/media?parent=4926"}],"curies":[{"name":"wp","href":"https:\/\/api.w.org\/{rel}","templated":true}]}}