{"id":5026,"date":"2018-09-23T23:54:03","date_gmt":"2018-09-23T23:54:03","guid":{"rendered":"http:\/\/crystalralaksmi.com\/eesti\/?page_id=5026"},"modified":"2019-07-23T10:48:15","modified_gmt":"2019-07-23T07:48:15","slug":"pireti-uue-auto-manifesteerimine-labi-rahamagnetite-toote-ja-ksue-kursuse","status":"publish","type":"page","link":"https:\/\/crystalralaksmi.com\/eesti\/pireti-uue-auto-manifesteerimine-labi-rahamagnetite-toote-ja-ksue-kursuse\/","title":{"rendered":"Pireti uue auto manifesteerimine l\u00e4bi Rahamagnetite toote ja KSUE kursuse!"},"content":{"rendered":"<p>[et_pb_section fb_built=&#8221;1&#8243; admin_label=&#8221;Section&#8221; _builder_version=&#8221;3.22.3&#8243; saved_tabs=&#8221;all&#8221; global_module=&#8221;225116&#8243;][et_pb_row _builder_version=&#8221;3.25&#8243; background_size=&#8221;initial&#8221; background_position=&#8221;top_left&#8221; background_repeat=&#8221;repeat&#8221;][et_pb_column type=&#8221;4_4&#8243; _builder_version=&#8221;3.25.3&#8243;][et_pb_post_title meta=&#8221;off&#8221; featured_image=&#8221;off&#8221; _builder_version=&#8221;3.25.3&#8243; title_font=&#8221;Poppins|600|||||||&#8221; custom_margin=&#8221;||0px|||&#8221;][\/et_pb_post_title][et_pb_divider color=&#8221;#57ca85&#8243; divider_weight=&#8221;5px&#8221; _builder_version=&#8221;3.25.3&#8243; width=&#8221;14%&#8221;][\/et_pb_divider][\/et_pb_column][\/et_pb_row][\/et_pb_section][et_pb_section fb_built=&#8221;1&#8243; _builder_version=&#8221;3.22&#8243;][et_pb_row _builder_version=&#8221;3.25&#8243; background_size=&#8221;initial&#8221; background_position=&#8221;top_left&#8221; background_repeat=&#8221;repeat&#8221;][et_pb_column type=&#8221;4_4&#8243; _builder_version=&#8221;3.25&#8243; custom_padding=&#8221;|||&#8221; custom_padding__hover=&#8221;|||&#8221;][et_pb_text _builder_version=&#8221;3.0.74&#8243; background_size=&#8221;initial&#8221; background_position=&#8221;top_left&#8221; background_repeat=&#8221;repeat&#8221;]<strong>Piret Peters<\/strong> on olnud<strong><em> K\u00fclluse Seikluskoolitus Unistuste Ellu<\/em><\/strong> \u00f5pilane nii nagu ka <strong>Rahamagnetite toodete<\/strong> praktiseerija juba mitmeid kuid. Siin on tema tagasiside \u00fcsna seikluse alguses, aga nende teemadega tegelemine t\u00f5i tema ellu teisigi suuri muudatusi ja \u00fcllatusi ka hiljem.<br \/>\n<a href=\"https:\/\/crystalralaksmi.com\/eesti\/wp-content\/uploads\/2018\/09\/Pireti-postitus-RM-auto.jpg\"><img loading=\"lazy\" decoding=\"async\" class=\"alignleft size-medium wp-image-5028\" src=\"https:\/\/crystalralaksmi.com\/eesti\/wp-content\/uploads\/2018\/09\/Pireti-postitus-RM-auto-300x162.jpg\" alt=\"\" width=\"300\" height=\"162\" \/><\/a><br \/>\n<a class=\" UFICommentActorName\" dir=\"ltr\" href=\"httpss:\/\/www.facebook.com\/piret.peters?fref=gc&amp;dti=160644784095166\" target=\"_self\" rel=\"dialog noopener noreferrer\" data-ft=\"{&quot;tn&quot;:&quot;;&quot;}\" data-hovercard=\"\/ajax\/hovercard\/hovercard.php?id=100000769099323&amp;extragetparams=%7B%22is_public%22%3Afalse%2C%22hc_location%22%3A%22group%22%2C%22directed_target_id%22%3A%22160644784095166%22%7D\">Piret Peters:\u00a0 (Postitus mais 2018)\u00a0<\/a><span data-ft=\"{&quot;tn&quot;:&quot;K&quot;}\"><span class=\"UFICommentBody _1n4g\">Minu peres oli juba 2 autot (7 kohaline suurem ja s\u00f5iduauto) ning otsest vajadust veel yhe j\u00e4rgi polnud. Siiski hakkasin yhel hetkel m\u00e4ngima m\u00f5ttega, et kul oleks yks suveauto. R\u00e4\u00e4kisime sellest peres talvel ja sinnapaika see asi j\u00e4i. Ei mingeid omavahelisi arutelusid rohkem, ega autolehtede lappamist minu poolt. Unistust kandsin endas aga edasi, osalesin Crystali KSUE koolitusel ning tegin igakuiseid koduylesandeid (sh rahamagneteid) . Umbes kuu aega tagasi kontserdil olles sain teada, et kodus ootab mind yllatus. Oligi\u00a0<span class=\"_47e3 _5mfr\" title=\"smile emoticon\"><span class=\"_7oe\" aria-hidden=\"true\">\ud83d\ude42<\/span><\/span>!<\/span><\/span><br \/>\n<span data-ft=\"{&quot;tn&quot;:&quot;K&quot;}\"><span class=\"UFICommentBody _1n4g\"><span class=\"_47e3 _5mfr\" title=\"smile emoticon\"><img loading=\"lazy\" decoding=\"async\" class=\"img\" src=\"httpss:\/\/static.xx.fbcdn.net\/images\/emoji.php\/v9\/feb\/2\/16\/1f642.png\" alt=\"\" width=\"16\" height=\"16\" \/><\/span><\/span><\/span><br \/>\n<a href=\"https:\/\/crystalralaksmi.com\/eesti\/wp-content\/uploads\/2018\/09\/pireti-auto.jpg\"><img loading=\"lazy\" decoding=\"async\" class=\"alignleft size-medium wp-image-5027\" src=\"https:\/\/crystalralaksmi.com\/eesti\/wp-content\/uploads\/2018\/09\/pireti-auto-300x169.jpg\" alt=\"\" width=\"300\" height=\"169\" \/><\/a><br \/>\n[\/et_pb_text][\/et_pb_column][\/et_pb_row][\/et_pb_section]<\/p>\n<span class=\"et_bloom_bottom_trigger\"><\/span>","protected":false},"excerpt":{"rendered":"<p>Piret Peters on olnud K\u00fclluse Seikluskoolitus Unistuste Ellu \u00f5pilane nii nagu ka Rahamagnetite toodete praktiseerija juba mitmeid kuid. Siin on tema tagasiside \u00fcsna seikluse alguses, aga nende teemadega tegelemine t\u00f5i [&hellip;]<\/p>\n","protected":false},"author":1,"featured_media":224882,"parent":0,"menu_order":0,"comment_status":"closed","ping_status":"closed","template":"","meta":{"_acf_changed":false,"_et_pb_use_builder":"on","_et_pb_old_content":"<p><strong>Piret Peters<\/strong> on olnud<strong><em> K\u00fclluse Seikluskoolitus Unistuste Ellu<\/em><\/strong> \u00f5pilane nii nagu ka <strong>Rahamagnetite toodete<\/strong> praktiseerija juba mitmeid kuid. Siin on tema tagasiside \u00fcsna seikluse alguses, aga nende teemadega tegelemine t\u00f5i tema ellu teisigi suuri muudatusi ja \u00fcllatusi ka hiljem.<br \/><a href=\"https:\/\/crystalralaksmi.com\/eesti\/wp-content\/uploads\/2018\/09\/Pireti-postitus-RM-auto.jpg\"><img class=\"alignleft size-medium wp-image-5028\" src=\"https:\/\/crystalralaksmi.com\/eesti\/wp-content\/uploads\/2018\/09\/Pireti-postitus-RM-auto-300x162.jpg\" alt=\"\" width=\"300\" height=\"162\" \/><\/a><br \/><a class=\" UFICommentActorName\" dir=\"ltr\" href=\"httpss:\/\/www.facebook.com\/piret.peters?fref=gc&dti=160644784095166\" target=\"_self\" rel=\"dialog noopener noreferrer\" data-ft=\"{\"tn\":\";\"}\" data-hovercard=\"\/ajax\/hovercard\/hovercard.php?id=100000769099323&extragetparams=%7B%22is_public%22%3Afalse%2C%22hc_location%22%3A%22group%22%2C%22directed_target_id%22%3A%22160644784095166%22%7D\">Piret Peters:\u00a0 (Postitus mais 2018)\u00a0<\/a><span data-ft=\"{\"tn\":\"K\"}\"><span class=\"UFICommentBody _1n4g\">Minu peres oli juba 2 autot (7 kohaline suurem ja s\u00f5iduauto) ning otsest vajadust veel yhe j\u00e4rgi polnud. Siiski hakkasin yhel hetkel m\u00e4ngima m\u00f5ttega, et kul oleks yks suveauto. R\u00e4\u00e4kisime sellest peres talvel ja sinnapaika see asi j\u00e4i. Ei mingeid omavahelisi arutelusid rohkem, ega autolehtede lappamist minu poolt. Unistust kandsin endas aga edasi, osalesin Crystali KSUE koolitusel ning tegin igakuiseid koduylesandeid (sh rahamagneteid) . Umbes kuu aega tagasi kontserdil olles sain teada, et kodus ootab mind yllatus. Oligi\u00a0<span class=\"_47e3 _5mfr\" title=\"smile emoticon\"><span class=\"_7oe\" aria-hidden=\"true\">:)<\/span><\/span>!<\/span><\/span><br \/><span data-ft=\"{\"tn\":\"K\"}\"><span class=\"UFICommentBody _1n4g\"><span class=\"_47e3 _5mfr\" title=\"smile emoticon\"><img class=\"img\" src=\"httpss:\/\/static.xx.fbcdn.net\/images\/emoji.php\/v9\/feb\/2\/16\/1f642.png\" alt=\"\" width=\"16\" height=\"16\" \/><\/span><\/span><\/span><br \/><a href=\"https:\/\/crystalralaksmi.com\/eesti\/wp-content\/uploads\/2018\/09\/pireti-auto.jpg\"><img class=\"alignleft size-medium wp-image-5027\" src=\"https:\/\/crystalralaksmi.com\/eesti\/wp-content\/uploads\/2018\/09\/pireti-auto-300x169.jpg\" alt=\"\" width=\"300\" height=\"169\" \/><\/a><\/p>","_et_gb_content_width":"","footnotes":""},"class_list":["post-5026","page","type-page","status-publish","has-post-thumbnail","hentry"],"acf":[],"_links":{"self":[{"href":"https:\/\/crystalralaksmi.com\/eesti\/wp-json\/wp\/v2\/pages\/5026","targetHints":{"allow":["GET"]}}],"collection":[{"href":"https:\/\/crystalralaksmi.com\/eesti\/wp-json\/wp\/v2\/pages"}],"about":[{"href":"https:\/\/crystalralaksmi.com\/eesti\/wp-json\/wp\/v2\/types\/page"}],"author":[{"embeddable":true,"href":"https:\/\/crystalralaksmi.com\/eesti\/wp-json\/wp\/v2\/users\/1"}],"replies":[{"embeddable":true,"href":"https:\/\/crystalralaksmi.com\/eesti\/wp-json\/wp\/v2\/comments?post=5026"}],"version-history":[{"count":2,"href":"https:\/\/crystalralaksmi.com\/eesti\/wp-json\/wp\/v2\/pages\/5026\/revisions"}],"predecessor-version":[{"id":225143,"href":"https:\/\/crystalralaksmi.com\/eesti\/wp-json\/wp\/v2\/pages\/5026\/revisions\/225143"}],"wp:featuredmedia":[{"embeddable":true,"href":"https:\/\/crystalralaksmi.com\/eesti\/wp-json\/wp\/v2\/media\/224882"}],"wp:attachment":[{"href":"https:\/\/crystalralaksmi.com\/eesti\/wp-json\/wp\/v2\/media?parent=5026"}],"curies":[{"name":"wp","href":"https:\/\/api.w.org\/{rel}","templated":true}]}}