{"id":5062,"date":"2018-09-30T08:02:58","date_gmt":"2018-09-30T08:02:58","guid":{"rendered":"http:\/\/crystalralaksmi.com\/eesti\/?page_id=5062"},"modified":"2018-09-30T08:02:58","modified_gmt":"2018-09-30T08:02:58","slug":"uue-aja-tantra","status":"publish","type":"page","link":"https:\/\/crystalralaksmi.com\/eesti\/uue-aja-tantra\/","title":{"rendered":"Uue Aja Tantra"},"content":{"rendered":"<p><strong>Uue Aja Tantra<\/strong><br \/>\nSul on v\u00f5imalus tellida <strong>Uue Aja Tantra<\/strong> seansse nii Crystal Ralt kui ka Michaelilt. Antud teenuste kohta saad t\u00e4psemat infot <a href=\"https:\/\/crystalralaksmi.com\/eesti\/teenused\/crystalramichaeliseansid\/\">siit:<\/a><br \/>\nAastas korra toimuvad ka <strong>Uue Aja Tantrakursuste<\/strong> retriidid Eestis ja tulevikus ka mujal. Loe selle kohta t\u00e4psemalt <a href=\"https:\/\/crystalralaksmi.com\/eesti\/sundmused-maailmas\/\">kalendrist.\u00a0<\/a><br \/>\nEt sa saaksid selgema \u00fclevaate kas ja mida <strong>Uue Aja Tantra<\/strong> endas h\u00f5lmab ning kuidas see on \u00fclesse ehitatud, siis loe j\u00e4rgnevat kirjutist.\u00a0<!--more--><br \/>\n<strong><a href=\"https:\/\/crystalralaksmi.com\/eesti\/wp-content\/uploads\/2013\/09\/tantraqueen.jpg\"><img loading=\"lazy\" decoding=\"async\" class=\"alignleft size-medium wp-image-697\" src=\"https:\/\/crystalralaksmi.com\/eesti\/wp-content\/uploads\/2013\/09\/tantraqueen-300x201.jpg\" alt=\"\" width=\"300\" height=\"201\" \/><\/a>Crystal Ra tantrateekonna taust<\/strong><br \/>\nAlustasin oma tantrateekonda ametlikult aastal 2008, aga olin sellega tutvust teinud kirjanduse kaudu juba aastast 1995.<br \/>\n2009. aastal hakkasin tooma Eestisse erinevaid tantra\u00f5petajaid. Esimene \u00f5petaja kelle maale t\u00f5in oli Lokiano. Lokianoga kohtusin Saksamaa \u00f6kok\u00fclas Zegg, mille suvelaagris ma k\u00e4isin aastal 2018 ja kus oli peamine eesm\u00e4rk \u00fchendada vaimsus seksuaalsusega. Lokianoga tegime koost\u00f6\u00f6d mitmeid aastaid. Kursused toimusid pea igakuiselt ja vahest isegi mitu kursust korraga. Mina tegin ettevalmistused, otsisin kursusel osalejad ning valmistasin ette kogu stuudio ja ka registreerimise ning ka toitlustuse ja majutuse osad ning olin Lokiano parem k\u00e4si kogu kursuste aja. Lokiano tuli vaid kohale ja viis kursused l\u00e4bi. Mingi osa kursusest aitasin ka t\u00e4ita mina oma\u00a0 temaatiliste osadega, mis pakkusid natuke voolavamat l\u00e4henemist tantrale. Lokiano taustaks oli Osho tantra ja Wilhelm Reichi energait\u00f6\u00f6 ning mitmete aastate \u00f5petajakursuse kogemus Saksamaalt ning ta oli oma kursustel v\u00e4ga range.<br \/>\n<a href=\"https:\/\/crystalralaksmi.com\/eesti\/wp-content\/uploads\/2015\/09\/nitensantoshi.jpg\"><img loading=\"lazy\" decoding=\"async\" class=\"alignleft size-full wp-image-2897\" src=\"https:\/\/crystalralaksmi.com\/eesti\/wp-content\/uploads\/2015\/09\/nitensantoshi.jpg\" alt=\"\" width=\"300\" height=\"221\" \/><\/a>Mingil hetkel meie koost\u00f6\u00f6 l\u00f5ppes ja hakkasin maale tooma Nitenit ja Santoshit. Nende l\u00e4henemine oli tantsulisem ja p\u00f5nevam kuna oli v\u00e4hem reglementeeritud. M\u00f5lemal oli Osho ja India tantra kogemused, aga ka uuem tantsulisem l\u00e4henemine, mis t\u00f5i endaga rohkem m\u00e4ngulisust kaasa ja mis meeldis osadele inimestele isegi rohkem.<br \/>\n&nbsp;<br \/>\nTegin ise l\u00e4bi <a href=\"https:\/\/crystalralaksmi.com\/eesti\/teenused\/auratransformatsioon\/\"><strong>Auratransformatsiooni&#x2122;<\/strong> <\/a>aastal 2007 Norras. See hakkas muutma kogu mu keha, vaimu ja meelt. Minu keha ja vaim hakkasid kokku sulama ja sellega seoses hakkas mu elus toimuma palju muudatusi. V\u00e4ga suured muudatused toimusid ka vaimsel tasandil ja minu energiate t\u00f6\u00f6s. Alates augustist 2007 hakkasin tegema ka Auramediaatori t\u00f6\u00f6d ja t\u00f5in ka <strong><a href=\"https:\/\/crystalralaksmi.com\/eesti\/teenused\/auratransformatsioon\/\">Auratransformatsiooni<\/a><\/strong><a href=\"https:\/\/crystalralaksmi.com\/eesti\/teenused\/auratransformatsioon\/\"><strong>&#x2122;<\/strong><\/a> Eestisse.<br \/>\n<a href=\"https:\/\/crystalralaksmi.com\/eesti\/wp-content\/uploads\/2017\/02\/mermaids.jpg\"><img loading=\"lazy\" decoding=\"async\" class=\"alignleft size-medium wp-image-4068\" src=\"https:\/\/crystalralaksmi.com\/eesti\/wp-content\/uploads\/2017\/02\/mermaids-300x296.jpg\" alt=\"\" width=\"300\" height=\"296\" \/><\/a>Aastal 2009 seiklesin esmakordselt Havaile et seal l\u00e4bi teha delfiiniretriit ja selle ajal \u00f5nnestus mul ka l\u00e4bi teha \u00fcks veeteraapia kursus. See pani aluse v\u00e4ga olulisele uuele talendi v\u00e4ljendumisele, mis aastaks 2013 kujunes minu enda veeteraapia mooduliks nimega<a href=\"https:\/\/crystalralaksmi.com\/eesti\/teenused\/wantra\/\"> <strong>Wantra<\/strong><\/a> (Water + tantra) ja mis on t\u00e4naseks avardanud ja vabastanud v\u00e4ga paljusid inimesi.<br \/>\nPeale oma koost\u00f6\u00f6 l\u00f5petamist antud tantra\u00f5petajatega hakkasin inimestega t\u00f6\u00f6tamise ajal kirja panema oma t\u00e4helepanekuid ja kuna mul oli tekkinud ka v\u00e4ga vahva j\u00e4rgijaskond, siis hakkasin katsetama erinevate uute ideedega mida vaim mulle ohtralt l\u00e4bi visioonide, piltide, unen\u00e4gude ja taipamiste jagama hakkas. Kui hakkasin neid katsetama nii iseenda elus kui ka oma klientidega kes olid selleks valmis v\u00f5i kes midagi sellist vajasid, siis tulemused ja tagasiside oli ootamatult \u00fcllatavalt hea.\u00a0Aja jooksul hakkasin taipama miks see k\u00f5ik nii teistmoodi on kuna s\u00fcndimas oli<strong> Uue Aja Tantra.<\/strong><br \/>\n<strong>Uue Aja Tantra alused<\/strong><br \/>\nSee tantra p\u00f5hineb uue aja energiatel &#8211; mis on kogu selle tantra kooshoidvaks konteineriks &#8211; indigo, kristall ja kuldenergiatel ning tulevikus teemant energiatel ning juhendab kuidas nende energiatega luua iseenda unistuste elu igal tasandil. Uue Aja Energiad on palju paindlikumad, liikuvamad ja kiiremad kui vana aja energiad. Seet\u00f5ttu on siin k\u00f5ik palju voolavam kui tavalises tantras.<br \/>\nMe austame vanu tantratraditsioone aga tantra \u00fclekandmine ei k\u00e4i enam vaid \u00f5petajalt \u00f5pilasele vaid selleks on v\u00e4ga palju erinevaid vorme &#8211; isegi online \u00f5pe. Peamiseks juhtijaks on siin vaimu energia mis on siis igal <strong>Uue Aja inimesel<\/strong> otse \u00fchendatud nende s\u00fcdamega. Kui ollakse s\u00fcndinud enne 1995ndat aastat on soovitav \u00e4ra teha <strong><a href=\"https:\/\/crystalralaksmi.com\/eesti\/teenused\/auratransformatsioon\/\">Auratransformatsioon<\/a><\/strong><a href=\"https:\/\/crystalralaksmi.com\/eesti\/teenused\/auratransformatsioon\/\"><strong>&#x2122;<\/strong><\/a>, et kergemini ja kiiremini uue aja energiatega sulanduda.<br \/>\n<div id=\"attachment_5057\" style=\"width: 310px\" class=\"wp-caption alignleft\"><a href=\"https:\/\/crystalralaksmi.com\/eesti\/wp-content\/uploads\/2018\/09\/AAA-Anni-Sennov-Aura-slide.png\"><img loading=\"lazy\" decoding=\"async\" aria-describedby=\"caption-attachment-5057\" class=\"size-medium wp-image-5057\" src=\"https:\/\/crystalralaksmi.com\/eesti\/wp-content\/uploads\/2018\/09\/AAA-Anni-Sennov-Aura-slide-300x161.png\" alt=\"\" width=\"300\" height=\"161\" \/><\/a><p id=\"caption-attachment-5057\" class=\"wp-caption-text\">Anni Sennov&#8217;s aura structure picture of the new time energies.<\/p><\/div><br \/>\n<strong>Indigo energia<\/strong> on tugeva mina tasandi energia, mis puhastab k\u00f5ik mina tasandiga seotud teemad. Siin v\u00f5ib alguse saada inimese individuaalse elu\u00fclesande tasandi aktiveerumine.<br \/>\n<strong>Kristallenergiad<\/strong> t\u00f6\u00f6tavad v\u00e4ga tugevalt meie energiate ning koost\u00f6\u00f6 energiatega nii nagu ka s\u00fcdame tasandi energiatega. See tasand \u00f5petab ka v\u00e4ga s\u00fcgavalt kas ja kuidas toimetada usaldamise teemadega.<br \/>\n<strong>Kuldenergiad<\/strong> on energiad kus mina ja meie tasand kokku sulavad ja kus k\u00e4ivitub t\u00e4ielikult meie globaalse elu\u00fclesande tasand.<br \/>\n<strong>Uue Aja Tantra<\/strong> keskseks energiakeskuseks on s\u00fcdame keskus, kuna see on keskus kuhu k\u00f5ikide energiad liiguvad kristallenergiates. Kogu<strong> Uue Aja Tantra<\/strong> p\u00f5hineb \u00fchel energiakeskuse s\u00fcsteemil. Seitsme energiakeskuse s\u00fcsteem siin enam ei toimi. Kui kursustele tulevad inimesed veel vanas s\u00fcsteemis, siis see kursus aitab juba kogeda uue aja energiaid ja olemust ning sageli tehakse peale kursust l\u00e4bi <a href=\"https:\/\/crystalralaksmi.com\/eesti\/teenused\/auratransformatsioon\/\"><strong>Auratransformatsioon&#x2122;<\/strong><\/a> et nende energiatega kiiresti ja teadlikumalt kohaneda.<br \/>\n<strong><a href=\"https:\/\/crystalralaksmi.com\/eesti\/wp-content\/uploads\/2016\/05\/matsaluwantra.jpg\"><img loading=\"lazy\" decoding=\"async\" class=\"alignleft size-medium wp-image-3658\" src=\"https:\/\/crystalralaksmi.com\/eesti\/wp-content\/uploads\/2016\/05\/matsaluwantra-300x200.jpg\" alt=\"\" width=\"300\" height=\"200\" \/><\/a>Uue Aja Tantra<\/strong> pakub keha, vaimu ja meele tehnikaid, t\u00f6\u00f6riistu ja teadmisi kas ja kuidas ennast uues ajas tasakaalus hoida ja j\u00e4tkuvalt avarduda ning avaneda.<br \/>\n<strong>Uue Aja Tantra<\/strong> on multidimensionaalne, ning toimib holistiliselt. Kui me tegeleme \u00fche osaga olemusest siis m\u00f5jutab see k\u00f5iki teisi osasid.<br \/>\n<strong>Uue Aja Tantra<\/strong> ei ole lineaarne. Seda praktiseerides v\u00f5ivad tulla juhised mis ei ole otsesed aga alati juhatavad sinu vaimu kohaselt sinna kus sul on vaja liikuda k\u00f5ige jumalikumal moel.<br \/>\n<strong><a href=\"https:\/\/crystalralaksmi.com\/eesti\/wp-content\/uploads\/2016\/11\/alohacrystalplumerias.jpg\"><img loading=\"lazy\" decoding=\"async\" class=\"alignleft size-medium wp-image-3963\" src=\"https:\/\/crystalralaksmi.com\/eesti\/wp-content\/uploads\/2016\/11\/alohacrystalplumerias-274x300.jpg\" alt=\"\" width=\"274\" height=\"300\" \/><\/a>Uue Aja Tantra<\/strong> lahustab, puhastab ja teadvustab sind sinu mittetoimivatest mustritest su keha, meele ja vaimu tasandil ning annab juhiseid kuidas ehitada \u00fclesse sulle sobiv uus keha, meele ja vaimu s\u00fcsteem mis toimib sinu tingimustel.<br \/>\n<strong>Uue Aja Tantra<\/strong> aitab sul defineerida kes sa praegusel hetkel oled ja kuidas sa ennast, oma suhteid ja olevikku defineerid ning kuhu ja kas sooviksid edasi liikuda.<br \/>\n<strong>Uue Aja Tantra<\/strong> p\u00f5hineb enesearmastusel kui vundamendil millele ehitad k\u00f5ik oma \u00fclej\u00e4\u00e4nud suhted. See aitab sul kirjutada enesedeklaratsiooni mis saab sinu uute suhete vundamendiks.<br \/>\n<strong><a href=\"https:\/\/crystalralaksmi.com\/eesti\/wp-content\/uploads\/2018\/03\/4-elementidreamstimecom.jpg\"><img loading=\"lazy\" decoding=\"async\" class=\"alignleft size-medium wp-image-4806\" src=\"https:\/\/crystalralaksmi.com\/eesti\/wp-content\/uploads\/2018\/03\/4-elementidreamstimecom-300x300.jpg\" alt=\"\" width=\"300\" height=\"300\" \/><\/a>Uue Aja Tantra<\/strong> p\u00f5hineb uue aja neljal elemendil &#8211; tule, vee, maa ja \u00f5hu elemendil. Igal elemendil on omad tehnikad mis abistavad igat elementi selle vabastamisel ja \u00fcmber muundamisel nii nagu ka uue integreeritud elemendi \u00fclesseehitamisel.<br \/>\n<strong>Tule element<\/strong> kasutab nii f\u00fc\u00fcsilist tuld kui ka juhib sind rohkem oma kirgede ja oma elu\u00fclesannete avaldumisvormide juurde.<br \/>\n<strong>Vee elemendiga<\/strong> aitab tegeleda <a href=\"https:\/\/crystalralaksmi.com\/eesti\/teenused\/wantra\/\"><strong>Wantra<\/strong><\/a> veeteraapia nii individuaalselt, gruppidele kui ka paaridele. See on otse\u00fchendus meie naiselikkusega.<br \/>\n<strong>Maa elemendiga<\/strong> tegeleb puudutusteraapia ja muud kehalised meditatsioonid ja tehnikad mida <strong>Uue Aja Energia<\/strong> juhendab. See element tegeleb ka meie mehellikkusega.<br \/>\n<strong>\u00d5hu element<\/strong> p\u00f5hineb teadlikel hingamistehnikatel kui ka Uue Aja Mantrate kordamisel et ka \u00fcmber kodeerida meie alateadvust.<br \/>\n<strong>Uue Aja Tantra<\/strong> kasutab v\u00e4ga palju elemente Havai holistilisest maailman\u00e4gemusest &#8211; alates andestusteraapiast kuni kolme mina tehnikateni v\u00e4lja.<br \/>\n<strong>Uue Aja Tantra<\/strong> lahustab vanad sisemise pere mustrid ja ehitab \u00fclesse uued toimivad s\u00fcsteemid, mis toob uusi tulemusi k\u00f5ikidel suhete tasanditel.<br \/>\n<div id=\"attachment_4870\" style=\"width: 310px\" class=\"wp-caption alignleft\"><a href=\"https:\/\/crystalralaksmi.com\/eesti\/wp-content\/uploads\/2018\/04\/Grupialohalopus.jpg\"><img loading=\"lazy\" decoding=\"async\" aria-describedby=\"caption-attachment-4870\" class=\"size-medium wp-image-4870\" src=\"https:\/\/crystalralaksmi.com\/eesti\/wp-content\/uploads\/2018\/04\/Grupialohalopus-300x225.jpg\" alt=\"\" width=\"300\" height=\"225\" \/><\/a><p id=\"caption-attachment-4870\" class=\"wp-caption-text\">Uue Aja Tantrakursused vaid naistele on toimunud mitmeid kordi Matsalu Algallika Keskuses. Need on alati ka v\u00e4lja m\u00fc\u00fcdud!<\/p><\/div><br \/>\n<strong>Uue Aja Tantra<\/strong> on pidevas kulgemises, evolutsioonis ja arenemises aga siin on k\u00f5rgel kohal k\u00f5rge eetika ja moraal nii et k\u00f5ik tunnevad ennast turvaliselt ja hoitud.<br \/>\n<strong>Uue Aja Tantra<\/strong> p\u00f5hineb k\u00fcpsetel nais- ja meesenergiate tasakaalul.<br \/>\n<strong>Uue Aja Tantra<\/strong> vahendaja ja looja on olnud <strong>Crystal Ra Laksmi-Ditton<\/strong> alates aastast 2009.<br \/>\nAlates 2011 on pakutud ka avalikke<strong> Uue Aja Tantrakursuseid<\/strong> v\u00e4ga heade tulemustega ja seda eriti naistele kes on vajanud k\u00fcpset ja teadlikku turvaruumi tervenemiseks ja avardumiseks aga ka mehed on k\u00f5iki neid koolitusi nautinud ja uut v\u00e4\u00e4rtust oma ellu lisanud.<br \/>\n*** K\u00fcsimusele miks ei ole neist<strong> Uue Aja Tantrakursustest<\/strong> palju pilte &#8211; on p\u00f5hjuseks see et olen soovinud pakkuda osalejatele maksimaalset turvalisuse kogemust.<br \/>\n<a href=\"https:\/\/crystalralaksmi.com\/eesti\/wp-content\/uploads\/2018\/09\/two-women.jpg\"><img loading=\"lazy\" decoding=\"async\" class=\"size-medium wp-image-5063 aligncenter\" src=\"https:\/\/crystalralaksmi.com\/eesti\/wp-content\/uploads\/2018\/09\/two-women-300x200.jpg\" alt=\"\" width=\"300\" height=\"200\" \/><\/a><br \/>\n&nbsp;<\/p>\n<span class=\"et_bloom_bottom_trigger\"><\/span>","protected":false},"excerpt":{"rendered":"<p>Uue Aja Tantra Sul on v\u00f5imalus tellida Uue Aja Tantra seansse nii Crystal Ralt kui ka Michaelilt. Antud teenuste kohta saad t\u00e4psemat infot siit: Aastas korra toimuvad ka Uue Aja [&hellip;]<\/p>\n","protected":false},"author":1,"featured_media":224885,"parent":0,"menu_order":0,"comment_status":"closed","ping_status":"closed","template":"","meta":{"_acf_changed":false,"_et_pb_use_builder":"","_et_pb_old_content":"","_et_gb_content_width":"","footnotes":""},"class_list":["post-5062","page","type-page","status-publish","has-post-thumbnail","hentry"],"acf":[],"_links":{"self":[{"href":"https:\/\/crystalralaksmi.com\/eesti\/wp-json\/wp\/v2\/pages\/5062","targetHints":{"allow":["GET"]}}],"collection":[{"href":"https:\/\/crystalralaksmi.com\/eesti\/wp-json\/wp\/v2\/pages"}],"about":[{"href":"https:\/\/crystalralaksmi.com\/eesti\/wp-json\/wp\/v2\/types\/page"}],"author":[{"embeddable":true,"href":"https:\/\/crystalralaksmi.com\/eesti\/wp-json\/wp\/v2\/users\/1"}],"replies":[{"embeddable":true,"href":"https:\/\/crystalralaksmi.com\/eesti\/wp-json\/wp\/v2\/comments?post=5062"}],"version-history":[{"count":0,"href":"https:\/\/crystalralaksmi.com\/eesti\/wp-json\/wp\/v2\/pages\/5062\/revisions"}],"wp:featuredmedia":[{"embeddable":true,"href":"https:\/\/crystalralaksmi.com\/eesti\/wp-json\/wp\/v2\/media\/224885"}],"wp:attachment":[{"href":"https:\/\/crystalralaksmi.com\/eesti\/wp-json\/wp\/v2\/media?parent=5062"}],"curies":[{"name":"wp","href":"https:\/\/api.w.org\/{rel}","templated":true}]}}