{"id":5182,"date":"2018-12-20T06:29:43","date_gmt":"2018-12-20T06:29:43","guid":{"rendered":"http:\/\/crystalralaksmi.com\/eesti\/?page_id=5182"},"modified":"2019-07-23T10:36:55","modified_gmt":"2019-07-23T07:36:55","slug":"crystal-ra-kulluse-akadeemia","status":"publish","type":"page","link":"https:\/\/crystalralaksmi.com\/eesti\/crystal-ra-kulluse-akadeemia\/","title":{"rendered":"Crystal Ra K\u00fclluse Akadeemia"},"content":{"rendered":"[et_pb_section fb_built=&#8221;1&#8243; _builder_version=&#8221;3.22&#8243;][et_pb_row _builder_version=&#8221;3.25&#8243; background_size=&#8221;initial&#8221; background_position=&#8221;top_left&#8221; background_repeat=&#8221;repeat&#8221; admin_label=&#8221;Row&#8221;][et_pb_column type=&#8221;4_4&#8243; _builder_version=&#8221;3.25.3&#8243;][et_pb_post_title meta=&#8221;off&#8221; featured_image=&#8221;off&#8221; _builder_version=&#8221;3.25.3&#8243; title_font=&#8221;Poppins|600|||||||&#8221; custom_margin=&#8221;||0px|||&#8221;][\/et_pb_post_title][et_pb_divider color=&#8221;#57ca85&#8243; divider_weight=&#8221;5px&#8221; _builder_version=&#8221;3.25.3&#8243; width=&#8221;14%&#8221;][\/et_pb_divider][\/et_pb_column][\/et_pb_row][et_pb_row _builder_version=&#8221;3.25&#8243; background_size=&#8221;initial&#8221; background_position=&#8221;top_left&#8221; background_repeat=&#8221;repeat&#8221;][et_pb_column type=&#8221;4_4&#8243; _builder_version=&#8221;3.25&#8243; custom_padding=&#8221;|||&#8221; custom_padding__hover=&#8221;|||&#8221;][et_pb_text _builder_version=&#8221;3.0.74&#8243; background_size=&#8221;initial&#8221; background_position=&#8221;top_left&#8221; background_repeat=&#8221;repeat&#8221;]\r\n<p>Aloha imelised seiklejad!<\/p>\r\n\r\n\r\n\r\n<p>Alates 1. jaanuarist 2019 alustab ametlikult t\u00f6\u00f6d Crystal Ra isiklikult loodud <strong>K\u00fclluse Akadeemia<\/strong>. Kuna Crystal Ra on selle teemaga tegelenud juba pea 20 aastat on tal sellega seoses v\u00e4ga palju mida jagada nii oma isiklikest kogemustest kui ka teistel tasanditel.<\/p>\r\n\r\n\r\n\r\n<p><strong>K\u00fclluse Akadeemia<\/strong> saab olema astmeline ja iga aste ehitab \u00fclesse teekonda j\u00e4rgmisele astmele.<\/p>\r\n\r\n\r\n\r\n<p>Eelsoojendus ja tutvumise voor:<\/p>\r\n\r\n\r\n\r\n<ol class=\"wp-block-list\">\r\n<li><strong>K\u00fclluse Blokkide Kaardistamise Minikursus<\/strong> (antud kursus annab \u00fclevaate sinu peamistest v\u00f5imalikest k\u00fclluse blokkidest). Kursuse materjal on PDF formaadis ja samuti on ka tutvustav video. Lisaks saab osaleja ka oma k\u00fclluse blokkide kaardistamise testi. a)Alati on sellele seansile soovituseks v\u00f5tta lisana juurde ka K\u00fclluse Konsultatsioon Crystal Ra-ga, kuna siis saab arutada ka oma k\u00fclluse blokkide kaardistamise tulemusi ja see aitab saada ka lisaselgust piirkondade kohta mis veel sinu individuaalsed k\u00fclluse blokid kinni on kiilunud ja mida ning kas saad teha et neid avada ja lahustada.<\/li>\r\n<li><strong>Kaheksa Rahamagneti Minikursus<\/strong>. Koosneb kaheksast v\u00e4ikesest meditatsioonist. Igal meditatsioonil on oma fookuspunkt. Iga meditatsioon k\u00e4ib s\u00fcvendatult l\u00e4bi k\u00fclluse blokke ja mustreid ning aitab hakata ehitama uusi sidemeid ja suhet nii raha kui ka k\u00fcllusega. K\u00f5ik materjalid tulevad nii PDFi, videomeditatsiooni kui ka m\u00f5ningate lisamaterjalidega. Kursuse materjal saabub k\u00f5ik \u00fchekorraga ning sul on endal v\u00f5imalik valida kas t\u00f6\u00f6tad need materjalid l\u00e4bi kaheksa tunni, kaheksa p\u00e4eva, kuu v\u00f5i aasta. Kindel on see et need magnetid toimivad ja loovad tulemusi vastavalt isiklikule panusele.<\/li>\r\n<li><strong>K\u00fclluse Seikuskoolitus Unistuste Ellu (KSUE)\u00a0eelkursus<\/strong>. <strong>Sisemise Perekonna online Kursus + personaalne coaching (miinimum 4 kuud). <\/strong>Kui oled huvitatud sukelduma s\u00fcgavamale ja m\u00f5tled isegi teha l\u00e4bi kaheksa kuu<strong> K\u00fclluse Seikluskoolitust Unistute Ellu (KSUE)<\/strong> siis on see aste vajalik eelaste. Ilma selle l\u00e4bimiseta ei pruugi KSUE materjal s\u00fcgavamalt kohale j\u00f5uda ja ka toimida. <strong>Sisemise Perekonna online Kursus <\/strong>koosneb PDF materjalidest, Videoesitlusest, ning \u00fchest coaching meditatsioonir\u00e4nnakust kuus koos Crystal Ra-ga, alustades sisemisest lapsest, seej\u00e4rel sisemise naise ja sisemise mehe sessioon. K\u00f5ige l\u00f5puks lisandub k\u00f5ikide kolme meditatsioonir\u00e4nnak k\u00f5ik koos. Vajadusel v\u00f5ib lisada lisasessioone v\u00f5i r\u00e4nnakuid. Igal kuul on ka kodused \u00fclesanded mis tulenevad meditatsioonir\u00e4nnaku sessioonist, mida iga osaleja peab siis kas kordama v\u00f5i tegema. ***Kui tulevikus aktiveeruvad uuesti eestikeelsed KSUE aktiivsed grupid, siis selle kursuse l\u00e4bimine ja koost\u00f6\u00f6 sobivus Crystal Ra-ga on m\u00e4\u00e4ravaks otsustajaks KSUE kursusele sobivuse \u00fcle.<\/li>\r\n<li><strong> K\u00fclluse Seikluskoolitus Unistuste Ellu<\/strong> (KSUE) 8 kuuline individuaalne online kursus. See on k\u00fclluse nii online kui live kursuste parim essents mis on kokku pandud alates aastast 2005. 2017 &#8211; 2019 oli kursus Eestis t\u00f6\u00f6s ka aktiivse kursusena, kuid selline formaat vajas muutmist. Kursus p\u00f5hineb Crystal Ra poolt v\u00e4lja t\u00f6\u00f6tatud <strong>K\u00fclluse Ratta Metoodikale<\/strong> lisades sinna ka energiat\u00f6\u00f6 ja samuti ka juhiseid kuidas ja kas panna t\u00f6\u00f6le oma talendid, oskused ja teadmised maksimaalsel moel. Kursus sisaldab iga kuu materjalide PDFi, videoesitlust, kodut\u00f6id ja m\u00f5ningaid lisaboonuseid nagu <strong>Uue Aja motivatsiooni alused<\/strong> v\u00f5i<strong> Uue Aja Haldamise kursus<\/strong>. Antud kursus on t\u00e4iesti asukohavaba ja sa v\u00f5id individuaalse paketi osta \u00fcksk\u00f5ik kus sa parajasti maailmas asud ja selle iseseisvalt l\u00e4bi t\u00f6\u00f6tada ilma Crystal Ra toeta. Kui sa pole aga veel t\u00e4iesti distsipliiniga s\u00f5ber, siis sellele paketile on samuti v\u00f5imalus lisada personaalne coaching kuus korra koos Crystal Ra-ga. Kui sa soovid saata sisse kodut\u00f6\u00f6sid, saad need talle saata sisse teatud kuup\u00e4evaks igal kuul ja seej\u00e4rel toimub 1,5 tunnine google hangout kus kodut\u00f6\u00f6 ja muud teemad s\u00fcgavamalt koos juhistega l\u00e4bi k\u00e4iakse. Antud sessioon ka lindistatakse erilingiga, mille saab klient endale j\u00e4relkuulamiseks.<\/li>\r\n<li><strong>Vip\u00a0klubi\u00a012\u00a0kuu\u00a0Pakett<\/strong>. See on materjal mis sai kokku pandud aastal 2018 ja sisaldab endas igakuised s\u00fcgavuti minevaid enesearengu teemasid 12. kuu paketina (mis sageli viitavad ka KSUE materjalidele) ja lisaks 12 inspireerivat intervjuud v\u00e4ga p\u00f5nevate ja juba oma unistusi elavate inimestega, kes on inspireerinud Crystal Ra-d.<\/li>\r\n<li><strong>Wantra Veejuhi Esimese Astme Kursused<\/strong>. Selleks et liituda <strong>Wantra Veejuhtide Esimese Astme Kursusega<\/strong> peaks olema l\u00e4bitud k\u00f5ik eelnevad viis astet viimase kahe aasta jooksul enne kursuse algust ja samuti kogutud teatud tundide arvestust nii Wantra eraseansside kui ka Wantra erinevate tutvustuskursuste p\u00f5hjal. Wantra Veejuhi Esimese Astme Kursused toimuvad kas Eestis, Mehhikos v\u00f5i Havail. Kui antud viis astet on l\u00e4bitud varem, on vaja l\u00e4bi teha m\u00f5ni v\u00e4rskenduskursus ja seda saab siis t\u00e4psemalt uurida Crystal Ra k\u00e4est milline kursustest sobib. Lisaks oleks soovitatav et kandidaadil oleks tehtud<strong> Auratransformatsioon\u2122<\/strong> ja kui v\u00f5imalik siis v\u00e4hemalt 1-2 aastat enne kursuse algust. Huviline saadab oma motivatsioonikirja ja ka motivatsioonivideo (mitte pikem kui 5 minutit) Crystal Ra-le <strong>crystalralaksmi@gmail.com K\u00fclluse Akadeemia Meistriklass <\/strong>aadressile. Kui sobivus ja eeltingimused on t\u00e4idetud siis toimub j\u00e4rgmisena google hangout 1,5 tundi, mille ajal selgitame v\u00e4lja kas sinu elu\u00fclesande \u00fcks osa on Wantra Veejuhtide Esimese Astme Kursuse teekond. Kui see on nii, siis j\u00e4rgneb Wantra Veejuhi Esimese Astme Aktiveerimise Konsultatsioon (tehakse ainult Crystal Ra poolt personaalselt ja f\u00fc\u00fcsilise kohaloluga v\u00f5ib v\u00f5tta 2-3 tundi). Seej\u00e4rel tuleb Crystal Ra f\u00fc\u00fcsilise kohaloluga koolitus 5 p\u00e4eva. See sisaldab nii teooriat ja praktikat nii maa peal kui ka vees. Peale esimese astme l\u00e4bimist tuleb \u00e4ra teha teatud arv praktilisi kliendi juhtumeid ning need teatud aja jooksul Crystal Rale \u00fclevaatamiseks saata. Lisadetaile edasiste protsesside ja sammude kohta saab Crystal Ra-lt Isiklikult.<\/li>\r\n<li><strong> K\u00fclluse Akadeemia Meistriklass\u00a0Crystal\u00a0Ra-ga<\/strong> (tulekul 2020). Antud meistriklassis jagab Crystal Ra igakuiselt nippe ja t\u00f6\u00f6riistu oma p\u00f5nevast elust ja loomingust. Kui sa oled inimene kes armastab s\u00f5ita kiirteedel ja leida otseteid nii enesearengus kui ka k\u00fclluse teekonnal, siis see on midagi just sulle.<\/li>\r\n<li>Lisainfo: crystalralaksmi@gmail.com<\/li>\r\n<\/ol>\r\n\r\n\r\n\r\n<p>&nbsp;<\/p>\r\n\r[\/et_pb_text][\/et_pb_column][\/et_pb_row][\/et_pb_section]<span class=\"et_bloom_bottom_trigger\"><\/span>","protected":false},"excerpt":{"rendered":"<p>Aloha imelised seiklejad! Alates 1. jaanuarist 2019 alustab ametlikult t\u00f6\u00f6d Crystal Ra isiklikult loodud K\u00fclluse Akadeemia. Kuna Crystal Ra on selle teemaga tegelenud juba pea 20 aastat on tal sellega [&hellip;]<\/p>\n","protected":false},"author":1,"featured_media":0,"parent":0,"menu_order":0,"comment_status":"closed","ping_status":"closed","template":"","meta":{"_acf_changed":false,"_et_pb_use_builder":"on","_et_pb_old_content":"<!-- wp:paragraph -->\r\n<p>Aloha imelised seiklejad!<\/p>\r\n<!-- \/wp:paragraph --><!-- wp:paragraph -->\r\n<p>Alates 1. jaanuarist 2019 alustab ametlikult t\u00f6\u00f6d Crystal Ra isiklikult loodud <strong>K\u00fclluse Akadeemia<\/strong>. Kuna Crystal Ra on selle teemaga tegelenud juba pea 20 aastat on tal sellega seoses v\u00e4ga palju mida jagada nii oma isiklikest kogemustest kui ka teistel tasanditel.<\/p>\r\n<!-- \/wp:paragraph --><!-- wp:paragraph -->\r\n<p><strong>K\u00fclluse Akadeemia<\/strong> saab olema astmeline ja iga aste ehitab \u00fclesse teekonda j\u00e4rgmisele astmele.<\/p>\r\n<!-- \/wp:paragraph --><!-- wp:paragraph -->\r\n<p>Eelsoojendus ja tutvumise voor:<\/p>\r\n<!-- \/wp:paragraph --><!-- wp:list {\"ordered\":true} -->\r\n<ol>\r\n<li><strong>K\u00fclluse Blokkide Kaardistamise Minikursus<\/strong> (antud kursus annab \u00fclevaate sinu peamistest v\u00f5imalikest k\u00fclluse blokkidest). Kursuse materjal on PDF formaadis ja samuti on ka tutvustav video. Lisaks saab osaleja ka oma k\u00fclluse blokkide kaardistamise testi. a)Alati on sellele seansile soovituseks v\u00f5tta lisana juurde ka K\u00fclluse Konsultatsioon Crystal Ra-ga, kuna siis saab arutada ka oma k\u00fclluse blokkide kaardistamise tulemusi ja see aitab saada ka lisaselgust piirkondade kohta mis veel sinu individuaalsed k\u00fclluse blokid kinni on kiilunud ja mida ning kas saad teha et neid avada ja lahustada.<\/li>\r\n<li><strong>Kaheksa Rahamagneti Minikursus<\/strong>. Koosneb kaheksast v\u00e4ikesest meditatsioonist. Igal meditatsioonil on oma fookuspunkt. Iga meditatsioon k\u00e4ib s\u00fcvendatult l\u00e4bi k\u00fclluse blokke ja mustreid ning aitab hakata ehitama uusi sidemeid ja suhet nii raha kui ka k\u00fcllusega. K\u00f5ik materjalid tulevad nii PDFi, videomeditatsiooni kui ka m\u00f5ningate lisamaterjalidega. Kursuse materjal saabub k\u00f5ik \u00fchekorraga ning sul on endal v\u00f5imalik valida kas t\u00f6\u00f6tad need materjalid l\u00e4bi kaheksa tunni, kaheksa p\u00e4eva, kuu v\u00f5i aasta. Kindel on see et need magnetid toimivad ja loovad tulemusi vastavalt isiklikule panusele.<\/li>\r\n<li><strong>K\u00fclluse Seikuskoolitus Unistuste Ellu (KSUE)\u00a0eelkursus<\/strong>. <strong>Sisemise Perekonna online Kursus + personaalne coaching (miinimum 4 kuud). <\/strong>Kui oled huvitatud sukelduma s\u00fcgavamale ja m\u00f5tled isegi teha l\u00e4bi kaheksa kuu<strong> K\u00fclluse Seikluskoolitust Unistute Ellu (KSUE)<\/strong> siis on see aste vajalik eelaste. Ilma selle l\u00e4bimiseta ei pruugi KSUE materjal s\u00fcgavamalt kohale j\u00f5uda ja ka toimida. <strong>Sisemise Perekonna online Kursus <\/strong>koosneb PDF materjalidest, Videoesitlusest, ning \u00fchest coaching meditatsioonir\u00e4nnakust kuus koos Crystal Ra-ga, alustades sisemisest lapsest, seej\u00e4rel sisemise naise ja sisemise mehe sessioon. K\u00f5ige l\u00f5puks lisandub k\u00f5ikide kolme meditatsioonir\u00e4nnak k\u00f5ik koos. Vajadusel v\u00f5ib lisada lisasessioone v\u00f5i r\u00e4nnakuid. Igal kuul on ka kodused \u00fclesanded mis tulenevad meditatsioonir\u00e4nnaku sessioonist, mida iga osaleja peab siis kas kordama v\u00f5i tegema. ***Kui tulevikus aktiveeruvad uuesti eestikeelsed KSUE aktiivsed grupid, siis selle kursuse l\u00e4bimine ja koost\u00f6\u00f6 sobivus Crystal Ra-ga on m\u00e4\u00e4ravaks otsustajaks KSUE kursusele sobivuse \u00fcle.<\/li>\r\n<li><strong> K\u00fclluse Seikluskoolitus Unistuste Ellu<\/strong> (KSUE) 8 kuuline individuaalne online kursus. See on k\u00fclluse nii online kui live kursuste parim essents mis on kokku pandud alates aastast 2005. 2017 - 2019 oli kursus Eestis t\u00f6\u00f6s ka aktiivse kursusena, kuid selline formaat vajas muutmist. Kursus p\u00f5hineb Crystal Ra poolt v\u00e4lja t\u00f6\u00f6tatud <strong>K\u00fclluse Ratta Metoodikale<\/strong> lisades sinna ka energiat\u00f6\u00f6 ja samuti ka juhiseid kuidas ja kas panna t\u00f6\u00f6le oma talendid, oskused ja teadmised maksimaalsel moel. Kursus sisaldab iga kuu materjalide PDFi, videoesitlust, kodut\u00f6id ja m\u00f5ningaid lisaboonuseid nagu <strong>Uue Aja motivatsiooni alused<\/strong> v\u00f5i<strong> Uue Aja Haldamise kursus<\/strong>. Antud kursus on t\u00e4iesti asukohavaba ja sa v\u00f5id individuaalse paketi osta \u00fcksk\u00f5ik kus sa parajasti maailmas asud ja selle iseseisvalt l\u00e4bi t\u00f6\u00f6tada ilma Crystal Ra toeta. Kui sa pole aga veel t\u00e4iesti distsipliiniga s\u00f5ber, siis sellele paketile on samuti v\u00f5imalus lisada personaalne coaching kuus korra koos Crystal Ra-ga. Kui sa soovid saata sisse kodut\u00f6\u00f6sid, saad need talle saata sisse teatud kuup\u00e4evaks igal kuul ja seej\u00e4rel toimub 1,5 tunnine google hangout kus kodut\u00f6\u00f6 ja muud teemad s\u00fcgavamalt koos juhistega l\u00e4bi k\u00e4iakse. Antud sessioon ka lindistatakse erilingiga, mille saab klient endale j\u00e4relkuulamiseks.<\/li>\r\n<li><strong>Vip\u00a0klubi\u00a012\u00a0kuu\u00a0Pakett<\/strong>. See on materjal mis sai kokku pandud aastal 2018 ja sisaldab endas igakuised s\u00fcgavuti minevaid enesearengu teemasid 12. kuu paketina (mis sageli viitavad ka KSUE materjalidele) ja lisaks 12 inspireerivat intervjuud v\u00e4ga p\u00f5nevate ja juba oma unistusi elavate inimestega, kes on inspireerinud Crystal Ra-d.<\/li>\r\n<li><strong>Wantra Veejuhi Esimese Astme Kursused<\/strong>. Selleks et liituda <strong>Wantra Veejuhtide Esimese Astme Kursusega<\/strong> peaks olema l\u00e4bitud k\u00f5ik eelnevad viis astet viimase kahe aasta jooksul enne kursuse algust ja samuti kogutud teatud tundide arvestust nii Wantra eraseansside kui ka Wantra erinevate tutvustuskursuste p\u00f5hjal. Wantra Veejuhi Esimese Astme Kursused toimuvad kas Eestis, Mehhikos v\u00f5i Havail. Kui antud viis astet on l\u00e4bitud varem, on vaja l\u00e4bi teha m\u00f5ni v\u00e4rskenduskursus ja seda saab siis t\u00e4psemalt uurida Crystal Ra k\u00e4est milline kursustest sobib. Lisaks oleks soovitatav et kandidaadil oleks tehtud<strong> Auratransformatsioon\u2122<\/strong> ja kui v\u00f5imalik siis v\u00e4hemalt 1-2 aastat enne kursuse algust. Huviline saadab oma motivatsioonikirja ja ka motivatsioonivideo (mitte pikem kui 5 minutit) Crystal Ra-le <strong>crystalralaksmi@gmail.com K\u00fclluse Akadeemia Meistriklass <\/strong>aadressile. Kui sobivus ja eeltingimused on t\u00e4idetud siis toimub j\u00e4rgmisena google hangout 1,5 tundi, mille ajal selgitame v\u00e4lja kas sinu elu\u00fclesande \u00fcks osa on Wantra Veejuhtide Esimese Astme Kursuse teekond. Kui see on nii, siis j\u00e4rgneb Wantra Veejuhi Esimese Astme Aktiveerimise Konsultatsioon (tehakse ainult Crystal Ra poolt personaalselt ja f\u00fc\u00fcsilise kohaloluga v\u00f5ib v\u00f5tta 2-3 tundi). Seej\u00e4rel tuleb Crystal Ra f\u00fc\u00fcsilise kohaloluga koolitus 5 p\u00e4eva. See sisaldab nii teooriat ja praktikat nii maa peal kui ka vees. Peale esimese astme l\u00e4bimist tuleb \u00e4ra teha teatud arv praktilisi kliendi juhtumeid ning need teatud aja jooksul Crystal Rale \u00fclevaatamiseks saata. Lisadetaile edasiste protsesside ja sammude kohta saab Crystal Ra-lt Isiklikult.<\/li>\r\n<li><strong> K\u00fclluse Akadeemia Meistriklass\u00a0Crystal\u00a0Ra-ga<\/strong> (tulekul 2020). Antud meistriklassis jagab Crystal Ra igakuiselt nippe ja t\u00f6\u00f6riistu oma p\u00f5nevast elust ja loomingust. Kui sa oled inimene kes armastab s\u00f5ita kiirteedel ja leida otseteid nii enesearengus kui ka k\u00fclluse teekonnal, siis see on midagi just sulle.<\/li>\r\n<li>Lisainfo: crystalralaksmi@gmail.com<\/li>\r\n<\/ol>\r\n<!-- \/wp:list --><!-- wp:paragraph -->\r\n<p>\u00a0<\/p>\r\n<!-- \/wp:paragraph -->","_et_gb_content_width":"","footnotes":""},"class_list":["post-5182","page","type-page","status-publish","hentry"],"acf":[],"_links":{"self":[{"href":"https:\/\/crystalralaksmi.com\/eesti\/wp-json\/wp\/v2\/pages\/5182","targetHints":{"allow":["GET"]}}],"collection":[{"href":"https:\/\/crystalralaksmi.com\/eesti\/wp-json\/wp\/v2\/pages"}],"about":[{"href":"https:\/\/crystalralaksmi.com\/eesti\/wp-json\/wp\/v2\/types\/page"}],"author":[{"embeddable":true,"href":"https:\/\/crystalralaksmi.com\/eesti\/wp-json\/wp\/v2\/users\/1"}],"replies":[{"embeddable":true,"href":"https:\/\/crystalralaksmi.com\/eesti\/wp-json\/wp\/v2\/comments?post=5182"}],"version-history":[{"count":2,"href":"https:\/\/crystalralaksmi.com\/eesti\/wp-json\/wp\/v2\/pages\/5182\/revisions"}],"predecessor-version":[{"id":225098,"href":"https:\/\/crystalralaksmi.com\/eesti\/wp-json\/wp\/v2\/pages\/5182\/revisions\/225098"}],"wp:attachment":[{"href":"https:\/\/crystalralaksmi.com\/eesti\/wp-json\/wp\/v2\/media?parent=5182"}],"curies":[{"name":"wp","href":"https:\/\/api.w.org\/{rel}","templated":true}]}}