{"id":5310,"date":"2019-03-19T08:48:32","date_gmt":"2019-03-19T08:48:32","guid":{"rendered":"http:\/\/crystalralaksmi.com\/eesti\/?page_id=5310"},"modified":"2021-09-08T12:31:49","modified_gmt":"2021-09-08T09:31:49","slug":"crystal-ra-ja-micaheli-reisikalender-2019-2020","status":"publish","type":"page","link":"https:\/\/crystalralaksmi.com\/eesti\/sundmused-maailmas\/crystal-ra-ja-micaheli-reisikalender-2019-2020\/","title":{"rendered":"Crystal Ra ja Michaeli reisikalender 2019-2020"},"content":{"rendered":"<p>[et_pb_section fb_built=&#8221;1&#8243; admin_label=&#8221;Section&#8221; _builder_version=&#8221;4.9.0&#8243; custom_padding=&#8221;||0px|||&#8221; global_module=&#8221;225116&#8243; saved_tabs=&#8221;all&#8221;][et_pb_row _builder_version=&#8221;3.25&#8243; background_size=&#8221;initial&#8221; background_position=&#8221;top_left&#8221; background_repeat=&#8221;repeat&#8221; custom_padding=&#8221;||0px|||&#8221;][et_pb_column type=&#8221;4_4&#8243; _builder_version=&#8221;3.25.3&#8243;][et_pb_post_title meta=&#8221;off&#8221; featured_image=&#8221;off&#8221; _builder_version=&#8221;3.25.3&#8243; title_font=&#8221;Poppins|600|||||||&#8221; custom_margin=&#8221;||0px|||&#8221;][\/et_pb_post_title][et_pb_divider color=&#8221;#57ca85&#8243; divider_weight=&#8221;5px&#8221; _builder_version=&#8221;3.25.3&#8243; width=&#8221;14%&#8221;][\/et_pb_divider][\/et_pb_column][\/et_pb_row][\/et_pb_section][et_pb_section fb_built=&#8221;1&#8243; _builder_version=&#8221;3.22&#8243; custom_padding=&#8221;22px|||||&#8221;][et_pb_row _builder_version=&#8221;3.25&#8243; background_size=&#8221;initial&#8221; background_position=&#8221;top_left&#8221; background_repeat=&#8221;repeat&#8221;][et_pb_column type=&#8221;4_4&#8243; _builder_version=&#8221;3.25&#8243; custom_padding=&#8221;|||&#8221; custom_padding__hover=&#8221;|||&#8221;][et_pb_text _builder_version=&#8221;3.27.4&#8243; background_size=&#8221;initial&#8221; background_position=&#8221;top_left&#8221; background_repeat=&#8221;repeat&#8221;]<strong><a href=\"https:\/\/crystalralaksmi.com\/eesti\/wp-content\/uploads\/2019\/03\/us-on-the-live.jpg\"><img loading=\"lazy\" decoding=\"async\" class=\"alignleft size-medium wp-image-5311\" src=\"https:\/\/crystalralaksmi.com\/eesti\/wp-content\/uploads\/2019\/03\/us-on-the-live-300x200.jpg\" alt=\"\" width=\"300\" height=\"200\" \/><\/a>Aloha imelised!<\/strong><br \/>\n2019. aasta saab olema mulle ja Michaelile paljusid seikluseid t\u00e4is. Otsime uusi v\u00f5imalusi ja kohti ning inimesi oma peamiste elu\u00fclesannete avaldumiseks ning ka paari &#8211; kolme baasi. Seet\u00f5ttu on meil kavas mitmeid seikluseid erinevatesse kohtadesse et neid kohtasid ka tunnetada.<br \/>\nHavai j\u00e4\u00e4b alatiseks meie vaimseks koduks, aga j\u00e4rgnevatel aastatel tuleme Havaile peamiselt oma retriite tegema ja muul ajal toimetame mujal. Meie peamiseks eesm\u00e4rgiks on \u00fclesse ehitada s\u00fcsteemid ja struktuurid, mis toetaks meie uue firma<strong><a href=\"https:\/\/www.infiniteactivation.com\"> Infinite Activationi<\/a> <\/strong>t\u00e4eilikku toimimist igal tasandil. O\u00fc New Flow j\u00e4tkab samuti ja sellega seoses on ka kavas palju muudatusi. K\u00f5ige parem on minu otseste uudistega kursis olla l\u00e4bi FB kanali <a href=\"https:\/\/www.facebook.com\/liquidheavenfacilitator\"><strong>@liquidheavenfacilitator<\/strong><\/a><strong>.<\/strong><br \/>\nVaata siit meie peamisi orbiite nende j\u00e4rgneva kahe aasta jooksul. Kui sa ise elad m\u00f5nes kohas kuhu satume ja sooviksid meiega kohtuda, siis kindlasti v\u00f5ta \u00fchendust ja emaili mulle crystalralaksmi @ gmail.com. Kui sul on toimiv sotsiaalne v\u00f5rgustik, stuudio v\u00f5i oled ise s\u00fcndmuste korraldaja v\u00f5i m\u00e4nedzer, siis v\u00f5ta ka \u00fchendust.<br \/>\nOtsime endale ka globaalset agenti.<br \/>\n<strong>2019<\/strong><br \/>\n<strong>Jaanuar &#8211; Aprill<\/strong> &#8211; Hawaii, Big Island<br \/>\n<strong>Mai\u00a0<\/strong><br \/>\n<strong>2-8 mai<\/strong> &#8211; San Diego, California<br \/>\n<strong>8 &#8211; 15 mai<\/strong> &#8211; Palms Springs, California<br \/>\n<strong>15 &#8211; 18 mai<\/strong> &#8211; San Diego, California<br \/>\n<strong>18 &#8211; 21 mai<\/strong> &#8211; Palms Springs, California<br \/>\n<strong>22 mai<\/strong> &#8211; Saabumine Talllinasse,Eestisse<br \/>\n<strong>27 &amp; 28 mai<\/strong> &#8211; Tartu<br \/>\n<strong>29 mai<\/strong> &#8211; Tallinn<br \/>\n<strong>30 ja 31 mai<\/strong> &#8211; asukoht selgumisel<br \/>\n<strong>Juuni<\/strong><br \/>\nEesti s\u00fcndmused. Peamine staap Tallinnas<br \/>\n<strong>Juuli\u00a0<\/strong><br \/>\n<strong>16 &#8211; 21 juuli<\/strong> &#8211; Osalemine rahvusvaheliste \u00f5petajatena TantraFestivalil<br \/>\n<strong>August<\/strong><br \/>\n<strong>2-4 august<\/strong> &#8211; Retriit Matsalus<br \/>\n<strong>1 &#8211; 16 august<\/strong> &#8211; Eestis<br \/>\n<strong>16 august &#8211; 30 august &#8211;<\/strong> Inglismaa<br \/>\n<strong>September\u00a0<\/strong><br \/>\n<strong>1-15 september &#8211;\u00a0<\/strong>New York<br \/>\n<strong>15 &#8211; 30 september &#8211;\u00a0<\/strong>California<br \/>\n<strong>Oktoober\u00a0<\/strong><br \/>\n<strong>California\u00a0<\/strong><br \/>\n<strong>Mehhiko<\/strong><br \/>\n<strong>November\u00a0<\/strong><br \/>\n<strong>Mehhiko retriit<\/strong><br \/>\n<strong>Detsember\u00a0<\/strong><br \/>\n<strong>1-15 <\/strong>Mehhiko<br \/>\n<strong>15 &#8211; 31<\/strong> Palms Springs, California<br \/>\n<strong>Jaanuar 2020\u00a0<\/strong><br \/>\nPuerto Rico<br \/>\n<strong>Mai &#8211; August\u00a0<\/strong><br \/>\nEesti<br \/>\n<strong>November\u00a0<\/strong><br \/>\n<strong>24. nov &#8211; 3. detsember<\/strong> &#8211; Hawaii retriit<\/p>\n<div id=\"attachment_5247\" style=\"width: 310px\" class=\"wp-caption aligncenter\"><a href=\"https:\/\/crystalralaksmi.com\/eesti\/wp-content\/uploads\/2018\/12\/Hawaii-motor-bike.jpg\"><img loading=\"lazy\" decoding=\"async\" aria-describedby=\"caption-attachment-5247\" class=\"size-medium wp-image-5247\" src=\"https:\/\/crystalralaksmi.com\/eesti\/wp-content\/uploads\/2018\/12\/Hawaii-motor-bike-300x228.jpg\" alt=\"\" width=\"300\" height=\"228\" \/><\/a><p id=\"caption-attachment-5247\" class=\"wp-caption-text\">On the road again!<\/p><\/div>\n<p>&nbsp;<br \/>\n[\/et_pb_text][\/et_pb_column][\/et_pb_row][\/et_pb_section]<\/p>\n<span class=\"et_bloom_bottom_trigger\"><\/span>","protected":false},"excerpt":{"rendered":"<p>Aloha imelised! 2019. aasta saab olema mulle ja Michaelile paljusid seikluseid t\u00e4is. Otsime uusi v\u00f5imalusi ja kohti ning inimesi oma peamiste elu\u00fclesannete avaldumiseks ning ka paari &#8211; kolme baasi. Seet\u00f5ttu [&hellip;]<\/p>\n","protected":false},"author":1,"featured_media":224890,"parent":224783,"menu_order":0,"comment_status":"closed","ping_status":"closed","template":"","meta":{"_acf_changed":false,"_et_pb_use_builder":"on","_et_pb_old_content":"<p><strong><a href=\"https:\/\/crystalralaksmi.com\/eesti\/wp-content\/uploads\/2019\/03\/us-on-the-live.jpg\"><img class=\"alignleft size-medium wp-image-5311\" src=\"https:\/\/crystalralaksmi.com\/eesti\/wp-content\/uploads\/2019\/03\/us-on-the-live-300x200.jpg\" alt=\"\" width=\"300\" height=\"200\" \/><\/a>Aloha imelised!<\/strong><br \/>2019. aasta saab olema mulle ja Michaelile paljusid seikluseid t\u00e4is. Otsime uusi v\u00f5imalusi ja kohti ning inimesi oma peamiste elu\u00fclesannete avaldumiseks ning ka paari - kolme baasi. Seet\u00f5ttu on meil kavas mitmeid seikluseid erinevatesse kohtadesse et neid kohtasid ka tunnetada.<br \/>Havai j\u00e4\u00e4b alatiseks meie vaimseks koduks, aga j\u00e4rgnevatel aastatel tuleme Havaile peamiselt oma retriite tegema ja muul ajal toimetame mujal. Meie peamiseks eesm\u00e4rgiks on \u00fclesse ehitada s\u00fcsteemid ja struktuurid, mis toetaks meie uue firma<strong><a href=\"https:\/\/www.infiniteactivation.com\"> Infinite Activationi<\/a> <\/strong>t\u00e4eilikku toimimist igal tasandil. O\u00fc New Flow j\u00e4tkab samuti ja sellega seoses on ka kavas palju muudatusi. K\u00f5ige parem on minu otseste uudistega kursis olla l\u00e4bi FB kanali <a href=\"https:\/\/www.facebook.com\/liquidheavenfacilitator\"><strong>@liquidheavenfacilitator<\/strong><\/a><strong>.<\/strong><br \/>Vaata siit meie peamisi orbiite nende j\u00e4rgneva kahe aasta jooksul. Kui sa ise elad m\u00f5nes kohas kuhu satume ja sooviksid meiega kohtuda, siis kindlasti v\u00f5ta \u00fchendust ja emaili mulle crystalralaksmi @ gmail.com. Kui sul on toimiv sotsiaalne v\u00f5rgustik, stuudio v\u00f5i oled ise s\u00fcndmuste korraldaja v\u00f5i m\u00e4nedzer, siis v\u00f5ta ka \u00fchendust.<br \/>Otsime endale ka globaalset agenti.<br \/><strong>2019<\/strong><br \/><strong>Jaanuar - Aprill<\/strong> - Hawaii, Big Island<br \/><strong>Mai\u00a0<\/strong><br \/><strong>2-8 mai<\/strong> - San Diego, California<br \/><strong>8 - 15 mai<\/strong> - Palms Springs, California<br \/><strong>15 - 18 mai<\/strong> - San Diego, California<br \/><strong>18 - 21 mai<\/strong> - Palms Springs, California<br \/><strong>22 mai<\/strong> - Saabumine Talllinasse,Eestisse<br \/><strong>27 & 28 mai<\/strong> - Tartu<br \/><strong>29 mai<\/strong> - Tallinn<br \/><strong>30 ja 31 mai<\/strong> - asukoht selgumisel<br \/><strong>Juuni<\/strong><br \/>Eesti s\u00fcndmused. Peamine staap Tallinnas<br \/><strong>Juuli\u00a0<\/strong><br \/><strong>16 - 21 juuli<\/strong> - Osalemine rahvusvaheliste \u00f5petajatena TantraFestivalil<br \/><strong>August<\/strong><br \/><strong>2-4 august<\/strong> - Retriit Matsalus<br \/><strong>1 - 16 august<\/strong> - Eestis<br \/><strong>16 august - 30 august -<\/strong> Inglismaa<br \/><strong>September\u00a0<\/strong><br \/><strong>1-15 september -\u00a0<\/strong>New York<br \/><strong>15 - 30 september -\u00a0<\/strong>California<br \/><strong>Oktoober\u00a0<\/strong><br \/><strong>California\u00a0<\/strong><br \/><strong>Mehhiko<\/strong><br \/><strong>November\u00a0<\/strong><br \/><strong>Mehhiko retriit<\/strong><br \/><strong>Detsember\u00a0<\/strong><br \/><strong>1-15 <\/strong>Mehhiko<br \/><strong>15 - 31<\/strong> Palms Springs, California<br \/><strong>Jaanuar 2020\u00a0<\/strong><br \/>Puerto Rico<br \/><strong>Mai - August\u00a0<\/strong><br \/>Eesti<br \/><strong>November\u00a0<\/strong><br \/><strong>24. nov - 3. detsember<\/strong> - Hawaii retriit<\/p>[caption id=\"attachment_5247\" align=\"aligncenter\" width=\"300\"]<a href=\"https:\/\/crystalralaksmi.com\/eesti\/wp-content\/uploads\/2018\/12\/Hawaii-motor-bike.jpg\"><img class=\"size-medium wp-image-5247\" src=\"https:\/\/crystalralaksmi.com\/eesti\/wp-content\/uploads\/2018\/12\/Hawaii-motor-bike-300x228.jpg\" alt=\"\" width=\"300\" height=\"228\" \/><\/a> On the road again![\/caption]<p>\u00a0<br \/>\u00a0<br \/>\u00a0<br \/>\u00a0<\/p>","_et_gb_content_width":"","footnotes":""},"class_list":["post-5310","page","type-page","status-publish","has-post-thumbnail","hentry"],"acf":[],"_links":{"self":[{"href":"https:\/\/crystalralaksmi.com\/eesti\/wp-json\/wp\/v2\/pages\/5310","targetHints":{"allow":["GET"]}}],"collection":[{"href":"https:\/\/crystalralaksmi.com\/eesti\/wp-json\/wp\/v2\/pages"}],"about":[{"href":"https:\/\/crystalralaksmi.com\/eesti\/wp-json\/wp\/v2\/types\/page"}],"author":[{"embeddable":true,"href":"https:\/\/crystalralaksmi.com\/eesti\/wp-json\/wp\/v2\/users\/1"}],"replies":[{"embeddable":true,"href":"https:\/\/crystalralaksmi.com\/eesti\/wp-json\/wp\/v2\/comments?post=5310"}],"version-history":[{"count":3,"href":"https:\/\/crystalralaksmi.com\/eesti\/wp-json\/wp\/v2\/pages\/5310\/revisions"}],"predecessor-version":[{"id":225734,"href":"https:\/\/crystalralaksmi.com\/eesti\/wp-json\/wp\/v2\/pages\/5310\/revisions\/225734"}],"up":[{"embeddable":true,"href":"https:\/\/crystalralaksmi.com\/eesti\/wp-json\/wp\/v2\/pages\/224783"}],"wp:featuredmedia":[{"embeddable":true,"href":"https:\/\/crystalralaksmi.com\/eesti\/wp-json\/wp\/v2\/media\/224890"}],"wp:attachment":[{"href":"https:\/\/crystalralaksmi.com\/eesti\/wp-json\/wp\/v2\/media?parent=5310"}],"curies":[{"name":"wp","href":"https:\/\/api.w.org\/{rel}","templated":true}]}}