{"id":5334,"date":"2019-04-05T08:57:20","date_gmt":"2019-04-05T08:57:20","guid":{"rendered":"http:\/\/crystalralaksmi.com\/eesti\/?page_id=5334"},"modified":"2019-04-05T08:57:20","modified_gmt":"2019-04-05T08:57:20","slug":"mis-on-uue-aja-tantrakool","status":"publish","type":"page","link":"https:\/\/crystalralaksmi.com\/eesti\/tootedpakkumised\/mis-on-uue-aja-tantrakool\/","title":{"rendered":"Mis on Uue Aja Tantrakool?"},"content":{"rendered":"<p><div id=\"attachment_4938\" style=\"width: 310px\" class=\"wp-caption alignleft\"><a href=\"https:\/\/crystalralaksmi.com\/eesti\/wp-content\/uploads\/2018\/05\/botanicalcrystaltorch1.jpg\"><img loading=\"lazy\" decoding=\"async\" aria-describedby=\"caption-attachment-4938\" class=\"size-medium wp-image-4938\" src=\"https:\/\/crystalralaksmi.com\/eesti\/wp-content\/uploads\/2018\/05\/botanicalcrystaltorch1-300x222.jpg\" alt=\"\" width=\"300\" height=\"222\" \/><\/a><p id=\"caption-attachment-4938\" class=\"wp-caption-text\">Aloha Havailt!<\/p><\/div><br \/>\n<strong>Loe l\u00e4hemalt mida kujutab endast Uue Aja Tantra ja kes on selle taga?\u00a0<\/strong><br \/>\n<!--more--><br \/>\n<strong>Crystal Ra Laksmi-Ditton<\/strong> alustas oma t\u00f5elist Tantrateed juba aastal 1995, aga intensiivsemalt alles 2008. aastal peale k\u00fclask\u00e4iku Zeggi \u00f6kok\u00fclasse Saksamaal, kus ta kohtus tantrameister Lokianoga.<br \/>\n<a href=\"https:\/\/crystalralaksmi.com\/eesti\/wp-content\/uploads\/2015\/09\/nitensantoshi.jpg\"><img loading=\"lazy\" decoding=\"async\" class=\"alignleft size-full wp-image-2897\" src=\"https:\/\/crystalralaksmi.com\/eesti\/wp-content\/uploads\/2015\/09\/nitensantoshi.jpg\" alt=\"\" width=\"300\" height=\"221\" \/><\/a>Aastatel 2009 &#8211; 2011 t\u00f5i Crystal Ra Eestisse mitmeid rahvusvahelisi tantra\u00f5petajaid. Olles nii s\u00fcndmuste organisaator, assistent kui ka kooslooja, sai ta sealt v\u00e4ga palju kogemusi kas ja kuidas traditsiooniline idamaade tantra t\u00f6\u00f6tab ja kuidas l\u00e4\u00e4ne maailm sellele l\u00e4heneb.<br \/>\nKuna aastatel 2008 &#8211; 2010 oli Crystal Ra ka osaline <strong>Aurainstruktorite koolitusel<\/strong>, andis see veelgi parema \u00fclevaate kas ja kuidas inimesi k\u00f5rgemal tasandil juhtida uue aja energiate kohaselt.<br \/>\nJuba mitmeid aastaid on Crystal Ra korraldanud <strong>Uue Aja Tantra<\/strong> miniretriite ja need on olnud v\u00e4ga populaarsed ja sageli ka v\u00e4lja m\u00fc\u00fcdud.<br \/>\n\u00dcks oluline osa sellel on alati Crystal Ra arendatud <a href=\"https:\/\/crystalralaksmi.com\/eesti\/teenused\/wantra\/\"><strong>Wantra veeteraapial<\/strong> <\/a>&#8211; kus on kokku sulanud nii tantra kui ka sooja vee t\u00f6\u00f6. N\u00fc\u00fcd on aeg see viia uuele tasandile seda enam et kohal on ka Kaksikvaim Michael, kes saab kogu protsessi toetada ja ka aidata koosluua.<br \/>\n<strong>Mis on Uue Aja Tantra?<\/strong><br \/>\nUue Aja Tantra on neile kes on kas juba s\u00fcndinud Uue Aja Energiates (alates 1995.aastast) v\u00f5i siis on l\u00e4bi teinud Aura justeerimise v\u00f5i Auratransformatsiooni&#x2122; juhul kui nad on s\u00fcndinud enne 1987.aastat. Kui liigutakse Uue Aja Energiatesse siis mis juhtub on see et meie vaim ja keha hakkavad kokku sulanduma, meie elu\u00fclesanne aktiveerub, meie intuitsioon v\u00f5imendub ja v\u00e4ga palju meie elus muutub. K\u00f5ik protsessid on \u00fchenduses meie k\u00f5rgema Vaimu protsessidega ja on ajastatud just nii nagu see antud inimesele parim on.<br \/>\nUue Aja Tantra toetab Uue Aja inimese protsesse v\u00e4ga s\u00fcgavalt kuna peamine fookus on kuidas avardada ja vabastada keha, meelt ja vaimu l\u00e4bi erinevate tehnikate, protsesside ja s\u00fcsteemide.<br \/>\nKuna Uues Ajas ei ole enam l\u00f5puks seitset chakrat, siis ei saa ka enam teha tantrat l\u00e4bi seitsme energiakeskuse. V\u00e4ga paljud teemad muutuvad Uue Aja energiatega seotult ja sel suvel on v\u00e4ga paljudel v\u00f5imalusi k\u00f5iki neid detaile \u00f5ppida ja ka kogeda l\u00e4bi meie erinevate koolituste.<br \/>\nKui sa oled tundnud et tantrakoolitused kus sa oled k\u00e4inud on ka liiga guru kesksed, siis siin v\u00f5ib olla midagi sulle, kuna Uues Ajas kaob guru mentaliteet vanal kujul. Uues Ajas saame k\u00f5ik otse\u00fchenduse oma K\u00f5rgema Vaimuga, oma sisemise intuitsiooniga nii et me hakkame looma ja elama rohkem oma sisemise \u00fchendusega kontaktis nii et see loob ka rohkem harmooniat.<br \/>\nKuna Crystal Ra on tegelenud haavatud eesti naistega pea 20 aastat, siis \u00fcks eesm\u00e4rk ka luua oma suund on just see &#8211; pakkuda v\u00f5imalusi naistele terveneda ja avarduda l\u00e4bi Uue Aja Tantratehnikate.<br \/>\nKogu minikursuste pakett ka lindistatakse, nii et neid minikursuseid on ka v\u00f5imalik osta edaspidi, kuid kindlasti on parim tulla ja kogeda neid koolitusi iseenda personaalse kohaloluga.<br \/>\n<strong>Kogu suve koolitusprogrammi <a href=\"https:\/\/crystalralaksmi.com\/eesti\/sundmused-maailmas\/eesti-2019-aasta-suvesundmuste-ulevaade\/\">\u00fclevaade asub siin:\u00a0<\/a><\/strong><br \/>\nKui sa pole FB liige, anna meile teada, kuna praegu on k\u00f5ik s\u00fcndmused ja nende registreerimine toimimas <strong><a href=\"httpss:\/\/www.facebook.com\/pg\/infiniteactivation\/events\">l\u00e4bi FB lehe siin:\u00a0<\/a><\/strong><br \/>\nKui sa soovid teada t\u00e4psemalt mida arutame koolitustel<br \/>\na) Mis on Uue Aja Tantra &#8211; <a href=\"httpss:\/\/www.facebook.com\/events\/849111748767558\/\">vajuta siia:<\/a><br \/>\n<div style=\"width: 1080px;\" class=\"wp-video\"><video class=\"wp-video-shortcode\" id=\"video-5334-1\" width=\"1080\" height=\"608\" preload=\"metadata\" controls=\"controls\"><source type=\"video\/mp4\" src=\"https:\/\/crystalralaksmi.com\/eesti\/wp-content\/uploads\/2019\/04\/Uue-Aja-Tantrakooli-kutse.mp4?_=1\" \/><a href=\"https:\/\/crystalralaksmi.com\/eesti\/wp-content\/uploads\/2019\/04\/Uue-Aja-Tantrakooli-kutse.mp4\">https:\/\/crystalralaksmi.com\/eesti\/wp-content\/uploads\/2019\/04\/Uue-Aja-Tantrakooli-kutse.mp4<\/a><\/video><\/div><br \/>\nb) <strong>Uue Aja Tantrakeha \u00e4ratamine &#8211; <a href=\"httpss:\/\/www.facebook.com\/events\/2296179237326211\/\">vaata lisa siit:\u00a0<\/a><\/strong><br \/>\n<strong>Vaata videot Wantra veeteraapia kutsega siit:\u00a0<\/strong><br \/>\n<div style=\"width: 1080px;\" class=\"wp-video\"><video class=\"wp-video-shortcode\" id=\"video-5334-2\" width=\"1080\" height=\"608\" preload=\"metadata\" controls=\"controls\"><source type=\"video\/mp4\" src=\"https:\/\/crystalralaksmi.com\/eesti\/wp-content\/uploads\/2019\/04\/WANTRA-EST-2.mp4?_=2\" \/><a href=\"https:\/\/crystalralaksmi.com\/eesti\/wp-content\/uploads\/2019\/04\/WANTRA-EST-2.mp4\">https:\/\/crystalralaksmi.com\/eesti\/wp-content\/uploads\/2019\/04\/WANTRA-EST-2.mp4<\/a><\/video><\/div><br \/>\n&nbsp;<br \/>\n<strong>Uue Aja Tantral<\/strong> on v\u00e4ga holistiline l\u00e4henemine ja sel suvel on peamine fookus meele ja vaimu tehnikatel ning alles seej\u00e4rel kehalistele tehnikatel. Kui me tegeleme k\u00f5igepealt meele ja vaimuga, saame ehitada v\u00e4ga tugeva vundamendi, nii et see aitab kehal vastu v\u00f5tta ja integreerida kogu \u00fclej\u00e4\u00e4nud protsesse.<br \/>\n<a href=\"https:\/\/crystalralaksmi.com\/eesti\/wp-content\/uploads\/2019\/03\/infinite-LIVE-D.jpg\"><img loading=\"lazy\" decoding=\"async\" class=\"alignleft size-medium wp-image-5318\" src=\"https:\/\/crystalralaksmi.com\/eesti\/wp-content\/uploads\/2019\/03\/infinite-LIVE-D-300x206.jpg\" alt=\"\" width=\"300\" height=\"206\" \/><\/a>Uue Aja Energiad toimivad l\u00e4bi indigo-, kristall- ja kuldenergiate ning tulevikus lisanduvad ka teemantenergiad. Kuna Crystal Ra on olnud transformeeritud juba 12 aastat ja sealhulgas ka Aura Mediaator k\u00f5ik need aastad ja seda ka rahvusvaheliselt on tal v\u00e4ga hea oskus lugeda nii inimesi kui ka energiaid ning sellega seoses nende teemadega inimesi suunata ja juhtida. Michael on transformeeritud aastast 2015 ja on v\u00e4ga tugeva intuitsiooni ja v\u00e4ga heade inimeste lugemisoskustega mees.<br \/>\nUue Aja Tantra on kasvamas ja avardumas ning meie selle suve Uue Aja Tantrakooli Suveprogrammi eesm\u00e4rgiks on ka hakata looma uut Uue Aja Tantra Ohanat (&#8216;perekonda&#8217; v\u00f5i tiimi kes sellega tegeleb) kus koolitame ka tulevikus v\u00e4lja oma <strong>Uue Aja Tantra Praktikud.<\/strong> Selle \u00fcks eraldi lisa osa on <strong><a href=\"https:\/\/crystalralaksmi.com\/eesti\/teenused\/wantra\/\">Wantra<\/a> Veejuhtide Koolitus<\/strong>.<br \/>\nK\u00f5ikide koolituse algne tase algab K\u00fclluse Magnetite ja rahamagnetitega ning seej\u00e4rel nelja sisemise pere kas minikoolituste seanssidega v\u00f5i coachinguga ja seej\u00e4rel individuaalse\u00a0<a href=\"https:\/\/crystalralaksmi.com\/eesti\/tootedpakkumised\/kulluse-seikluskoolitus-unistuste-ellu-8-kuuga\/\">8kuise K\u00fclluse Seikluskoolitus Unistuste Ellu l\u00e4bimisega,\u00a0<\/a>millele tuleb lisada ka eraldi coachingu seanss iga kuu kohta. Lisandub veel mitmeid tasandeid, mille kogu t\u00e4psem info on \u00fclesse tulemal l\u00e4hiajal.<br \/>\n<strong>Uue Aja Naise aktiveerimine:\u00a0<\/strong><br \/>\n<div style=\"width: 1080px;\" class=\"wp-video\"><video class=\"wp-video-shortcode\" id=\"video-5334-3\" width=\"1080\" height=\"608\" preload=\"metadata\" controls=\"controls\"><source type=\"video\/mp4\" src=\"https:\/\/crystalralaksmi.com\/eesti\/wp-content\/uploads\/2019\/04\/uue-aja-naine-.mp4?_=3\" \/><a href=\"https:\/\/crystalralaksmi.com\/eesti\/wp-content\/uploads\/2019\/04\/uue-aja-naine-.mp4\">https:\/\/crystalralaksmi.com\/eesti\/wp-content\/uploads\/2019\/04\/uue-aja-naine-.mp4<\/a><\/video><\/div><br \/>\n<strong>K\u00dcSIMUS HUVILISELT<\/strong><br \/>\n<strong>Kui osaleja ei ole veel Uues Ajas, siis kas ja kuidas saab ta seda koolitust kaasa teha?<\/strong><br \/>\nUue Aja Tantra sobib eriti uue aja noortele ja t\u00e4iskasvanutele. Neile, kes veel pole Uues Ajas on samuti antud tehnikate tundma\u00f5ppimine teretulnud, kuid kuna ei olda antud energias\u00fcsteemis, siis v\u00f5ib kogu info ja ka energiate vastuv\u00f5tmine olla raskendatud.<br \/>\nKoolitust saab ikkagi kaasa teha, et tunnetada ja kogeda antud teemat, kuid kindlasti kehaline kogemus on kordi erinevam kui neil kes juba on Uue Aja Kehas.<br \/>\nUue Aja Kehas olevad inimesed (olenevalt kus nad oma arengufaasides on) v\u00f5ib see osutuda v\u00e4ga aktiveerivaks ja v\u00f5imsaks ning v\u00e4estavaks kogemuseks kuna nende vastuv\u00f5tuvalmidus ja avatus on kordi suurem.<br \/>\nUue Aja Kehas on need kes on s\u00fcndinud kas 1995.aastal v\u00f5i hiljem v\u00f5i siis teinud l\u00e4bi Aura Justeerimise&#x2122; v\u00f5i <a href=\"https:\/\/crystalralaksmi.com\/eesti\/teenused\/auratransformatsioon\/\">Auratransformatsiooni&#x2122;<\/a> kui on s\u00fcndinud enne 1995ndat aastat.<br \/>\n<strong>LISA TAUSTAINFO<\/strong><br \/>\nCrystal Ra t\u00f5i Eestisse mitmeid tantra\u00f5petajaid aastatel 2009 &#8211; 2011 ja selle aja jooksul t\u00f6\u00f6tas ka nende \u00f5petajate assistendina. See tekitas v\u00e4ga k\u00f5rge kvaliteedi k\u00f5ikidele tantrakoolitustele mida loodi. Suurim kingitus mis ta sellest erilisest tantrakooli kogemusest sai oli just see kuidas tekitada turvaline ruum ja ka seda hoida terve koolituse ajal.<br \/>\nViimastel aastatel on Crystal Ra osalenud paljude Eestis toimetavate tantra\u00f5petajate koolitustel ja v\u00e4ga sageli on kahjuks j\u00e4\u00e4nud v\u00e4ga suurelt soovida turvaruumi loomine ja hoidmine nii nagu ka tantra\u00f5petajate k\u00fcpsus. Crystal Ra l\u00e4henemine on et Tantra\u00f5etajaks ei saa vaid paarin\u00e4dalase kursuse l\u00e4bimisega. Tantra on elustiil ja maailmavaade, mida on vaja kogeda ja praktiseerida aastaid enne kui seda teistele edasi jagada kui \u00f5petaja.<br \/>\nSage oli ka Crystal Ra jaoks see kogemus, et nende Eesti \u00f5petajate tantrakursustel nende osalejad lahkusid koolitustelt mingi protsessi sees olles ja Crystal Ra pakkus neile alati ekstra tuge kui see koolitaja poolt \u00e4ra l\u00fckati.<br \/>\nSee on samuti<strong> Uue Aja Tantra erinevus<\/strong> &#8211; kuna kui me ei tunne ennast turvaliselt ja me pole tervendanud vajalikke haavu &#8211; ei saa me avaneda ja vastu v\u00f5tta uut infot.<br \/>\nSeep\u00e4rast ongi Uue Aja Tantrakool nii p\u00f5hjalik ja sellel suvel on 80 &#8211; 90% fookusest nende 2,5 kuu jooksul kui minikoolitusi pakume &#8211; k\u00f5ikidel teistel tasanditel &#8211; nagu meel ja vaim ning vaid 10 &#8211; 20% kehal, kuna vaim ja meel peavad ennast piisavalt ette valmistama selleks et keha saaks t\u00e4ielikult toimetama hakata ja aktiveeruda.<br \/>\nMeie soovituseks on kohe mai l\u00f5pus v\u00f5i juuni alguses l\u00e4bi teha Aura Justeerimine&#x2122; v\u00f5i Auratransformatsioon&#x2122; kui seda pole veel tehtud (kui see ette tellida emailiga Crystalilt crystalralaksmi@gmail.com, siis saab ka parema hinna) kuna see annab siis v\u00f5imaluse l\u00e4bi teha kogu Uue Aja Tantrakooli Suveprogrammi ja kogeda k\u00f5ike veelgi v\u00f5imsamalt juba Uue Aja Kehas!<br \/>\n<strong><a href=\"https:\/\/crystalralaksmi.com\/eesti\/wp-content\/uploads\/2015\/09\/tantragroup.jpg\"><img loading=\"lazy\" decoding=\"async\" class=\"alignleft size-medium wp-image-2895\" src=\"https:\/\/crystalralaksmi.com\/eesti\/wp-content\/uploads\/2015\/09\/tantragroup-300x168.jpg\" alt=\"\" width=\"300\" height=\"168\" \/><\/a>Hoiatus!<\/strong><br \/>\nKui keegi on alles v\u00e4rskelt kas liikumas v\u00f5i liikunud Uue Aja energiatesse ja kui otsustate osta kogu Uue Aja Tantrakooli suveprogrammi korraga ja sellel osaleda, siis v\u00f5ib kehal ja vaimul ning meelel tekkida mingi hetk kas protest v\u00f5i siis \u00fclek\u00fcllus kristall- ja kuldenergiatest. Esiteks on see seep\u00e4rast et materjali ei vahenda vaid Crystal Ra, vaid ka Michael ja lisaks on nad ka Kaksikvaimud ning kogunud Aloha kristall- ja kuldenergiaid Havail elades 2 pikka aastat. Havail on ookeanis ujudes v\u00f5imalik l\u00e4bi ujuda vedelast kuldenergiast ja seda koguneb nii aurasse kui ka kehasse sellise aja jooksul v\u00e4ga palju. Seet\u00f5ttu on ka meie programm nii tihe sel suvel, kuna me soovime seda nii \u00fctelda &#8216;maha laadida&#8217; ja inimestega jagada.<br \/>\nKui keha peaks hakkama t\u00f5rkuma, siis on soovitatav kindlasti l\u00e4bi teha eraldi<a href=\"https:\/\/crystalralaksmi.com\/eesti\/teenused\/sisemise-mehe-ja-naise-tervendamine\/\"> <strong>Sisemise Perekonna siser\u00e4nnaku seansid<\/strong><\/a> (4 seanssi Crystal Ra-ga) ja seej\u00e4rel tegeleda ekstra s\u00fcgavalt iseenda maandamise ja uue aja energiate integreerimisega &#8211; l\u00e4bi looduses viibimise, teadliku toitumise ja treenimise ning v\u00f5ibolla isegi ekstra aura tasakaalustuse.<br \/>\nKui sellest teadlik olla, siis on v\u00f5imalik liikuda oma energiate integreerimises selle 2,5 kuu jooksul meiega koost\u00f6\u00f6s edasi umbes sama kiiresti mis oleks Vanades Energiates v\u00f5rdv\u00e4\u00e4rne 25 aastaga Eestis elades ja olles!!!!<br \/>\n<a href=\"https:\/\/crystalralaksmi.com\/eesti\/wp-content\/uploads\/2016\/07\/estkylluserataskor.jpg\"><img loading=\"lazy\" decoding=\"async\" class=\"alignleft size-medium wp-image-3845\" src=\"https:\/\/crystalralaksmi.com\/eesti\/wp-content\/uploads\/2016\/07\/estkylluserataskor-300x228.jpg\" alt=\"\" width=\"300\" height=\"228\" \/><\/a>Kuna Uue Aja Energiad on kordi kiirema sageduse ja tempoga peab siis ennast ise treenima sellega harjuma ja rajalt mitte k\u00f5rvale h\u00fcppama! Crystal Ra ja Michaeli energiad v\u00f5ivad aktiveerida kogu <strong>K\u00fclluse Ratta<\/strong> isegi kiiremini kui vaid viienda k\u00e4iguga!<br \/>\n***<br \/>\nMinikursus annab k\u00f5igile osalejatele kogemuse mida need teemad kehaliselt, meeleliselt ja vaimselt t\u00e4hendavad ning kuidas need saavad meie elu muuta.<br \/>\nPeale seda s\u00fcndmust peaks olema tekkinud v\u00e4ike aimdus mida endast kujutab Uue Aja Tantra ja kuidas see saab sind toetada et luua julgemalt oma unistuste elu!<br \/>\nSuvel 2019 pakume Uue Aja Tantrakooli Suveprogrammi, kus on 16 minikursust ja lisaks veel mitmeid pikemaid kursuseid. See saab olema p\u00f5nev aeg.<br \/>\nKogu suve tipphetk on suvise<strong> Uue Aja Tantra<\/strong> n\u00e4dalavahetuse retriidiga Matsalus &#8211; 2-4 august. <strong><a href=\"httpss:\/\/www.youtube.com\/watch?v=UPeli7ELl_w&amp;t=149s\">Vaata pikemat videokutset siit:\u00a0<\/a><\/strong>\u00a0<strong><a href=\"httpss:\/\/infinite-activation.mykajabi.com\/pl\/69108\">Vaata selle kohta registreerimise infot siit: <\/a><\/strong><br \/>\n<a href=\"https:\/\/crystalralaksmi.com\/eesti\/wp-content\/uploads\/2019\/03\/infinite-LIVE-D.jpg\"><img loading=\"lazy\" decoding=\"async\" class=\"alignleft size-medium wp-image-5318\" src=\"https:\/\/crystalralaksmi.com\/eesti\/wp-content\/uploads\/2019\/03\/infinite-LIVE-D-300x206.jpg\" alt=\"\" width=\"300\" height=\"206\" \/><\/a>Tantrakooli juhendajateks on\u00a0\u00a0<strong>Crystal Ra ja Michael<\/strong>. Siin on v\u00e4ike l\u00fchi\u00fclevaade meie taustast.<\/p>\n<p class=\"p1\"><span class=\"s1\"><strong>Crystal Ra<\/strong> &#8211; s\u00fcndinud ja \u00fclesse kasvanud Eestis, kuid viimased 15 aastat veetnud v\u00e4ga palju aega v\u00e4ljaspool Eestit ja reisinud 30-le maale, tal on kaks k\u00f5rgemat \u00fclikooliharidust kolmest maailmaklassi \u00fclikoolidest (Oslo, Troms\u00f8 ja Kaplinn), ta on teinud kaks dokumentaalfilmi, tal on olnud mitmeid \u00e4risid erinevatel maadel. Praegu juhib ta j\u00e4tkuvalt O\u00fc New Flow firmat Eestis mis on t\u00f6\u00f6s olnud alates 2007. aastast. Koos Michaeliga loodi Infinite Acitvationi firma, mis on registreeritud USA-s. Nende ohtrate seikluste ajal on ta \u00f5ppinud iseennast tundma, s\u00fcgavsukelduma nii oma varjudesse kui ka k\u00f5rgustesse ja l\u00e4bi erinevate maade tervendustehnikate \u00f5ppinud ennast ja oma elu tasakaalustama ja tervendama.<\/span><\/p>\n<p class=\"p1\"><span class=\"s1\"><a href=\"https:\/\/crystalralaksmi.com\/eesti\/wp-content\/uploads\/2013\/08\/hawaiibananas.jpg\"><img loading=\"lazy\" decoding=\"async\" class=\"alignleft size-medium wp-image-3464\" src=\"https:\/\/crystalralaksmi.com\/eesti\/wp-content\/uploads\/2013\/08\/hawaiibananas-225x300.jpg\" alt=\"\" width=\"225\" height=\"300\" \/><\/a>Tema suurimaks kireks on tegelemine inimestega, mida ta on juba teinud pea 20 aastat ja ka rahvusvaheliselt &#8211; nende inspireerimine, motiveerimine ja transformeerimine ning uutele algustele kutsumine. L\u00e4bivaks jooneks k\u00f5ik need aastad on olnud k\u00fclluse teemaga tegelemine, kuna k\u00f5ikides kultuurides on see omamoodi t\u00e4htis ja olulisel kohal. Tema peamiseks eesm\u00e4rgiks on inimesi mitte ainult inspireerida, vaid ka motiveeritult hakata tegutsema et hakata realiseerima oma unistusi reaalsuseks.<\/span><\/p>\n<p class=\"p1\"><span class=\"s1\">2007. aastal t\u00f5i Crystal Ra Eestisse Auratransformatsiooni&#x2122; ja k\u00e4ivitas antud tehnika t\u00f6\u00f6 Eestis, mille ajal osales ka Aurainstruktorite koolitusel ja koolitas v\u00e4lja koost\u00f6\u00f6s Berit Hickmaniga Eesti esimesed Auratransformaatorid. Peale seda t\u00f5i Crystal Ra maale mitmeid tantra\u00f5petajaid, kelledega k\u00e4is tihe koost\u00f6\u00f6 v\u00e4ga palju aastaid. See andis talle ka parima koolituse kuidas hoida ruumi, kuidas olla grupiprotsesside ja d\u00fcnaamikate juhtija.<\/span><\/p>\n<p class=\"p1\"><span class=\"s1\">Peale seda on Crystal Ra tegelenud meelemustrite muutmistehnikatega nii nagu ka paljude uue aja nippidega ja juhtinud v\u00e4ga palju online koolitusi oma reiside ajal.<\/span><\/p>\n<p class=\"p1\"><span class=\"s1\">Aastal 2013 formaliseerus tema enda veeteraapia Wantra nime alla, mis on praeguseks kujunenud tema lemmiktehnikaks inimestega tegelemiseks, eriti nendega kelledel on vee hirmud v\u00f5i kes ei oska ujuda v\u00f5i kes soovivad s\u00fcgavl\u00f5dvestuda. 2007-aastast alates on Crystal Ra juhtinud erinevaid seikluskoolitusi looduses &#8211; Norras, Mehhikos, Eestis ja ka Havail. Uued sihtkohad on lisandumas. See on k\u00f5ige p\u00f5nevam moodus tutvuda iseendaga ja ka maailmaga. Havai on neist kohtadest siiani parim ja v\u00f5imsam klassiruum maailmas.<\/span><\/p>\n<p class=\"p1\"><span class=\"s1\"><a href=\"https:\/\/crystalralaksmi.com\/eesti\/wp-content\/uploads\/2013\/08\/michaelportrait.jpg\"><img loading=\"lazy\" decoding=\"async\" class=\"alignleft size-medium wp-image-3990\" src=\"https:\/\/crystalralaksmi.com\/eesti\/wp-content\/uploads\/2013\/08\/michaelportrait-272x300.jpg\" alt=\"\" width=\"272\" height=\"300\" \/><\/a><strong>Michael<\/strong> on p\u00e4rit L\u00f5una Californiast kus ta \u00fchel hetkel omas ja juhtis viite firmat. \u00dchel hetkel m\u00fc\u00fcs ta maha k\u00f5ik oma \u00e4rid ja purjetas 10 aastat m\u00f6\u00f6da Mehhiko l\u00e4\u00e4nerannikut. Nende seikluste ajal \u00f5ppis ta \u00e4ra kas ja kuidas luua j\u00e4tkusuutlikuid s\u00fcsteeme ja sturktuure, selleks et elada t\u00e4ielikult oma unistust iseenda tingimustel. Michaelil on v\u00e4ga tugev finantstaust ja ta oskab v\u00e4ga teadlikult ja inspireerivalt inimesi juhendada oma Finantsilise Vabaduse maailma.<\/span><\/p>\n<p class=\"p1\"><span class=\"s1\">Alates hetkest kui Michael kohtus Crystal Ra-ga on ta \u00f5ppinud ja sukeldunud v\u00e4ga s\u00fcgavalt ka vaimsete praktikate maailma. \u00dcks k\u00f6itvamaid on tantra. Michaelil on v\u00e4ga hea ja naturaalne v\u00f5ime hoida turvaruumi nii nagu ka v\u00e4ga teadlik ja v\u00f5imas puudutus ning peale k\u00f5ige muu on ta t\u00e4ielik kuningas oma olemuselt. V\u00e4ga paljudel on olnud v\u00f5imalus l\u00e4bi tema armastuse ja kohalolu avarduda ja terveneda. Sellel suvel avab Michael ka suuremalt v\u00f5imalused temaga koost\u00f6\u00f6ks ja teraapiaseanssideks Eestis.<\/span><\/p>\n<p class=\"p1\"><span class=\"s1\">Crystal Ra on Michaelilt \u00f5ppinud palju eelarve, plaanimise ja struktuuride ja s\u00fcsteemide kohta, mis on teinud loomise kordi kergemaks ja ka tulemuslikumaks kui eales varem!<\/span><\/p>\n<p class=\"p1\"><span class=\"s1\"><a href=\"https:\/\/crystalralaksmi.com\/eesti\/wp-content\/uploads\/2016\/01\/michaelmesmallcarrisitos.jpg\"><img loading=\"lazy\" decoding=\"async\" class=\"alignleft size-medium wp-image-3314\" src=\"https:\/\/crystalralaksmi.com\/eesti\/wp-content\/uploads\/2016\/01\/michaelmesmallcarrisitos-300x278.jpg\" alt=\"\" width=\"300\" height=\"278\" \/><\/a>Crystal Ra ja Michael kohtusid 2014 aasta detsembris Mehhikos ja 2017. aastal abielluti Havail. Selle aja jooksul on \u00f5pitud palju Kaksikvaimude suhtest ja ka kas ja kuidas k\u00f5ike \u00f5nnelikult ja harmoonias t\u00f6\u00f6s hoida. Veebruaris 2019 ilmus ka raamat &#8216;Spirit Mates&#8217; Anni &amp; Carsten Sennovi poolt kus nende armastuse lugu on jagatud (rootsi ja inglise keeles).<\/span><\/p>\n<p class=\"p1\"><span class=\"s1\">Nende \u00fchine elu\u00fclesanne on \u00fchildada m\u00f5lema teadmised, oskused ja sisemine kasv ning kasutada seda oma klientidele panustamiseks ja koost\u00f6\u00f6ks. Nende lemmikud antud teemade jagamiseks on LIVE workshopid, tutumis\u00f5htud, k\u00f5ned, minikoolitused ja muidugi seiklusretriidid. Nende uue aja energiad ja ka Kaksikvaimu energiad aktiveerivad k\u00f5ik kohalolijad soovima rohkem ja looma rohkem oma elu iseenda tingimustel nii et unistused muutuvadki reaalsuseks!<\/span><\/p>\n<p>***<br \/>\nOleme v\u00e4ga \u00f5nnistatud v\u00f5imaluste \u00fcle sel suvel pakkuda imelisi minikoolitusi, kohtumisi ja seansse k\u00f5ikide nendega kes on valmis meiega koos voolama, avarduma ja vabanema!<br \/>\n<strong>V\u00f5ta meiega \u00fchendust<\/strong> &#8211; infiniteactivation @ gmail.com v\u00f5i FB @infiniteactivation.<br \/>\nImeliste Aloha kallideni,<br \/>\nCrystal Ra ja Michael Havailt<br \/>\n<div id=\"attachment_5335\" style=\"width: 970px\" class=\"wp-caption aligncenter\"><a href=\"https:\/\/crystalralaksmi.com\/eesti\/wp-content\/uploads\/2019\/04\/infiniteactivationinaction.jpg\"><img loading=\"lazy\" decoding=\"async\" aria-describedby=\"caption-attachment-5335\" class=\"wp-image-5335 size-large\" src=\"https:\/\/crystalralaksmi.com\/eesti\/wp-content\/uploads\/2019\/04\/infiniteactivationinaction-1024x812.jpg\" alt=\"\" width=\"960\" height=\"761\" \/><\/a><p id=\"caption-attachment-5335\" class=\"wp-caption-text\">Aloha kohtumisteni Eestis juba sel suvel!<\/p><\/div><\/p>\n<span class=\"et_bloom_bottom_trigger\"><\/span>","protected":false},"excerpt":{"rendered":"<p>Loe l\u00e4hemalt mida kujutab endast Uue Aja Tantra ja kes on selle taga?\u00a0<\/p>\n","protected":false},"author":1,"featured_media":224892,"parent":224785,"menu_order":0,"comment_status":"closed","ping_status":"closed","template":"","meta":{"_acf_changed":false,"_et_pb_use_builder":"","_et_pb_old_content":"","_et_gb_content_width":"","footnotes":""},"class_list":["post-5334","page","type-page","status-publish","has-post-thumbnail","hentry"],"acf":[],"_links":{"self":[{"href":"https:\/\/crystalralaksmi.com\/eesti\/wp-json\/wp\/v2\/pages\/5334","targetHints":{"allow":["GET"]}}],"collection":[{"href":"https:\/\/crystalralaksmi.com\/eesti\/wp-json\/wp\/v2\/pages"}],"about":[{"href":"https:\/\/crystalralaksmi.com\/eesti\/wp-json\/wp\/v2\/types\/page"}],"author":[{"embeddable":true,"href":"https:\/\/crystalralaksmi.com\/eesti\/wp-json\/wp\/v2\/users\/1"}],"replies":[{"embeddable":true,"href":"https:\/\/crystalralaksmi.com\/eesti\/wp-json\/wp\/v2\/comments?post=5334"}],"version-history":[{"count":0,"href":"https:\/\/crystalralaksmi.com\/eesti\/wp-json\/wp\/v2\/pages\/5334\/revisions"}],"up":[{"embeddable":true,"href":"https:\/\/crystalralaksmi.com\/eesti\/wp-json\/wp\/v2\/pages\/224785"}],"wp:featuredmedia":[{"embeddable":true,"href":"https:\/\/crystalralaksmi.com\/eesti\/wp-json\/wp\/v2\/media\/224892"}],"wp:attachment":[{"href":"https:\/\/crystalralaksmi.com\/eesti\/wp-json\/wp\/v2\/media?parent=5334"}],"curies":[{"name":"wp","href":"https:\/\/api.w.org\/{rel}","templated":true}]}}