{"id":5727,"date":"2020-01-19T02:58:38","date_gmt":"2020-01-19T02:58:38","guid":{"rendered":"https:\/\/naenshop.eu\/crystaltest\/?page_id=5727"},"modified":"2020-01-19T02:58:38","modified_gmt":"2020-01-19T02:58:38","slug":"holistilise-koikvoimsuse-taaskaivituse-retriit","status":"publish","type":"page","link":"https:\/\/crystalralaksmi.com\/eesti\/holistilise-koikvoimsuse-taaskaivituse-retriit\/","title":{"rendered":"Holistilise K\u00f5ikv\u00f5imsuse Taask\u00e4ivituse Retriit"},"content":{"rendered":"<p><a href=\"https:\/\/crystalralaksmi.com\/eesti\/wp-content\/uploads\/2016\/05\/crystalparjatud.jpg\"><img loading=\"lazy\" decoding=\"async\" class=\"size-medium wp-image-3851 alignleft\" src=\"https:\/\/crystalralaksmi.com\/eesti\/wp-content\/uploads\/2016\/05\/crystalparjatud-300x279.jpg\" alt=\"\" width=\"300\" height=\"279\" \/><\/a>Aloha imelised kaasmaalased!<\/p>\n<p>Sellel kevadel on sul erakordne v\u00f5imalus minuga ka isiklikult Eestis kohtuda, koost\u00f6\u00f6d teha, Wantra seanssidega vees sulistada, liikuda Uude Energiasse, tasakaalustada v\u00f5i hooldada oma keha, vaimu ja meelt minuga koost\u00f6\u00f6s minu kevadretriidil. <strong>\u00dcheks selliseks v\u00e4ga v\u00f5imsaks v\u00f5imaluseks on tulla minu retriidile 5- 7 juuni Matsalus Algallikal.\u00a0 Loe lisa ja TEGUTSE et see minuga koos luua!<\/strong><!--more--><\/p>\n<p><strong><a href=\"https:\/\/youtu.be\/L1JQpRUK8yU\">Vaata retriidi videokutset siit:\u00a0<\/a><\/strong><\/p>\n<p><strong>Retriidi v\u00f5imalikud teemad:\u00a0<\/strong><\/p>\n<p>Selleks et retriit saaks loodud k\u00f5ige m\u00f5nusamatest ja huvi pakkuvamatest teemadest on igal osalejal anda oma valik teemade valikul. Vaata siit minu teemade pakkumisi.<\/p>\n<p>Huvi korral emaili mulle oma huvinimekirja t\u00e4hed koos oma eelistustega &#8211; 1 m\u00e4rgib k\u00f5ige v\u00e4iksemat huvi ja 10 k\u00f5ige suuremat huvi ja lisa soovi korral ka oma huvid kui neid pole m\u00e4rgitud. Sedasi koosloome s\u00fcndmuse kus on t\u00f5eline kahesuunaline liiklus.<\/p>\n<ul>\n<li><strong>a) Uue Aja Energiates Loomise Valemid<\/strong> ja nipid (isegi kui sa pole s\u00fcndinud kas 1995. aastal v\u00f5i l\u00e4bi teinud Aura justeerimist v\u00f5i Auratransformatsiooni&#x2122;) siis Uus Energia m\u00f5jutab meid k\u00f5iki ja mida aeg edasi &#8211; seda rohkem ja rohkem.<\/li>\n<li><strong>b) 4 elemendi (tuli,vesi, maa, \u00f5hk) t\u00e4htsus Uue Aja Loomises<\/strong> ja kuidas seda endas kaardistada, teistes n\u00e4ha ja oma elus ka k\u00fclluse k\u00e4ivitamiseks kasutada?<\/li>\n<li><strong>c) Sisemise Pere (laps, naine, mees) osat\u00e4htsus meie suhtes iseendaga ja teistega, oma Kakskivaimu leidmisel<\/strong><\/li>\n<li><strong>d) Elu\u00fclesannete leidmise nippe ja t\u00f6\u00f6riistu<\/strong> mida saad ka koheselt t\u00f6\u00f6sse panna<\/li>\n<li><strong>e) Wantra veeteraapia maagia grupiga kehasoojas vees &#8211; seda soovitaksin k\u00f5igil valida esmaseks teemaks kuna kui sa pole seda kogenud &#8211; sa ei tea kui hea see on!!!<\/strong><\/li>\n<li><strong>f) Merineitsi jooga maa<\/strong> peal hommikuti<\/li>\n<li><strong>g) Uue Aja tehnikad Keha, Meele ja Vaimu puhastamiseks, taask\u00e4ivitamiseks ja tervenduseks ja tasakaalus hoidmiseks\u00a0<\/strong><\/li>\n<li><strong>h) K\u00fclluse Ratta t\u00e4htsus Uue Aja Elus<\/strong> ja kuidas seda k\u00e4ivitada<\/li>\n<li><strong>i) L\u00fchi\u00fclevaade seksuaalsuse, suhete, tervise, elu\u00fclesande ja holistilise k\u00fclluse teemadest<\/strong><\/li>\n<li><strong>j) Uue Aja Tantra<\/strong> &#8211; milline on tantra neile kelledel on vaid 3 v\u00f5i 1 chakra?<\/li>\n<li><strong>k) Avatud Uue Aja Suhted<\/strong><\/li>\n<li><strong>l) Kui su elus on UUS ALGUS kuidas see k\u00f5ige kiiremini saada toimima Iseenda tingimustel?<\/strong><\/li>\n<li><strong>m) Loomine indigo, kristall ja kuldenergiates<\/strong><\/li>\n<li><strong>n) Mida peale hakata teemantenergiatega?\u00a0<\/strong><\/li>\n<li><strong>o) Mees- ja naisenergiate tervendamisest, tasakaalustamisest ja taask\u00e4ivitusest<\/strong><\/li>\n<li><strong>p) Hawaii seiklusretriidi videod ja lood ning kuidas seda unistust kiiresti realiseerida?\u00a0<\/strong><\/li>\n<li><strong>r) Vee hirmu ja teiste hirmude \u00fcletamine ja l\u00e4bimine<\/strong><\/li>\n<li><strong>s) Kuldsete terviklike harjumuste sisseviimine<\/strong><\/li>\n<li><strong>t) Sinu soovitatud teema v\u00f5i teemad\u00a0<\/strong><\/li>\n<\/ul>\n<p><strong><a href=\"https:\/\/crystalralaksmi.com\/eesti\/wp-content\/uploads\/2016\/05\/budhamatsalu.jpg\"><img loading=\"lazy\" decoding=\"async\" class=\"size-medium wp-image-3655 alignleft\" src=\"https:\/\/crystalralaksmi.com\/eesti\/wp-content\/uploads\/2016\/05\/budhamatsalu-300x200.jpg\" alt=\"\" width=\"300\" height=\"200\" \/><\/a>Retriidi tasu<\/strong><\/p>\n<p>Retriidi osalustasu on 300 eurot inimese pealt. See sisaldab nii programmi, tervislikku men\u00fc\u00fcd kui ka majutus jagatud tubades ja \u00fchte sauna\u00f5htut.<\/p>\n<p>Selleks et retriit toimuks, peaks <strong>olema registreerinud v\u00e4hemalt 15 inimest koos oma ettemaksu laekumistega (150 eurot) hiljemalt 4. aprilliks.<\/strong> Kui seda pole juhtunud siis s\u00fcndmust ei toimu ja kes on eelnevalt maksnud, nende raha makstakse tagasi.<\/p>\n<p>Juhul kui on soovi &#8211; on v\u00f5imalus ettemaks maksta kahes osas veebruaris 75 eurot ja m\u00e4rtsis 75 eurot. J\u00e4rgnevad maksed tuleksid siis samas summas aprillis ja mais nii et hiljemalt 1. juuniks\u00a0 on kogusumma retriidi eest laekunud (300 eurot) kui pole kokku lepitud teisiti. <strong>Kui sa soovid saada varajase registreerija erihinda siis see on t\u00f6\u00f6s veel kuni 31. jaanuarini ja selle hind on 275 eurot kui makstakse kogu osalussumma korraga.\u00a0<\/strong><\/p>\n<p>Osalussummad saad maksta <strong>O\u00fc New Flow ettemaksude arvele EE442200221062707625 m\u00e4rkega Matsalu Retriit.<\/strong> Kui sa soovid oma firmale arvet, siis anna teada ja saame selle eelnevalt \u00e4ra teha.<\/p>\n<p><strong>Retriidi juht Crystal Ra Laksmi Ditton <\/strong><\/p>\n<p><strong>(Norra, Mehhiko, Havai, San Diego, Eesti)<\/strong><\/p>\n<p><strong><a href=\"https:\/\/crystalralaksmi.com\/eesti\/minust\/bio\/\">Crystal Ra t\u00e4ielikku elulugu saad lugeda siit:<\/a><\/strong><\/p>\n<div id=\"attachment_5162\" style=\"width: 310px\" class=\"wp-caption alignleft\"><a href=\"https:\/\/crystalralaksmi.com\/eesti\/wp-content\/uploads\/2018\/12\/floweringcrystal.jpg\"><img loading=\"lazy\" decoding=\"async\" aria-describedby=\"caption-attachment-5162\" class=\"size-medium wp-image-5162\" src=\"https:\/\/crystalralaksmi.com\/eesti\/wp-content\/uploads\/2018\/12\/floweringcrystal-300x209.jpg\" alt=\"\" width=\"300\" height=\"209\" \/><\/a><p id=\"caption-attachment-5162\" class=\"wp-caption-text\">Aloha tervitusi k\u00f5igile!<\/p><\/div>\n<p class=\"p1\"><span class=\"s1\">Olen <b>Crystal Ra Laksmi-Ditton<\/b> &#8211; maailmar\u00e4ndur kes on julgenud kohtuda tundmatusega nii siin kui sealpool ookeane, m\u00e4gede tippudes, orgudes, erinevates maades, kontinentidel ja ka inimestes. Need seiklused on \u00f5petanud m\u00f5istma elu holistilist k\u00fcllust ja Uue Aja Energiate toimemehhanisme nii nagu otseteid oma s\u00fcgava s\u00fcdame avardumise ja olemuseni, mis n\u00e4itab teed sisemiste peidetud aarete &#8211; meie talentideni. Neid aktiveerides saame hakata manifesteerima oma <b>Sisemisi Muinasjutte<\/b> oma <b>Unistuste Reaalsuseks<\/b> iseendi tingimustel. See on minu \u00fclesanne aidata neil kes on valmis iseenda <b>Holistilist K\u00fcllust<\/b> aktiveerima teha esimesed sammud sellel teel. Ja ma tean et need kes hakkavad ka neid nippe kasutama &#8211; hakkavad oma elu koheselt ka muutma! Olgem valmis imeliseks uueks seikluseks imeliste \u00fcllatustega!\u00a0<\/span><\/p>\n<p>Paljud on jaganud et minuga koos olemine ja koos loomine on neid v\u00e4ga v\u00f5imsalt aktiveerinud n\u00e4gema ja m\u00f5istma elu teistmoodi ning aidanud neil endaga parema kontakti saada. Kui sa oled ka juba Uues Energias, siis see v\u00f5imendub veelgi kuna k\u00e4in ja toimetan regulaarselt ka Havail ja seet\u00f5ttu on mu energiad alati v\u00e4ga v\u00f5imsalt kaasaajastatud selle planeedi \u00fche k\u00f5rgema v\u00e4eenergia keskusega. Ma olen l\u00e4bin\u00e4gelik ja armastan l\u00e4bipaistvust k\u00f5igis inimestes. Elamine oma t\u00f5e ja s\u00fcdamega koost\u00f6\u00f6s on suur katsumus aga aitab luua elu ja elukvaliteedi mis tekitab v\u00f5imalusi ennast ja oma elu igal tasandil realiseerida ja seda ka teistes k\u00e4ivitada ja meelde tuletada.<\/p>\n<p>Mul on imeline au olla sinu teejuhiks sellel imelisel n\u00e4dalavahetuse retriidil mida me koos loome!<\/p>\n<p>Aloha kallistusteni,<\/p>\n<p>Crystal Ra &lt;3<\/p>\n<p>&nbsp;<\/p>\n<span class=\"et_bloom_bottom_trigger\"><\/span>","protected":false},"excerpt":{"rendered":"<p>Aloha imelised kaasmaalased! Sellel kevadel on sul erakordne v\u00f5imalus minuga ka isiklikult Eestis kohtuda, koost\u00f6\u00f6d teha, Wantra seanssidega vees sulistada, liikuda Uude Energiasse, tasakaalustada v\u00f5i hooldada oma keha, vaimu ja [&hellip;]<\/p>\n","protected":false},"author":5,"featured_media":5751,"parent":0,"menu_order":0,"comment_status":"closed","ping_status":"closed","template":"","meta":{"_acf_changed":false,"_et_pb_use_builder":"","_et_pb_old_content":"","_et_gb_content_width":"","footnotes":""},"class_list":["post-5727","page","type-page","status-publish","has-post-thumbnail","hentry"],"acf":[],"_links":{"self":[{"href":"https:\/\/crystalralaksmi.com\/eesti\/wp-json\/wp\/v2\/pages\/5727","targetHints":{"allow":["GET"]}}],"collection":[{"href":"https:\/\/crystalralaksmi.com\/eesti\/wp-json\/wp\/v2\/pages"}],"about":[{"href":"https:\/\/crystalralaksmi.com\/eesti\/wp-json\/wp\/v2\/types\/page"}],"author":[{"embeddable":true,"href":"https:\/\/crystalralaksmi.com\/eesti\/wp-json\/wp\/v2\/users\/5"}],"replies":[{"embeddable":true,"href":"https:\/\/crystalralaksmi.com\/eesti\/wp-json\/wp\/v2\/comments?post=5727"}],"version-history":[{"count":0,"href":"https:\/\/crystalralaksmi.com\/eesti\/wp-json\/wp\/v2\/pages\/5727\/revisions"}],"wp:featuredmedia":[{"embeddable":true,"href":"https:\/\/crystalralaksmi.com\/eesti\/wp-json\/"}],"wp:attachment":[{"href":"https:\/\/crystalralaksmi.com\/eesti\/wp-json\/wp\/v2\/media?parent=5727"}],"curies":[{"name":"wp","href":"https:\/\/api.w.org\/{rel}","templated":true}]}}