{"id":6005,"date":"2020-04-20T00:39:24","date_gmt":"2020-04-19T21:39:24","guid":{"rendered":"https:\/\/naenshop.eu\/crystaltest\/?page_id=6005"},"modified":"2021-09-09T22:32:46","modified_gmt":"2021-09-09T19:32:46","slug":"crystal-ra-meistriklubi","status":"publish","type":"page","link":"https:\/\/crystalralaksmi.com\/eesti\/tootedpakkumised\/crystal-ra-meistriklubi\/","title":{"rendered":"Crystal Ra Meistriklubi"},"content":{"rendered":"<p><a href=\"https:\/\/crystalralaksmi.com\/eesti\/wp-content\/uploads\/2020\/04\/Untitled-design-21.jpg\"><img loading=\"lazy\" decoding=\"async\" class=\"alignleft size-full wp-image-6008\" src=\"https:\/\/crystalralaksmi.com\/eesti\/wp-content\/uploads\/2020\/04\/Untitled-design-21.jpg\" alt=\"\" width=\"300\" height=\"300\" \/><\/a>Aloha,<\/p>\n<p class=\"p1\"><span class=\"s1\">Crystal Ra Meistriklubi annab palju v\u00f5imalusi ja ideid kuidas kergemini ja teadlikumalt sukelduda oma sisemaailma ning kuidas seal paremini navigeerida. Igal kuul on mahlakas sisu, kingitused endale, v\u00e4ek\u00fcsimus ja julguse harjutused ja \u00fcks intervjuu p\u00f5neva ning inspireeriva inimesega, kes juba elab oma unistusi iseenda tingimustel. Kogu materjal on kokku pandud ja \u00fclesse ehitatud Uue Aja Energiate toel ning erinevad juhised kuidas materjaliga toimetada aitab seda paremini integreerida ja oma elustiiliga \u00fchendada. See Meistriklubi sobib just neile kellele meeldib endasse, oma ellu ja teemadesse s\u00fcgavuti sukelduda.\u00a0<\/span><\/p>\n<p><strong>Alates 1.04.2021 on saadaval vaid selle programmi iseseisva \u00f5ppe programm. Kui sa soovid Crystal Ra coachingut sinna lisada, siis see v\u00f5imalus on alati lisatasu eest olemas.\u00a0<\/strong><\/p>\n<p class=\"p1\"><span class=\"s1\"><b>Kui sa oled valmis s\u00fcgavsukeldumiseks iseendasse, siis h\u00fcppa pardale!<\/b><\/span><\/p>\n<p class=\"p2\"><span class=\"s1\"><b>Materjal sisaldab:<\/b><\/span><\/p>\n<ul class=\"ul1\">\n<li class=\"li2\"><b><\/b><span class=\"s1\"><b>12 Meistriklassi &#8211; ca 150 PDF lehek\u00fclge juhistega iseendasse s\u00fcgavuti navigeerimiseks<\/b><\/span><\/li>\n<li class=\"li2\"><b><\/b><span class=\"s1\"><b>Igakuine v\u00e4ek\u00fcsimus, mis aktiveerib su loomist keha-, meele- ja vaimu tasandil<\/b><\/span><\/li>\n<li class=\"li2\"><b><\/b><span class=\"s1\"><b>Igakuised julguse harjutused, mis aitavad sul su mugavustsoonist v\u00e4lja astuda kui sa seda valid<\/b><\/span><\/li>\n<li class=\"li2\"><b><\/b><span class=\"s1\"><b>Kingitused Iseendale et sa saaksid kogu materjali oma keha, meele ja vaimuga t\u00e4ielikult integreerida<\/b><\/span><\/li>\n<li class=\"li2\"><b><\/b><span class=\"s1\"><b>\u00dcle 12 tunni videointervjuusid p\u00f5nevate inimestega kes juba elavad oma unistusi iseenda tingimustel<\/b><\/span><\/li>\n<\/ul>\n<p class=\"p2\"><span class=\"s1\"><b>Boonused:<\/b><\/span><\/p>\n<ul class=\"ul1\">\n<li class=\"li2\"><b><\/b><span class=\"s1\"><b>\u00dcle viie tunni videomaterjali<\/b><\/span><\/li>\n<li class=\"li2\"><b><\/b><span class=\"s1\"><b>Uue Aja Haldamise Kiirkursus (1 tund ja 19 minutit video koos 54 slaidiga)<\/b><\/span><\/li>\n<li class=\"li2\"><b><\/b><span class=\"s1\"><b>Boonusvideo k\u00fcsimuste ja vastustega<\/b><\/span><\/li>\n<li class=\"li2\"><b><\/b><span class=\"s1\"><b>12 Live-i lindistust mis v\u00f5tab fookusesse osalejate teemad ja k\u00fcsimused koos Crystal Ra coachinguga<\/b><\/span><\/li>\n<li class=\"li2\"><b><\/b><span class=\"s1\"><b>Vabakirjutamise harjutused<\/b><\/span><\/li>\n<li class=\"li2\"><b><\/b><span class=\"s1\"><b>Lihtsad tervisenipid<\/b><\/span><\/li>\n<li class=\"li2\"><b><\/b><span class=\"s1\"><b>Talentide m\u00e4ngu juhiste video<\/b><\/span><\/li>\n<li class=\"li2\"><b><\/b><span class=\"s1\"><b>Sisemise Pere ja Kolme Minaga kohtumise sissejuhatav Meditatsioon<\/b><\/span><\/li>\n<li class=\"li2\"><b><\/b><span class=\"s1\"><b>Oma V\u00e4e Tagasitoomise Meditatsioon<\/b><\/span><\/li>\n<\/ul>\n<p>***<\/p>\n<ul>\n<li><strong>Kas sa tunned et sa armastad iseendaga tegeleda, aga vajad natuke lisasuunamist ja ruumihoidmist?\u00a0<\/strong><\/li>\n<li><strong>Kas sa tunned et sooviksid ka saada lisainspiratsiooni l\u00e4bi p\u00f5nevate inimeste intervjuude ja samas ka saada kogemust kuidas Crystal Ra coachib grupi LIVE videodes?<\/strong><\/li>\n<li><strong>Sul on selge pilt et sul on enesearengus vaja v\u00e4list tuge ja suunamist ja sa oled otsinud kuidas seda teha?\u00a0<\/strong><\/li>\n<\/ul>\n<p>Kui jah siis see programm on just sulle!<\/p>\n<p>Igal kuul saad iseseisvad materjalid, mida l\u00e4bi lugeda, vaadata ja t\u00f6\u00f6tada sulle sobivas tempos.\u00a0\u00a0See on iseiseisvale endaga tegelejale, kellel ei ole v\u00e4ga palju aega \u00fcle, aga piisavalt et endasse vaadata. Kui sa soovid kindel olla et oled programmiga j\u00e4rjel on vaja kindlasti ka \u00fcle keskmise distsipliini. Kui vajad lisatuge enda rajal hoidmiseks on hea soovitus tellida lisaks 1-1-le coaching Crystal Ra-ga (lisatasu eest).<\/p>\n<p><strong>Crystal Ra Meistriklubi<\/strong> on Crystal Ra VIP klubi uuendatud versioon. 12 kuud inspiratsiooni ja v\u00f5imalusi s\u00fcgavsukelduda.<\/p>\n<ul>\n<li>Vaata siit:\u00a0<span style=\"color: #000080;\"><strong><a style=\"color: #000080;\" href=\"https:\/\/crystalralaksmi.com\/eesti\/wp-content\/uploads\/2020\/04\/Crystal-Ra-Meistriklubi-Sisukord-1.pdf\">Crystal Ra Meistriklubi Sisukord<\/a>a<\/strong><\/span><\/li>\n<li>Vaata siit intervjuude \u00fclevaadet<strong>:\u00a0<span style=\"color: #000080;\"><a style=\"color: #000080;\" href=\"https:\/\/crystalralaksmi.com\/eesti\/wp-content\/uploads\/2020\/04\/Crystal-Ra-Meistriklubi-Intervjuude-sisukord.pdf\">Crystal Ra Meistriklubi Intervjuude sisukord<\/a><\/span><\/strong><\/li>\n<li><strong><a href=\"https:\/\/infinite-activation.mykajabi.com\/crystal_ra_meistriklubi\">Liitu Meistriklubiga siit (seal on kaks maksev\u00f5imalust &#8211; kuumaksed ja kogu aasta makse):\u00a0<\/a><\/strong><\/li>\n<\/ul>\n<p>Imelise kohtumiseni!<\/p>\n<p>Crystal Ra<\/p>\n<p><a href=\"https:\/\/crystalralaksmi.com\/eesti\/wp-content\/uploads\/2020\/02\/Clove-Real-Estate.jpg\"><img loading=\"lazy\" decoding=\"async\" class=\"alignleft size-large wp-image-5876\" src=\"https:\/\/crystalralaksmi.com\/eesti\/wp-content\/uploads\/2020\/02\/Clove-Real-Estate-1024x1024.jpg\" alt=\"\" width=\"960\" height=\"960\" \/><\/a><\/p>\n<p>&nbsp;<\/p>\n<p>&nbsp;<\/p>\n<p>&nbsp;<\/p>\n<p>&nbsp;<\/p>\n<p>&nbsp;<\/p>\n<p>&nbsp;<\/p>\n<p>&nbsp;<\/p>\n<p>&nbsp;<\/p>\n<p>&nbsp;<\/p>\n<p>&nbsp;<\/p>\n<p>&nbsp;<\/p>\n<p>&nbsp;<\/p>\n<p class=\"p1\"><span class=\"s1\"><b>** Meie roll on sind toetada ja assisteerida sinu eesm\u00e4rkide saavutamisel, aga su edu s\u00f5ltub peamiselt su enda panusest, motivatsioonist\u00a0 ja p\u00fchendumisest ning praktiseerimisest. Me ei saa ennustada sinu tulemusi ja ka garanteerida et sa saavutad teatud tulemused kasutades infot mida saad Infinite Activationi &amp; New Flow firmadelt. Ostes selle programmi paketi kinnitad, et saad aru et iga osaleja tulemused s\u00f5ltuvad tema taustast, p\u00fchendumisest ja teistest faktoritest.<\/b><\/span><\/p>\n<p>&nbsp;<\/p>\n<p>&nbsp;<\/p>\n<span class=\"et_bloom_bottom_trigger\"><\/span>","protected":false},"excerpt":{"rendered":"<p>Aloha, Crystal Ra Meistriklubi annab palju v\u00f5imalusi ja ideid kuidas kergemini ja teadlikumalt sukelduda oma sisemaailma ning kuidas seal paremini navigeerida. Igal kuul on mahlakas sisu, kingitused endale, v\u00e4ek\u00fcsimus ja [&hellip;]<\/p>\n","protected":false},"author":5,"featured_media":6009,"parent":224785,"menu_order":0,"comment_status":"closed","ping_status":"closed","template":"","meta":{"_acf_changed":false,"_et_pb_use_builder":"","_et_pb_old_content":"","_et_gb_content_width":"","footnotes":""},"class_list":["post-6005","page","type-page","status-publish","has-post-thumbnail","hentry"],"acf":[],"_links":{"self":[{"href":"https:\/\/crystalralaksmi.com\/eesti\/wp-json\/wp\/v2\/pages\/6005","targetHints":{"allow":["GET"]}}],"collection":[{"href":"https:\/\/crystalralaksmi.com\/eesti\/wp-json\/wp\/v2\/pages"}],"about":[{"href":"https:\/\/crystalralaksmi.com\/eesti\/wp-json\/wp\/v2\/types\/page"}],"author":[{"embeddable":true,"href":"https:\/\/crystalralaksmi.com\/eesti\/wp-json\/wp\/v2\/users\/5"}],"replies":[{"embeddable":true,"href":"https:\/\/crystalralaksmi.com\/eesti\/wp-json\/wp\/v2\/comments?post=6005"}],"version-history":[{"count":1,"href":"https:\/\/crystalralaksmi.com\/eesti\/wp-json\/wp\/v2\/pages\/6005\/revisions"}],"predecessor-version":[{"id":225764,"href":"https:\/\/crystalralaksmi.com\/eesti\/wp-json\/wp\/v2\/pages\/6005\/revisions\/225764"}],"up":[{"embeddable":true,"href":"https:\/\/crystalralaksmi.com\/eesti\/wp-json\/wp\/v2\/pages\/224785"}],"wp:featuredmedia":[{"embeddable":true,"href":"https:\/\/crystalralaksmi.com\/eesti\/wp-json\/"}],"wp:attachment":[{"href":"https:\/\/crystalralaksmi.com\/eesti\/wp-json\/wp\/v2\/media?parent=6005"}],"curies":[{"name":"wp","href":"https:\/\/api.w.org\/{rel}","templated":true}]}}