{"id":6396,"date":"2020-11-10T03:56:15","date_gmt":"2020-11-10T03:56:15","guid":{"rendered":"https:\/\/naenshop.eu\/crystaltest\/?page_id=6396"},"modified":"2020-11-10T03:56:15","modified_gmt":"2020-11-10T03:56:15","slug":"uue-aja-numeroloogia-kursuse-tutvustus","status":"publish","type":"page","link":"https:\/\/crystalralaksmi.com\/eesti\/uue-aja-numeroloogia-kursuse-tutvustus\/","title":{"rendered":"Uue Aja Numeroloogia Kursuse tutvustus"},"content":{"rendered":"<p><strong><a href=\"https:\/\/crystalralaksmi.com\/eesti\/wp-content\/uploads\/2020\/11\/52.jpg\"><img loading=\"lazy\" decoding=\"async\" class=\"alignleft size-medium wp-image-6393\" src=\"https:\/\/crystalralaksmi.com\/eesti\/wp-content\/uploads\/2020\/11\/52-300x169.jpg\" alt=\"\" width=\"300\" height=\"169\" \/><\/a><\/strong><\/p>\n<p>Septembris 2020 toimus esimene <strong>Uue Aja Numeroloogia<\/strong> minikursus. Siin saad esmase info et v\u00e4lja selgitada kas see kursus on midagi sulle. Vaata l\u00e4bi k\u00f5ik k\u00fcsimused ja vastused ning kui sul on programmi suhtes lisak\u00fcsimusi, v\u00f5ta kindlasti \u00fchendust.<\/p>\n<p><b>? MIS ON OPTIMAALSEM PROGRAMMI L\u00c4BIMISE AEG?<\/b><\/p>\n<p>Sa v\u00f5id ise valida kas ja kui kiiresti antud programmi l\u00e4bid.<\/p>\n<p>Kui sa valid selle l\u00e4bi k\u00e4ia t\u00e4iesti iseseisvalt siis on mu soovitus siiski endale panna mingid t\u00e4htajad kuna vastasel juhul j\u00e4\u00e4b materjal lihtsalt seisma. On v\u00e4ga tark ka endale leida keegi p\u00f5nev kaasseikleja kes on ka programmi ostnud, et saaksite koos ennast j\u00e4rjel hoida.<\/p>\n<p>Maksimaalne minimaalne aeg programmi l\u00e4bimiseks oleks<b> viis n\u00e4dalat<\/b> \u2013 nii nagu see oli ka originaalse testigrupiga, kellega sai tehtud l\u00e4bi LIVE k\u00f5ned. Kuid kui sa soovid \u2013 v\u00f5id ju v\u00f5tta \u00fche n\u00e4dala teemad ja v\u00f5tta selleks lausa kuu aega. See on sinu valik.<\/p>\n<p><b>? MILLISED ON PROGRAMMIGA LIITUMISE KOLM V\u00d5IMALUST?<\/b><\/p>\n<p><strong>1. Osta vaid iseseisvaks t\u00f6\u00f6ks online programm ja liituda ka FB grupiga<\/strong>. FB grupis n\u00e4ed mis olid aktuaalsed postitused ja ka kommentaarid sel ajal kui LIVE k\u00f5nede grupp oli aktiivne. Praegu grupp enam aktiivne ei ole, aga vahest v\u00f5ib keegi ikkagi ka m\u00f5ne postituse teema kohaselt teha et oma kogemusi jagada. Sul on see v\u00f5imalus, aga kohustust pole ja Crystal Ra ei ole kohustatud seal ka praegu aktiivselt vastama. See FB grupp annab sulle \u00fclevaate kas ja kuidas saad nende teemadega tegeleda ja kas ning kuidas teised sellega tegelesid. V\u00e4ga inspireeriv ja sinu kogemust rikastav.<\/p>\n<p><strong>2. Osta online programm, saa FB grupi liikmeks ja samuti osta veel juurde ka Crystal Ra personaalne coaching.<\/strong>\u00a0Sellisel juhul saad k\u00f5ik online materjalid k\u00e4tte ja sul on siis kokkuleppeliselt aega kas kuu aega v\u00f5i kaks ja selle aja jooksul paned kokku iga n\u00e4dala kirjat\u00f6\u00f6, mis siis kokkuv\u00f5tteks saadad Crystal Ra-le teatud ajaks ning seej\u00e4rel ta annab sulle video tagasiside.<\/p>\n<p><strong>T\u00e4psed tingimused selleks paketiks saadetakse osalejale konkreetselt enne algust.\u00a0<\/strong><\/p>\n<p><strong>3. V\u00f5ta t\u00e4ispaketi coaching Crystaliga<\/strong> &#8211; mis t\u00e4hendab et saadad igal n\u00e4dalal sisse (viis n\u00e4dalat) oma kirjat\u00f6\u00f6 koos praktikate vastustega ning ta saadab sulle video tagasiside iga korra kohta (ehk siis 5 tagasisidet) ja sul on v\u00f5imalus samuti ka veel lisak\u00fcsimusi k\u00fcsida oma kirjat\u00f6\u00f6s. Kogu kuu l\u00f5pus tuleb veel lisaks ka \u00fcks 1 tunnine LIVE online coaching Crystal Ra-ga numbritega seonduvalt.<\/p>\n<p><strong>T\u00e4psed tingimused selleks paketiks saadetakse osalejale konkreetselt enne algust.<\/strong><\/p>\n<p><b>? MIS ON PROGRAMMI HINNAD?<\/b><\/p>\n<p>Programmi maksumus on praegu \u2013<\/p>\n<p><strong>a) Novembris 2020 \u2013 150 eurot online programm<\/strong>\u00a0mille v\u00e4\u00e4rtus ulatub 500 -1000 euroni<\/p>\n<p>b) Kui soovid lisa <strong>coachingut Crystal Ra-ga koos tagasisidega su kirjat\u00f6\u00f6le<\/strong> &#8211; siis selle v\u00e4\u00e4rtus on\u00a0<strong>praegu 100 eurot lisaks <\/strong>(tavav\u00e4\u00e4rtus sedasorti tagasisidel oleks iseenesest 150 eurot)<strong>.<\/strong><\/p>\n<p>c) T\u00e4ispaketi lisacoaching Crystal Ra-ga mis sisaldab 5 video tagasiside ja 1 LIVE online coaching sinuga on v\u00e4\u00e4rtusega <strong>600 eurot lisaks.<\/strong><\/p>\n<p><b>Ehk siis kaks esimest v\u00f5imalust loob programmi j\u00e4tkuvaks tutvumishinnaks 250 eurot (150 + 100). Kui v\u00f5tad t\u00e4ispaketi siis on hinnaks 750 eurot (150 + 600).\u00a0<\/b><\/p>\n<p><strong>Jaanuarist 2021 selle programmi hinnad t\u00f5usevad.<\/strong><\/p>\n<p><strong>***<\/strong><\/p>\n<p><b>? MIS ON ANTUD PROGRAMMI TAUST?<\/b><\/p>\n<p>Crystal Ra on tegelenud energiate ja enesearenguga 25 aastat ja\u00a0 numeroloogiaga tegelenud pea 20 aastat aga viimati on v\u00e4lja arendanud <strong>Uue Aja Numeroloogia.<\/strong>\u00a0Ajaga koos muutuvad ka sagedused ja t\u00e4hendused mis numbrid endaga kannavad. Septembris 2020 toimus 5 LIVE online k\u00f5ne kus esimene testi grupp sai kogeda <strong>Uue Aja Numeroloogiat<\/strong> tegevuses ja ka iseennast proovile panna.<\/p>\n<p>Testi grupp oli v\u00e4ike aga m\u00f5nusalt hubane, mis v\u00f5imaldas ka minna teemadega v\u00e4ga s\u00fcgavale ja testida kas ja kuidas kogu <strong>Uue Aja Numeroloogia<\/strong> (UAN) temaatika toimib.<\/p>\n<p>Tunnid said paika ja loodud t\u00e4pselt grupi teemade ja kollektiivse juhendamise toel. Seega see oli v\u00e4ga p\u00f5nev koost\u00f6\u00f6 ja koosloome projekt. Seet\u00f5ttu sai see materjal kokku koondatud\u00a0<strong>Uue Aja Numeroloogia<\/strong>\u00a0igihaljakas tooteks ja n\u00fc\u00fcd on k\u00f5igil osalejatel v\u00f5imalik sellest ka osa saada.<\/p>\n<p><b>? KELLELE ANTUD PROGRAMM SOBIKS?<\/b><\/p>\n<p class=\"p1\"><span class=\"s1\">&#8211; Kui sa oled endaga juba natuke aega tegelenud ja oled uudishimulik antud kursuse teema suhtes<\/span><\/p>\n<p class=\"p1\"><span class=\"s1\">&#8211; Kui oled endaga juba pikemalt tegelenud aga tahad veelgi s\u00fcgavsukelduda<\/span><\/p>\n<p class=\"p1\"><span class=\"s1\">&#8211; Kui sa oled alustaja ja ka l\u00e4biviija ja l\u00f5petaja <\/span><\/p>\n<p class=\"p1\"><span class=\"s1\">&#8211; Kui sa oled just huvitatud Uue Aja numeroloogia n\u00e4gemusest<\/span><\/p>\n<p class=\"p1\"><span class=\"s1\">&#8211; Kui sa juba tead v\u00f5i oled huvitatud Indigo-, Kristall- ja kuldenergiatest<\/span><\/p>\n<p class=\"p1\"><span class=\"s1\">&#8211; Kui oled s\u00fcndinud enne 1986. aastat ja su aura on transformeeritud Aura Mediaatori poolt<\/span><\/p>\n<p class=\"p1\"><span class=\"s1\">&#8211; Kui sa pole veel oma aurat transformeerinud, aga sul on m\u00f5ttes v\u00f5i huvi oma aurat tulevikus kaasajastada<\/span><\/p>\n<p class=\"p1\"><span class=\"s1\">&#8211; Sul pole m\u00f5ttes oma aurat kaasajastada, aga oled avatud meelega <\/span><\/p>\n<p class=\"p1\"><span class=\"s1\">&#8211; Oled avatud meele ja m\u00f5ttemaailmaga<\/span><\/p>\n<p class=\"p1\"><span class=\"s1\">&#8211; Crystal Ra kui teejuht heliseb sinuga ja oled tema suhtes s\u00f5bralikult meelestatud <\/span><\/p>\n<p class=\"p1\"><span class=\"s1\">&#8211; Usud et me ise saame m\u00f5jutada oma maailma l\u00e4bi oma m\u00f5tete, s\u00f5nade ja tegude ning pole ainult oma elu ja tingimuste ohvrid<\/span><\/p>\n<p class=\"p1\"><span class=\"s1\">&#8211; Oled huvitatud p\u00f5nevast numbrimaailmast ja n\u00e4htamatust maailmast ning soovid oskust seda rohkem t\u00f5lgendada ja lugeda <\/span><\/p>\n<p class=\"p1\"><span class=\"s1\">&#8211; Usud et n\u00e4htamatu maailm m\u00f5jutab n\u00e4htavat maailma<\/span><\/p>\n<p class=\"p1\"><span class=\"s1\">&#8211; Usud et sul on olemas Sisemine Pere ja et nendega suhestudes ja koost\u00f6\u00f6d tehes saad muuta oma elu paremaks<\/span><\/p>\n<p class=\"p1\"><span class=\"s1\">&#8211; Oled pealehakkaja ja julgelt uudishimulik oma elus ja tegemistes<\/span><\/p>\n<p>\u2013 Sa soovid saada paremat \u00fclevaadet kas ja kuidas numbrimaailm ning n\u00e4htamatu maailm sinuga suhtleb ja \u00f5ppida kuidas seda k\u00f5ike t\u00f5lgendada ja sellega paremini suhestuda<\/p>\n<p>\u2013 Sa soovid ennast paremini tundma \u00f5ppida<\/p>\n<p>\u2013 Sa soovid selgitada kas ja kuidas teisi inimesi kiiresti ja kergelt lugeda<\/p>\n<p>\u2013 Sa oled huvitatud vaimsest enesearengust ja soovid seda teha s\u00fcgavuti ja Uue Aja Eneergiate taktis<\/p>\n<p>\u2013 Oled huvitatud Uue Aja Energiate toimimisest ja ka nippidest<\/p>\n<p>\u2013 Crystal Ra kui coach heliseb sinuga ja sa soovid saad selgemat \u00fclevaadet kuidas ta maailma n\u00e4eb ja selle vahendamist jagab Imelise kohtumiseni!<\/p>\n<p><strong> <a href=\"https:\/\/crystalralaksmi.com\/eesti\/wp-content\/uploads\/2020\/11\/Energiato\u0308o\u0308-Energiavo\u0303imete-Kiirka\u0308ivituse-Kursus-1.jpg\"><img loading=\"lazy\" decoding=\"async\" class=\"alignleft size-medium wp-image-6398\" src=\"https:\/\/crystalralaksmi.com\/eesti\/wp-content\/uploads\/2020\/11\/Energiato\u0308o\u0308-Energiavo\u0303imete-Kiirka\u0308ivituse-Kursus-1-300x183.jpg\" alt=\"\" width=\"300\" height=\"183\" \/><\/a>? MUL ON HUVI AGA TAHAKSIN EELNEVATE OSALEJATE TAGASISIDE KUULDA. KUS MA SAAN SEDA TEHA?<\/strong><\/p>\n<p>Vaata v\u00e4rsket videot nii kursuse iga tunni sisu kohta kui ka nelja osaleja <strong><a href=\"https:\/\/youtu.be\/p-pisxoZ5_Y\">video tagasiside siit.<\/a><\/strong><\/p>\n<p>Sageli aitab kaasa kui me kuulame teiste inimeste kogemusi ja lugusid oma otsuste ja valikute tegemisel.<\/p>\n<p><strong>?MILLEGA TULEKS VEEL ARVESTADA?<\/strong><\/p>\n<p>Kui sa soetad programmi t\u00e4iesti individuaalse programmina v\u00f5iksid arvestada sellega et see n\u00f5uab palju p\u00fchendumist ja aega et sellega tegeleda ja selleks ka aega v\u00f5tta. Kui sa vaid vaatad videosid ja loed praktikate kohta infot &#8211; siis see ei toimi. See on oma olemuselt ka \u00fcsnagi praktiline kursus &#8211; kus on vaja \u00f5pitu kohe ka praktikasse panna.<\/p>\n<p><strong>? OLEN HUVITATUD. MIS ON J\u00c4RGMINE SAMM?\u00a0<\/strong><\/p>\n<p>Kuna kogu materjal on alles \u00fclesse panekul meie rahvusvahelisel Kajabi platvormil, siis me ajutiselt pakume huvilistel v\u00f5imalust teha kanne meie <strong>Eesti firma arvele\u00a0O\u00fc New Flow<\/strong>\u00a0 EE552200221039028272 m\u00e4rkega Uue Aja Numeroloogia kursus. Peale makset saada maksekoopia emailiga <strong>crystalralaksmi@gmail.com<\/strong> ja v\u00f5ta temaga \u00fchendust ka<strong><a href=\"https:\/\/www.facebook.com\/crystalralaksmiditton\"> FB messengeris siit<\/a> kuna vahest l\u00e4hevad emailid sp\u00e4mmi. <\/strong><\/p>\n<p>Kui sa soovid oma firmale arvet, v\u00f5ta ka \u00fchendust.<\/p>\n<p>Kui sul tekib ka lisak\u00fcsimusi antud programmi kohta siis emaili siin antud emailile:\u00a0<strong>crystalralaksmi@gmail.com<\/strong><\/p>\n<p>Meie eestikeelse kodulehe e-pood on samuti tegemisel. Ait\u00e4h kannatlikkuse eest.<\/p>\n<p>Imelist toimetamist imelises numbrite maailmas!<\/p>\n<p><a href=\"https:\/\/crystalralaksmi.com\/eesti\/wp-content\/uploads\/2020\/08\/aloha-crystal-lei.jpg\"><img loading=\"lazy\" decoding=\"async\" class=\"alignleft size-medium wp-image-6273\" src=\"https:\/\/crystalralaksmi.com\/eesti\/wp-content\/uploads\/2020\/08\/aloha-crystal-lei-300x300.jpg\" alt=\"\" width=\"300\" height=\"300\" \/><\/a>Olgu aloha alati sinuga,<\/p>\n<p>Crystal Ra<\/p>\n<p>San Diego, California<\/p>\n<span class=\"et_bloom_bottom_trigger\"><\/span>","protected":false},"excerpt":{"rendered":"<p>Septembris 2020 toimus esimene Uue Aja Numeroloogia minikursus. Siin saad esmase info et v\u00e4lja selgitada kas see kursus on midagi sulle. Vaata l\u00e4bi k\u00f5ik k\u00fcsimused ja vastused ning kui sul [&hellip;]<\/p>\n","protected":false},"author":5,"featured_media":6397,"parent":0,"menu_order":0,"comment_status":"closed","ping_status":"closed","template":"","meta":{"_acf_changed":false,"_et_pb_use_builder":"","_et_pb_old_content":"","_et_gb_content_width":"","footnotes":""},"class_list":["post-6396","page","type-page","status-publish","has-post-thumbnail","hentry"],"acf":[],"_links":{"self":[{"href":"https:\/\/crystalralaksmi.com\/eesti\/wp-json\/wp\/v2\/pages\/6396","targetHints":{"allow":["GET"]}}],"collection":[{"href":"https:\/\/crystalralaksmi.com\/eesti\/wp-json\/wp\/v2\/pages"}],"about":[{"href":"https:\/\/crystalralaksmi.com\/eesti\/wp-json\/wp\/v2\/types\/page"}],"author":[{"embeddable":true,"href":"https:\/\/crystalralaksmi.com\/eesti\/wp-json\/wp\/v2\/users\/5"}],"replies":[{"embeddable":true,"href":"https:\/\/crystalralaksmi.com\/eesti\/wp-json\/wp\/v2\/comments?post=6396"}],"version-history":[{"count":0,"href":"https:\/\/crystalralaksmi.com\/eesti\/wp-json\/wp\/v2\/pages\/6396\/revisions"}],"wp:featuredmedia":[{"embeddable":true,"href":"https:\/\/crystalralaksmi.com\/eesti\/wp-json\/"}],"wp:attachment":[{"href":"https:\/\/crystalralaksmi.com\/eesti\/wp-json\/wp\/v2\/media?parent=6396"}],"curies":[{"name":"wp","href":"https:\/\/api.w.org\/{rel}","templated":true}]}}