{"id":6593,"date":"2021-06-30T20:21:21","date_gmt":"2021-06-30T17:21:21","guid":{"rendered":"https:\/\/naenshop.eu\/crystaltest\/?page_id=6593"},"modified":"2022-01-05T18:15:58","modified_gmt":"2022-01-05T16:15:58","slug":"wildfit","status":"publish","type":"page","link":"https:\/\/crystalralaksmi.com\/eesti\/tootedpakkumised\/wildfit\/","title":{"rendered":"Mis on Wildfiti 90-p\u00e4evane v\u00e4ljakutse?"},"content":{"rendered":"<p><a href=\"https:\/\/crystalralaksmi.com\/eesti\/wp-content\/uploads\/2021\/07\/shinywildfitter.jpg\"><img loading=\"lazy\" decoding=\"async\" class=\"alignleft size-medium wp-image-6602\" src=\"https:\/\/crystalralaksmi.com\/eesti\/wp-content\/uploads\/2021\/07\/shinywildfitter-300x300.jpg\" alt=\"\" width=\"300\" height=\"300\" \/><\/a>Aloha<\/p>\n<p>Alates detsembrist 2020 on Crystal Ra olnud Wildfiti maailmas. Esmalt sai l\u00e4bitud Wildfiti 90-p\u00e4evane katsumus, seej\u00e4rel toetatud teistkordselt l\u00e4bides ka oma abikaasat Michaelit ning samaaegselt olles ka globaalse v\u00e4ljakutse osaleja sai Crystal Ra nii palju innustust et otsustas selle teekonnaga s\u00fcgavamale minna. Et seda veelgi rohkem toetada &#8211; pakkus ta v\u00e4lja oma abi iseenda Wildfit Coachile &#8211; Harri Parkerile. Harrit toetas Crystal Ra Fb grupis ja samaaegselt h\u00fcppas siis koheselt ka Wildfiti Coachide programmi. Suvel 2021 l\u00e4bis Crystal Ra lisaks ka uue globaalse Wildfiti v\u00e4ljakutse ning samal ajal oli ka omal initsiatiivil Wildfiti Coachide mastermindi grupi juht. Lisaks osaleb ta sageli ka Living Wildfiti kogukonnas ja on v\u00e4ga aktiivne Wildfiti f\u00e4nn.<\/p>\n<p>Oma esmase Wildfiti pilootprojekti l\u00e4biviimisel oli Crystal Ra-l juba neljakordne Wildfiti kogemus. Seda on v\u00e4ga v\u00e4hestel alustavatel Wildfiti coachidel. Lisaks on Crystal Ra olnud ka coach \u00fcle 20 aasta &#8211; nii et kliendid saavad olema heades k\u00e4tes.<\/p>\n<p><strong><a href=\"https:\/\/www.youtube.com\/watch?v=povZ8XMn53M\">Vaata siit Crystal Ra isikliku kogemuse v\u00e4ikest videot (inglise keeles) siit:\u00a0<\/a><\/strong><\/p>\n<p><strong><a href=\"https:\/\/infinite-activation.mykajabi.com\/get-wildfit-est\">Loe Wildfiti maandumislehelt lisa siit:\u00a0<\/a><\/strong><\/p>\n<p><strong>Esimene pilootgrupp alustas juulis ja l\u00f5petab oktoobris. J\u00e4rgmine grupp alustab 4.oktoobril.\u00a0<\/strong><\/p>\n<p><strong>Peale seda on v\u00f5imalus huvilistel liituda 2022 aastal 3. jaanuar, 4. aprill ja 5 september.<\/strong><\/p>\n<p>K\u00fcsi Crystal Ralt personaalselt hinna kohta emailides wildfitcrystalra@gmail.com. Kui sa soovid teatud grupis endale kohta garanteerida &#8211;<a href=\"https:\/\/infinite-activation.mykajabi.com\/offers\/XrNgCo2f\/checkout\"> tee siit ettemaks 51 eurot:\u00a0<\/a><\/p>\n<p><a href=\"https:\/\/crystalralaksmi.com\/eesti\/wp-content\/uploads\/2021\/07\/WF90-Coach-Social-Graphic-03.jpg\"><img loading=\"lazy\" decoding=\"async\" class=\"alignleft size-medium wp-image-6603\" src=\"https:\/\/crystalralaksmi.com\/eesti\/wp-content\/uploads\/2021\/07\/WF90-Coach-Social-Graphic-03-300x300.jpg\" alt=\"\" width=\"300\" height=\"300\" \/><\/a>Vaata Crystal Ra tutvustavat Wildfiti Meistriklassi<a href=\"https:\/\/aareteseiklused.podbean.com\/e\/wildfitmeistriklasscrystalraga\/\"> podcasti episoodi siit:<\/a><\/p>\n<p><strong>Vaata siit ka lisa tutvutusk\u00f5nesid koos k\u00fcsimuste ja vastustega mis toimusid juuli alguses 2021.\u00a0<\/strong><\/p>\n<p class=\"p1\"><strong><span class=\"s1\">FB Live 1 <a href=\"https:\/\/www.facebook.com\/crystalralaksmiditton\/videos\/1038100836596041\/\">vaata siit:\u00a0<\/a><\/span><\/strong><\/p>\n<p class=\"p1\"><strong><span class=\"s1\">FB Live 2 <a href=\"https:\/\/www.facebook.com\/crystalralaksmiditton\/videos\/139528164929721\/\">vaata siit:\u00a0<\/a><\/span><\/strong><\/p>\n<p class=\"p1\"><strong><span class=\"s1\">FB Live 3 <a href=\"https:\/\/www.facebook.com\/crystalralaksmiditton\/videos\/4379649955408074\">vaata siit:\u00a0<\/a><\/span><\/strong><\/p>\n<p class=\"p1\"><strong><span class=\"s1\">FB Live 4 <a href=\"https:\/\/www.facebook.com\/crystalralaksmiditton\/videos\/175776837866971\">vaata siit:\u00a0<\/a><\/span><\/strong><\/p>\n<p class=\"p1\"><span class=\"s1\"><strong>Zoomi k\u00fcsimuste ja vastuste seanss<\/strong> lisak\u00fcsimustega <a href=\"https:\/\/www.youtube.com\/watch?v=yFOoaVdlvUQ\">vaata siit:\u00a0<\/a><\/span><\/p>\n<p>Wildfit on v\u00f5imalus igaveseks l\u00f5petada dieetide pidamine ja ehitada oma elule ja tervisele t\u00e4iesti uus vundament ning l\u00e4bi selle muuta oma elukvaliteeti ja pikendada oma eluiga. See on parim valik ja investeering oma elu uue vundamendi ehitamiseks. K\u00fcsi lisa emailides wildfitcrystalra@gmail.com v\u00f5i v\u00f5ta \u00fchendust otse <strong><a href=\"https:\/\/www.facebook.com\/crystalralaksmiditton\/\">FB kaudu siit:\u00a0\u00a0<\/a><\/strong><\/p>\n<p>Siin saad vaadata ka eelnevate kursuste tagasiside videosid:<\/p>\n<p>Pilootgrupp &#8211; 12. juuli &#8211; 8. oktoober 2021<\/p>\n<p>Eesti grupp 2 &#8211; 4.oktoober &#8211; 30. detsember 2021<\/p>\n<p>Inglisekeelne grupp 1 &#8211; 4. oktoober &#8211; 30.detsember 2021<\/p>\n<p>Alohaga Crystal Ra &lt;3<\/p>\n<p><a href=\"https:\/\/crystalralaksmi.com\/eesti\/wp-content\/uploads\/2021\/06\/stretch-cabin.jpeg\"><img loading=\"lazy\" decoding=\"async\" class=\"alignleft size-medium wp-image-6587\" src=\"https:\/\/crystalralaksmi.com\/eesti\/wp-content\/uploads\/2021\/06\/stretch-cabin-300x300.jpeg\" alt=\"\" width=\"300\" height=\"300\" \/><\/a><\/p>\n<span class=\"et_bloom_bottom_trigger\"><\/span>","protected":false},"excerpt":{"rendered":"<p>Crystal Ra on sertifitseeritud Wildfiti Coach ja pakub toidu vabaduse, toitumisps\u00fchholoogia ja toiduteadlikkuse seansse nii individuaalselt kui ka gruppidele. Crystal Ra-ga oled kindlates k\u00e4tes kuna tal on ka \u00fcle 20 aasta coachiks olemise kogemust. <\/p>\n","protected":false},"author":5,"featured_media":6603,"parent":224785,"menu_order":0,"comment_status":"closed","ping_status":"closed","template":"","meta":{"_acf_changed":false,"_et_pb_use_builder":"","_et_pb_old_content":"","_et_gb_content_width":"","footnotes":""},"class_list":["post-6593","page","type-page","status-publish","has-post-thumbnail","hentry"],"acf":[],"_links":{"self":[{"href":"https:\/\/crystalralaksmi.com\/eesti\/wp-json\/wp\/v2\/pages\/6593","targetHints":{"allow":["GET"]}}],"collection":[{"href":"https:\/\/crystalralaksmi.com\/eesti\/wp-json\/wp\/v2\/pages"}],"about":[{"href":"https:\/\/crystalralaksmi.com\/eesti\/wp-json\/wp\/v2\/types\/page"}],"author":[{"embeddable":true,"href":"https:\/\/crystalralaksmi.com\/eesti\/wp-json\/wp\/v2\/users\/5"}],"replies":[{"embeddable":true,"href":"https:\/\/crystalralaksmi.com\/eesti\/wp-json\/wp\/v2\/comments?post=6593"}],"version-history":[{"count":5,"href":"https:\/\/crystalralaksmi.com\/eesti\/wp-json\/wp\/v2\/pages\/6593\/revisions"}],"predecessor-version":[{"id":226068,"href":"https:\/\/crystalralaksmi.com\/eesti\/wp-json\/wp\/v2\/pages\/6593\/revisions\/226068"}],"up":[{"embeddable":true,"href":"https:\/\/crystalralaksmi.com\/eesti\/wp-json\/wp\/v2\/pages\/224785"}],"wp:featuredmedia":[{"embeddable":true,"href":"https:\/\/crystalralaksmi.com\/eesti\/wp-json\/"}],"wp:attachment":[{"href":"https:\/\/crystalralaksmi.com\/eesti\/wp-json\/wp\/v2\/media?parent=6593"}],"curies":[{"name":"wp","href":"https:\/\/api.w.org\/{rel}","templated":true}]}}