{"id":703,"date":"2013-09-02T04:15:57","date_gmt":"2013-09-02T04:15:57","guid":{"rendered":"http:\/\/crystalralaksmi.com\/eesti\/?page_id=703"},"modified":"2019-07-30T13:31:25","modified_gmt":"2019-07-30T10:31:25","slug":"sisemise-mehe-ja-naise-tervendamine","status":"publish","type":"page","link":"https:\/\/crystalralaksmi.com\/eesti\/teenused\/sisemise-mehe-ja-naise-tervendamine\/","title":{"rendered":"Sisemise perekonna tervendamine"},"content":{"rendered":"<p>[et_pb_section fb_built=&#8221;1&#8243; admin_label=&#8221;Section&#8221; _builder_version=&#8221;3.22.3&#8243; saved_tabs=&#8221;all&#8221; global_module=&#8221;225116&#8243;][et_pb_row _builder_version=&#8221;3.25&#8243; background_size=&#8221;initial&#8221; background_position=&#8221;top_left&#8221; background_repeat=&#8221;repeat&#8221;][et_pb_column type=&#8221;4_4&#8243; _builder_version=&#8221;3.25.3&#8243;][et_pb_post_title meta=&#8221;off&#8221; featured_image=&#8221;off&#8221; _builder_version=&#8221;3.25.3&#8243; title_font=&#8221;Poppins|600|||||||&#8221; custom_margin=&#8221;||0px|||&#8221;][\/et_pb_post_title][et_pb_divider color=&#8221;#57ca85&#8243; divider_weight=&#8221;5px&#8221; _builder_version=&#8221;3.25.3&#8243; width=&#8221;14%&#8221;][\/et_pb_divider][\/et_pb_column][\/et_pb_row][\/et_pb_section][et_pb_section fb_built=&#8221;1&#8243; _builder_version=&#8221;3.22&#8243;][et_pb_row _builder_version=&#8221;3.25&#8243; background_size=&#8221;initial&#8221; background_position=&#8221;top_left&#8221; background_repeat=&#8221;repeat&#8221;][et_pb_column type=&#8221;4_4&#8243; _builder_version=&#8221;3.25&#8243; custom_padding=&#8221;|||&#8221; custom_padding__hover=&#8221;|||&#8221;][et_pb_text _builder_version=&#8221;3.0.74&#8243; background_size=&#8221;initial&#8221; background_position=&#8221;top_left&#8221; background_repeat=&#8221;repeat&#8221;]<\/p>\n<p style=\"text-align: justify;\"><strong><a href=\"https:\/\/crystalralaksmi.com\/eesti\/wp-content\/uploads\/2013\/08\/picasa-inner-queen-and-king.jpg\"><img loading=\"lazy\" decoding=\"async\" class=\"alignleft size-thumbnail wp-image-458\" src=\"https:\/\/crystalralaksmi.com\/eesti\/wp-content\/uploads\/2013\/08\/picasa-inner-queen-and-king-150x150.jpg\" alt=\"picasa inner queen and king\" width=\"150\" height=\"150\" \/><\/a>Eellugu<\/strong><\/p>\n<p style=\"text-align: justify;\"><a href=\"https:\/\/crystalralaksmi.com\/eesti\/2013\/09\/sisemise-mehe-tervendamine\/\">Loe siit artiklit minu meesenergia tervendamise kogemusest siit.<\/a><\/p>\n<p style=\"text-align: justify;\"><a href=\"https:\/\/crystalralaksmi.com\/eesti\/2013\/08\/voti-sinu-elu-harmooniale-ja-tasakaalule-hawaii-andestusmeetod-hooponopono\/\">Loe selle kohta ka Hawaii andestusmeetodi artiklit, millel antud tehnika osaliselt p\u00f5hineb!<\/a><\/p>\n<p style=\"text-align: justify;\"><strong><!--more-->Lugu on tegelikult palju pikem. Aga sellest ei saa r\u00e4\u00e4kida siin.<\/strong><\/p>\n<p style=\"text-align: justify;\"><strong>Peamine essents on suhetes selles, et kui soovid midagi muuta, tuleb alustada iseendast (l<a href=\"Loe selle kohta ka Hawaii andestusmeetodi artiklit, millel antud tehnika osaliselt p\u00f5hineb!\">oe Hawaii lugu)<\/a>.\u00a0<\/strong>Sageli kui sa oled oma probleemide r\u00e4gastikus sees, ei pruugi sa veel p\u00e4ris selgelt k\u00e4tte saada sisemist juhatust v\u00f5i siis seda t\u00e4ielikult kuulda v\u00f5i siis ei oska seda p\u00e4ris selgelt t\u00f5lgendada.<\/p>\n<p style=\"text-align: justify;\">Minu \u00fclesandeks pole mitte ainult sind juhendada kuidas saad seda teha selle seansi ajal vaid ka edaspidi ja seega saad mitte ainult \u00fche seansi, vaid ka t\u00f6\u00f6riistad mismoodi edaspidi selle teemaga edasi tegeleda. Kogu seanss on \u00fchenduses ja kontaktis uue aja kristall- ja kuldenergiatega ning sinu vaimenergiaga. Sina oled kogu seansi kese. Mina olen lihtsalt juhendaja ja ruumi hoidja.<\/p>\n<p style=\"text-align: justify;\"><strong>Kui sa tellid selle teenuse, on sul v\u00f5imalus valida, kas soovid seda juhendust kuidas oma sisemise mehe ja naise ning lapsega toimetada online kogemusena v\u00f5i reaalse elu kogemusena v\u00f5i m\u00f5lemat.<\/strong><\/p>\n<p style=\"text-align: justify;\">Reaalse elu kogemuseks on sul vaja minu totaalselt usaldust. Ehk siis r\u00e4\u00e4gin l\u00e4bi oma koost\u00f6\u00f6partneritega, kes aitavad selle Eestis teoks teha v\u00f5i siis ka mujal maailmas, kuna v\u00f5rgustik sellise teadlikkusega inimeste osas kasvab iga p\u00e4evaga.<\/p>\n<p style=\"text-align: justify;\"><strong>Kui sa hakkad suhtlema oma sisemise mehe ja naise ning lapsega siis sa hakkad saama s\u00f5numeid, ning nendest l\u00e4htuvalt tegutsema ja seej\u00e4rel hakkadki looma oma maapealset paradiisi.<\/strong><\/p>\n<p style=\"text-align: justify;\">Meis on v\u00e4ga palju haavu, osad sellest elust, osad eelmistest ja osad \u00fcrgaegadest. Kui soovime kogu s\u00fcsteemi k\u00f5igest mittevajalikust puhastada, on vaja kuulata ja t\u00e4hele panna nii v\u00e4list kui ka sisemist juhatust. Kui su sisemine mees ja naine ning ka laps on t\u00e4ielikult tervenenud, siis nad \u00fchinevad t\u00e4ielikult ning hakkate k\u00f5ik kolmekesi t\u00f6\u00f6le nagu t\u00f5eline tiim igap\u00e4evaselt, et luua sinu unistuste elu. V\u00e4ga paljud inimesed ei saa sellega hakkama koheselt ja vajavad aega ning samm sammult tegutsemist.<\/p>\n<p style=\"text-align: justify;\"><strong>Online sessioon<\/strong><\/p>\n<p style=\"text-align: justify;\">Selle seansi ajal saad k\u00fcsimusi ja juhendeid vastavalt nii nagu vaimenergia juhendab mida teha ja kuidas ning ka peale seanssi. Annan sulle ka koduseid \u00fclesandeid, mis aitab uut vormi integreerida. <strong>Ideaalvormis oleks hea tellida kaks seanssi &#8211; \u00fcks naisenergia tervendamiseks ja teine meesenergia tervendamiseks. Vajadusel v\u00f5ib ka teha veel lisaseansse. Sessioon toimub skypis v\u00f5i google hangoudina.<\/strong><\/p>\n<p style=\"text-align: justify;\"><strong>Reaalse elu sessioon<\/strong><\/p>\n<p style=\"text-align: justify;\">Kui ma ise ei asu sinuga samas sihtkohas, siis on mul olemas koost\u00f6\u00f6partnerid, kes saavad antud seansi teoks teha. Mina v\u00f5tan enne seanssi \u00fchendust sinu sisemise mehega v\u00f5i naise ning lapsega ning kuulan nend juhiseid. Osad nendest juhistest peavad olema sulle teadmata, sest see loob k\u00f5ige v\u00f5imsama effekti kui see tuleb sulle \u00fcllatusena. Sinul on vaja mind ja mu koost\u00f6\u00f6partnereid t\u00e4ielikult usaldada.<\/p>\n<p style=\"text-align: justify;\">Oluline selle seansi puhul on kogemus. L\u00e4bi kogemuse j\u00f5uame me rakum\u00e4luni ning saame ligi osadele, mis muidu on k\u00e4ttesaamatud. LIhtsa k\u00e4te vehkimisega v\u00f5i r\u00e4\u00e4kimisega ei pruugi alati saada t\u00e4it kogemust.<\/p>\n<p style=\"text-align: justify;\"><strong><a href=\"https:\/\/crystalralaksmi.com\/eesti\/wp-content\/uploads\/2013\/08\/greenlightallowgreenlighttouch.jpg\"><img loading=\"lazy\" decoding=\"async\" class=\"alignleft size-thumbnail wp-image-453\" src=\"https:\/\/crystalralaksmi.com\/eesti\/wp-content\/uploads\/2013\/08\/greenlightallowgreenlighttouch-150x150.jpg\" alt=\"greenlightallowgreenlighttouch\" width=\"150\" height=\"150\" \/><\/a>Hinnad m\u00f5lema seansi puhul kokkuleppel. Maksimaalse tulemuse saavutamiseks soovitan nii online kui ka reaalse elu seanssi.<\/strong><\/p>\n<p style=\"text-align: justify;\">Reaalse seansi koost\u00f6\u00f6partnerid on \u00fchenduses uute energiatega ja on minu kauaaegsed koost\u00f6\u00f6partnerid, kelledel on palju kogemusi minu erinevatelt koolitustelt ja seanssidelt, keda tean, et v\u00f5in usaldada selle teenuse pakkumiseks.<\/p>\n<p style=\"text-align: justify;\">V\u00f5ta minuga huvi korral \u00fchendust <a href=\"https:\/\/www.facebook.com\/liquidheavenfacilitator\">siit:\u00a0<\/a><\/p>\n<p>[\/et_pb_text][\/et_pb_column][\/et_pb_row][\/et_pb_section]<\/p>\n<span class=\"et_bloom_bottom_trigger\"><\/span>","protected":false},"excerpt":{"rendered":"<p>Eellugu Loe siit artiklit minu meesenergia tervendamise kogemusest siit. Loe selle kohta ka Hawaii andestusmeetodi artiklit, millel antud tehnika osaliselt p\u00f5hineb! Lugu on tegelikult palju pikem. Aga sellest ei saa [&hellip;]<\/p>\n","protected":false},"author":1,"featured_media":224811,"parent":215,"menu_order":0,"comment_status":"closed","ping_status":"closed","template":"","meta":{"_acf_changed":false,"_et_pb_use_builder":"on","_et_pb_old_content":"<p style=\"text-align: justify;\"><strong><a href=\"https:\/\/crystalralaksmi.com\/eesti\/wp-content\/uploads\/2013\/08\/picasa-inner-queen-and-king.jpg\"><img class=\"alignleft size-thumbnail wp-image-458\" src=\"https:\/\/crystalralaksmi.com\/eesti\/wp-content\/uploads\/2013\/08\/picasa-inner-queen-and-king-150x150.jpg\" alt=\"picasa inner queen and king\" width=\"150\" height=\"150\" \/><\/a>Eellugu<\/strong><\/p><p style=\"text-align: justify;\"><a href=\"https:\/\/crystalralaksmi.com\/eesti\/2013\/09\/sisemise-mehe-tervendamine\/\">Loe siit artiklit minu meesenergia tervendamise kogemusest siit.<\/a><\/p><p style=\"text-align: justify;\"><a href=\"https:\/\/crystalralaksmi.com\/eesti\/2013\/08\/voti-sinu-elu-harmooniale-ja-tasakaalule-hawaii-andestusmeetod-hooponopono\/\">Loe selle kohta ka Hawaii andestusmeetodi artiklit, millel antud tehnika osaliselt p\u00f5hineb!<\/a><\/p><p style=\"text-align: justify;\"><strong><!--more-->Lugu on tegelikult palju pikem. Aga sellest ei saa r\u00e4\u00e4kida siin.<\/strong><\/p><p style=\"text-align: justify;\"><strong>Peamine essents on suhetes selles, et kui soovid midagi muuta, tuleb alustada iseendast (l<a href=\"Loe selle kohta ka Hawaii andestusmeetodi artiklit, millel antud tehnika osaliselt p\u00f5hineb!\">oe Hawaii lugu)<\/a>.\u00a0<\/strong>Sageli kui sa oled oma probleemide r\u00e4gastikus sees, ei pruugi sa veel p\u00e4ris selgelt k\u00e4tte saada sisemist juhatust v\u00f5i siis seda t\u00e4ielikult kuulda v\u00f5i siis ei oska seda p\u00e4ris selgelt t\u00f5lgendada.<\/p><p style=\"text-align: justify;\">Minu \u00fclesandeks pole mitte ainult sind juhendada kuidas saad seda teha selle seansi ajal vaid ka edaspidi ja seega saad mitte ainult \u00fche seansi, vaid ka t\u00f6\u00f6riistad mismoodi edaspidi selle teemaga edasi tegeleda. Kogu seanss on \u00fchenduses ja kontaktis uue aja kristall- ja kuldenergiatega ning sinu vaimenergiaga. Sina oled kogu seansi kese. Mina olen lihtsalt juhendaja ja ruumi hoidja.<\/p><p style=\"text-align: justify;\"><strong>Kui sa tellid selle teenuse, on sul v\u00f5imalus valida, kas soovid seda juhendust kuidas oma sisemise mehe ja naise ning lapsega toimetada online kogemusena v\u00f5i reaalse elu kogemusena v\u00f5i m\u00f5lemat.<\/strong><\/p><p style=\"text-align: justify;\">Reaalse elu kogemuseks on sul vaja minu totaalselt usaldust. Ehk siis r\u00e4\u00e4gin l\u00e4bi oma koost\u00f6\u00f6partneritega, kes aitavad selle Eestis teoks teha v\u00f5i siis ka mujal maailmas, kuna v\u00f5rgustik sellise teadlikkusega inimeste osas kasvab iga p\u00e4evaga.<\/p><p style=\"text-align: justify;\"><strong>Kui sa hakkad suhtlema oma sisemise mehe ja naise ning lapsega siis sa hakkad saama s\u00f5numeid, ning nendest l\u00e4htuvalt tegutsema ja seej\u00e4rel hakkadki looma oma maapealset paradiisi.<\/strong><\/p><p style=\"text-align: justify;\">Meis on v\u00e4ga palju haavu, osad sellest elust, osad eelmistest ja osad \u00fcrgaegadest. Kui soovime kogu s\u00fcsteemi k\u00f5igest mittevajalikust puhastada, on vaja kuulata ja t\u00e4hele panna nii v\u00e4list kui ka sisemist juhatust. Kui su sisemine mees ja naine ning ka laps on t\u00e4ielikult tervenenud, siis nad \u00fchinevad t\u00e4ielikult ning hakkate k\u00f5ik kolmekesi t\u00f6\u00f6le nagu t\u00f5eline tiim igap\u00e4evaselt, et luua sinu unistuste elu. V\u00e4ga paljud inimesed ei saa sellega hakkama koheselt ja vajavad aega ning samm sammult tegutsemist.<\/p><p style=\"text-align: justify;\"><strong>Online sessioon<\/strong><\/p><p style=\"text-align: justify;\">Selle seansi ajal saad k\u00fcsimusi ja juhendeid vastavalt nii nagu vaimenergia juhendab mida teha ja kuidas ning ka peale seanssi. Annan sulle ka koduseid \u00fclesandeid, mis aitab uut vormi integreerida. <strong>Ideaalvormis oleks hea tellida kaks seanssi - \u00fcks naisenergia tervendamiseks ja teine meesenergia tervendamiseks. Vajadusel v\u00f5ib ka teha veel lisaseansse. Sessioon toimub skypis v\u00f5i google hangoudina.<\/strong><\/p><p style=\"text-align: justify;\"><strong>Reaalse elu sessioon<\/strong><\/p><p style=\"text-align: justify;\">Kui ma ise ei asu sinuga samas sihtkohas, siis on mul olemas koost\u00f6\u00f6partnerid, kes saavad antud seansi teoks teha. Mina v\u00f5tan enne seanssi \u00fchendust sinu sisemise mehega v\u00f5i naise ning lapsega ning kuulan nend juhiseid. Osad nendest juhistest peavad olema sulle teadmata, sest see loob k\u00f5ige v\u00f5imsama effekti kui see tuleb sulle \u00fcllatusena. Sinul on vaja mind ja mu koost\u00f6\u00f6partnereid t\u00e4ielikult usaldada.<\/p><p style=\"text-align: justify;\">Oluline selle seansi puhul on kogemus. L\u00e4bi kogemuse j\u00f5uame me rakum\u00e4luni ning saame ligi osadele, mis muidu on k\u00e4ttesaamatud. LIhtsa k\u00e4te vehkimisega v\u00f5i r\u00e4\u00e4kimisega ei pruugi alati saada t\u00e4it kogemust.<\/p><p style=\"text-align: justify;\"><strong><a href=\"https:\/\/crystalralaksmi.com\/eesti\/wp-content\/uploads\/2013\/08\/greenlightallowgreenlighttouch.jpg\"><img class=\"alignleft size-thumbnail wp-image-453\" src=\"https:\/\/crystalralaksmi.com\/eesti\/wp-content\/uploads\/2013\/08\/greenlightallowgreenlighttouch-150x150.jpg\" alt=\"greenlightallowgreenlighttouch\" width=\"150\" height=\"150\" \/><\/a>Hinnad m\u00f5lema seansi puhul kokkuleppel. Maksimaalse tulemuse saavutamiseks soovitan nii online kui ka reaalse elu seanssi.<\/strong><\/p><p style=\"text-align: justify;\">Reaalse seansi koost\u00f6\u00f6partnerid on \u00fchenduses uute energiatega ja on minu kauaaegsed koost\u00f6\u00f6partnerid, kelledel on palju kogemusi minu erinevatelt koolitustelt ja seanssidelt, keda tean, et v\u00f5in usaldada selle teenuse pakkumiseks.<\/p><p style=\"text-align: justify;\">V\u00f5ta minuga huvi korral \u00fchendust <a href=\"https:\/\/www.facebook.com\/liquidheavenfacilitator\">siit:\u00a0<\/a><\/p>","_et_gb_content_width":"","footnotes":""},"class_list":["post-703","page","type-page","status-publish","has-post-thumbnail","hentry"],"acf":[],"_links":{"self":[{"href":"https:\/\/crystalralaksmi.com\/eesti\/wp-json\/wp\/v2\/pages\/703","targetHints":{"allow":["GET"]}}],"collection":[{"href":"https:\/\/crystalralaksmi.com\/eesti\/wp-json\/wp\/v2\/pages"}],"about":[{"href":"https:\/\/crystalralaksmi.com\/eesti\/wp-json\/wp\/v2\/types\/page"}],"author":[{"embeddable":true,"href":"https:\/\/crystalralaksmi.com\/eesti\/wp-json\/wp\/v2\/users\/1"}],"replies":[{"embeddable":true,"href":"https:\/\/crystalralaksmi.com\/eesti\/wp-json\/wp\/v2\/comments?post=703"}],"version-history":[{"count":2,"href":"https:\/\/crystalralaksmi.com\/eesti\/wp-json\/wp\/v2\/pages\/703\/revisions"}],"predecessor-version":[{"id":225301,"href":"https:\/\/crystalralaksmi.com\/eesti\/wp-json\/wp\/v2\/pages\/703\/revisions\/225301"}],"up":[{"embeddable":true,"href":"https:\/\/crystalralaksmi.com\/eesti\/wp-json\/wp\/v2\/pages\/215"}],"wp:featuredmedia":[{"embeddable":true,"href":"https:\/\/crystalralaksmi.com\/eesti\/wp-json\/wp\/v2\/media\/224811"}],"wp:attachment":[{"href":"https:\/\/crystalralaksmi.com\/eesti\/wp-json\/wp\/v2\/media?parent=703"}],"curies":[{"name":"wp","href":"https:\/\/api.w.org\/{rel}","templated":true}]}}