{"id":750,"date":"2013-09-07T04:36:34","date_gmt":"2013-09-07T04:36:34","guid":{"rendered":"http:\/\/crystalralaksmi.com\/eesti\/?page_id=750"},"modified":"2013-09-07T04:36:34","modified_gmt":"2013-09-07T04:36:34","slug":"septembrikuu-eripakkumised","status":"publish","type":"page","link":"https:\/\/crystalralaksmi.com\/eesti\/tootedpakkumised\/septembrikuu-eripakkumised\/","title":{"rendered":"Eripakkumised"},"content":{"rendered":"<p style=\"text-align: justify;\"><strong>1. T\u00d6\u00d6PAKKUMISED<\/strong><\/p>\n<p style=\"text-align: justify;\">a) M\u00fc\u00fc maha Zlimline Transion masin hinnaga 1800 eurot, sulle sellest koheselt 180 eurot k\u00e4tte!<\/p>\n<p style=\"text-align: justify;\">b) V\u00f5imalus on ka olla m\u00fc\u00fcjaks teistel pakkumistel. Hawaii seikluskoolituse puhul, kui leiad 10 maksvat klienti, siis sinule minupoolset seiklusjuhi maksu ei tule, saad oma reisi 1000 eurot odavamalt!<\/p>\n<p style=\"text-align: justify;\"><strong>3. HAWAII SEIKLUSKOOLITUS<\/strong><\/p>\n<p style=\"text-align: justify;\">Kokkupanemisel on 3 seiklusgruppi \u2013 \u00fcks kord kuus novembris, detsembris ja jaanuaris. Maksimaalne grupi suurus on 10 inimest grupis.<\/p>\n<p style=\"text-align: justify;\"><strong><a href=\"https:\/\/crystalralaksmi.com\/eesti\/wp-content\/uploads\/2013\/09\/filmdiva-001.jpg\"><img loading=\"lazy\" decoding=\"async\" class=\"alignleft size-thumbnail wp-image-1857\" alt=\"filmdiva-001\" src=\"https:\/\/crystalralaksmi.com\/eesti\/wp-content\/uploads\/2013\/09\/filmdiva-001-150x150.jpg\" width=\"150\" height=\"150\" \/><\/a>4. ERASEANSID SKYPIS\u00a0<\/strong><\/p>\n<p style=\"text-align: justify;\"><strong>K\u00f5ik, kel huvi <a href=\"https:\/\/crystalralaksmi.com\/eesti\/kontakt\/\">v\u00f5tke \u00fchendust ja pange kinni aeg <\/a>online\u00a0eraseansiks minuga (vajuta sinise osa peale, mis viib sind kontaktilehele).<\/strong> Teemadeks v\u00f5ivad olla <strong>suhted, seksuaalsus, t\u00f6\u00f6, karj\u00e4\u00e4r, tervis, raha jne.<\/strong>\u00a0<strong>Praegu\u00a0on v\u00f5imalus teha seansse kokkuleppe hinnaga, milleni j\u00f5utakse l\u00e4bir\u00e4\u00e4kimiste teel.<\/strong> Tavav\u00e4\u00e4rtus 1 tunnisel seansil tavaliselt on 100 eurot seanss. <strong>On v\u00f5imalus tellida ka mitme sessiooni pakett, mida soovitan soojalt, sest siis saab paljud teemad s\u00fcgavamalt l\u00e4bi k\u00e4ia. Seansi kestvus tavaliselt 1 tund, kui ei lepita kokku teisiti.<\/strong><\/p>\n<p style=\"text-align: justify;\">Seansi eel esitad sina mulle oma probleemsed s\u00f5lmkohad emaili teel, seansi ajal hakkan sind juhendama t\u00f6\u00f6riistadeni ja tehnikateni, mida sa saad teha, et see lahti arutada. Mina olen siin &#8216;ruumi hoidja&#8217; ja suunan\u00e4itaja, k\u00fcsimuste k\u00fcsija, sina oled tegutseja. Sageli annan inimestele koduse \u00fclesande v\u00f5i \u00fclesanded kui nad teevad mitmeid seansse. <strong>Seega pole see vaid \u00fchekordne seanss, vaid saad igalt seansilt ka v\u00f5tmed mida ja kuidas edasi teha. K\u00f5ige rohkem soovitan s\u00fcgavamalt endaga tegelemiseks 12 kuu KIS programmi.<\/strong><\/p>\n<p style=\"text-align: justify;\"><strong><a href=\"https:\/\/crystalralaksmi.com\/eesti\/wp-content\/uploads\/2013\/08\/rahamagnet11.jpg\"><img loading=\"lazy\" decoding=\"async\" class=\"alignleft size-thumbnail wp-image-542\" alt=\"rahamagnet1\" src=\"https:\/\/crystalralaksmi.com\/eesti\/wp-content\/uploads\/2013\/08\/rahamagnet11-150x150.jpg\" width=\"150\" height=\"150\" \/><\/a><a href=\"https:\/\/crystalralaksmi.com\/eesti\/tootedpakkumised\/rahamagnet-1\/\">5. RAHAMAGNETITE TOOTED\u00a0<\/a><\/strong><\/p>\n<p style=\"text-align: justify;\">J\u00e4tkuvalt on m\u00fc\u00fcgil 3 rahamagnetit, iga \u00fcksiku toote hind on 5 eurot.<\/p>\n<p style=\"text-align: justify;\"><a href=\"https:\/\/crystalralaksmi.com\/eesti\/tootedpakkumised\/rahamagnet-1\/\">RAHAMAGNET 1<\/a> on algajatele, kes soovivad k\u00e4tt soojaks saada. Harjuta seda v\u00e4hemalt kuu aega kaks korda p\u00e4evas ja vaata mis tulemused tulevad. Selle tootega manifesteeris \u00fcks naine tuttuue auto!<\/p>\n<p style=\"text-align: justify;\"><a href=\"https:\/\/crystalralaksmi.com\/eesti\/tootedpakkumised\/rahamagnet-2\/\">RAHAMAGNET 2<\/a> on edasij\u00f5udnutele. Harjutusi on rohkem ja integreerimine k\u00e4ib vastavalt su sisemisele juhatusele.<\/p>\n<p><a href=\"https:\/\/crystalralaksmi.com\/eesti\/tootedpakkumised\/256-2\/\">RAHAMAGNET 3<\/a> on j\u00e4rgmine tase, kus saad magnetteooria piltliku selgituse, mida j\u00e4rgides lood imesid milliseid sa kunagi eelnevalt ei uskunud, et oled v\u00f5imeline looma.<\/p>\n<p style=\"text-align: justify;\">Soovitus on alustada algusest ja l\u00e4bi teha k\u00f5ik kolm. V\u00e4ljat\u00f6\u00f6tamisel on uus rahamagnet nr 4.<\/p>\n<p style=\"text-align: justify;\">Kui sul on soov seda endale tellida, siis vaata lisainfot vajutades vastava rahamagneti peale. Selle kohta on loodud ka FB grupp ja see toode ise on loonud palju uusi teadmisi ja v\u00f5imalusi ka teistele. Kes on v\u00f5itnud lotos, kes saanud uue t\u00f6\u00f6koha v\u00f5i palju uusi v\u00f5imalusi ja muidugi raha. <strong>Kui rahamagnetit jaotatakse edasi tasuta, paljundatakse puuduse illusiooni ja rahamagnet ei toimi.<\/strong><\/p>\n<p style=\"text-align: justify;\"><strong>\u00a0<\/strong><\/p>\n<p style=\"text-align: justify;\">\n<span class=\"et_bloom_bottom_trigger\"><\/span>","protected":false},"excerpt":{"rendered":"<p>1. T\u00d6\u00d6PAKKUMISED a) M\u00fc\u00fc maha Zlimline Transion masin hinnaga 1800 eurot, sulle sellest koheselt 180 eurot k\u00e4tte! b) V\u00f5imalus on ka olla m\u00fc\u00fcjaks teistel pakkumistel. Hawaii seikluskoolituse puhul, kui leiad [&hellip;]<\/p>\n","protected":false},"author":1,"featured_media":224812,"parent":224785,"menu_order":0,"comment_status":"open","ping_status":"open","template":"","meta":{"_acf_changed":false,"_et_pb_use_builder":"","_et_pb_old_content":"","_et_gb_content_width":"","footnotes":""},"class_list":["post-750","page","type-page","status-publish","has-post-thumbnail","hentry"],"acf":[],"_links":{"self":[{"href":"https:\/\/crystalralaksmi.com\/eesti\/wp-json\/wp\/v2\/pages\/750","targetHints":{"allow":["GET"]}}],"collection":[{"href":"https:\/\/crystalralaksmi.com\/eesti\/wp-json\/wp\/v2\/pages"}],"about":[{"href":"https:\/\/crystalralaksmi.com\/eesti\/wp-json\/wp\/v2\/types\/page"}],"author":[{"embeddable":true,"href":"https:\/\/crystalralaksmi.com\/eesti\/wp-json\/wp\/v2\/users\/1"}],"replies":[{"embeddable":true,"href":"https:\/\/crystalralaksmi.com\/eesti\/wp-json\/wp\/v2\/comments?post=750"}],"version-history":[{"count":0,"href":"https:\/\/crystalralaksmi.com\/eesti\/wp-json\/wp\/v2\/pages\/750\/revisions"}],"up":[{"embeddable":true,"href":"https:\/\/crystalralaksmi.com\/eesti\/wp-json\/wp\/v2\/pages\/224785"}],"wp:featuredmedia":[{"embeddable":true,"href":"https:\/\/crystalralaksmi.com\/eesti\/wp-json\/wp\/v2\/media\/224812"}],"wp:attachment":[{"href":"https:\/\/crystalralaksmi.com\/eesti\/wp-json\/wp\/v2\/media?parent=750"}],"curies":[{"name":"wp","href":"https:\/\/api.w.org\/{rel}","templated":true}]}}