{"id":782,"date":"2013-09-08T09:17:33","date_gmt":"2013-09-08T09:17:33","guid":{"rendered":"http:\/\/crystalralaksmi.com\/eesti\/?page_id=782"},"modified":"2021-09-08T13:22:40","modified_gmt":"2021-09-08T10:22:40","slug":"sobrad","status":"publish","type":"page","link":"https:\/\/crystalralaksmi.com\/eesti\/sobrad\/","title":{"rendered":"S\u00f5brad"},"content":{"rendered":"<p>[et_pb_section fb_built=&#8221;1&#8243; _builder_version=&#8221;3.22&#8243;][et_pb_row _builder_version=&#8221;3.25&#8243; background_size=&#8221;initial&#8221; background_position=&#8221;top_left&#8221; background_repeat=&#8221;repeat&#8221;][et_pb_column type=&#8221;4_4&#8243; _builder_version=&#8221;3.25&#8243; custom_padding=&#8221;|||&#8221; custom_padding__hover=&#8221;|||&#8221;][et_pb_text _builder_version=&#8221;3.27.4&#8243; background_size=&#8221;initial&#8221; background_position=&#8221;top_left&#8221; background_repeat=&#8221;repeat&#8221;]<\/p>\n<p style=\"text-align: justify;\"><strong><a href=\"https:\/\/crystalralaksmi.com\/eesti\/wp-content\/uploads\/2017\/07\/ksueperenaer.jpg\"><img loading=\"lazy\" decoding=\"async\" class=\"alignleft size-medium wp-image-4303\" src=\"https:\/\/crystalralaksmi.com\/eesti\/wp-content\/uploads\/2017\/07\/ksueperenaer-300x200.jpg\" alt=\"\" width=\"300\" height=\"200\" \/><\/a>Siia lisan erinevad s\u00f5brad, kes kas regulaarselt v\u00f5i projekti-p\u00f5hiselt panustavad minu projektidesse. Seltskond on kirju ja pikk, aga kindlasti p\u00f5nev ja avastamistv\u00e4\u00e4rt ka minu f\u00e4nnidele!<\/strong><\/p>\n<p>Malle Luhar (P\u00e4rnu) &#8211; grupis\u00fcndmused<br \/>\nKristel R\u00f5ss &#8211; Tartu Eneset\u00e4iendajate Klubi s\u00fcndmused ja lood ajakirjanduses<br \/>\nKaidi Kirss &#8211; Majutus Tallinnas, hea s\u00f5branna ja kolleeg uues ajas<br \/>\nAivar Ilves &#8211; Arvuti doktor ja v\u00f5lur ning v\u00e4ga armas dzentlemenist s\u00f5ber Tallinnas<br \/>\n\u00dcllar Pauklin &#8211; \u00c4riline abi ja toetus Eestis erinevate projektidega<br \/>\nJana Tikerpuu &#8211; Armas peres\u00f5branna Kuusalus<br \/>\nHeli J\u00e4rv ja Maie Puussepp &#8211; Koost\u00f6\u00f6partnerid J\u00f5geval<br \/>\nRichard Spenser &#8211; WordPressi spetsialist Hawaiil<br \/>\nKylliki Neumann &#8211; Hea s\u00f5branna ja tuttava LAs ja Tallinnas<br \/>\nMaiko Koort (Tartu) WordPressi tehniline tugi<br \/>\nAlmer Jansu (Tallinn &#8211; maailm) Gongid<br \/>\nRiti Karu (Eesti) &#8211; \u00f5de<br \/>\nSander Kruusement (Eesti) &#8211; poeg<br \/>\nKalju Paldis (Eesti) &#8211; tervendaja<br \/>\nKatrin Aedma (Norra) &#8211; koolitaja<br \/>\nInnar Saksen (Eesti &#8211; Hawaii) &#8211; \u00e4rin\u00f5ustaja<br \/>\nKatrin Haiba (NYC, USA) &#8211; film ja Mehhiko seiklused<br \/>\nValev Laube (NYC, USA) &#8211; graafiline disain ja br\u00e4nd<br \/>\nKristi Laur ( Tallinn) &#8211; wordrpress kodulehe arendus ja koost\u00f6\u00f6<br \/>\nPeter Mavado (London) koost\u00f6\u00f6projekt Hawaiiga<br \/>\nToril Smestad (Oslo, Norra) &#8211; koost\u00f6\u00f6partner ja majutus Oslos<br \/>\nIngar Pedersen (Troms\u00f6, Norra) &#8211; koost\u00f6\u00f6partner ja majutus Troms\u00f6s<br \/>\nPerekond Santana (Mehhiko) &#8211; koost\u00f6\u00f6partner l\u00e4\u00e4ne-Mehhikos<br \/>\nMarie Nicole Lapointe (Kanada) &#8211; wordpress ingliskeelse lehe administraator, panustaja, tehniline abi<br \/>\nLila Osborne (USA) &#8211; VenitusTants Vees projekt Mehhikos<br \/>\nElizabeth Wood (Colorado, USA) &#8211; tantra ja seksuaal\u00f5petaja<br \/>\nAndrea K\u00fcffner (Saksamaa, Mehhiko) &#8211; majutus l\u00e4\u00e4ne-Mehhikos<br \/>\nAnette Job (Saksamaa Mehhiko) &#8211; inspiraator, panustaja<br \/>\nPaul Johnston (USA) &#8211; tantra koost\u00f6\u00f6partner<br \/>\nMichael Holwell (Hawaii, Maui) &#8211; tantra koost\u00f6\u00f6partner<br \/>\nDarshan Medoza (Hawaii, Oahu) &#8211; koost\u00f6\u00f6partner<br \/>\nZoe Wood (Mehhiko) &#8211; muusik ja koost\u00f6\u00f6partner vee sessioonidega<br \/>\nPerekond Mendes (Hawaii) &#8211; majutus Hawaiil<br \/>\nYoga Oasis (Hawaii) &#8211; majutus Hawaiil<br \/>\nFreeman (Hawaii) &#8211; laavagiid<br \/>\nSirje Press (Chicago) &#8211; koost\u00f6\u00f6partner<br \/>\nHelbe Lume (Chicago) &#8211; koost\u00f6\u00f6partner<br \/>\nPerekond Mazariegos (Mehhiko, Cancun) &#8211; majutus Cancunis<br \/>\nOctopus Garden &#8211; La Cruz kultuurikeskus<br \/>\nPunta Esmeralda &#8211; kogukond La Cruzi ja Buceriase piiril (veeteraapia seansid)<br \/>\n4 Seasons in Punta de Mita, Puerto Vallarta &#8211; V\u00f5imalikud tuleviku Wantra koolitused ja seansid<br \/>\nKSUE Grupid 1, 2 ja 3 ja 4 ja 5<br \/>\nJa nii edasi&#8230;<\/p>\n<div id=\"attachment_4586\" style=\"width: 310px\" class=\"wp-caption aligncenter\"><a href=\"https:\/\/crystalralaksmi.com\/eesti\/wp-content\/uploads\/2018\/01\/meieohana.jpg\"><img loading=\"lazy\" decoding=\"async\" aria-describedby=\"caption-attachment-4586\" class=\"wp-image-4586 size-medium\" src=\"https:\/\/crystalralaksmi.com\/eesti\/wp-content\/uploads\/2018\/01\/meieohana-300x164.jpg\" alt=\"\" width=\"300\" height=\"164\" \/><\/a><p id=\"caption-attachment-4586\" class=\"wp-caption-text\">Minu Hawaii pere Mendes Hawaiil hommikus\u00f6\u00f6ki s\u00f6\u00f6mas<\/p><\/div>\n<div id=\"__if72ru4sdfsdfrkjahiuyi_once\" style=\"display: none;\"><\/div>\n<div id=\"__hggasdgjhsagd_once\" style=\"display: none;\"><\/div>\n<p>[\/et_pb_text][\/et_pb_column][\/et_pb_row][\/et_pb_section]<\/p>\n<span class=\"et_bloom_bottom_trigger\"><\/span>","protected":false},"excerpt":{"rendered":"<p>Siia lisan erinevad s\u00f5brad, kes kas regulaarselt v\u00f5i projekti-p\u00f5hiselt panustavad minu projektidesse. Seltskond on kirju ja pikk, aga kindlasti p\u00f5nev ja avastamistv\u00e4\u00e4rt ka minu f\u00e4nnidele! Malle Luhar (P\u00e4rnu) &#8211; grupis\u00fcndmused [&hellip;]<\/p>\n","protected":false},"author":1,"featured_media":224814,"parent":0,"menu_order":0,"comment_status":"closed","ping_status":"closed","template":"","meta":{"_acf_changed":false,"_et_pb_use_builder":"on","_et_pb_old_content":"<p style=\"text-align: justify;\"><strong><a href=\"https:\/\/crystalralaksmi.com\/eesti\/wp-content\/uploads\/2017\/07\/ksueperenaer.jpg\"><img class=\"alignleft size-medium wp-image-4303\" src=\"https:\/\/crystalralaksmi.com\/eesti\/wp-content\/uploads\/2017\/07\/ksueperenaer-300x200.jpg\" alt=\"\" width=\"300\" height=\"200\" \/><\/a>Siia lisan erinevad s\u00f5brad, kes kas regulaarselt v\u00f5i projekti-p\u00f5hiselt panustavad minu projektidesse. Seltskond on kirju ja pikk, aga kindlasti p\u00f5nev ja avastamistv\u00e4\u00e4rt ka minu f\u00e4nnidele!<\/strong><\/p><p>Malle Luhar (P\u00e4rnu) - grupis\u00fcndmused<br \/>Kristel R\u00f5ss - Tartu Eneset\u00e4iendajate Klubi s\u00fcndmused ja lood ajakirjanduses<br \/>Kaidi Kirss - Majutus Tallinnas, hea s\u00f5branna ja kolleeg uues ajas<br \/>Aivar Ilves - Arvuti doktor ja v\u00f5lur ning v\u00e4ga armas dzentlemenist s\u00f5ber Tallinnas<br \/>\u00dcllar Pauklin - \u00c4riline abi ja toetus Eestis erinevate projektidega<br \/>Jana Tikerpuu - Armas peres\u00f5branna Kuusalus<br \/>Heli J\u00e4rv ja Maie Puussepp - Koost\u00f6\u00f6partnerid J\u00f5geval<br \/>Richard Spenser - Wordpressi spetsialist Hawaiil<br \/>Kylliki Neumann - Hea s\u00f5branna ja tuttava LAs ja Tallinnas<br \/>Maiko Koort (Tartu) Wordpressi tehniline tugi<br \/>Almer Jansu (Tallinn - maailm) Gongid<br \/>Riti Karu (Eesti) - \u00f5de<br \/>Sander Kruusement (Eesti) - poeg<br \/>Kalju Paldis (Eesti) - tervendaja<br \/>Katrin Aedma (Norra) - koolitaja<br \/>Innar Saksen (Eesti - Hawaii) - \u00e4rin\u00f5ustaja<br \/>Katrin Haiba (NYC, USA) - film ja Mehhiko seiklused<br \/>Valev Laube (NYC, USA) - graafiline disain ja br\u00e4nd<br \/>Kristi Laur ( Tallinn) - wordrpress kodulehe arendus ja koost\u00f6\u00f6<br \/>Peter Mavado (London) koost\u00f6\u00f6projekt Hawaiiga<br \/>Toril Smestad (Oslo, Norra) - koost\u00f6\u00f6partner ja majutus Oslos<br \/>Ingar Pedersen (Troms\u00f6, Norra) - koost\u00f6\u00f6partner ja majutus Troms\u00f6s<br \/>Perekond Santana (Mehhiko) - koost\u00f6\u00f6partner l\u00e4\u00e4ne-Mehhikos<br \/>Marie Nicole Lapointe (Kanada) - wordpress ingliskeelse lehe administraator, panustaja, tehniline abi<br \/>Lila Osborne (USA) - VenitusTants Vees projekt Mehhikos<br \/>Elizabeth Wood (Colorado, USA) - tantra ja seksuaal\u00f5petaja<br \/>Andrea K\u00fcffner (Saksamaa, Mehhiko) - majutus l\u00e4\u00e4ne-Mehhikos<br \/>Anette Job (Saksamaa Mehhiko) - inspiraator, panustaja<br \/>Paul Johnston (USA) - tantra koost\u00f6\u00f6partner<br \/>Michael Holwell (Hawaii, Maui) - tantra koost\u00f6\u00f6partner<br \/>Darshan Medoza (Hawaii, Oahu) - koost\u00f6\u00f6partner<br \/>Zoe Wood (Mehhiko) - muusik ja koost\u00f6\u00f6partner vee sessioonidega<br \/>Perekond Mendes (Hawaii) - majutus Hawaiil<br \/>Yoga Oasis (Hawaii) - majutus Hawaiil<br \/>Freeman (Hawaii) - laavagiid<br \/>Sirje Press (Chicago) - koost\u00f6\u00f6partner<br \/>Helbe Lume (Chicago) - koost\u00f6\u00f6partner<br \/>Perekond Mazariegos (Mehhiko, Cancun) - majutus Cancunis<br \/>Octopus Garden - La Cruz kultuurikeskus<br \/>Punta Esmeralda - kogukond La Cruzi ja Buceriase piiril (veeteraapia seansid)<br \/>4 Seasons in Punta de Mita, Puerto Vallarta - V\u00f5imalikud tuleviku Wantra koolitused ja seansid<br \/>KSUE Grupid 1, 2 ja 3 ja 4 ja 5<br \/>Ja nii edasi...<\/p>[caption id=\"attachment_4586\" align=\"aligncenter\" width=\"300\"]<a href=\"https:\/\/crystalralaksmi.com\/eesti\/wp-content\/uploads\/2018\/01\/meieohana.jpg\"><img class=\"wp-image-4586 size-medium\" src=\"https:\/\/crystalralaksmi.com\/eesti\/wp-content\/uploads\/2018\/01\/meieohana-300x164.jpg\" alt=\"\" width=\"300\" height=\"164\" \/><\/a> Minu Hawaii pere Mendes Hawaiil hommikus\u00f6\u00f6ki s\u00f6\u00f6mas[\/caption]<div id=\"__if72ru4sdfsdfrkjahiuyi_once\" style=\"display: none;\">\u00a0<\/div><div id=\"__hggasdgjhsagd_once\" style=\"display: none;\">\u00a0<\/div>","_et_gb_content_width":"","footnotes":""},"class_list":["post-782","page","type-page","status-publish","has-post-thumbnail","hentry"],"acf":[],"_links":{"self":[{"href":"https:\/\/crystalralaksmi.com\/eesti\/wp-json\/wp\/v2\/pages\/782","targetHints":{"allow":["GET"]}}],"collection":[{"href":"https:\/\/crystalralaksmi.com\/eesti\/wp-json\/wp\/v2\/pages"}],"about":[{"href":"https:\/\/crystalralaksmi.com\/eesti\/wp-json\/wp\/v2\/types\/page"}],"author":[{"embeddable":true,"href":"https:\/\/crystalralaksmi.com\/eesti\/wp-json\/wp\/v2\/users\/1"}],"replies":[{"embeddable":true,"href":"https:\/\/crystalralaksmi.com\/eesti\/wp-json\/wp\/v2\/comments?post=782"}],"version-history":[{"count":3,"href":"https:\/\/crystalralaksmi.com\/eesti\/wp-json\/wp\/v2\/pages\/782\/revisions"}],"predecessor-version":[{"id":225751,"href":"https:\/\/crystalralaksmi.com\/eesti\/wp-json\/wp\/v2\/pages\/782\/revisions\/225751"}],"wp:featuredmedia":[{"embeddable":true,"href":"https:\/\/crystalralaksmi.com\/eesti\/wp-json\/wp\/v2\/media\/224814"}],"wp:attachment":[{"href":"https:\/\/crystalralaksmi.com\/eesti\/wp-json\/wp\/v2\/media?parent=782"}],"curies":[{"name":"wp","href":"https:\/\/api.w.org\/{rel}","templated":true}]}}