{"id":825,"date":"2013-09-10T23:59:15","date_gmt":"2013-09-10T23:59:15","guid":{"rendered":"http:\/\/crystalralaksmi.com\/eesti\/?page_id=825"},"modified":"2021-09-15T18:46:54","modified_gmt":"2021-09-15T15:46:54","slug":"uudiskirjad","status":"publish","type":"page","link":"https:\/\/crystalralaksmi.com\/eesti\/uudiskirjad\/","title":{"rendered":"Uudiskirjad"},"content":{"rendered":"<p>Minu uudiskirjadeks on igap\u00e4evased postitused Instagramis. Vaata neid <a href=\"https:\/\/www.instagram.com\/coachcrystalra\/\">siit:<\/a><\/p>\n<p>Instagrami postitused on k\u00f5ik inglise keeles. Seal on olemas ka k\u00f5ige viimasem info, mida ma parjasti pakun. Vahel teen ka m\u00f5ne suurema ja selle lingi postitan siia eraldi.<\/p>\n<p>Facebooki isiklikul lehel kirjutan nii inglise kui ka eesti keeles pea igap\u00e4evaselt. Vaata seda <a href=\"https:\/\/www.facebook.com\/crystalralaksmiditton\/\">siit:\u00a0<\/a><\/p>\n<p>Kui sa soovid saada mu FB-i eestikeelse coachi lehe f\u00e4nniks &#8211; siis tee seda<a href=\"https:\/\/www.facebook.com\/aaretekatalysaator\"> siit:\u00a0<\/a><\/p>\n<p>Alates oktoobrist 2021 jagan ka korra kuus postitust siia blogisse.<\/p>\n<p>Head lugemist!<\/p>\n<span class=\"et_bloom_bottom_trigger\"><\/span>","protected":false},"excerpt":{"rendered":"<p>Minu uudiskirjadeks on igap\u00e4evased postitused Instagramis. Vaata neid siit: Instagrami postitused on k\u00f5ik inglise keeles. Seal on olemas ka k\u00f5ige viimasem info, mida ma parjasti pakun. Vahel teen ka m\u00f5ne [&hellip;]<\/p>\n","protected":false},"author":1,"featured_media":0,"parent":0,"menu_order":0,"comment_status":"closed","ping_status":"closed","template":"","meta":{"_acf_changed":false,"_et_pb_use_builder":"","_et_pb_old_content":"","_et_gb_content_width":"","footnotes":""},"class_list":["post-825","page","type-page","status-publish","hentry"],"acf":[],"_links":{"self":[{"href":"https:\/\/crystalralaksmi.com\/eesti\/wp-json\/wp\/v2\/pages\/825","targetHints":{"allow":["GET"]}}],"collection":[{"href":"https:\/\/crystalralaksmi.com\/eesti\/wp-json\/wp\/v2\/pages"}],"about":[{"href":"https:\/\/crystalralaksmi.com\/eesti\/wp-json\/wp\/v2\/types\/page"}],"author":[{"embeddable":true,"href":"https:\/\/crystalralaksmi.com\/eesti\/wp-json\/wp\/v2\/users\/1"}],"replies":[{"embeddable":true,"href":"https:\/\/crystalralaksmi.com\/eesti\/wp-json\/wp\/v2\/comments?post=825"}],"version-history":[{"count":2,"href":"https:\/\/crystalralaksmi.com\/eesti\/wp-json\/wp\/v2\/pages\/825\/revisions"}],"predecessor-version":[{"id":225798,"href":"https:\/\/crystalralaksmi.com\/eesti\/wp-json\/wp\/v2\/pages\/825\/revisions\/225798"}],"wp:attachment":[{"href":"https:\/\/crystalralaksmi.com\/eesti\/wp-json\/wp\/v2\/media?parent=825"}],"curies":[{"name":"wp","href":"https:\/\/api.w.org\/{rel}","templated":true}]}}