{"id":853,"date":"2013-09-12T07:43:51","date_gmt":"2013-09-12T07:43:51","guid":{"rendered":"http:\/\/crystalralaksmi.com\/eesti\/?page_id=853"},"modified":"2021-09-08T13:24:32","modified_gmt":"2021-09-08T10:24:32","slug":"meedia","status":"publish","type":"page","link":"https:\/\/crystalralaksmi.com\/eesti\/meedia\/","title":{"rendered":"Meedia"},"content":{"rendered":"<p>[et_pb_section fb_built=&#8221;1&#8243; admin_label=&#8221;Section&#8221; _builder_version=&#8221;4.9.0&#8243; custom_padding=&#8221;||0px|||&#8221; saved_tabs=&#8221;all&#8221;][et_pb_row column_structure=&#8221;1_2,1_2&#8243; _builder_version=&#8221;4.9.0&#8243; _module_preset=&#8221;default&#8221; custom_padding=&#8221;0px|||||&#8221;][et_pb_column type=&#8221;1_2&#8243; _builder_version=&#8221;4.9.0&#8243; _module_preset=&#8221;default&#8221;][et_pb_image src=&#8221;https:\/\/crystalralaksmi.com\/eesti\/wp-content\/uploads\/2021\/02\/ohtuleht-us-.jpg&#8221; title_text=&#8221;ohtuleht us&#8221; _builder_version=&#8221;4.9.0&#8243; _module_preset=&#8221;default&#8221;][\/et_pb_image][\/et_pb_column][et_pb_column type=&#8221;1_2&#8243; _builder_version=&#8221;4.9.0&#8243; _module_preset=&#8221;default&#8221;][et_pb_image src=&#8221;https:\/\/crystalralaksmi.com\/eesti\/wp-content\/uploads\/2021\/02\/June-2018-ohtuleht-artikkel.jpg&#8221; title_text=&#8221;June 2018 ohtuleht artikkel&#8221; _builder_version=&#8221;4.9.0&#8243; _module_preset=&#8221;default&#8221;][\/et_pb_image][\/et_pb_column][\/et_pb_row][\/et_pb_section][et_pb_section fb_built=&#8221;1&#8243; _builder_version=&#8221;3.22&#8243; custom_padding=&#8221;0px|||||&#8221;][et_pb_row _builder_version=&#8221;3.25&#8243; background_size=&#8221;initial&#8221; background_position=&#8221;top_left&#8221; background_repeat=&#8221;repeat&#8221;][et_pb_column type=&#8221;4_4&#8243; _builder_version=&#8221;3.25&#8243; custom_padding=&#8221;|||&#8221; custom_padding__hover=&#8221;|||&#8221;][et_pb_text _builder_version=&#8221;3.27.4&#8243; background_size=&#8221;initial&#8221; background_position=&#8221;top_left&#8221; background_repeat=&#8221;repeat&#8221;]Siit leiad erinevad meedias kajastatud artiklid ja videod Crystal Ra-st.<br \/>\n<strong>ARTIKLID<\/strong><br \/>\n<a href=\"https:\/\/buduaar.ee\/Article\/article\/crystal-ra-ohvrirollist-selle-aratundmisest-ja-sellest-valjatulemisest \">Crystal Ra ohvrirollist, selle \u00e4ratundmisest ja sellest v\u00e4ljatulemisest &#8211; Buduaar 24.08.2013<\/a><br \/>\n<a href=\"https:\/\/buduaar.ee\/Article\/article\/naiseks-kasvamine-hawaiil \">Naiseks kasvamine Hawaiil &#8211; Buduaar 11.12.2011<\/a><br \/>\n<a href=\"https:\/\/buduaar.ee\/Article\/article\/vabaarmastus-mis-see-tegelikult-on-1\">Vabaarmastus &#8211; mis see tegelikult on? Buduaar\u00a015.06.2011<\/a><br \/>\n<a href=\"https:\/\/www.auratransformation.eu\/ESTONIA\/ART_kommentaar_CR_EE.htm\">Artikkel Eesti Ekspressist Crystali kommentaariga 12.06.2008<\/a><br \/>\n<strong>VIDEOD<\/strong><br \/>\n<strong>MEEDIAS:<\/strong><br \/>\n<a href=\"https:\/\/www.youtube.com\/watch?v=KS_IXUn7GOM\">Head uudised Hooaja saates 24.01.2009 enne Kallistusketti<\/a><br \/>\n<a href=\"https:\/\/www.youtube.com\/watch?v=T256KnQk0Dg\">Auratransformatsioonist 11 veebruar 2009\u00a0<\/a><br \/>\n<a href=\"https:\/\/www.youtube.com\/watch?v=IeKTpMvpmdo\">Crystal Ra Maailmaparandajates\u00a0<\/a><br \/>\n<strong>ISIKLIKUD VIDEOD:<\/strong><br \/>\n<a href=\"https:\/\/www.youtube.com\/watch?v=txIMtKHwytQ\">Seiklused Hawaiil\u00a0<\/a><br \/>\n<a href=\"https:\/\/www.youtube.com\/watch?v=y4itqPHdZp0\">Delfiiniseiklused Hawaiilt\u00a0<\/a><br \/>\n<a href=\"https:\/\/www.youtube.com\/watch?v=--opm4M-3n8\">Tiina peale delfiiniujumist Hawaiil<\/a><br \/>\n<strong>J\u00e4rgnevad videod on valminud koost\u00f6\u00f6s Tiina Liimandiga &#8211;<a href=\"https:\/\/www.kohalolu.com\"> www.kohalolu.com<\/a><\/strong><br \/>\n<a href=\"https:\/\/www.kohalolu.com\">K\u00fclluse t\u00f6\u00f6tuba mai 2010 Tallinnas<br \/>\n<\/a><br \/>\n<a href=\"www.kohalolu.com\">New Flow Kahe Aastane 2009\u00a0<\/a><\/p>\n<p style=\"text-align: left;\"><a href=\"https:\/\/www.youtube.com\/watch?v=sD12wAgh3sc\">Seiklusreis Norra 2010 suvi<\/a><a href=\"www.kohalolu.com\">\u00a0<\/a><\/p>\n<p style=\"text-align: left;\"><a href=\"https:\/\/www.youtube.com\/watch?v=mgswPjLGHrs\">Hawaii seikluskoolitus 2010<\/a> <a href=\"www.kohalolu.com\"><br \/>\n<\/a><\/p>\n<p style=\"text-align: left;\"><a href=\"https:\/\/www.youtube.com\/watch?v=eMYEGNcX93c\">Seikluskoolitus Hawaiile 2012 talv<\/a><\/p>\n<p style=\"text-align: left;\"><a href=\"https:\/\/www.youtube.com\/watch?v=ce1BWXxhBrI\">S\u00fcdamelaul isale<\/a> (2011)<a href=\"www.kohalolu.com\">\u00a0<\/a><\/p>\n<p style=\"text-align: left;\"><a href=\"https:\/\/www.youtube.com\/watch?v=XheIMzwBSXk\">Hawaii koorilaul \u00a0<\/a>(2011)<\/p>\n<p style=\"text-align: left;\"><a href=\"https:\/\/www.youtube.com\/watch?v=ie704n565l8\">Crystal Party<\/a> (2013)<\/p>\n<p style=\"text-align: left;\"><a href=\"https:\/\/www.youtube.com\/watch?v=7-uXCxlhdso\">Emakese Looduse loomise lab\u00fcrint<\/a> k\u00f5nd<\/p>\n<p><a href=\"https:\/\/www.youtube.com\/watch?v=4lP_2u-_UGU\">Hetk t\u00e4navalt Crystaliga P\u00e4rnus\u00a0<\/a><a href=\"www.kohalolu.com\"><br \/>\n<\/a><br \/>\n<a href=\"https:\/\/www.youtube.com\/watch?v=eFPcEmKZkq8\">Saa veega s\u00f5braks<\/a> <a href=\"https:\/\/www.youtube.com\/watch?v=eFPcEmKZkq8\">koost\u00f6\u00f6s\u00a0<\/a><br \/>\n<a href=\"https:\/\/www.youtube.com\/watch?v=dvIRl92C7eI\">K\u00fclluse privaatne m\u00e4ngutuba Tartus<\/a> <a href=\"www.kohalolu.com\"><br \/>\n<\/a><br \/>\n<a href=\"https:\/\/www.youtube.com\/watch?v=5TiwDMwIWLY\">New Flow teami liige Angel\u00a0<\/a><a href=\"www.kohalolu.com\"><br \/>\n<\/a><br \/>\n<a href=\"https:\/\/www.youtube.com\/watch?v=txIMtKHwytQ\">\u00a0<\/a><br \/>\n[\/et_pb_text][\/et_pb_column][\/et_pb_row][\/et_pb_section]<\/p>\n<span class=\"et_bloom_bottom_trigger\"><\/span>","protected":false},"excerpt":{"rendered":"<p>Siit leiad erinevad meedias kajastatud artiklid ja videod Crystal Ra-st. ARTIKLID Crystal Ra ohvrirollist, selle \u00e4ratundmisest ja sellest v\u00e4ljatulemisest &#8211; Buduaar 24.08.2013 Naiseks kasvamine Hawaiil &#8211; Buduaar 11.12.2011 Vabaarmastus &#8211; [&hellip;]<\/p>\n","protected":false},"author":1,"featured_media":0,"parent":0,"menu_order":0,"comment_status":"closed","ping_status":"closed","template":"","meta":{"_acf_changed":false,"_et_pb_use_builder":"on","_et_pb_old_content":"<p>Siit leiad erinevad meedias kajastatud artiklid ja videod Crystal Ra-st.<br \/><strong>ARTIKLID<\/strong><br \/><a href=\"https:\/\/buduaar.ee\/Article\/article\/crystal-ra-ohvrirollist-selle-aratundmisest-ja-sellest-valjatulemisest \">Crystal Ra ohvrirollist, selle \u00e4ratundmisest ja sellest v\u00e4ljatulemisest - Buduaar 24.08.2013<\/a><br \/><a href=\"https:\/\/buduaar.ee\/Article\/article\/naiseks-kasvamine-hawaiil \">Naiseks kasvamine Hawaiil - Buduaar 11.12.2011<\/a><br \/><a href=\"https:\/\/buduaar.ee\/Article\/article\/vabaarmastus-mis-see-tegelikult-on-1\">Vabaarmastus - mis see tegelikult on? Buduaar\u00a015.06.2011<\/a><br \/><a href=\"https:\/\/www.auratransformation.eu\/ESTONIA\/ART_kommentaar_CR_EE.htm\">Artikkel Eesti Ekspressist Crystali kommentaariga 12.06.2008<\/a><br \/><strong>VIDEOD<\/strong><br \/><strong>MEEDIAS:<\/strong><br \/><a href=\"https:\/\/www.youtube.com\/watch?v=KS_IXUn7GOM\">Head uudised Hooaja saates 24.01.2009 enne Kallistusketti<\/a><br \/><a href=\"https:\/\/www.youtube.com\/watch?v=T256KnQk0Dg\">Auratransformatsioonist 11 veebruar 2009\u00a0<\/a><br \/><a href=\"https:\/\/www.youtube.com\/watch?v=IeKTpMvpmdo\">Crystal Ra Maailmaparandajates\u00a0<\/a><br \/><strong>ISIKLIKUD VIDEOD:<\/strong><br \/><a href=\"https:\/\/www.youtube.com\/watch?v=txIMtKHwytQ\">Seiklused Hawaiil\u00a0<\/a><br \/><a href=\"https:\/\/www.youtube.com\/watch?v=y4itqPHdZp0\">Delfiiniseiklused Hawaiilt\u00a0<\/a><br \/><a href=\"https:\/\/www.youtube.com\/watch?v=--opm4M-3n8\">Tiina peale delfiiniujumist Hawaiil<\/a><br \/><strong>J\u00e4rgnevad videod on valminud koost\u00f6\u00f6s Tiina Liimandiga -<a href=\"https:\/\/www.kohalolu.com\"> www.kohalolu.com<\/a><\/strong><br \/><a href=\"https:\/\/www.kohalolu.com\">K\u00fclluse t\u00f6\u00f6tuba mai 2010 Tallinnas<br \/><\/a><br \/><a href=\"www.kohalolu.com\">New Flow Kahe Aastane 2009\u00a0<\/a><\/p><p style=\"text-align: left;\"><a href=\"https:\/\/www.youtube.com\/watch?v=sD12wAgh3sc\">Seiklusreis Norra 2010 suvi<\/a><a href=\"www.kohalolu.com\">\u00a0<\/a><\/p><p style=\"text-align: left;\"><a href=\"https:\/\/www.youtube.com\/watch?v=mgswPjLGHrs\">Hawaii seikluskoolitus 2010<\/a> <a href=\"www.kohalolu.com\"><br \/><\/a><\/p><p style=\"text-align: left;\"><a href=\"https:\/\/www.youtube.com\/watch?v=eMYEGNcX93c\">Seikluskoolitus Hawaiile 2012 talv<\/a><\/p><p style=\"text-align: left;\"><a href=\"https:\/\/www.youtube.com\/watch?v=ce1BWXxhBrI\">S\u00fcdamelaul isale<\/a> (2011)<a href=\"www.kohalolu.com\">\u00a0<\/a><\/p><p style=\"text-align: left;\"><a href=\"https:\/\/www.youtube.com\/watch?v=XheIMzwBSXk\">Hawaii koorilaul \u00a0<\/a>(2011)<\/p><p style=\"text-align: left;\"><a href=\"https:\/\/www.youtube.com\/watch?v=ie704n565l8\">Crystal Party<\/a> (2013)<\/p><p style=\"text-align: left;\"><a href=\"https:\/\/www.youtube.com\/watch?v=7-uXCxlhdso\">Emakese Looduse loomise lab\u00fcrint<\/a> k\u00f5nd<\/p><p><a href=\"https:\/\/www.youtube.com\/watch?v=4lP_2u-_UGU\">Hetk t\u00e4navalt Crystaliga P\u00e4rnus\u00a0<\/a><a href=\"www.kohalolu.com\"><br \/><\/a><br \/><a href=\"https:\/\/www.youtube.com\/watch?v=eFPcEmKZkq8\">Saa veega s\u00f5braks<\/a> <a href=\"https:\/\/www.youtube.com\/watch?v=eFPcEmKZkq8\">koost\u00f6\u00f6s\u00a0<\/a><br \/><a href=\"https:\/\/www.youtube.com\/watch?v=dvIRl92C7eI\">K\u00fclluse privaatne m\u00e4ngutuba Tartus<\/a> <a href=\"www.kohalolu.com\"><br \/><\/a><br \/><a href=\"https:\/\/www.youtube.com\/watch?v=5TiwDMwIWLY\">New Flow teami liige Angel\u00a0<\/a><a href=\"www.kohalolu.com\"><br \/><\/a><br \/><a href=\"https:\/\/www.youtube.com\/watch?v=txIMtKHwytQ\">\u00a0<\/a><\/p>","_et_gb_content_width":"","footnotes":""},"class_list":["post-853","page","type-page","status-publish","hentry"],"acf":[],"_links":{"self":[{"href":"https:\/\/crystalralaksmi.com\/eesti\/wp-json\/wp\/v2\/pages\/853","targetHints":{"allow":["GET"]}}],"collection":[{"href":"https:\/\/crystalralaksmi.com\/eesti\/wp-json\/wp\/v2\/pages"}],"about":[{"href":"https:\/\/crystalralaksmi.com\/eesti\/wp-json\/wp\/v2\/types\/page"}],"author":[{"embeddable":true,"href":"https:\/\/crystalralaksmi.com\/eesti\/wp-json\/wp\/v2\/users\/1"}],"replies":[{"embeddable":true,"href":"https:\/\/crystalralaksmi.com\/eesti\/wp-json\/wp\/v2\/comments?post=853"}],"version-history":[{"count":6,"href":"https:\/\/crystalralaksmi.com\/eesti\/wp-json\/wp\/v2\/pages\/853\/revisions"}],"predecessor-version":[{"id":225752,"href":"https:\/\/crystalralaksmi.com\/eesti\/wp-json\/wp\/v2\/pages\/853\/revisions\/225752"}],"wp:attachment":[{"href":"https:\/\/crystalralaksmi.com\/eesti\/wp-json\/wp\/v2\/media?parent=853"}],"curies":[{"name":"wp","href":"https:\/\/api.w.org\/{rel}","templated":true}]}}