{"id":225029,"date":"2019-07-19T19:40:03","date_gmt":"2019-07-19T16:40:03","guid":{"rendered":"https:\/\/crystalralaksmi.com\/eesti\/?post_type=product&#038;p=225029"},"modified":"2023-11-28T23:16:30","modified_gmt":"2023-11-28T21:16:30","slug":"kulluse-taaskaivitus-8-rahamagnetiga","status":"publish","type":"product","link":"https:\/\/crystalralaksmi.com\/eesti\/product\/kulluse-taaskaivitus-8-rahamagnetiga\/","title":{"rendered":"Rahamagnetid 1-8"},"content":{"rendered":"<p>Aloha, Siin on sul v\u00f5imalus osta endale K\u00fclluse Akadeemia esimese astme Kaheksa Rahamagnetit, mis v\u00f5ivad t\u00e4ielikult muuta sinu raha ja k\u00fclluse olukorda sinu elus.<\/p>\n<p class=\"p1\">Tegu on eri aegadel ja eri sagedustes ja kohtades lindistatud rahamagnetitega, mis aktiveerivad sinu kogu olemuse terviklikult muunduma raha- ja k\u00fclluse magnetiteks nii et saaksid elada oma unistuste elu sinu tingimustel. Erinevad meditatsioonid on erineva pikkusega. Sa saad ise otsustada kas k\u00e4id need l\u00e4bi 8 p\u00e4evaga, 8 n\u00e4dala v\u00f5i 8 kuuga. Kindel on see et see aktiveerib su k\u00fclluse energiaid ja asjad hakkavad muutuma. Kas selleks on rohkem raha, uus auto, uus maja v\u00f5i uus t\u00f6\u00f6koht v\u00f5i uus kallim? See on sinu valida. Nii nagu k\u00fcsid &#8211; nii antakse!<span class=\"Apple-converted-space\">\u00a0<\/span><\/p>\n<ol class=\"ol1\">\n<li class=\"li1\"><strong>Aktiveeri oma raha kahesuunaline liiklus<\/strong><\/li>\n<li class=\"li1\"><strong>\u00d5pi rahasse suhtuma holistiliselt<\/strong><\/li>\n<li class=\"li1\"><strong>Lihtne v\u00f5ti, mis teeb sinust rahamagneti<\/strong><\/li>\n<li class=\"li1\"><strong>Mikro- ja makrokosmose aktiveerimine<\/strong><\/li>\n<li class=\"li1\"><strong>K\u00e4ivitame su elu\u00fclesande l\u00e4bi alateadvuse<\/strong><\/li>\n<li class=\"li1\"><strong>Hawaii k\u00fclluse v\u00f5ti, mis avab raha kanalid<\/strong><\/li>\n<li class=\"li1\"><strong>K\u00fclluse ratta aktiveerimine sinu elus<span class=\"Apple-converted-space\">\u00a0<\/span><\/strong><\/li>\n<li class=\"li1\"><strong>K\u00fclluse ratta v\u00f5tmesektori puhastus<span class=\"Apple-converted-space\">\u00a0<\/span><\/strong><\/li>\n<\/ol>\n<p class=\"p1\">Kuna tegu on tasulise tootega palume seda toodet tasuta mitte edasi jagada.<span class=\"Apple-converted-space\"> Kui sa seda teed &#8211; jagad edasi puuduse teadvust ja v\u00e4hendad automaatset oma k\u00fcllust.\u00a0<\/span><\/p>\n<p class=\"p1\">Imelist toimetamist,<\/p>\n<p class=\"p1\">Crystal Ra<\/p>\n<p class=\"p1\"><span class=\"Apple-converted-space\"><a href=\"https:\/\/crystalralaksmi.com\/eesti\/wp-content\/uploads\/2023\/11\/happy-miami-girl.jpg\"><img loading=\"lazy\" decoding=\"async\" class=\"alignnone size-medium wp-image-226795\" src=\"https:\/\/crystalralaksmi.com\/eesti\/wp-content\/uploads\/2023\/11\/happy-miami-girl-300x300.jpg\" alt=\"\" width=\"300\" height=\"300\" \/><\/a>\u00a0<\/span><\/p>\n<span class=\"et_bloom_bottom_trigger\"><\/span>","protected":false},"excerpt":{"rendered":"<p>Aloha, Siin on sul v\u00f5imalus osta endale K\u00fclluse Akadeemia esimese astme Kaheksa Rahamagnetit, mis v\u00f5ivad t\u00e4ielikult muuta sinu raha ja k\u00fclluse olukorda sinu elus. Sa v\u00f5id ise otsustada kas soovid materjali l\u00e4bida kaheksa tunni, kaheksa p\u00e4eva, n\u00e4dala v\u00f5i kuuga. Ait\u00e4h ja edu sulle! Aloha, Crystal Ra<\/p>\n","protected":false},"featured_media":225674,"comment_status":"open","ping_status":"closed","template":"","meta":{"_acf_changed":false,"_et_pb_use_builder":"","_et_pb_old_content":"","_et_gb_content_width":""},"product_cat":[1352],"product_tag":[],"class_list":{"0":"post-225029","1":"product","2":"type-product","3":"status-publish","4":"has-post-thumbnail","6":"product_cat-montonio","8":"first","9":"instock","10":"shipping-taxable","11":"purchasable","12":"product-type-simple"},"acf":[],"_links":{"self":[{"href":"https:\/\/crystalralaksmi.com\/eesti\/wp-json\/wp\/v2\/product\/225029","targetHints":{"allow":["GET"]}}],"collection":[{"href":"https:\/\/crystalralaksmi.com\/eesti\/wp-json\/wp\/v2\/product"}],"about":[{"href":"https:\/\/crystalralaksmi.com\/eesti\/wp-json\/wp\/v2\/types\/product"}],"replies":[{"embeddable":true,"href":"https:\/\/crystalralaksmi.com\/eesti\/wp-json\/wp\/v2\/comments?post=225029"}],"wp:featuredmedia":[{"embeddable":true,"href":"https:\/\/crystalralaksmi.com\/eesti\/wp-json\/wp\/v2\/media\/225674"}],"wp:attachment":[{"href":"https:\/\/crystalralaksmi.com\/eesti\/wp-json\/wp\/v2\/media?parent=225029"}],"wp:term":[{"taxonomy":"product_cat","embeddable":true,"href":"https:\/\/crystalralaksmi.com\/eesti\/wp-json\/wp\/v2\/product_cat?post=225029"},{"taxonomy":"product_tag","embeddable":true,"href":"https:\/\/crystalralaksmi.com\/eesti\/wp-json\/wp\/v2\/product_tag?post=225029"}],"curies":[{"name":"wp","href":"https:\/\/api.w.org\/{rel}","templated":true}]}}