{"id":225041,"date":"2019-07-19T20:37:55","date_gmt":"2019-07-19T17:37:55","guid":{"rendered":"https:\/\/crystalralaksmi.com\/eesti\/?post_type=product&#038;p=225041"},"modified":"2021-09-29T21:30:52","modified_gmt":"2021-09-29T18:30:52","slug":"kulluse-seikluskoolitus-unistuste-ellu-koolitus","status":"publish","type":"product","link":"https:\/\/crystalralaksmi.com\/eesti\/product\/kulluse-seikluskoolitus-unistuste-ellu-koolitus\/","title":{"rendered":"K\u00fclluse Seikluskoolitus Unistuste Ellu &#8211; 8-kuine k\u00fclluse online individuaal\u00f5pe"},"content":{"rendered":"<p style=\"text-align: justify;\"><b>Millest tuli antud koolituse idee?<\/b><\/p>\n<p style=\"text-align: justify;\">Antud koolituse idee tuli sellest, et mul oli mitu Hawaii seikluskoolituse huvilist, kellel polnud piisavalt raha selle jaoks. Seega m\u00f5tlesingi kokku panna 8. kuulise kursuse, kus neil on v\u00f5imalus l\u00e4bi erinevate tehnikate hakata looma rohkem k\u00fcllust. Imeline on tunnistada, et see t\u00f5esti toimib ja paljud on selle k\u00fclluse juba ka loonud (lisav\u00e4\u00e4rtusena siis sadadest eurodest kuni 3000 euroni ja rohkem).<\/p>\n<p><strong>L\u00fchidalt v\u00f5ttes &#8211; Kas ja kuidas toetada ja suunata inimeste protsesse ja oma elu avardumist rohkemale ja t\u00e4isv\u00e4\u00e4rtuslikumale ning kvaliteetsele elule ja k\u00fcllusele nii et see saaks toimuda nende oma unistuste elu tingimustel?\u00a0<\/strong><br \/>\n<strong>Millel on sellel kursusel peamine fookus?<\/strong><\/p>\n<span class=\"et_bloom_bottom_trigger\"><\/span>","protected":false},"excerpt":{"rendered":"<div class=\"card--body\">\n<p class=\"card--description\">N\u00fc\u00fcd ongi see k\u00e4es. See hetk kui sul on vaja teha oma valik. Kas ja kuidas sa kasutad oma aega &#8211; \u00fchte suurimat k\u00fclluslikku ressursi &#8211; et luua endale ja oma tulevastele p\u00f5lvedele uus tulevik.\u00a0 Kui sa oled valmis oma elu \u00fcmber defineerima, \u00fcmber ehitama ka l\u00e4bi vana lammutamise ja lahustamise ning oled valmis t\u00e4iesti uueks alguseks nii oma seksuaalsuse, suhete, tervise, elu\u00fclesannete kui ka holistilise k\u00fclluse teemadega, siis investeeri endasse ja luba endale see seikluskoolitus! Vaid kaheksa kuuga saad muuta nii iseennast kui kogu oma maailma ning muundada see \u00fcmber K\u00fclluse Seikluskoolituseks oma Unistuste Ellu! Antud pakett on K\u00fclluse Seikluskoolitus Unistuste Ellu individuaalne ja passiivne pakett, mis t\u00e4hendab et sa hakkad materjaliga t\u00f6\u00f6le iseseisvalt ja l\u00e4bid programmi iseseisvalt. See seiklus on asukohavaba ja sobib k\u00f5igile vanusegruppidele ja k\u00f5igile kes soovivad oma elu muuta paremaks kui see praegusel hetkel on. Kui sa soovid selgemaid eesm\u00e4rke, prioriteete, t\u00e4hendust nii nagu ka elu t\u00e4is eneseteostust ja \u00f5itsemist &#8211; siis on see seikluskoolitus just sinu! See seikluskoolitus annab sulle v\u00f5imaluse v\u00f5tta hetk aega ja \u00fcmber defineerida oma elu k\u00f5ik olulisemad sektorid et luua uus tulevik.\u00a0 Edu sulle ja suur t\u00e4nu et sa toetad minu talentide ja kogemuste jagamist, nii et saame m\u00f5lemad panustada parema maailma loomisele!\u00a0 Aloha ja armastusega, Crystal Ra Havailt.<\/p>\n<\/div>\n","protected":false},"featured_media":225053,"comment_status":"open","ping_status":"closed","template":"","meta":{"_acf_changed":false,"_et_pb_use_builder":"","_et_pb_old_content":"","_et_gb_content_width":""},"product_cat":[1351],"product_tag":[],"class_list":{"0":"post-225041","1":"product","2":"type-product","3":"status-publish","4":"has-post-thumbnail","6":"product_cat-kajabi","8":"first","9":"instock","10":"shipping-taxable","11":"purchasable","12":"product-type-simple"},"acf":[],"_links":{"self":[{"href":"https:\/\/crystalralaksmi.com\/eesti\/wp-json\/wp\/v2\/product\/225041","targetHints":{"allow":["GET"]}}],"collection":[{"href":"https:\/\/crystalralaksmi.com\/eesti\/wp-json\/wp\/v2\/product"}],"about":[{"href":"https:\/\/crystalralaksmi.com\/eesti\/wp-json\/wp\/v2\/types\/product"}],"replies":[{"embeddable":true,"href":"https:\/\/crystalralaksmi.com\/eesti\/wp-json\/wp\/v2\/comments?post=225041"}],"wp:featuredmedia":[{"embeddable":true,"href":"https:\/\/crystalralaksmi.com\/eesti\/wp-json\/wp\/v2\/media\/225053"}],"wp:attachment":[{"href":"https:\/\/crystalralaksmi.com\/eesti\/wp-json\/wp\/v2\/media?parent=225041"}],"wp:term":[{"taxonomy":"product_cat","embeddable":true,"href":"https:\/\/crystalralaksmi.com\/eesti\/wp-json\/wp\/v2\/product_cat?post=225041"},{"taxonomy":"product_tag","embeddable":true,"href":"https:\/\/crystalralaksmi.com\/eesti\/wp-json\/wp\/v2\/product_tag?post=225041"}],"curies":[{"name":"wp","href":"https:\/\/api.w.org\/{rel}","templated":true}]}}