{"id":225624,"date":"2021-04-06T20:23:48","date_gmt":"2021-04-06T17:23:48","guid":{"rendered":"https:\/\/crystalralaksmi.com\/eesti\/?post_type=product&#038;p=225624"},"modified":"2023-01-13T03:03:44","modified_gmt":"2023-01-13T01:03:44","slug":"uue-aja-numeroloogia-kursus","status":"publish","type":"product","link":"https:\/\/crystalralaksmi.com\/eesti\/product\/uue-aja-numeroloogia-kursus\/","title":{"rendered":"Uue Aja Numeroloogia ise \u00f5ppe online programm (5 n\u00e4dalat)"},"content":{"rendered":"<p>Septembris 2020 toimus esimene <strong>Uue Aja Numeroloogia<\/strong> minikursus. Siin saad esmase info et v\u00e4lja selgitada kas see kursus on midagi sulle. Vaata l\u00e4bi k\u00f5ik k\u00fcsimused ja vastused ning kui sul on programmi suhtes lisak\u00fcsimusi, v\u00f5ta kindlasti \u00fchendust.<\/p>\n<p><b>MIS ON ANTUD PROGRAMMI TAUST?<\/b><\/p>\n<p>Crystal Ra on tegelenud energiate ja enesearenguga 25 aastat ja\u00a0 numeroloogiaga tegelenud pea 20 aastat aga viimati on v\u00e4lja arendanud <strong>Uue Aja Numeroloogia.<\/strong>\u00a0Ajaga koos muutuvad ka sagedused ja t\u00e4hendused mis numbrid endaga kannavad. Septembris 2020 toimus 5 LIVE online k\u00f5ne kus esimene testi grupp sai kogeda <strong>Uue Aja Numeroloogiat<\/strong> tegevuses ja ka iseennast proovile panna.<\/p>\n<p>Testi grupp oli v\u00e4ike aga m\u00f5nusalt hubane, mis v\u00f5imaldas ka minna teemadega v\u00e4ga s\u00fcgavale ja testida kas ja kuidas kogu <strong>Uue Aja Numeroloogia<\/strong> (UAN) temaatika toimib.<\/p>\n<p>Tunnid said paika ja loodud t\u00e4pselt grupi teemade ja kollektiivse juhendamise toel. Seega see oli v\u00e4ga p\u00f5nev koost\u00f6\u00f6 ja koosloome projekt. Seet\u00f5ttu sai see materjal kokku koondatud\u00a0<strong>Uue Aja Numeroloogia<\/strong>\u00a0igihaljakas tooteks ja n\u00fc\u00fcd on k\u00f5igil osalejatel v\u00f5imalik sellest ka osa saada.<\/p>\n<span class=\"et_bloom_bottom_trigger\"><\/span>","protected":false},"excerpt":{"rendered":"<p>Imeline v\u00f5imalus saada tuge ja kindlust ning inspiratsiooni numbritelt. Sul on v\u00f5imalus osta toode ja see iseseisvalt l\u00e4bi t\u00f6\u00f6tada ja soovi korral saad eraldi juurde osta Crystal Ra coachingu numbritega.<\/p>\n","protected":false},"featured_media":225628,"comment_status":"open","ping_status":"closed","template":"","meta":{"_acf_changed":false,"_et_pb_use_builder":"","_et_pb_old_content":"","_et_gb_content_width":""},"product_cat":[1352],"product_tag":[],"class_list":{"0":"post-225624","1":"product","2":"type-product","3":"status-publish","4":"has-post-thumbnail","6":"product_cat-montonio","8":"first","9":"instock","10":"shipping-taxable","11":"purchasable","12":"product-type-simple"},"acf":[],"_links":{"self":[{"href":"https:\/\/crystalralaksmi.com\/eesti\/wp-json\/wp\/v2\/product\/225624","targetHints":{"allow":["GET"]}}],"collection":[{"href":"https:\/\/crystalralaksmi.com\/eesti\/wp-json\/wp\/v2\/product"}],"about":[{"href":"https:\/\/crystalralaksmi.com\/eesti\/wp-json\/wp\/v2\/types\/product"}],"replies":[{"embeddable":true,"href":"https:\/\/crystalralaksmi.com\/eesti\/wp-json\/wp\/v2\/comments?post=225624"}],"wp:featuredmedia":[{"embeddable":true,"href":"https:\/\/crystalralaksmi.com\/eesti\/wp-json\/wp\/v2\/media\/225628"}],"wp:attachment":[{"href":"https:\/\/crystalralaksmi.com\/eesti\/wp-json\/wp\/v2\/media?parent=225624"}],"wp:term":[{"taxonomy":"product_cat","embeddable":true,"href":"https:\/\/crystalralaksmi.com\/eesti\/wp-json\/wp\/v2\/product_cat?post=225624"},{"taxonomy":"product_tag","embeddable":true,"href":"https:\/\/crystalralaksmi.com\/eesti\/wp-json\/wp\/v2\/product_tag?post=225624"}],"curies":[{"name":"wp","href":"https:\/\/api.w.org\/{rel}","templated":true}]}}