{"id":225626,"date":"2021-04-06T20:27:56","date_gmt":"2021-04-06T17:27:56","guid":{"rendered":"https:\/\/crystalralaksmi.com\/eesti\/?post_type=product&#038;p=225626"},"modified":"2021-10-07T20:54:18","modified_gmt":"2021-10-07T17:54:18","slug":"kulluse-ja-eluulesannete-kiirkaivituse-kursus","status":"publish","type":"product","link":"https:\/\/crystalralaksmi.com\/eesti\/product\/kulluse-ja-eluulesannete-kiirkaivituse-kursus\/","title":{"rendered":"K\u00fclluse ja Elu\u00fclesannete Kiirk\u00e4ivituse individuaalne online programm (5 n\u00e4dalat)"},"content":{"rendered":"<p>Oktoobris 2020 toimus esimene <strong>K\u00fclluse ja Elu\u00fclesannete<\/strong>\u00a0<strong>Kiirk\u00e4ivituse\u00a0<\/strong>minikursus. Siin saad esmase info et v\u00e4lja selgitada kas see kursus on midagi sulle. Vaata l\u00e4bi k\u00f5ik k\u00fcsimused ja vastused ning kui sul on programmi suhtes lisak\u00fcsimusi, v\u00f5ta kindlasti \u00fchendust.<\/p>\n<p>Vaata siit l\u00fchidat \u00fclevaadet sisu ja ka osalejate tagasiside kohta kursust tutvustavast <strong><a href=\"https:\/\/youtu.be\/pHmoyEAa8o8\">videost siit<\/a><\/strong><\/p>\n<p><b>MIS ON ANTUD PROGRAMMI TAUST?<\/b><\/p>\n<p>Crystal Ra on tegelenud energiate ja enesearenguga 25 aastat ja viimati on v\u00e4lja arendanud ka\u00a0<strong>Uue Aja Numeroloogia ja Energiat\u00f6\u00f6 minikursused ja Energiat\u00f6\u00f6 ja Energiav\u00f5imete Kiirk\u00e4ivituse kursused,<\/strong>\u00a0mis sobituvad v\u00e4ga h\u00e4sti antud programmiga kui edasij\u00f5udnute programmid. Crystal Ra on k\u00fcllusega tegelenud v\u00e4ga palju aastaid &#8211; nii terapeudi kui ka \u00e4rinaisena &#8211; tal on oma firmad olnud nii Eestis, Norras, kui ka Mehhikos ja praegu j\u00e4tkuvalt nii Eestis kui ka USAs. Lisaks ka Ettev\u00f5tlusjooga online koolitus (6 kuud), seej\u00e4rel<strong> Kiirtee Iseendasse<\/strong> online koolitus (12 kuud), siis <strong>K\u00fclluse Seikluskoolitus Unistuste Ellu<\/strong> (8 kuud) ja seej\u00e4rel tuli miniversioon et teemat tutvustada l\u00fchidalt kuna see v\u00f5tab ka fookusesse<strong> Sisemise Pere Arhet\u00fc\u00fcbid<\/strong> mis on uus v\u00f5imas coachingu programm, mis on andnud v\u00e4ga palju v\u00f5imsaid tulemusi viimase viie aasta jooksul.<\/p>\n<p><b>? KELLELE K\u00dcLLUSE JA ELU\u00dcLESANNETE KIIRK\u00c4IVITUSE PROGRAMM SOBIKS?<\/b><\/p>\n<p class=\"p1\"><span class=\"s1\">\u2013 Kui sa oled endaga juba natuke aega tegelenud ja oled uudishimulik antud kursuse teema suhtes<\/span><\/p>\n<p class=\"p1\"><span class=\"s1\">\u2013 Kui oled endaga juba pikemalt tegelenud aga tahad veelgi s\u00fcgavsukelduda<\/span><\/p>\n<p class=\"p1\"><span class=\"s1\">\u2013 Kui sa oled alustaja ja ka l\u00e4biviija ja l\u00f5petaja<\/span><\/p>\n<p class=\"p1\"><span class=\"s1\">\u2013 Kui sa oled just huvitatud Uue Aja K\u00fclluse ja Elu\u00fclesannete Kiirk\u00e4ivituse n\u00e4gemusest<\/span><\/p>\n<p class=\"p1\"><span class=\"s1\">\u2013 Kui sa juba tead v\u00f5i oled huvitatud Indigo-, Kristall- ja kuldenergiatest<\/span><\/p>\n<p class=\"p1\"><span class=\"s1\">\u2013 Kui oled s\u00fcndinud enne 1986. aastat ja su aura on transformeeritud Aura Mediaatori poolt<\/span><\/p>\n<p class=\"p1\"><span class=\"s1\">\u2013 Kui sa pole veel oma aurat transformeerinud, aga sul on m\u00f5ttes v\u00f5i huvi oma aurat tulevikus kaasajastada<\/span><\/p>\n<p class=\"p1\"><span class=\"s1\">\u2013 Sul pole m\u00f5ttes oma aurat kaasajastada, aga oled avatud meelega<\/span><\/p>\n<p class=\"p1\"><span class=\"s1\">\u2013 Oled avatud meele ja m\u00f5ttemaailmaga<\/span><\/p>\n<p class=\"p1\"><span class=\"s1\">\u2013 Crystal Ra kui teejuht heliseb sinuga ja oled tema suhtes s\u00f5bralikult meelestatud<\/span><\/p>\n<p class=\"p1\"><span class=\"s1\">\u2013 Usud et me ise saame m\u00f5jutada oma maailma l\u00e4bi oma m\u00f5tete, s\u00f5nade ja tegude ning pole ainult oma elu ja tingimuste ohvrid<\/span><\/p>\n<p class=\"p1\"><span class=\"s1\">\u2013 Oled huvitatud p\u00f5nevast n\u00e4htamatust maailmast ning soovid oskust seda rohkem t\u00f5lgendada ja lugeda ja iseenda elu jaoks kasutada<\/span><\/p>\n<p class=\"p1\"><span class=\"s1\">\u2013 Usud et n\u00e4htamatu maailm m\u00f5jutab n\u00e4htavat maailma ja saab sulle anda juhiseid su elu\u00fcelsannete ja k\u00fclluse kohta<\/span><\/p>\n<p class=\"p1\"><span class=\"s1\">\u2013 Usud et sul on olemas Sisemine Pere ja et nendega suhestudes ja koost\u00f6\u00f6d tehes saad muuta oma elu paremaks<\/span><\/p>\n<p class=\"p1\"><span class=\"s1\">\u2013 Oled pealehakkaja ja julgelt uudishimulik oma elus ja tegemistes<\/span><\/p>\n<p>\u2013 Sa soovid saada paremat \u00fclevaadet kas ja kuidas n\u00e4htamatu maailm sinuga suhtleb ja \u00f5ppida kuidas seda k\u00f5ike t\u00f5lgendada ja sellega paremini suhestuda<\/p>\n<p>\u2013 Sa soovid ennast paremini tundma \u00f5ppida<\/p>\n<p>\u2013 Sa oled huvitatud vaimsest enesearengust ja soovid seda teha s\u00fcgavuti ja Uue Aja Eneergiate taktis<\/p>\n<p>\u2013 Oled huvitatud Uue Aja Energiate toimimisest ja ka nippidest<\/p>\n<p>\u2013 Crystal Ra kui coach heliseb sinuga ja sa soovid saad selgemat \u00fclevaadet kuidas ta maailma n\u00e4eb ja selle vahendamist jagab Imelise kohtumiseni!<\/p>\n<span class=\"et_bloom_bottom_trigger\"><\/span>","protected":false},"excerpt":{"rendered":"<p>Oktoobris 2020 toimus esimene K\u00fclluse ja Elu\u00fclesannete\u00a0Kiirk\u00e4ivituse\u00a0minikursus. Siin saad esmase info et v\u00e4lja selgitada kas see kursus on midagi sulle. Vaata l\u00e4bi k\u00f5ik k\u00fcsimused ja vastused ning kui sul on [&hellip;]<\/p>\n","protected":false},"featured_media":225627,"comment_status":"open","ping_status":"closed","template":"","meta":{"_acf_changed":false,"_et_pb_use_builder":"","_et_pb_old_content":"","_et_gb_content_width":""},"product_cat":[1352],"product_tag":[],"class_list":{"0":"post-225626","1":"product","2":"type-product","3":"status-publish","4":"has-post-thumbnail","6":"product_cat-montonio","8":"first","9":"instock","10":"shipping-taxable","11":"purchasable","12":"product-type-simple"},"acf":[],"_links":{"self":[{"href":"https:\/\/crystalralaksmi.com\/eesti\/wp-json\/wp\/v2\/product\/225626","targetHints":{"allow":["GET"]}}],"collection":[{"href":"https:\/\/crystalralaksmi.com\/eesti\/wp-json\/wp\/v2\/product"}],"about":[{"href":"https:\/\/crystalralaksmi.com\/eesti\/wp-json\/wp\/v2\/types\/product"}],"replies":[{"embeddable":true,"href":"https:\/\/crystalralaksmi.com\/eesti\/wp-json\/wp\/v2\/comments?post=225626"}],"wp:featuredmedia":[{"embeddable":true,"href":"https:\/\/crystalralaksmi.com\/eesti\/wp-json\/wp\/v2\/media\/225627"}],"wp:attachment":[{"href":"https:\/\/crystalralaksmi.com\/eesti\/wp-json\/wp\/v2\/media?parent=225626"}],"wp:term":[{"taxonomy":"product_cat","embeddable":true,"href":"https:\/\/crystalralaksmi.com\/eesti\/wp-json\/wp\/v2\/product_cat?post=225626"},{"taxonomy":"product_tag","embeddable":true,"href":"https:\/\/crystalralaksmi.com\/eesti\/wp-json\/wp\/v2\/product_tag?post=225626"}],"curies":[{"name":"wp","href":"https:\/\/api.w.org\/{rel}","templated":true}]}}