{"id":225629,"date":"2021-04-06T20:31:05","date_gmt":"2021-04-06T17:31:05","guid":{"rendered":"https:\/\/crystalralaksmi.com\/eesti\/?post_type=product&#038;p=225629"},"modified":"2021-10-07T20:54:05","modified_gmt":"2021-10-07T17:54:05","slug":"energiatoo-ja-energiavoimete-kiirkaivituse-kursus","status":"publish","type":"product","link":"https:\/\/crystalralaksmi.com\/eesti\/product\/energiatoo-ja-energiavoimete-kiirkaivituse-kursus\/","title":{"rendered":"Energiat\u00f6\u00f6 ja Energiav\u00f5imete Kiirk\u00e4ivituse individuaalne online programm (5 n\u00e4dalat)"},"content":{"rendered":"<p>Novembris 2020 toimus esimene <strong>Energiat\u00f6\u00f6- ja Energiav\u00f5imete Kiirk\u00e4ivituse\u00a0<\/strong>minikursus. Siin saad esmase info et v\u00e4lja selgitada kas see kursus on midagi sulle. Vaata l\u00e4bi k\u00f5ik k\u00fcsimused ja vastused ning kui sul on programmi suhtes lisak\u00fcsimusi, v\u00f5ta kindlasti \u00fchendust.<\/p>\n<p><b>MIS ON ANTUD PROGRAMMI TAUST?<\/b><\/p>\n<p>Crystal Ra on tegelenud energiate ja enesearenguga 25 aastat ja viimati on v\u00e4lja arendanud ka\u00a0<strong>Uue Aja Numeroloogia ja sellekohast kursust on samuti v\u00f5imalik ka eraldi seotada mis toetaks ka antud Energiat\u00f6\u00f6 kursust. Antud Energiat\u00f6\u00f6 kursus s\u00fcndis mitme kliendi soovist et Crystal Ra neid teemasid jagaks.<\/strong><\/p>\n<p><b>? KELLELE ENERGIAT\u00d6\u00d6 JA ENERGIAV\u00d5IMETE PROGRAMM SOBIKS?<\/b><\/p>\n<p class=\"p1\"><span class=\"s1\">\u2013 Kui sa oled endaga juba natuke aega tegelenud ja oled uudishimulik antud kursuse teema suhtes<\/span><\/p>\n<p class=\"p1\"><span class=\"s1\">\u2013 Kui oled endaga juba pikemalt tegelenud aga tahad veelgi s\u00fcgavsukelduda<\/span><\/p>\n<p class=\"p1\"><span class=\"s1\">\u2013 Kui sa oled alustaja ja ka l\u00e4biviija ja l\u00f5petaja<\/span><\/p>\n<p class=\"p1\"><span class=\"s1\">\u2013 Kui sa oled just huvitatud Uue Aja Energiat\u00f6\u00f6 ja Energiav\u00f5imete n\u00e4gemusest<\/span><\/p>\n<p class=\"p1\"><span class=\"s1\">\u2013 Kui sa juba tead v\u00f5i oled huvitatud Indigo-, Kristall- ja kuldenergiatest<\/span><\/p>\n<p class=\"p1\"><span class=\"s1\">\u2013 Kui oled s\u00fcndinud enne 1986. aastat ja su aura on transformeeritud Aura Mediaatori poolt<\/span><\/p>\n<p class=\"p1\"><span class=\"s1\">\u2013 Kui sa pole veel oma aurat transformeerinud, aga sul on m\u00f5ttes v\u00f5i huvi oma aurat tulevikus kaasajastada<\/span><\/p>\n<p class=\"p1\"><span class=\"s1\">\u2013 Sul pole m\u00f5ttes oma aurat kaasajastada, aga oled avatud meelega<\/span><\/p>\n<p class=\"p1\"><span class=\"s1\">\u2013 Oled avatud meele ja m\u00f5ttemaailmaga<\/span><\/p>\n<p class=\"p1\"><span class=\"s1\">\u2013 Crystal Ra kui teejuht heliseb sinuga ja oled tema suhtes s\u00f5bralikult meelestatud<\/span><\/p>\n<p class=\"p1\"><span class=\"s1\">\u2013 Usud et me ise saame m\u00f5jutada oma maailma l\u00e4bi oma m\u00f5tete, s\u00f5nade ja tegude ning pole ainult oma elu ja tingimuste ohvrid<\/span><\/p>\n<p class=\"p1\"><span class=\"s1\">\u2013 Oled huvitatud p\u00f5nevast n\u00e4htamatust maailmast ning soovid oskust seda rohkem t\u00f5lgendada ja lugeda ja iseenda elu jaoks kasutada<\/span><\/p>\n<p class=\"p1\"><span class=\"s1\">\u2013 Usud et n\u00e4htamatu maailm m\u00f5jutab n\u00e4htavat maailma<\/span><\/p>\n<p class=\"p1\"><span class=\"s1\">\u2013 Usud et sul on olemas Sisemine Pere ja et nendega suhestudes ja koost\u00f6\u00f6d tehes saad muuta oma elu paremaks<\/span><\/p>\n<p class=\"p1\"><span class=\"s1\">\u2013 Oled pealehakkaja ja julgelt uudishimulik oma elus ja tegemistes<\/span><\/p>\n<p>\u2013 Sa soovid saada paremat \u00fclevaadet kas ja kuidas n\u00e4htamatu maailm sinuga suhtleb ja \u00f5ppida kuidas seda k\u00f5ike t\u00f5lgendada ja sellega paremini suhestuda<\/p>\n<p>\u2013 Sa soovid ennast paremini tundma \u00f5ppida<\/p>\n<p>\u2013 Sa soovid selgitada kas ja kuidas teisi inimesi kiiresti ja kergelt lugeda<\/p>\n<p>\u2013 Sa oled huvitatud vaimsest enesearengust ja soovid seda teha s\u00fcgavuti ja Uue Aja Eneergiate taktis<\/p>\n<p>\u2013 Oled huvitatud Uue Aja Energiate toimimisest ja ka nippidest<\/p>\n<p>\u2013 Crystal Ra kui coach heliseb sinuga ja sa soovid saad selgemat \u00fclevaadet kuidas ta maailma n\u00e4eb ja selle vahendamist jagab Imelise kohtumiseni!<\/p>\n<span class=\"et_bloom_bottom_trigger\"><\/span>","protected":false},"excerpt":{"rendered":"<p>Novembris 2020 toimus esimene Energiat\u00f6\u00f6- ja Energiav\u00f5imete Kiirk\u00e4ivituse\u00a0minikursus. Siin saad esmase info et v\u00e4lja selgitada kas see kursus on midagi sulle. Vaata l\u00e4bi k\u00f5ik k\u00fcsimused ja vastused ning kui sul [&hellip;]<\/p>\n","protected":false},"featured_media":225631,"comment_status":"open","ping_status":"closed","template":"","meta":{"_acf_changed":false,"_et_pb_use_builder":"","_et_pb_old_content":"","_et_gb_content_width":""},"product_cat":[1352],"product_tag":[],"class_list":{"0":"post-225629","1":"product","2":"type-product","3":"status-publish","4":"has-post-thumbnail","6":"product_cat-montonio","8":"first","9":"instock","10":"shipping-taxable","11":"purchasable","12":"product-type-simple"},"acf":[],"_links":{"self":[{"href":"https:\/\/crystalralaksmi.com\/eesti\/wp-json\/wp\/v2\/product\/225629","targetHints":{"allow":["GET"]}}],"collection":[{"href":"https:\/\/crystalralaksmi.com\/eesti\/wp-json\/wp\/v2\/product"}],"about":[{"href":"https:\/\/crystalralaksmi.com\/eesti\/wp-json\/wp\/v2\/types\/product"}],"replies":[{"embeddable":true,"href":"https:\/\/crystalralaksmi.com\/eesti\/wp-json\/wp\/v2\/comments?post=225629"}],"wp:featuredmedia":[{"embeddable":true,"href":"https:\/\/crystalralaksmi.com\/eesti\/wp-json\/wp\/v2\/media\/225631"}],"wp:attachment":[{"href":"https:\/\/crystalralaksmi.com\/eesti\/wp-json\/wp\/v2\/media?parent=225629"}],"wp:term":[{"taxonomy":"product_cat","embeddable":true,"href":"https:\/\/crystalralaksmi.com\/eesti\/wp-json\/wp\/v2\/product_cat?post=225629"},{"taxonomy":"product_tag","embeddable":true,"href":"https:\/\/crystalralaksmi.com\/eesti\/wp-json\/wp\/v2\/product_tag?post=225629"}],"curies":[{"name":"wp","href":"https:\/\/api.w.org\/{rel}","templated":true}]}}