{"id":225852,"date":"2021-09-25T16:42:20","date_gmt":"2021-09-25T13:42:20","guid":{"rendered":"https:\/\/crystalralaksmi.com\/eesti\/?post_type=product&#038;p=225852"},"modified":"2022-03-30T07:26:16","modified_gmt":"2022-03-30T04:26:16","slug":"sisemise-pere-5-paevane-online-individuaaloppe-valjakutse","status":"publish","type":"product","link":"https:\/\/crystalralaksmi.com\/eesti\/product\/sisemise-pere-5-paevane-online-individuaaloppe-valjakutse\/","title":{"rendered":"Sisemise Pere 5-p\u00e4evane online Individuaal\u00f5ppe V\u00e4ljakutse"},"content":{"rendered":"<p>Su harmooniline ja teadlik Sisemine Perekond on sinu K\u00fcllusliku Tuleviku v\u00f5ti!<br \/>\nSelleks et \u00fcks\u00f5ik milline suhe toimiks, v\u00f5iksime k\u00f5igepealt \u00f5ppida kedagi l\u00e4hemalt tundma. Siin on sinu v\u00f5imalus saada tuttavaks oma Sisemise Lapse, Sisemise Naise ja Sisemise Mehega. Sul on v\u00f5imalus saada kogemus kui t\u00e4htsad nad on meie eludes ja kuidas nad panustavad meie unistuste t\u00e4itumiseks v\u00f5i meie elule meie tingimustel. Viiep\u00e4aevase v\u00e4ljakutse ajal saad nendega tuttavaks ja \u00f5pid \u00e4ra kuidas nendega suhestuda ja koost\u00f6\u00f6d tegema hakata.<\/p>\n<span class=\"et_bloom_bottom_trigger\"><\/span>","protected":false},"excerpt":{"rendered":"<p>Su harmooniline ja teadlik Sisemine Perekond on sinu K\u00fcllusliku Tuleviku v\u00f5ti! Selleks et \u00fcks\u00f5ik milline suhe toimiks, v\u00f5iksime k\u00f5igepealt \u00f5ppida kedagi l\u00e4hemalt tundma. Siin on sinu v\u00f5imalus saada tuttavaks oma [&hellip;]<\/p>\n","protected":false},"featured_media":225880,"comment_status":"open","ping_status":"closed","template":"","meta":{"_acf_changed":false,"_et_pb_use_builder":"","_et_pb_old_content":"","_et_gb_content_width":""},"product_cat":[1352],"product_tag":[],"class_list":{"0":"post-225852","1":"product","2":"type-product","3":"status-publish","4":"has-post-thumbnail","6":"product_cat-montonio","8":"first","9":"instock","10":"shipping-taxable","11":"purchasable","12":"product-type-simple"},"acf":[],"_links":{"self":[{"href":"https:\/\/crystalralaksmi.com\/eesti\/wp-json\/wp\/v2\/product\/225852","targetHints":{"allow":["GET"]}}],"collection":[{"href":"https:\/\/crystalralaksmi.com\/eesti\/wp-json\/wp\/v2\/product"}],"about":[{"href":"https:\/\/crystalralaksmi.com\/eesti\/wp-json\/wp\/v2\/types\/product"}],"replies":[{"embeddable":true,"href":"https:\/\/crystalralaksmi.com\/eesti\/wp-json\/wp\/v2\/comments?post=225852"}],"wp:featuredmedia":[{"embeddable":true,"href":"https:\/\/crystalralaksmi.com\/eesti\/wp-json\/wp\/v2\/media\/225880"}],"wp:attachment":[{"href":"https:\/\/crystalralaksmi.com\/eesti\/wp-json\/wp\/v2\/media?parent=225852"}],"wp:term":[{"taxonomy":"product_cat","embeddable":true,"href":"https:\/\/crystalralaksmi.com\/eesti\/wp-json\/wp\/v2\/product_cat?post=225852"},{"taxonomy":"product_tag","embeddable":true,"href":"https:\/\/crystalralaksmi.com\/eesti\/wp-json\/wp\/v2\/product_tag?post=225852"}],"curies":[{"name":"wp","href":"https:\/\/api.w.org\/{rel}","templated":true}]}}