{"id":225853,"date":"2021-09-25T16:42:20","date_gmt":"2021-09-25T13:42:20","guid":{"rendered":"https:\/\/crystalralaksmi.com\/eesti\/?post_type=product&#038;p=225853"},"modified":"2021-09-29T21:17:12","modified_gmt":"2021-09-29T18:17:12","slug":"crystal-ra-meistriklubi-indivudaalne-online-sugavope-12-kuud","status":"publish","type":"product","link":"https:\/\/crystalralaksmi.com\/eesti\/product\/crystal-ra-meistriklubi-indivudaalne-online-sugavope-12-kuud\/","title":{"rendered":"Crystal Ra Meistriklubi &#8211; indivudaalne online s\u00fcgav\u00f5pe &#8211; 12 kuud"},"content":{"rendered":"<h3>Kui sa oled valmis s\u00fcgavsukeldumiseks iseendasse, siis h\u00fcppa pardale!<\/h3>\n<p><strong>Materjal sisaldab:<\/strong><\/p>\n<ul>\n<li><strong>12 Meistriklassi &#8211; ca 150 PDF lehek\u00fclge juhistega iseendasse s\u00fcgavuti navigeerimiseks<\/strong><\/li>\n<li><strong>Igakuine v\u00e4ek\u00fcsimus mis aktiveerib su loomist keha-, meele- ja vaimu tasandil<\/strong><\/li>\n<li><strong>Igakuised julguse harjutused, mis aitavad sul su mugavustsoonist v\u00e4lja astuda<\/strong><\/li>\n<li><strong>Kingitused Iseendale et sa saaksid kogu materjali oma keha, meele ja vaimuga t\u00e4ielikult integreerida<\/strong><\/li>\n<li><strong>\u00dcle 12 tunni videointervjuusid p\u00f5nevate inimestega kes juba elavad oma unistusi iseenda tingimustel<\/strong><\/li>\n<\/ul>\n<p><strong>Boonused: <\/strong><\/p>\n<ul>\n<li><strong>\u00dcle viie tunni videomaterjali<\/strong><\/li>\n<li><strong>Uue Aja Haldamise Kiirkursus (1 tund ja 19 minutit video koos 54 slaidiga)<\/strong><\/li>\n<li><strong>Boonusvideo k\u00fcsimuste ja vastustega<\/strong><\/li>\n<li><strong>12 FB live-i programmis osalejate FB grupis<\/strong><\/li>\n<li><strong>Vabakirjutamise harjutused<\/strong><\/li>\n<li><strong>Lihtsad tervisenipid<\/strong><\/li>\n<li><strong>Talentide m\u00e4ngu juhiste video<\/strong><\/li>\n<li><strong>Sisemise Pere ja Kolme Minaga kohtumise sissejuhatav Meditatsioon<\/strong><\/li>\n<li><strong>Oma V\u00e4e Tagasitoomise Meditatsioon<\/strong><\/li>\n<\/ul>\n<p><strong>** Meie roll on sind toetada ja assisteerida sinu eesm\u00e4rkide saavutamisel, aga su edu s\u00f5ltub peamiselt su enda panusest, motivatsioonist\u00a0 ja p\u00fchendumisest ning praktiseerimisest. Me ei saa ennustada sinu tulemusi ja ka garanteerida et sa saavutad teatud tulemused kasutades infot mida saad Infinite Activationi firmalt. Ostes selle programmi paketi kinnitad, et saad aru et iga osaleja tulemused s\u00f5ltuvad tema taustast, p\u00fchendumisest ja teistest faktoritest.<\/strong><\/p>\n<span class=\"et_bloom_bottom_trigger\"><\/span>","protected":false},"excerpt":{"rendered":"<p>Kui sa oled valmis s\u00fcgavsukeldumiseks iseendasse, siis h\u00fcppa pardale! Materjal sisaldab: 12 Meistriklassi &#8211; ca 150 PDF lehek\u00fclge juhistega iseendasse s\u00fcgavuti navigeerimiseks Igakuine v\u00e4ek\u00fcsimus mis aktiveerib su loomist keha-, meele- [&hellip;]<\/p>\n","protected":false},"featured_media":225879,"comment_status":"open","ping_status":"closed","template":"","meta":{"_acf_changed":false,"_et_pb_use_builder":"","_et_pb_old_content":"","_et_gb_content_width":""},"product_cat":[1351],"product_tag":[],"class_list":{"0":"post-225853","1":"product","2":"type-product","3":"status-publish","4":"has-post-thumbnail","6":"product_cat-kajabi","8":"first","9":"instock","10":"shipping-taxable","11":"purchasable","12":"product-type-simple"},"acf":[],"_links":{"self":[{"href":"https:\/\/crystalralaksmi.com\/eesti\/wp-json\/wp\/v2\/product\/225853","targetHints":{"allow":["GET"]}}],"collection":[{"href":"https:\/\/crystalralaksmi.com\/eesti\/wp-json\/wp\/v2\/product"}],"about":[{"href":"https:\/\/crystalralaksmi.com\/eesti\/wp-json\/wp\/v2\/types\/product"}],"replies":[{"embeddable":true,"href":"https:\/\/crystalralaksmi.com\/eesti\/wp-json\/wp\/v2\/comments?post=225853"}],"wp:featuredmedia":[{"embeddable":true,"href":"https:\/\/crystalralaksmi.com\/eesti\/wp-json\/wp\/v2\/media\/225879"}],"wp:attachment":[{"href":"https:\/\/crystalralaksmi.com\/eesti\/wp-json\/wp\/v2\/media?parent=225853"}],"wp:term":[{"taxonomy":"product_cat","embeddable":true,"href":"https:\/\/crystalralaksmi.com\/eesti\/wp-json\/wp\/v2\/product_cat?post=225853"},{"taxonomy":"product_tag","embeddable":true,"href":"https:\/\/crystalralaksmi.com\/eesti\/wp-json\/wp\/v2\/product_tag?post=225853"}],"curies":[{"name":"wp","href":"https:\/\/api.w.org\/{rel}","templated":true}]}}