{"id":225855,"date":"2021-09-25T16:42:20","date_gmt":"2021-09-25T13:42:20","guid":{"rendered":"https:\/\/crystalralaksmi.com\/eesti\/?post_type=product&#038;p=225855"},"modified":"2022-07-01T00:12:58","modified_gmt":"2022-06-30T21:12:58","slug":"immunsuse-buustimine-raku-tasandite-sugavpuhastus-kulluse-aktiveerimine-online-miniprogramm","status":"publish","type":"product","link":"https:\/\/crystalralaksmi.com\/eesti\/product\/immunsuse-buustimine-raku-tasandite-sugavpuhastus-kulluse-aktiveerimine-online-miniprogramm\/","title":{"rendered":"Kvantk\u00fclluse- ja Elu\u00fclesannete Aktiveerimine &#038; Immunsuse buustimine &#038; Raku Tasandite S\u00fcgavpuhastus online programm"},"content":{"rendered":"<p>Antud miniprogramm annab \u00fclevaate kuidas iga\u00fcks meist saab lihtsalt toetada oma immuunsust ning samuti mida t\u00e4hendab tegelikult rakkude s\u00fcgavpuhastus kehalisel aga ka energeetilisel teel. Saame ka p\u00f5hjalikuma \u00fclevaate Uue Aja Energiatest nii nagu ka kas ja kuidas k\u00f5ik see kokku on seotud K\u00fclluse Aktiveerimise ja ka meie selgeltn\u00e4gemise ja tajumise v\u00f5imetega. L\u00f5puks saame ka selge pildi mida on Koroona viirus\u00a0meile k\u00f5igile tulnud \u00f5petama. Antud miniprogramm on online koolituse lindistus koos osalejate kommentaaride, k\u00fcsimuste ja kogemustega mille \u00fcheks eesm\u00e4rgiks on ka huvilisi kutsuda Wildfiti programmi.<\/p>\n<p>***<\/p>\n<p>Lisandus ka eri Boonus Koolitus K\u00fclluse ja Elu\u00fclesannete aktiviseerimiseks (2.06.2022) koos Kvantk\u00fclluse sagedusteraapiaga. S\u00fcndmus seisnes grupicoachingus kus iga osaleja oli ette saatnud oma teemad ja Crystal Ra k\u00e4is nende teemad l\u00e4bi nii et nad lahkusid s\u00fcndmuselt selgema ettekujutusega nii oma elu\u00fclesannetest kui ka j\u00e4rgnevatest sammudest. P\u00f5hjanael sai sisse l\u00fclitatud;)<\/p>\n<span class=\"et_bloom_bottom_trigger\"><\/span>","protected":false},"excerpt":{"rendered":"<p>Antud miniprogramm annab \u00fclevaate kuidas iga\u00fcks meist saab lihtsalt toetada oma immuunsust ning samuti mida t\u00e4hendab tegelikult rakkude s\u00fcgavpuhastus kehalisel aga ka energeetilisel teel. Saame ka p\u00f5hjalikuma \u00fclevaate Uue Aja Energiatest nii nagu ka kas ja kuidas k\u00f5ik see kokku on seotud K\u00fclluse Aktiveerimise ja ka meie selgeltn\u00e4gemise ja tajumise v\u00f5imetega. L\u00f5puks saame ka selge pildi mida on Koroona viirus\u00a0meile k\u00f5igile tulnud \u00f5petama. Antud miniprogramm on online koolituse lindistus koos osalejate kommentaaride, k\u00fcsimuste ja kogemustega mille \u00fcheks eesm\u00e4rgiks on ka huvilisi kutsuda Wildfiti programmi.<\/p>\n","protected":false},"featured_media":226212,"comment_status":"open","ping_status":"closed","template":"","meta":{"_acf_changed":false,"_et_pb_use_builder":"","_et_pb_old_content":"","_et_gb_content_width":""},"product_cat":[1352],"product_tag":[],"class_list":{"0":"post-225855","1":"product","2":"type-product","3":"status-publish","4":"has-post-thumbnail","6":"product_cat-montonio","8":"first","9":"instock","10":"shipping-taxable","11":"purchasable","12":"product-type-simple"},"acf":[],"_links":{"self":[{"href":"https:\/\/crystalralaksmi.com\/eesti\/wp-json\/wp\/v2\/product\/225855","targetHints":{"allow":["GET"]}}],"collection":[{"href":"https:\/\/crystalralaksmi.com\/eesti\/wp-json\/wp\/v2\/product"}],"about":[{"href":"https:\/\/crystalralaksmi.com\/eesti\/wp-json\/wp\/v2\/types\/product"}],"replies":[{"embeddable":true,"href":"https:\/\/crystalralaksmi.com\/eesti\/wp-json\/wp\/v2\/comments?post=225855"}],"wp:featuredmedia":[{"embeddable":true,"href":"https:\/\/crystalralaksmi.com\/eesti\/wp-json\/wp\/v2\/media\/226212"}],"wp:attachment":[{"href":"https:\/\/crystalralaksmi.com\/eesti\/wp-json\/wp\/v2\/media?parent=225855"}],"wp:term":[{"taxonomy":"product_cat","embeddable":true,"href":"https:\/\/crystalralaksmi.com\/eesti\/wp-json\/wp\/v2\/product_cat?post=225855"},{"taxonomy":"product_tag","embeddable":true,"href":"https:\/\/crystalralaksmi.com\/eesti\/wp-json\/wp\/v2\/product_tag?post=225855"}],"curies":[{"name":"wp","href":"https:\/\/api.w.org\/{rel}","templated":true}]}}