{"id":225857,"date":"2021-09-25T16:42:20","date_gmt":"2021-09-25T13:42:20","guid":{"rendered":"https:\/\/crystalralaksmi.com\/eesti\/?post_type=product&#038;p=225857"},"modified":"2022-09-28T02:36:50","modified_gmt":"2022-09-27T23:36:50","slug":"sisemise-pere-arhetuupide-1-1le-online-coaching-4-kuud","status":"publish","type":"product","link":"https:\/\/crystalralaksmi.com\/eesti\/product\/sisemise-pere-arhetuupide-1-1le-online-coaching-4-kuud\/","title":{"rendered":"Sisemise Pere Arhet\u00fc\u00fcpide 1-1le online Coaching (4 kuud)"},"content":{"rendered":"<p><strong>Siit leiad k\u00f5ige \u00fclevaatlikuma info mida endast kujutab Sisemise Pere Teraapia (SPT) online coaching programm ja kuidas on see \u00fclesse ehitatud ja kuidas see v\u00f5ib sind ja su elu veelgi paremaks aidata luua? Loe lisa!<\/strong><span id=\"more-5680\"><\/span><\/p>\n<p><em>\u2018Seisin tupikus. Oli aasta 2013 ja olin Eestis. \u00dckski vana asi ei toiminud enam ja uusi ideid ei j\u00e4tkunud piisavalt. Olin j\u00e4rjekordselt lakkumas oma haavu viimasest armastussuhtest, mis oli just purunenud. Mu Sisemine Laps oli v\u00e4sinud ja j\u00e4rjekordselt haavunud. Minu Sisemine Mees viskas v\u00e4lja m\u00f5tte et v\u00f5iksin minna Mehhikosse ja lausa \u00fche otsa piletiga. Ma vastasin et see pole ju v\u00f5imalik kuna mul polnud tol hetkel nii palju vabu vahendeid. Sisemine Naine tuli esile ja andis idee kuidas teha \u2018rahamagnet nr 1 online toode\u2019 sellele panna hinnaks 5 eurot ja m\u00fc\u00fca neid 100 t\u00fckki \u2013 et saada omale lisaraha pileti jaoks.\u2019 <\/em><br \/>\n<em>Ja nii ma siis Mehhikosse l\u00e4ksingi \u2013 vaid n\u00e4dalaks ja j\u00e4\u00e4des tervelt neljaks aastaks nii et vaid aasta hiljem minu jumalik kuningas suurel valgel purjekal saaks samasse sadamasse saabuda et minuga kohtuda! Minu Sisemine Perekond oli aidanud mul muuta palju ebatoimivad mustreid mu elus ja samuti juhtinud mind mu t\u00f5elise kuninga juurde, kellega kohtumine muutis kogu mu \u00fclej\u00e4\u00e4nud elu igal tasandil! T\u00e4nasel p\u00e4eval oleme juba mitmeid aastaid \u00f5nnelikult abielus, koosloome oma unistusi ja muudame maailma k\u00e4sik\u00e4es!\u2019<\/em><\/p>\n<p>Jagatud lugu on mu isiklik lugu, mis on vaid \u00fcks miljonitest kas ja kuidas meie Sisemine Perekond v\u00f5ib meil aidata luua uue elu ja reaalsuse ning meie elu paremaks teha. Alates sellest hetkest hakkasin ma oma Sisemise Perega tegelema v\u00e4ga s\u00fcgaval tasandil kuni panin paari ja aitasin abielluda oma Sisemisel Naisel ja Sisemisel Mehel (1.oktoobril 2016, mis j\u00f5udis ka <strong><a href=\"http:\/\/www.ohtuleht.ee\/763891\/uued-tuuled-eesti-pulmamaastikul-maailmarandurist-eestlanna-abiellus-iseendaga\">\u00d5htulehe esikaanele<\/a><\/strong> ja maailma meediasse \u2013 <a href=\"https:\/\/www.thesun.co.uk\/living\/2912746\/sologamists-women-marry-themselves\/\"><strong>The Sun,\u00a0<\/strong><\/a><strong><a href=\"http:\/\/www.dailystar.co.uk\/news\/weird-news\/553522\/Woman-marries-herself-weird-ceremony-Estonia-single-person-wedding-Crystal-Ra-Laksmi\">Dailystar)<\/a><\/strong><br \/>\nNagu ma olen ka t\u00e4heldanud varasemalt \u2013 siis suhte nurk <strong>K\u00fclluse Rattas<\/strong> on \u00fcks k\u00f5ige olulisemaid nurkasid mist\u00f5ttu k\u00f5ik muu on sellest v\u00e4ga s\u00f5ltuv. (Kesksel kohal on seksuaalsus, siis suhted, siis tervis, elu\u00fclesanded ja k\u00fcllus on k\u00f5ikide sektorite tulemus). Vaata selle kohta<strong><a href=\"https:\/\/crystalralaksmi.com\/eesti\/2020\/01\/kulluse-ratta-ja-sisemise-pere-seos\/\">t\u00e4psustavat infot siit:<\/a><\/strong><\/p>\n<p>Peale aastaid katsetusi panin selle l\u00f5puks ka oma online programmidesse ja hakkasin vaikselt inimestele pakkuma<strong> Sisemise Perekonna<\/strong> seiklusr\u00e4nnakuid. Need r\u00e4nnakud on kantud otsese intuitsiooni juhendusega mis v\u00f5tab minuga \u00fchendust antud inimese teemade ja blokkide kaudu ning ka energiate kaudu. Kuna ma olen inimesega suheldes avatud seansi ajal l\u00e4bi k\u00f5ikide kanalite siis hakkab info jooksma kas ja kuidas sellega t\u00e4psemalt tegeleda mis aitaks sel inimesel terveneda ja oma elu muuta ka seotult antud Sisemise Pere liikmega.<\/p>\n<span class=\"et_bloom_bottom_trigger\"><\/span>","protected":false},"excerpt":{"rendered":"<p>Siit leiad k\u00f5ige \u00fclevaatlikuma info mida endast kujutab Sisemise Pere Teraapia (SPT) online coaching programm ja kuidas on see \u00fclesse ehitatud ja kuidas see v\u00f5ib sind ja su elu veelgi [&hellip;]<\/p>\n","protected":false},"featured_media":225878,"comment_status":"open","ping_status":"closed","template":"","meta":{"_acf_changed":false,"_et_pb_use_builder":"","_et_pb_old_content":"","_et_gb_content_width":""},"product_cat":[1352],"product_tag":[],"class_list":{"0":"post-225857","1":"product","2":"type-product","3":"status-publish","4":"has-post-thumbnail","6":"product_cat-montonio","8":"first","9":"instock","10":"shipping-taxable","11":"purchasable","12":"product-type-variable"},"acf":[],"_links":{"self":[{"href":"https:\/\/crystalralaksmi.com\/eesti\/wp-json\/wp\/v2\/product\/225857","targetHints":{"allow":["GET"]}}],"collection":[{"href":"https:\/\/crystalralaksmi.com\/eesti\/wp-json\/wp\/v2\/product"}],"about":[{"href":"https:\/\/crystalralaksmi.com\/eesti\/wp-json\/wp\/v2\/types\/product"}],"replies":[{"embeddable":true,"href":"https:\/\/crystalralaksmi.com\/eesti\/wp-json\/wp\/v2\/comments?post=225857"}],"wp:featuredmedia":[{"embeddable":true,"href":"https:\/\/crystalralaksmi.com\/eesti\/wp-json\/wp\/v2\/media\/225878"}],"wp:attachment":[{"href":"https:\/\/crystalralaksmi.com\/eesti\/wp-json\/wp\/v2\/media?parent=225857"}],"wp:term":[{"taxonomy":"product_cat","embeddable":true,"href":"https:\/\/crystalralaksmi.com\/eesti\/wp-json\/wp\/v2\/product_cat?post=225857"},{"taxonomy":"product_tag","embeddable":true,"href":"https:\/\/crystalralaksmi.com\/eesti\/wp-json\/wp\/v2\/product_tag?post=225857"}],"curies":[{"name":"wp","href":"https:\/\/api.w.org\/{rel}","templated":true}]}}