{"id":225858,"date":"2021-09-25T16:42:20","date_gmt":"2021-09-25T13:42:20","guid":{"rendered":"https:\/\/crystalralaksmi.com\/eesti\/?post_type=product&#038;p=225858"},"modified":"2022-04-02T06:39:11","modified_gmt":"2022-04-02T03:39:11","slug":"6-e-enesekehtestuse-1-1le-online-coaching-7-kuud","status":"publish","type":"product","link":"https:\/\/crystalralaksmi.com\/eesti\/product\/6-e-enesekehtestuse-1-1le-online-coaching-7-kuud\/","title":{"rendered":"6 E Enesekehtestuse 1-1le online Coaching (7 kuud)"},"content":{"rendered":"<p>Selleks et sa saaksid selgema \u00fclevaate mis see programm endast kujutab, vaata k\u00f5igepealt antud graafilist lehte:<\/p>\n<p><a href=\"https:\/\/crystalralaksmi.com\/eesti\/wp-content\/uploads\/2020\/11\/Energiato\u0308o\u0308-Energiavo\u0303imete-Kiirka\u0308ivituse-Kursus.jpg\"><img loading=\"lazy\" decoding=\"async\" class=\"alignleft wp-image-6403 size-medium\" src=\"https:\/\/crystalralaksmi.com\/eesti\/wp-content\/uploads\/2020\/11\/Energiato\u0308o\u0308-Energiavo\u0303imete-Kiirka\u0308ivituse-Kursus-300x183.jpg\" alt=\"\" width=\"300\" height=\"183\" \/><\/a><\/p>\n<p>Nagu sellest avaldub on k\u00f5ige all vundamendiks <strong>Enesearmastus<\/strong> mille peale ehitavad ennast\u00a0<strong>Enesehinnang<\/strong> ja <strong>Enesev\u00e4\u00e4rtus<\/strong> mille peal on <strong>Enesekindlus<\/strong> ja alles siis <strong>Enesekehtestus ning k\u00f5ike seda hoiab koos Enesekaitse.<\/strong><\/p>\n<p>Seda d\u00fcnaamikat m\u00e4rkasin inimestega \u00fcks \u00fchele t\u00f6\u00f6d tehes aastaid tagasi. See oli v\u00e4ga vinge kas ja kuidas see toimis minu enda ja ka klientide elus. Esmaselt tulid vaid neli E-d ja hiljem lisandus kaks veel lisaks. See on ka <strong>Uue Ajastu S\u00fcsteem,<\/strong> mis aitab \u00fclesse ehitada Uue Aja t\u00e4iskasvanuid. See on eriti soovitav neile kes ei ole s\u00fcdninud Uues Ajas ja on l\u00e4binud Uue Aja Energiatega kaasajastamise v\u00f5i l\u00e4bi teinud Auratransformatsiooni\u2122.<\/p>\n<span class=\"et_bloom_bottom_trigger\"><\/span>","protected":false},"excerpt":{"rendered":"<p>Selleks et sa saaksid selgema \u00fclevaate mis see programm endast kujutab, vaata k\u00f5igepealt antud graafilist lehte: Nagu sellest avaldub on k\u00f5ige all vundamendiks Enesearmastus mille peale ehitavad ennast\u00a0Enesehinnang ja Enesev\u00e4\u00e4rtus [&hellip;]<\/p>\n","protected":false},"featured_media":225877,"comment_status":"open","ping_status":"closed","template":"","meta":{"_acf_changed":false,"_et_pb_use_builder":"","_et_pb_old_content":"","_et_gb_content_width":""},"product_cat":[1352],"product_tag":[],"class_list":{"0":"post-225858","1":"product","2":"type-product","3":"status-publish","4":"has-post-thumbnail","6":"product_cat-montonio","8":"first","9":"instock","10":"shipping-taxable","11":"purchasable","12":"product-type-variable"},"acf":[],"_links":{"self":[{"href":"https:\/\/crystalralaksmi.com\/eesti\/wp-json\/wp\/v2\/product\/225858","targetHints":{"allow":["GET"]}}],"collection":[{"href":"https:\/\/crystalralaksmi.com\/eesti\/wp-json\/wp\/v2\/product"}],"about":[{"href":"https:\/\/crystalralaksmi.com\/eesti\/wp-json\/wp\/v2\/types\/product"}],"replies":[{"embeddable":true,"href":"https:\/\/crystalralaksmi.com\/eesti\/wp-json\/wp\/v2\/comments?post=225858"}],"wp:featuredmedia":[{"embeddable":true,"href":"https:\/\/crystalralaksmi.com\/eesti\/wp-json\/wp\/v2\/media\/225877"}],"wp:attachment":[{"href":"https:\/\/crystalralaksmi.com\/eesti\/wp-json\/wp\/v2\/media?parent=225858"}],"wp:term":[{"taxonomy":"product_cat","embeddable":true,"href":"https:\/\/crystalralaksmi.com\/eesti\/wp-json\/wp\/v2\/product_cat?post=225858"},{"taxonomy":"product_tag","embeddable":true,"href":"https:\/\/crystalralaksmi.com\/eesti\/wp-json\/wp\/v2\/product_tag?post=225858"}],"curies":[{"name":"wp","href":"https:\/\/api.w.org\/{rel}","templated":true}]}}