{"id":225859,"date":"2021-09-25T16:42:20","date_gmt":"2021-09-25T13:42:20","guid":{"rendered":"https:\/\/crystalralaksmi.com\/eesti\/?post_type=product&#038;p=225859"},"modified":"2021-10-07T20:52:55","modified_gmt":"2021-10-07T17:52:55","slug":"13-sammu-soltumatuse-iseseisvuse-ja-vabaduseni-13-kuud","status":"publish","type":"product","link":"https:\/\/crystalralaksmi.com\/eesti\/product\/13-sammu-soltumatuse-iseseisvuse-ja-vabaduseni-13-kuud\/","title":{"rendered":"13 Sammu S\u00f5ltumatuse, Iseseisvuse ja Vabaduseni (13 kuud)"},"content":{"rendered":"<p><a href=\"https:\/\/youtu.be\/u0B-eFSrO2s\">Vaata siit<\/a> selle programmi video tutvustust ja ka tere tulemast!<\/p>\n<p>**<\/p>\n<p>Eestis ei ole vist v\u00e4ga inimesi, kes poleks kas kaudselt v\u00f5i otseselt kokku puutunud suuremat v\u00f5i v\u00e4iksemat laadi s\u00f5ltuvusega. Olgu selleks siis alkohol, narkootikumid, suhted, seks, kaass\u00f5ltuvus v\u00f5i muu. Meie kultuur ja ajalugu on seda oma veenides kandnud mitte vaid aastaid vaid sajandeid.<\/p>\n<p><strong>Kas ja kust see k\u00f5ik alguse sai?<\/strong> Seda on kindlasti raske leida, aga \u00fcks on kindel &#8211; kui sa selle teemaga teadlikult ei tegele &#8211; v\u00f5ib see kogu su elu sind n\u00e4htamatult juhtida ja su elu p\u00f5rguks teha.<\/p>\n<p>Isegi siis kui su peres v\u00f5i lapsep\u00f5lves polnud kedagi, kes otseselt oleks kuritarvitanud alkoholi, aga oli keegi, kes oli v\u00f5tnud \u00fcle k\u00e4itumismustrid mida alkohoolikud kasutavad, siis see v\u00f5is kanduda nagu salajane viirus \u00fchelt pere liikmelt teisele ja nii p\u00f5lvkondade kaupa. Mina ei saanud sellest enne aru kuniks ma ise oma eluga n\u00e4oli asfaldile kukkusin pea s\u00f5na otseses m\u00f5ttes. Ja peale selle kogemuse l\u00e4bielamist tekkis mul uus sensor &#8211; ma tunnen need inimesed n\u00fc\u00fcd juba kaugelt \u00e4ra &#8211; nende k\u00e4itumisest ja k\u00f5igest muust&#8230; Ja t\u00e4nu oma kogemustele olen n\u00fc\u00fcdseks aidanud ka v\u00e4ga paljusid inimesi sarnaste teemadega. Ma usun alati ka sellesse et need suured &#8220;valu kingitused&#8221; mis meile on elus antud &#8211; on meile antud selleks et me saaksime l\u00e4bi nende kasvada ja hiljem l\u00e4bi selle ka teisi aidata.<\/p>\n<span class=\"et_bloom_bottom_trigger\"><\/span>","protected":false},"excerpt":{"rendered":"<p>Vaata siit selle programmi video tutvustust ja ka tere tulemast! ** Eestis ei ole vist v\u00e4ga inimesi, kes poleks kas kaudselt v\u00f5i otseselt kokku puutunud suuremat v\u00f5i v\u00e4iksemat laadi s\u00f5ltuvusega. [&hellip;]<\/p>\n","protected":false},"featured_media":225904,"comment_status":"open","ping_status":"closed","template":"","meta":{"_acf_changed":false,"_et_pb_use_builder":"","_et_pb_old_content":"","_et_gb_content_width":""},"product_cat":[1352],"product_tag":[],"class_list":{"0":"post-225859","1":"product","2":"type-product","3":"status-publish","4":"has-post-thumbnail","6":"product_cat-montonio","8":"first","9":"instock","10":"shipping-taxable","11":"purchasable","12":"product-type-variable"},"acf":[],"_links":{"self":[{"href":"https:\/\/crystalralaksmi.com\/eesti\/wp-json\/wp\/v2\/product\/225859","targetHints":{"allow":["GET"]}}],"collection":[{"href":"https:\/\/crystalralaksmi.com\/eesti\/wp-json\/wp\/v2\/product"}],"about":[{"href":"https:\/\/crystalralaksmi.com\/eesti\/wp-json\/wp\/v2\/types\/product"}],"replies":[{"embeddable":true,"href":"https:\/\/crystalralaksmi.com\/eesti\/wp-json\/wp\/v2\/comments?post=225859"}],"wp:featuredmedia":[{"embeddable":true,"href":"https:\/\/crystalralaksmi.com\/eesti\/wp-json\/wp\/v2\/media\/225904"}],"wp:attachment":[{"href":"https:\/\/crystalralaksmi.com\/eesti\/wp-json\/wp\/v2\/media?parent=225859"}],"wp:term":[{"taxonomy":"product_cat","embeddable":true,"href":"https:\/\/crystalralaksmi.com\/eesti\/wp-json\/wp\/v2\/product_cat?post=225859"},{"taxonomy":"product_tag","embeddable":true,"href":"https:\/\/crystalralaksmi.com\/eesti\/wp-json\/wp\/v2\/product_tag?post=225859"}],"curies":[{"name":"wp","href":"https:\/\/api.w.org\/{rel}","templated":true}]}}