{"id":225984,"date":"2021-11-03T05:57:47","date_gmt":"2021-11-03T03:57:47","guid":{"rendered":"https:\/\/crystalralaksmi.com\/eesti\/?post_type=product&#038;p=225984"},"modified":"2023-11-28T23:16:30","modified_gmt":"2023-11-28T21:16:30","slug":"kvantkulluse-ja-eluulesannete-kiirkaivituse-kursus","status":"publish","type":"product","link":"https:\/\/crystalralaksmi.com\/eesti\/product\/kvantkulluse-ja-eluulesannete-kiirkaivituse-kursus\/","title":{"rendered":"Kvantk\u00fclluse- ja Elu\u00fclesannete Kiirk\u00e4ivituse Kursus"},"content":{"rendered":"<p class=\"p1\"><span class=\"s1\">Kuigi paljud manifesteerimiskursused v\u00e4idavad et k\u00f5ik algab m\u00f5ttest siis mina \u00fctleks et k\u00f5ik algab energiast. Kuna ka meie ise oleme eelk\u00f5ige energia. Seep\u00e4rast olen kokku pannud Kvantk\u00fclluse- ja Elu\u00fclesannete Kiirk\u00e4ivituse Kursuse kus on v\u00f5imalus 5 n\u00e4dala jooksul sukelduda k\u00fclluse teemasse pikuti ja laiuti samal ajal vastu v\u00f5tta teiselt poolt maakera kvantresonantsi energiaid ja ja samuti ka buuste &#8211; mis hakkab ka tegelema meie infov\u00e4lja puhastumise ja avardumisega.<strong>\u00a0<\/strong><\/span><\/p>\n<p class=\"p1\"><span class=\"s1\"><b>Mida programm t\u00e4psemalt sisaldab?<\/b><\/span><\/p>\n<p class=\"p1\"><span class=\"s1\">&#8211; 5 n\u00e4dala PDF juhiseid<\/span><\/p>\n<p class=\"p1\"><span class=\"s1\">&#8211; 5 n\u00e4dala grupi coachingu k\u00f5nesid eelnevalt kursuselt<\/span><\/p>\n<p class=\"p1\"><span class=\"s1\">&#8211; 3 sisu selgitavat video<\/span><\/p>\n<p class=\"p1\"><span class=\"s1\">&#8211; Talentide m\u00e4ngu selgitus materjalid<\/span><\/p>\n<p class=\"p1\"><span class=\"s1\">&#8211; Uue Aja Numeroloogia p\u00f5hinumbrite \u00fclevaade<\/span><\/p>\n<p class=\"p1\"><span class=\"s1\">&#8211; Bhastrika hingamistehnika selgitusvideo<\/span><\/p>\n<p class=\"p1\"><span class=\"s1\">&#8211; Sisemise Pere meditatsioon<\/span><\/p>\n<p class=\"p1\"><span class=\"s1\">&#8211; Valu kingitused kingitus<\/span><\/p>\n<p class=\"p1\"><span class=\"s1\">&#8211; Miksi harjutus, t\u00f6\u00f6lehed ja t\u00e4itmise juhised<\/span><\/p>\n<p class=\"p1\"><span class=\"s1\">&#8211; Elu\u00fclesande kaardistuse lisaharjutus<\/span><\/p>\n<p class=\"p1\"><span class=\"s1\">&#8211; Kaasajastamine Uue Aja Energiatega video<\/span><\/p>\n<p class=\"p1\"><span class=\"s1\">&#8211; Esimesed sammud videode esitlusega<\/span><\/p>\n<p class=\"p1\"><span class=\"s1\">&#8211; K\u00fclluse blokkide kaardistamise test<\/span><\/p>\n<p class=\"p1\"><span class=\"s1\">&#8211; Holistilise K\u00fclluse Katsumus 15 tundi videomaterjali ja 31 t\u00f6\u00f6lehte<\/span><\/p>\n<p class=\"p1\"><span class=\"s1\">&#8211; Uue 5 n\u00e4dala grupicoachingu videod koos kvantsageduse resonantsiga<\/span><\/p>\n<p class=\"p1\"><span class=\"s1\">&#8211; LIVE kohtumised zoomis Crystal Ra-ga 5 n\u00e4dalat j\u00e4rjest 1- 1,5 tundi<\/span><\/p>\n<p class=\"p1\"><span class=\"s1\"><b>Mida t\u00e4hendab kvantk\u00fcllus?<\/b><\/span><\/p>\n<p class=\"p1\"><span class=\"s1\">Kvantk\u00fcllus t\u00e4hendab see on holistiline k\u00fcllus ja see pole vaid kinni kas rahas v\u00f5i mateerias. See on k\u00fcllus mis v\u00f5ib saabuda uue m\u00f5tte, idee v\u00f5i v\u00f5imalusena ja kuna su keha, meel ja vaim on sedav\u00f5rda rohkem puhastunud siis saad ka vastu v\u00f5tta suuremal moel. Kuna su keha saab hakata nii s\u00fcgavalt puhastuma siis see t\u00e4iega toetab sind ka muudes avardumistes &#8211; nagu oma suhete parandamises, tervises, seksuaalsused, elu\u00fclesannetes jms.<\/span><\/p>\n<span class=\"et_bloom_bottom_trigger\"><\/span>","protected":false},"excerpt":{"rendered":"<p>http:\/\/crystalralaksmi.com\/eesti\/tootedpakkumised\/kulluse-ja-eluulesannete-kiirkaivituse-kursus\/<\/p>\n","protected":false},"featured_media":226801,"comment_status":"open","ping_status":"closed","template":"","meta":{"_acf_changed":false,"_et_pb_use_builder":"","_et_pb_old_content":"","_et_gb_content_width":""},"product_cat":[1352],"product_tag":[],"class_list":{"0":"post-225984","1":"product","2":"type-product","3":"status-publish","4":"has-post-thumbnail","6":"product_cat-montonio","8":"first","9":"instock","10":"shipping-taxable","11":"purchasable","12":"product-type-simple"},"acf":[],"_links":{"self":[{"href":"https:\/\/crystalralaksmi.com\/eesti\/wp-json\/wp\/v2\/product\/225984","targetHints":{"allow":["GET"]}}],"collection":[{"href":"https:\/\/crystalralaksmi.com\/eesti\/wp-json\/wp\/v2\/product"}],"about":[{"href":"https:\/\/crystalralaksmi.com\/eesti\/wp-json\/wp\/v2\/types\/product"}],"replies":[{"embeddable":true,"href":"https:\/\/crystalralaksmi.com\/eesti\/wp-json\/wp\/v2\/comments?post=225984"}],"wp:featuredmedia":[{"embeddable":true,"href":"https:\/\/crystalralaksmi.com\/eesti\/wp-json\/wp\/v2\/media\/226801"}],"wp:attachment":[{"href":"https:\/\/crystalralaksmi.com\/eesti\/wp-json\/wp\/v2\/media?parent=225984"}],"wp:term":[{"taxonomy":"product_cat","embeddable":true,"href":"https:\/\/crystalralaksmi.com\/eesti\/wp-json\/wp\/v2\/product_cat?post=225984"},{"taxonomy":"product_tag","embeddable":true,"href":"https:\/\/crystalralaksmi.com\/eesti\/wp-json\/wp\/v2\/product_tag?post=225984"}],"curies":[{"name":"wp","href":"https:\/\/api.w.org\/{rel}","templated":true}]}}