{"id":226030,"date":"2021-12-28T05:03:02","date_gmt":"2021-12-28T03:03:02","guid":{"rendered":"https:\/\/crystalralaksmi.com\/eesti\/?post_type=product&#038;p=226030"},"modified":"2022-06-08T06:41:12","modified_gmt":"2022-06-08T03:41:12","slug":"kvanttervisekiirkaivitus","status":"publish","type":"product","link":"https:\/\/crystalralaksmi.com\/eesti\/product\/kvanttervisekiirkaivitus\/","title":{"rendered":"Kvanttervise Kiirk\u00e4ivitus &#038; Kaalu m\u00f5jutamine &#038; Tervise Taask\u00e4ivituse Kiirk\u00e4ivitus"},"content":{"rendered":"<p>Siin saad t\u00e4psema \u00fclevaate mis on maksimaalsed minimaalsed 4-5 sammu et oma KvantTervist taask\u00e4ivitada. Sul on ka olemas iga sammu praktikad et see ka oma keha, meele ja vaimuga l\u00e4bi proovida. Toode sisaldab kahte osa:<\/p>\n<ol>\n<li><strong>Tervise Taask\u00e4ivituse<\/strong> v\u00e4ljakutse 5 p\u00e4eva videosid ja juhiseid.<\/li>\n<li><strong>Kvanttervise Kiirk\u00e4ivituse<\/strong> s\u00fcndmuse workshopi videot ja lisa materjale (laetakse \u00fclesse peale 29.03.2022).<\/li>\n<\/ol>\n<p>M\u00f5lemad v\u00f5ivad tekitada huvi WILDFIT 90 programmi l\u00e4bimiseks ja sobivad WILDFIT 90 terviseprogrammi soojenduseks.<\/p>\n<p>&nbsp;<\/p>\n<span class=\"et_bloom_bottom_trigger\"><\/span>","protected":false},"excerpt":{"rendered":"<p>Siin saad t\u00e4psema \u00fclevaate mis on maksimaalsed minimaalsed 4-5 sammu et oma KvantTervist taask\u00e4ivitada. Sul on ka olemas iga sammu praktikad et see ka oma keha, meele ja vaimuga l\u00e4bi proovida.<\/p>\n<p>Toode sisaldab kahte osa:<\/p>\n<ol>\n<li><strong>Tervise Taask\u00e4ivituse<\/strong> v\u00e4ljakutse 5 p\u00e4eva videosid ja juhiseid.<\/li>\n<li><strong>Kvanttervise Kiirk\u00e4ivituse<\/strong> s\u00fcndmuse workshopi videot ja lisa materjale (laetakse \u00fclesse peale 29.03.2022).<\/li>\n<\/ol>\n<p>M\u00f5lemad v\u00f5ivad tekitada huvi WILDFIT 90 programmi l\u00e4bimiseks ja sobivad WILDFIT 90 terviseprogrammi soojenduseks.<\/p>\n","protected":false},"featured_media":226104,"comment_status":"open","ping_status":"closed","template":"","meta":{"_acf_changed":false,"_et_pb_use_builder":"","_et_pb_old_content":"","_et_gb_content_width":""},"product_cat":[1352],"product_tag":[],"class_list":{"0":"post-226030","1":"product","2":"type-product","3":"status-publish","4":"has-post-thumbnail","6":"product_cat-montonio","8":"first","9":"instock","10":"downloadable","11":"shipping-taxable","12":"purchasable","13":"product-type-simple"},"acf":[],"_links":{"self":[{"href":"https:\/\/crystalralaksmi.com\/eesti\/wp-json\/wp\/v2\/product\/226030","targetHints":{"allow":["GET"]}}],"collection":[{"href":"https:\/\/crystalralaksmi.com\/eesti\/wp-json\/wp\/v2\/product"}],"about":[{"href":"https:\/\/crystalralaksmi.com\/eesti\/wp-json\/wp\/v2\/types\/product"}],"replies":[{"embeddable":true,"href":"https:\/\/crystalralaksmi.com\/eesti\/wp-json\/wp\/v2\/comments?post=226030"}],"wp:featuredmedia":[{"embeddable":true,"href":"https:\/\/crystalralaksmi.com\/eesti\/wp-json\/wp\/v2\/media\/226104"}],"wp:attachment":[{"href":"https:\/\/crystalralaksmi.com\/eesti\/wp-json\/wp\/v2\/media?parent=226030"}],"wp:term":[{"taxonomy":"product_cat","embeddable":true,"href":"https:\/\/crystalralaksmi.com\/eesti\/wp-json\/wp\/v2\/product_cat?post=226030"},{"taxonomy":"product_tag","embeddable":true,"href":"https:\/\/crystalralaksmi.com\/eesti\/wp-json\/wp\/v2\/product_tag?post=226030"}],"curies":[{"name":"wp","href":"https:\/\/api.w.org\/{rel}","templated":true}]}}