{"id":226220,"date":"2022-06-10T06:01:14","date_gmt":"2022-06-10T03:01:14","guid":{"rendered":"https:\/\/crystalralaksmi.com\/eesti\/?post_type=product&#038;p=226220"},"modified":"2022-07-01T00:12:58","modified_gmt":"2022-06-30T21:12:58","slug":"kuningannaks-kasvamise-minikursus","status":"publish","type":"product","link":"https:\/\/crystalralaksmi.com\/eesti\/product\/kuningannaks-kasvamise-minikursus\/","title":{"rendered":"Kuningannaks Kasvamise Minikursus"},"content":{"rendered":"<p>See on individuaalne e-koolitus mille v\u00f5id l\u00e4bida endale sobivas tempos.<\/p>\n<p><strong>Kursuse p\u00f5himaterjal:<\/strong><\/p>\n<p><strong>1.Vol 1 Video \u2013 N\u00e4rtsivast T\u00fcdruknaisest \u00d5itsevaks Kuningannaks ( video ca 2 tundi)<\/strong> + <strong>PDF<\/strong><br \/>\n<strong>\u00a02.Vol 2 Video \u2013 N\u00e4rtsivast T\u00fcdruknaisest \u00d5itsevaks Kuningannaks (ca 2 tundi) + PDF<\/strong><br \/>\n<strong>3. Crystal Ra isiklike enesearmastuse praktikate n\u00e4idiskava (11 lk).\u00a0 \u00a0 \u00a0 \u00a0 \u00a0 \u00a0 \u00a0 \u00a0 \u00a0 \u00a0 \u00a0 \u00a0 \u00a0 \u00a0 \u00a0 \u00a0 \u00a0 \u00a0 \u00a0 \u00a0 \u00a0 \u00a0 \u00a0 \u00a0 \u00a0 \u00a0 \u00a0 \u00a0 \u00a0 \u00a0 \u00a0 \u00a0 \u00a0 \u00a0 \u00a0 \u00a0 \u00a0 \u00a0 \u00a0 \u00a0 \u00a0 \u00a0 \u00a0 \u00a0 \u00a0 \u00a0 \u00a0 \u00a0 \u00a0 \u00a0 \u00a0 \u00a0<\/strong><\/p>\n<p><strong>4. Sisemise perekonna meditatsioon (ca 20 min)\u00a0 \u00a0<\/strong><\/p>\n<p><strong>5. <\/strong>\u00a0<strong>Tao rindade masseerimise \u00f5petus<\/strong> (inglise keeles) selgitatud natuke videoesitlluses VOL 1 ka minu poolt.<strong>\u00a0<\/strong><br \/>\n<strong>6. Tegevuskava lehed\u00a0<\/strong><br \/>\n<strong>7. Zen tantra \u2013 7 kontakti harjutused enne uude suhtesse astumist<\/strong><br \/>\n<strong>8.\u00a04V s\u00fcsteemi t\u00e4psem kirjeldus.\u00a0<\/strong><br \/>\n<strong>9.\u00a0Naiste avatud ruumi kliendit\u00f6\u00f6 n\u00e4ide \u2013 meesnaisest kuningannaks<\/strong> (pea 3 tundi video)<\/p>\n<p><b>LISABOONUSED<\/b><\/p>\n<ul>\n<li><strong>Tantraartikkel blogist seksuaalsest \u00e4rakasutamise teemadest tantramaailmas<\/strong><\/li>\n<li><strong>S\u00fcdamekiri Eesti naistele naistep\u00e4evaks<\/strong><\/li>\n<li><strong>Artikkel blogist<\/strong>:<strong> T\u00f5eliseks naiseks \u00fcmbers\u00fcnni 5 salav\u00f5tit.<\/strong><\/li>\n<li><strong>Delfiinimeditatsiooni audio<\/strong>\u00a0et aktiveerida naiselikkust, k\u00fcllust, voolamist ja vee elemendiga uutmoodi suhtlemist ning avardumist.<strong>\u00a0<\/strong><\/li>\n<li>Mis asi on\u00a0<strong>Auratransformatsioon\u2122<\/strong>\u00a0ja uue aja energia?<strong>\u00a0<\/strong><\/li>\n<li><strong>Mis asi on KAUA seanss?\u00a0<\/strong><\/li>\n<li><strong>Blogiartikkel \u2013 Vana ajastu suhted purjetavad \u00e4ra \u2013<\/strong><\/li>\n<li><strong>Raadiosaade Peeter Liiviga ja minuga ning veel \u00fche k\u00fclalisega tantrast<\/strong><\/li>\n<li><strong>Raadiosaate l\u00fchikirjeldus<\/strong><\/li>\n<\/ul>\n<p>***<strong> Selle e-kursusega ei kaasne Crystal Ra coaching, aga kui sul on seda soovi eraldi juurde osta &#8211; saad seda<a href=\"https:\/\/crystalralaksmi.com\/eesti\/product\/labimurde-seanss\/\"> teha siit: <\/a>Enne coachingu seanssi Crystal Ra-ga on sul vaja saata sisse t\u00e4idetud tegevuste leht ja vabas vormis oma kogemuse kirjeldus ning ka kus t\u00e4psemalt veel on blokk v\u00f5i blokke. <\/strong><\/p>\n<span class=\"et_bloom_bottom_trigger\"><\/span>","protected":false},"excerpt":{"rendered":"<p>See on individuaalne e-koolitus mille v\u00f5id l\u00e4bida endale sobivas tempos.<\/p>\n<p><strong>Kursuse p\u00f5himaterjal:<\/strong><\/p>\n<p><strong>1.Vol 1 Video \u2013 N\u00e4rtsivast T\u00fcdruknaisest \u00d5itsevaks Kuningannaks ( video ca 2 tundi)<\/strong> + <strong>PDF<\/strong><br \/>\n<strong>\u00a02.Vol 2 Video \u2013 N\u00e4rtsivast T\u00fcdruknaisest \u00d5itsevaks Kuningannaks (ca 2 tundi) + PDF<\/strong><br \/>\n<strong>3. Crystal Ra isiklike enesearmastuse praktikate n\u00e4idiskava (11 lk).\u00a0 \u00a0 \u00a0 \u00a0 \u00a0 \u00a0 \u00a0 \u00a0 \u00a0 \u00a0 \u00a0 \u00a0 \u00a0 \u00a0 \u00a0 \u00a0 \u00a0 \u00a0 \u00a0 \u00a0 \u00a0 \u00a0 \u00a0 \u00a0 \u00a0 \u00a0 \u00a0 \u00a0 \u00a0 \u00a0 \u00a0 \u00a0 \u00a0 \u00a0 \u00a0 \u00a0 \u00a0 \u00a0 \u00a0 \u00a0 \u00a0 \u00a0 \u00a0 \u00a0 \u00a0 \u00a0 \u00a0 \u00a0 <\/strong><strong>4. Sisemise perekonna meditatsioon (ca 20 min)\u00a0 \u00a0 \u00a0 \u00a0 \u00a0 \u00a0 \u00a0 \u00a0 \u00a0 \u00a0 \u00a0 \u00a0 \u00a0 \u00a0 \u00a0 \u00a0 \u00a0 \u00a0 \u00a0 \u00a0 \u00a0 \u00a0 \u00a0 \u00a0 \u00a0 \u00a0 \u00a0 \u00a0 \u00a0 \u00a0 \u00a0 \u00a0 \u00a0 \u00a0 \u00a0 \u00a0 \u00a0 \u00a0 \u00a0 \u00a0 \u00a0 \u00a0 \u00a0 \u00a0 \u00a0 \u00a0 \u00a0 \u00a0 \u00a0 \u00a0 \u00a0 \u00a0 \u00a0 \u00a0 \u00a0 \u00a0 \u00a0 \u00a0 \u00a0 \u00a0 \u00a0 \u00a0 \u00a0 <\/strong><strong>5. <\/strong>\u00a0<strong>Tao rindade masseerimise \u00f5petus<\/strong> (inglise keeles) selgitatud natuke videoesitlluses VOL 1 ka minu poolt.<strong>\u00a0<\/strong><br \/>\n<strong>6. Tegevuskava lehed\u00a0<\/strong><br \/>\n<strong>7. Zen tantra \u2013 7 kontakti harjutused enne uude suhtesse astumist<\/strong><br \/>\n<strong>8.\u00a04V s\u00fcsteemi t\u00e4psem kirjeldus.\u00a0<\/strong><br \/>\n<strong>9.\u00a0Naiste avatud ruumi kliendit\u00f6\u00f6 n\u00e4ide \u2013 meesnaisest kuningannaks<\/strong> (pea 3 tundi video)<\/p>\n<p><b>LISABOONUSED<\/b><\/p>\n<ul>\n<li><strong>Tantraartikkel blogist seksuaalsest \u00e4rakasutamise teemadest tantramaailmas<\/strong><\/li>\n<li><strong>S\u00fcdamekiri Eesti naistele naistep\u00e4evaks<\/strong><\/li>\n<li><strong>Artikkel blogist<\/strong>:<strong> T\u00f5eliseks naiseks \u00fcmbers\u00fcnni 5 salav\u00f5tit.<\/strong><\/li>\n<li><strong>Delfiinimeditatsiooni audio<\/strong>\u00a0et aktiveerida naiselikkust, k\u00fcllust, voolamist ja vee elemendiga uutmoodi suhtlemist ning avardumist.<strong>\u00a0<\/strong><\/li>\n<li>Mis asi on\u00a0<strong>Auratransformatsioon\u2122<\/strong>\u00a0ja uue aja energia?<strong>\u00a0<\/strong><\/li>\n<li><strong>Mis asi on KAUA seanss?\u00a0<\/strong><\/li>\n<li><strong>Blogiartikkel \u2013 Vana ajastu suhted purjetavad \u00e4ra \u2013<\/strong><\/li>\n<li><strong>Raadiosaade Peeter Liiviga ja minuga ning veel \u00fche k\u00fclalisega tantrast<\/strong><\/li>\n<li><strong>Raadiosaate l\u00fchikirjeldus<\/strong><\/li>\n<\/ul>\n<p>***<strong> Selle e-kursusega ei kaasne Crystal Ra coaching, aga kui sul on seda soovi eraldi juurde osta &#8211; saad seda<a href=\"https:\/\/crystalralaksmi.com\/eesti\/product\/labimurde-seanss\/\"> teha siit: <\/a>Enne coachingu seanssi Crystal Ra-ga on sul vaja saata sisse t\u00e4idetud tegevuste leht ja vabas vormis oma kogemuse kirjeldus ning ka kus t\u00e4psemalt veel on blokk v\u00f5i blokke. <\/strong><\/p>\n","protected":false},"featured_media":226221,"comment_status":"open","ping_status":"closed","template":"","meta":{"_acf_changed":false,"_et_pb_use_builder":"","_et_pb_old_content":"","_et_gb_content_width":""},"product_cat":[1352],"product_tag":[1353],"class_list":{"0":"post-226220","1":"product","2":"type-product","3":"status-publish","4":"has-post-thumbnail","6":"product_cat-montonio","7":"product_tag-kuningannaks-kasvamise-minikursus","9":"first","10":"instock","11":"virtual","12":"purchasable","13":"product-type-simple"},"acf":[],"_links":{"self":[{"href":"https:\/\/crystalralaksmi.com\/eesti\/wp-json\/wp\/v2\/product\/226220","targetHints":{"allow":["GET"]}}],"collection":[{"href":"https:\/\/crystalralaksmi.com\/eesti\/wp-json\/wp\/v2\/product"}],"about":[{"href":"https:\/\/crystalralaksmi.com\/eesti\/wp-json\/wp\/v2\/types\/product"}],"replies":[{"embeddable":true,"href":"https:\/\/crystalralaksmi.com\/eesti\/wp-json\/wp\/v2\/comments?post=226220"}],"wp:featuredmedia":[{"embeddable":true,"href":"https:\/\/crystalralaksmi.com\/eesti\/wp-json\/wp\/v2\/media\/226221"}],"wp:attachment":[{"href":"https:\/\/crystalralaksmi.com\/eesti\/wp-json\/wp\/v2\/media?parent=226220"}],"wp:term":[{"taxonomy":"product_cat","embeddable":true,"href":"https:\/\/crystalralaksmi.com\/eesti\/wp-json\/wp\/v2\/product_cat?post=226220"},{"taxonomy":"product_tag","embeddable":true,"href":"https:\/\/crystalralaksmi.com\/eesti\/wp-json\/wp\/v2\/product_tag?post=226220"}],"curies":[{"name":"wp","href":"https:\/\/api.w.org\/{rel}","templated":true}]}}