{"id":226267,"date":"2022-08-27T21:21:21","date_gmt":"2022-08-27T18:21:21","guid":{"rendered":"https:\/\/crystalralaksmi.com\/eesti\/?post_type=product&#038;p=226267"},"modified":"2022-08-27T22:12:43","modified_gmt":"2022-08-27T19:12:43","slug":"voti-su-sisemiste-sabotooride-loksudest-valja","status":"publish","type":"product","link":"https:\/\/crystalralaksmi.com\/eesti\/product\/voti-su-sisemiste-sabotooride-loksudest-valja\/","title":{"rendered":"V\u00f5ti su Sisemiste Sabot\u00f6\u00f6ride L\u00f5ksudest V\u00e4lja!"},"content":{"rendered":"<p>Kui ma alustasin oma t\u00f6\u00f6d coachina j\u00f5udsin nii ma ise kui ka mu kliendid sageli tupikusse kus kohtusime enese saboteerimisega. Ma otsisin aastaid materjale mis aitaks seda olukorda lahendada. Vaid paar aastat tagasi ma leidsin esimese niidiotsa. Sul on v\u00f5imalus sellega ka algust teha. Kui ostad selle s\u00fcndmuse saad mitte ainult niidiotsa vaid ka mitmeid teisi t\u00f6\u00f6riistu mis aitab sul juba aru saada kuidas oma maailmas k\u00f5ik heas m\u00f5ttes pea peale p\u00f6\u00f6rata.<\/p>\n<p>Kui sa oled minu asju siit ja sealt natuke maitsnud aga pole p\u00e4ris kindel et mina just sulle sobituksin kui su tulevane coach &#8211; siis tule sellele s\u00fcndmusele ja saad ise kogeda kas ma helisen ja kas sul on vaja sellist teejuhti nagu mina.<\/p>\n<span class=\"et_bloom_bottom_trigger\"><\/span>","protected":false},"excerpt":{"rendered":"<p>Kui ma alustasin oma t\u00f6\u00f6d coachina j\u00f5udsin nii ma ise kui ka mu kliendid sageli tupikusse kus kohtusime enese saboteerimisega. Ma otsisin aastaid materjale mis aitaks seda olukorda lahendada. Vaid [&hellip;]<\/p>\n","protected":false},"featured_media":226268,"comment_status":"open","ping_status":"closed","template":"","meta":{"_acf_changed":false,"_et_pb_use_builder":"","_et_pb_old_content":"","_et_gb_content_width":""},"product_cat":[1352],"product_tag":[],"class_list":{"0":"post-226267","1":"product","2":"type-product","3":"status-publish","4":"has-post-thumbnail","6":"product_cat-montonio","8":"first","9":"instock","10":"shipping-taxable","11":"purchasable","12":"product-type-simple"},"acf":[],"_links":{"self":[{"href":"https:\/\/crystalralaksmi.com\/eesti\/wp-json\/wp\/v2\/product\/226267","targetHints":{"allow":["GET"]}}],"collection":[{"href":"https:\/\/crystalralaksmi.com\/eesti\/wp-json\/wp\/v2\/product"}],"about":[{"href":"https:\/\/crystalralaksmi.com\/eesti\/wp-json\/wp\/v2\/types\/product"}],"replies":[{"embeddable":true,"href":"https:\/\/crystalralaksmi.com\/eesti\/wp-json\/wp\/v2\/comments?post=226267"}],"wp:featuredmedia":[{"embeddable":true,"href":"https:\/\/crystalralaksmi.com\/eesti\/wp-json\/wp\/v2\/media\/226268"}],"wp:attachment":[{"href":"https:\/\/crystalralaksmi.com\/eesti\/wp-json\/wp\/v2\/media?parent=226267"}],"wp:term":[{"taxonomy":"product_cat","embeddable":true,"href":"https:\/\/crystalralaksmi.com\/eesti\/wp-json\/wp\/v2\/product_cat?post=226267"},{"taxonomy":"product_tag","embeddable":true,"href":"https:\/\/crystalralaksmi.com\/eesti\/wp-json\/wp\/v2\/product_tag?post=226267"}],"curies":[{"name":"wp","href":"https:\/\/api.w.org\/{rel}","templated":true}]}}