{"id":226276,"date":"2022-08-31T23:34:02","date_gmt":"2022-08-31T20:34:02","guid":{"rendered":"https:\/\/crystalralaksmi.com\/eesti\/?post_type=product&#038;p=226276"},"modified":"2022-10-05T00:00:47","modified_gmt":"2022-10-04T21:00:47","slug":"tagasi-tervisesse-valjakutse-okt-2022","status":"publish","type":"product","link":"https:\/\/crystalralaksmi.com\/eesti\/product\/tagasi-tervisesse-valjakutse-okt-2022\/","title":{"rendered":"Tagasi Tervisesse V\u00e4ljakutse okt 2022"},"content":{"rendered":"<p>See on vaid neile kes on l\u00e4binud Crystal Ra-ga WILDFIT 90 programmi ja on juba korra osalenud taolises v\u00e4ljakutses. Ole hea ja palun \u00e4ra soeta seda programmi kui sa ei vasta antud kategooriatele.\u00a0 Ait\u00e4h sulle.<\/p>\n<span class=\"et_bloom_bottom_trigger\"><\/span>","protected":false},"excerpt":{"rendered":"<p>See on vaid neile kes on l\u00e4binud Crystal Ra-ga WILDFIT 90 programmi ja on juba korra osalenud taolises v\u00e4ljakutses. Ole hea ja palun \u00e4ra soeta seda programmi kui sa ei [&hellip;]<\/p>\n","protected":false},"featured_media":226277,"comment_status":"open","ping_status":"closed","template":"","meta":{"_acf_changed":false,"_et_pb_use_builder":"","_et_pb_old_content":"","_et_gb_content_width":""},"product_cat":[1352],"product_tag":[],"class_list":{"0":"post-226276","1":"product","2":"type-product","3":"status-publish","4":"has-post-thumbnail","6":"product_cat-montonio","8":"first","9":"instock","10":"shipping-taxable","11":"purchasable","12":"product-type-simple"},"acf":[],"_links":{"self":[{"href":"https:\/\/crystalralaksmi.com\/eesti\/wp-json\/wp\/v2\/product\/226276","targetHints":{"allow":["GET"]}}],"collection":[{"href":"https:\/\/crystalralaksmi.com\/eesti\/wp-json\/wp\/v2\/product"}],"about":[{"href":"https:\/\/crystalralaksmi.com\/eesti\/wp-json\/wp\/v2\/types\/product"}],"replies":[{"embeddable":true,"href":"https:\/\/crystalralaksmi.com\/eesti\/wp-json\/wp\/v2\/comments?post=226276"}],"wp:featuredmedia":[{"embeddable":true,"href":"https:\/\/crystalralaksmi.com\/eesti\/wp-json\/wp\/v2\/media\/226277"}],"wp:attachment":[{"href":"https:\/\/crystalralaksmi.com\/eesti\/wp-json\/wp\/v2\/media?parent=226276"}],"wp:term":[{"taxonomy":"product_cat","embeddable":true,"href":"https:\/\/crystalralaksmi.com\/eesti\/wp-json\/wp\/v2\/product_cat?post=226276"},{"taxonomy":"product_tag","embeddable":true,"href":"https:\/\/crystalralaksmi.com\/eesti\/wp-json\/wp\/v2\/product_tag?post=226276"}],"curies":[{"name":"wp","href":"https:\/\/api.w.org\/{rel}","templated":true}]}}