{"id":226289,"date":"2022-09-23T00:27:31","date_gmt":"2022-09-22T21:27:31","guid":{"rendered":"https:\/\/crystalralaksmi.com\/eesti\/?post_type=product&#038;p=226289"},"modified":"2022-09-30T22:05:07","modified_gmt":"2022-09-30T19:05:07","slug":"elukunstniku-taaskaivitumise-votmed-meistriklass","status":"publish","type":"product","link":"https:\/\/crystalralaksmi.com\/eesti\/product\/elukunstniku-taaskaivitumise-votmed-meistriklass\/","title":{"rendered":"Elukunstniku Taask\u00e4ivitumise V\u00f5tmed &#8211; Meistriklass"},"content":{"rendered":"<p>See oli p\u00f5nev 2 tundi ja 20 minutit kestev meistriklass mille ajal saime l\u00e4bi meditatsiooni tutvuda oma 10-ne Sabot\u00f6\u00f6riga ja oma Elutargaga. Lisaks saime ka selgema \u00fclevaate kas ja mis on kogu selle s\u00fcsteemi taga ning miks see on nii geniaalne s\u00fcsteem mida kasutada igas oma elu valdkonnas, et edeneda?<\/p>\n<p>Meistriklass sisaldab ka grupi coachingut, mille ajal need kes tegid \u00e4ra ettevalmistuse, saavad oma testidele ja punktidele ka uusi perspektiive.<\/p>\n<p>Kui su elus on olnud palju takistusi &#8211; siis tasuks kindlasti antud meistriklassi vaadata ja ka kohesed nipid t\u00f6\u00f6sse panna. Kui soovid s\u00fcgavsukelduda &#8211; siis on sul selleks v\u00f5imalus kandideerida 3ndal oktoobril algavasse pilootgruppi.<\/p>\n<p>Lisainfot saad crystalralaksmi@gmail.com aadressilt.<\/p>\n<p>Antud video on tasuline toode ja palume seda avalikult mitte jagada.<\/p>\n<p>&nbsp;<\/p>\n<span class=\"et_bloom_bottom_trigger\"><\/span>","protected":false},"excerpt":{"rendered":"<p>See oli p\u00f5nev 2 tundi ja 20 minutit kestev meistriklass mille ajal saime l\u00e4bi meditatsiooni tutvuda oma 10-ne Sabot\u00f6\u00f6riga ja oma Elutargaga. Lisaks saime ka selgema \u00fclevaate kas ja mis on kogu selle s\u00fcsteemi taga ning miks see on nii geniaalne s\u00fcsteem mida kasutada igas oma elu valdkonnas et edeneda?<\/p>\n<p>Meistriklass sisaldab ka grupi coachingut mille ajal need kes tegid \u00e4ra ettevalmistuse saavad oma testidele ja punktidele ka uusi perspektiive.<\/p>\n<p>Kui su elus on olnud palju takistusi &#8211; siis tasuks kindlasti antud meistriklassi vaadata ja ka kohesed nipid t\u00f6\u00f6sse panna. Kui soovid s\u00fcgavsukelduda &#8211; siis on sul selleks v\u00f5imalus kandideerida 3ndal oktoobril algavasse pilootgruppi.<\/p>\n<p>Lisainfot saad crystalralaksmi@gmail.com aadressilt.<\/p>\n<p>Antud video on tasuline toode ja palume seda avalikult mitte jagada.<\/p>\n","protected":false},"featured_media":226290,"comment_status":"open","ping_status":"closed","template":"","meta":{"_acf_changed":false,"_et_pb_use_builder":"","_et_pb_old_content":"","_et_gb_content_width":""},"product_cat":[1352],"product_tag":[],"class_list":{"0":"post-226289","1":"product","2":"type-product","3":"status-publish","4":"has-post-thumbnail","6":"product_cat-montonio","8":"first","9":"instock","10":"shipping-taxable","11":"purchasable","12":"product-type-simple"},"acf":[],"_links":{"self":[{"href":"https:\/\/crystalralaksmi.com\/eesti\/wp-json\/wp\/v2\/product\/226289","targetHints":{"allow":["GET"]}}],"collection":[{"href":"https:\/\/crystalralaksmi.com\/eesti\/wp-json\/wp\/v2\/product"}],"about":[{"href":"https:\/\/crystalralaksmi.com\/eesti\/wp-json\/wp\/v2\/types\/product"}],"replies":[{"embeddable":true,"href":"https:\/\/crystalralaksmi.com\/eesti\/wp-json\/wp\/v2\/comments?post=226289"}],"wp:featuredmedia":[{"embeddable":true,"href":"https:\/\/crystalralaksmi.com\/eesti\/wp-json\/wp\/v2\/media\/226290"}],"wp:attachment":[{"href":"https:\/\/crystalralaksmi.com\/eesti\/wp-json\/wp\/v2\/media?parent=226289"}],"wp:term":[{"taxonomy":"product_cat","embeddable":true,"href":"https:\/\/crystalralaksmi.com\/eesti\/wp-json\/wp\/v2\/product_cat?post=226289"},{"taxonomy":"product_tag","embeddable":true,"href":"https:\/\/crystalralaksmi.com\/eesti\/wp-json\/wp\/v2\/product_tag?post=226289"}],"curies":[{"name":"wp","href":"https:\/\/api.w.org\/{rel}","templated":true}]}}