{"id":226364,"date":"2022-10-25T06:17:10","date_gmt":"2022-10-25T03:17:10","guid":{"rendered":"https:\/\/crystalralaksmi.com\/eesti\/?post_type=product&#038;p=226364"},"modified":"2022-12-23T05:30:04","modified_gmt":"2022-12-23T03:30:04","slug":"edu-lainetes-surfamise-tasuline-toode","status":"publish","type":"product","link":"https:\/\/crystalralaksmi.com\/eesti\/product\/edu-lainetes-surfamise-tasuline-toode\/","title":{"rendered":"Edu Lainetes Surfamise K\u00e4ivitamise Online M\u00e4ngutuba &#8211; J\u00e4relvaatamise video + Boonused + 1 LIVE Q&#038;A k\u00f5ne Crystal Raga kuu aega hiljem"},"content":{"rendered":"<p><strong>Sellel p\u00f5neval seiklusel mis kestab 4 tundi 2sel novembril 2022 kell 18 &#8211; 22 saame teha \u00e4ra eelt\u00f6\u00f6<\/strong> &#8211; mis annab meile k\u00f5igile v\u00f5imaluse aastal 2023 alustada oma aastat kergusega, voolamisega ja t\u00f5esti Edu Lainetes Surfamisega. Kui sa liitud selle s\u00fcndmusega siis saad juba 1 jaanuaril olla t\u00e4iesti hoos ja ei pea enam k\u00e4ivitamisega venitama.<\/p>\n<p>Kui ostad selle toote videosalvestise nii nagu ka lisa boonused siis kaasneb sellega ka 1 LIVE Q &amp; A k\u00f5ne Crystal Ra-ga ca 1 kuu peale esmast k\u00f5ne.<\/p>\n<p>Edu v\u00f5ib tunduda utoopia &#8211; kuna hinnad t\u00f5usevad, elektrihindadega on t\u00e4iesti jama Eestis, samuti palgad ei t\u00f5use. Mis Edust me r\u00e4\u00e4gime? Edu on alati v\u00f5imallik. Edu on nagu p\u00e4ike. Ta on alati olemas &#8211; iseasi kus meie ise asume &#8211; ja mis ilma oma keha, meele ja vaimuga v\u00e4lja v\u00f5lume?<\/p>\n<p>Selle m\u00e4ngutoa jooksul teeme l\u00e4bi kaks kahetunnist sektsiooni &#8211; v\u00e4ikese pausiga nende vahepeal.<\/p>\n<p>Siin jagatud teemad on v\u00f5imalikud teemad ja s\u00fcndmuse t\u00e4pne teemade j\u00e4rjekord v\u00f5ib jooksvalt muutuda.<\/p>\n<ol>\n<li><strong>Mida t\u00e4hendab Taotluse ja Taotlusk\u00fcsimusega Elu? Mida see muudab? Kas ja mida t\u00e4hendab see Uue Aja Energiate kohaselt?<\/strong><\/li>\n<li><strong>Kuidas saab protsessi aidata ja toetada K\u00fclluse Ratta s\u00fcsteem (seksuaalsus, suhted, tervis, Elu Missioon, Holistiline K\u00fcllus).<\/strong><\/li>\n<li><strong>Miks on oluline teha praeguse aasta kaardistus ja kokkuv\u00f5te enne kui alustad uute taotluste ja sihtm\u00e4rkide paikapanemist?<\/strong><\/li>\n<li><strong>Mismoodi elada oma elu ilma tahtej\u00f5u punnitamiseta ja nii et t\u00f5esti tundub et Universum on su parim koost\u00f6\u00f6partner?<\/strong><\/li>\n<li><strong>Kuidas saab tulevik meid praeguses olevikus aidata liikuda kergemini tulevikku?<\/strong><\/li>\n<li><strong>Mis rolli m\u00e4ngivad harjumused ja rituaalid meie tuleviku tee sillutamisel ja mis on esmased sammud sellel teel?<\/strong><\/li>\n<li><strong>\u00a0Miks on oluline oma Unistuste Elu loomisel saada paika oma Keha, Meel ja Vaim?<\/strong><\/li>\n<li><strong>Miks on oluline oma protsessidesse kaasata vastutuspartnereid?<\/strong><\/li>\n<li><strong>Kuhu j\u00e4\u00e4vad veel meie unistused kinni ja kuidas need sealt vabastada?<\/strong><\/li>\n<li><strong>Mis rolli m\u00e4ngivad kogu selles protsessis meie Sisemised Sabot\u00f6\u00f6rid ja Elutark?<\/strong><\/li>\n<li><strong>Kuidas saavad meie Sisemise Pere Arhet\u00fc\u00fcbid meid toetada aja produktiivses kasutamises?<\/strong><\/li>\n<\/ol>\n<p>Igal sektsioonil on oma v\u00e4ike isikliku sisevaatluse hetked ja ka grupi jagamised. Grupi jagamistes eelistatakse neid kes on ostnud toote j\u00e4relvaatamise videod ja boonused.<\/p>\n<p><strong>Videos\u00fcndmusega kaasnevad j\u00e4rgnevad boonused (v\u00e4\u00e4rtuses 4000 eurot!!!):\u00a0<\/strong><\/p>\n<ul>\n<li style=\"list-style-type: none;\">\n<ul>\n<li><strong>Sisemise Pere Arhet\u00fc\u00fcpide Meditatsioon<\/strong>\u00a0&#8211; aitab sul kohtuda oma Sisemise Lapse, Sisemise Naise ja Sisemise Mehega ning nendega uutmoodi suhtlemist alustada<\/li>\n<li><strong>Aarete Laeka Meditatsioon<\/strong>\u00a0&#8211; kuidas julgusega oma Elu Missiooni looma hakata<\/li>\n<li><strong>Miljon\u00e4ri 20 v\u00f5tit edule PDF<\/strong><\/li>\n<li><strong>Tasuta Toote Loomise PDF<\/strong><\/li>\n<li><strong>Uue Ajastu V\u00f5lurite Kursus &#8211; PDF<\/strong><\/li>\n<li><strong>Kuidas luua oma elu l\u00e4bi Holistilise K\u00fclluse spektrumi<\/strong>\u00a0&#8211; 31 p\u00e4evase v\u00e4ljakutse videod ja t\u00f6\u00f6lehed (ca 15+ tundi videosid ja 31 t\u00f6\u00f6lehte)<\/li>\n<li><strong>Vajadused Uues ja Vanas Ajas PDF<\/strong><\/li>\n<li><strong>Sabot\u00f6\u00f6ride Meistriklassi tutvustus<\/strong><a href=\"https:\/\/youtu.be\/8mAG5ZvMSwc\">: <\/a><\/li>\n<li><strong>1 LIVE Q &amp; A sessioon ZOOMis selle toote ostjatele Crystal Ra-ga 1sel detsembril ja ka selle kohtumise salvestus peale toimumist.\u00a0<\/strong><\/li>\n<\/ul>\n<\/li>\n<\/ul>\n<ul>\n<li style=\"list-style-type: none;\">\n<ul>\n<li>V\u00f5ib lisanduda veel \u00fcllatusi v\u00f5i lisa boonuseid<\/li>\n<li>Imelise kohtumiseni!<br \/>\nCrystal Ra<\/li>\n<\/ul>\n<\/li>\n<\/ul>\n<span class=\"et_bloom_bottom_trigger\"><\/span>","protected":false},"excerpt":{"rendered":"<p>Kui sa registreerid sellele tootele &#8211; saad otse oma postkasti s\u00fcndmuse Zoomi k\u00f5ne lingi. Ole hea ja jaga selle toote linki teistega keda soovid s\u00fcndmusele kutsuda &#8211; nii saavad ka nemad s\u00fcndmusele konkreetselt registreeritud.<\/p>\n<p>Lisainfot saad crystalralaksmi@gmail.com aadressilt.<\/p>\n<p>&nbsp;<\/p>\n","protected":false},"featured_media":226378,"comment_status":"open","ping_status":"closed","template":"","meta":{"_acf_changed":false,"_et_pb_use_builder":"","_et_pb_old_content":"","_et_gb_content_width":""},"product_cat":[1352],"product_tag":[],"class_list":{"0":"post-226364","1":"product","2":"type-product","3":"status-publish","4":"has-post-thumbnail","6":"product_cat-montonio","8":"first","9":"instock","10":"shipping-taxable","11":"purchasable","12":"product-type-simple"},"acf":[],"_links":{"self":[{"href":"https:\/\/crystalralaksmi.com\/eesti\/wp-json\/wp\/v2\/product\/226364","targetHints":{"allow":["GET"]}}],"collection":[{"href":"https:\/\/crystalralaksmi.com\/eesti\/wp-json\/wp\/v2\/product"}],"about":[{"href":"https:\/\/crystalralaksmi.com\/eesti\/wp-json\/wp\/v2\/types\/product"}],"replies":[{"embeddable":true,"href":"https:\/\/crystalralaksmi.com\/eesti\/wp-json\/wp\/v2\/comments?post=226364"}],"wp:featuredmedia":[{"embeddable":true,"href":"https:\/\/crystalralaksmi.com\/eesti\/wp-json\/wp\/v2\/media\/226378"}],"wp:attachment":[{"href":"https:\/\/crystalralaksmi.com\/eesti\/wp-json\/wp\/v2\/media?parent=226364"}],"wp:term":[{"taxonomy":"product_cat","embeddable":true,"href":"https:\/\/crystalralaksmi.com\/eesti\/wp-json\/wp\/v2\/product_cat?post=226364"},{"taxonomy":"product_tag","embeddable":true,"href":"https:\/\/crystalralaksmi.com\/eesti\/wp-json\/wp\/v2\/product_tag?post=226364"}],"curies":[{"name":"wp","href":"https:\/\/api.w.org\/{rel}","templated":true}]}}