{"id":226443,"date":"2022-12-01T05:55:51","date_gmt":"2022-12-01T03:55:51","guid":{"rendered":"https:\/\/crystalralaksmi.com\/eesti\/?post_type=product&#038;p=226443"},"modified":"2023-03-23T19:22:08","modified_gmt":"2023-03-23T17:22:08","slug":"unistuste-aasta-labi-harjumuste-muutmise-toode","status":"publish","type":"product","link":"https:\/\/crystalralaksmi.com\/eesti\/product\/unistuste-aasta-labi-harjumuste-muutmise-toode\/","title":{"rendered":"Kuidas luua oma Unistuste Aasta l\u00e4bi harjumuste muutmise?"},"content":{"rendered":"<p>Aloha!<\/p>\n<div class=\"x11i5rnm xat24cr x1mh8g0r x1vvkbs xdj266r\">Antud mini toode on v\u00e4ike maitseproov Crystal Ra Elustiili Klubist millega saab liituda peale WILDFIT 90 programmi l\u00e4bimist. WILDFIT 90 on toiduvabaduse programm mis aitab muuta v\u00e4ga paljusid harjumusi ja kogu keha, meelt ja vaimu ning paneb fookuse meie suhtele toiduga ja s\u00f6\u00f6misega.<\/div>\n<div class=\"x11i5rnm xat24cr x1mh8g0r x1vvkbs xtlvy1s\">Kohal on ka mitmed Elustiili Klubi liikmed &#8211; nii et kuulete ka WILDFITi\u00a0 kohta m\u00f5ningaid k\u00fcsimusi.<\/div>\n<div><\/div>\n<div class=\"x11i5rnm xat24cr x1mh8g0r x1vvkbs xtlvy1s\">J\u00e4rgmine eestikeelne WILDFIT 90 grupp alustab <strong>9ndal jaanuaril 2023 ja peale seda m\u00e4rtsis 2023.<\/strong><\/div>\n<div><\/div>\n<div class=\"x11i5rnm xat24cr x1mh8g0r x1vvkbs xtlvy1s\"><strong>Selle s\u00fcndmuse fookuspunktid:<\/strong><\/div>\n<div class=\"x11i5rnm xat24cr x1mh8g0r x1vvkbs xtlvy1s\"><strong>&#8211; Kuidas harjumused tekivad &#8211; kuidas need enda jaoks t\u00f6\u00f6le panna ja mis on nende seos toitumisega nii nagu ka keha, meele ja vaimuga?<\/strong><\/div>\n<div class=\"x11i5rnm xat24cr x1mh8g0r x1vvkbs xtlvy1s\"><strong>&#8211; Mis on esmased sammud et uued head harjumused oma reaalsusesse integreerida?<\/strong><\/div>\n<div class=\"x11i5rnm xat24cr x1mh8g0r x1vvkbs xtlvy1s\"><strong>&#8211; Mis on optimaalseim teaduslikult t\u00f5estatud aeg harjumuste juurutamiseks?<\/strong><\/div>\n<div class=\"x11i5rnm xat24cr x1mh8g0r x1vvkbs xtlvy1s\"><strong>&#8211; Kuidas luua sellised harjumused et sa ei pea seda enam kunagi tegema vaid tahtej\u00f5u punnitamisega?<\/strong><\/div>\n<div class=\"x11i5rnm xat24cr x1mh8g0r x1vvkbs xtlvy1s\"><strong>&#8211; Mis seos on ajul harjumustega?<\/strong><\/div>\n<div class=\"x11i5rnm xat24cr x1mh8g0r x1vvkbs xtlvy1s\"><b>&#8211; Grupicoachingu n\u00e4ide kus v\u00f5tame ette k\u00f5ikide kohalolijate \u00fche halva harjumuse n\u00e4ited<\/b><\/div>\n<div class=\"x11i5rnm xat24cr x1mh8g0r x1vvkbs xtlvy1s\"><strong>&#8211; Harjumuste nipid<\/strong><\/div>\n<div class=\"x11i5rnm xat24cr x1mh8g0r x1vvkbs xtlvy1s\"><strong>&#8211; K\u00fcsimuste ja vastuste voor<\/strong><\/div>\n<div><\/div>\n<div class=\"x11i5rnm xat24cr x1mh8g0r x1vvkbs xtlvy1s\">Sain v\u00e4ga palju inspiratsiooni harjumuste kohta <strong><a href=\"https:\/\/amzn.to\/3y0bXwv\">&#8220;How not to Diet&#8221; raamatust<\/a> <\/strong>ja jagan ka palju isiklikke nippe.<\/div>\n<div class=\"x11i5rnm xat24cr x1mh8g0r x1vvkbs xtlvy1s\">J\u00e4tkuvalt imetlen selle raamatu v\u00e4ge. T\u00f5eline tervise piibel mis v\u00f5iks olemas olla igas kodus.<\/div>\n<div class=\"x11i5rnm xat24cr x1mh8g0r x1vvkbs xtlvy1s\">Kui sa teed l\u00e4bi WILDFIT 90 programmi ja liitud <strong>Elustiili Klubiga<\/strong> on sul v\u00f5imalus saada ligip\u00e4\u00e4s ka paljudele teistele p\u00f5nevatele tervise teemade videodele koos Crystal Raga kui ka eriliste k\u00fclalistega.<\/div>\n<div class=\"x11i5rnm xat24cr x1mh8g0r x1vvkbs xtlvy1s\">Soovitan seda toodet jagada ka praegustel WILDFITi klientidel ja neile kes on seda teinud ja l\u00e4bi kogenud kuna teil v\u00f5ib olla palju tuttavaid kes on huvitatud WILDFITti ise l\u00e4bi tegema.<\/div>\n<div class=\"x11i5rnm xat24cr x1mh8g0r x1vvkbs xtlvy1s\">See on v\u00e4ga lahe maitseproov nii minu kui WILDFITi coachi t\u00f6\u00f6 suhtes kui ka \u00fcldse kas ja mida see tervise maailm endast kujutab. J\u00e4rgmine eestikeelne grupp alustab 9ndal jaanuaril ja inglisekeelne 30ndal jaanuaril 2023. Huvi korral v\u00f5ta \u00fchendust.<\/div>\n<div><\/div>\n<div class=\"x11i5rnm xat24cr x1mh8g0r x1vvkbs xtlvy1s\">Imelise kohtumiseni,<br \/>\nCrystal Ra<\/div>\n<span class=\"et_bloom_bottom_trigger\"><\/span>","protected":false},"excerpt":{"rendered":"<p>Kui sa ostad selle toote siis tuleb sulle toote video link.<\/p>\n<p>Lisainfot saad crystalralaksmi@gmail.com aadressilt.<\/p>\n<p>&nbsp;<\/p>\n","protected":false},"featured_media":226549,"comment_status":"open","ping_status":"closed","template":"","meta":{"_acf_changed":false,"_et_pb_use_builder":"","_et_pb_old_content":"","_et_gb_content_width":""},"product_cat":[1352],"product_tag":[],"class_list":{"0":"post-226443","1":"product","2":"type-product","3":"status-publish","4":"has-post-thumbnail","6":"product_cat-montonio","8":"first","9":"instock","10":"shipping-taxable","11":"purchasable","12":"product-type-simple"},"acf":[],"_links":{"self":[{"href":"https:\/\/crystalralaksmi.com\/eesti\/wp-json\/wp\/v2\/product\/226443","targetHints":{"allow":["GET"]}}],"collection":[{"href":"https:\/\/crystalralaksmi.com\/eesti\/wp-json\/wp\/v2\/product"}],"about":[{"href":"https:\/\/crystalralaksmi.com\/eesti\/wp-json\/wp\/v2\/types\/product"}],"replies":[{"embeddable":true,"href":"https:\/\/crystalralaksmi.com\/eesti\/wp-json\/wp\/v2\/comments?post=226443"}],"wp:featuredmedia":[{"embeddable":true,"href":"https:\/\/crystalralaksmi.com\/eesti\/wp-json\/wp\/v2\/media\/226549"}],"wp:attachment":[{"href":"https:\/\/crystalralaksmi.com\/eesti\/wp-json\/wp\/v2\/media?parent=226443"}],"wp:term":[{"taxonomy":"product_cat","embeddable":true,"href":"https:\/\/crystalralaksmi.com\/eesti\/wp-json\/wp\/v2\/product_cat?post=226443"},{"taxonomy":"product_tag","embeddable":true,"href":"https:\/\/crystalralaksmi.com\/eesti\/wp-json\/wp\/v2\/product_tag?post=226443"}],"curies":[{"name":"wp","href":"https:\/\/api.w.org\/{rel}","templated":true}]}}