{"id":226483,"date":"2022-12-26T05:00:22","date_gmt":"2022-12-26T03:00:22","guid":{"rendered":"https:\/\/crystalralaksmi.com\/eesti\/?post_type=product&#038;p=226483"},"modified":"2023-01-02T23:00:23","modified_gmt":"2023-01-02T21:00:23","slug":"tervise-taaskaivituse-valjakutse","status":"publish","type":"product","link":"https:\/\/crystalralaksmi.com\/eesti\/product\/tervise-taaskaivituse-valjakutse\/","title":{"rendered":"Tervise Taask\u00e4ivituse V\u00e4ljakutse Pileti registreerimine"},"content":{"rendered":"<p>Aloha!<\/p>\n<p>Aasta algus on k\u00e4es ja kui paljud teevad oma uusaastalubadused mille \u00fcheks osaks on ka oma tervisega tegelemine. Ja no kui mitte tervisega siis v\u00e4ga paljud panevad sinna eesm\u00e4rgina kirja v\u00e4hemalt kaalu kaotuse kui mitte midagi muud. No ja moe p\u00e4rast v\u00f5ibolla ka et hakatakse rohkem liikuma v\u00f5i trennis k\u00e4ima. Kahjuks on t\u00f5estatud et \u00fcle 90% neist resolutsioonidest ei saa kunagi teoks.<\/p>\n<p><strong>Aga mis siis kui Tervis ongi v\u00f5tmeks kogu su elu taask\u00e4ivitumisele? <\/strong><br \/>\n<strong>Kas siis v\u00f5taksid selle teemana tagumiselt riiulilt ettepoole? <\/strong><br \/>\n<strong>Kui tervise korrasolek m\u00f5jutaks su suhet iseendaga ja teistega 100%? <\/strong><br \/>\n<strong>Kui tervis m\u00f5jutaks su seksuaalsust? <\/strong><br \/>\n<strong>Kui tervis m\u00f5jutaks su Elu Missiooni?<\/strong><br \/>\n<strong>Kui tervise korrasoleku \u00fcks loomulikest tulemitest oleks Holistiline K\u00fcllus &#8211; mis t\u00e4hendab et see aitaks sul m\u00f5ista kuidas kergemini tuua oma ellu K\u00fcllust igas vormis &#8211; sealhulgas ka finantsilisel kujul?<\/strong><\/p>\n<p>Kui k\u00f5ik see juhtuks &#8211; kas siis t\u00e4htsustaksid oma Tervist rohkem ja hakkaksid sellega tegelema?<\/p>\n<p>Sellel v\u00e4ljakutsel on sul v\u00f5imalik tutvuda Viie Tervise Sambaga. Kui sa need sambad selgeks saad ja regulaarselt t\u00f6\u00f6sse paned &#8211; muutub su tervis ja ka heaolu automaatselt ja garanteeritult ja kui neid t\u00f6\u00f6s hoiad ka edaspidiselt siis on heaolu ka j\u00e4tkusuutlik.<\/p>\n<p><strong>Nende viie p\u00e4eva jooksul on sul v\u00f5imalus:<\/strong><br \/>\n<strong>a) Iseseisvalt l\u00e4bi k\u00e4ia mini v\u00e4ljakutse \u00f5ppevideod koos grupicoachingu n\u00e4idetega<\/strong><br \/>\n<strong>b) J\u00e4rgneda igap\u00e4evastele juhistele PDFis ja k\u00f5ik praktikasse panna<\/strong><br \/>\n<strong>c) Jagada oma kogemusi privaatses FB grupis teise osalejatega <\/strong><br \/>\n<strong>d) Olla kohal p\u00e4evas korra Zoom k\u00f5nes kus oma k\u00fcsimusi esitada v\u00f5i grupicoachingut kogeda koos Crystal Ra &#8211; Holistilise Coachi juhtimisel<\/strong><br \/>\n<strong>e) Tunda m\u00e4rgatavat enesetunde paranemist &#8211; keha-, meele-, ja vaimu tasandil viienda p\u00e4eva l\u00f5puks kui oled k\u00f5ik teooria ja praktika t\u00f6\u00f6sse pannud<\/strong><\/p>\n<p>Kui see enesetunne mis sul tekib peale viite p\u00e4eva sulle meeldib ja sa tahaksid oma Heaolu Kompassi edasi puhastada, on sul koheselt peale v\u00e4ljakutset v\u00f5imalus liituda WILDFIT 90 kolme kuulise programmiga mille uus eestikeelne grupp alustab<strong> 9ndal jaanuaril.<\/strong><\/p>\n<p><strong>Imelise kohtumiseni 2sel jaanuaril kell 19 eesti aeg! Tasuta registreerimine on avatud kuni 1. jaanuarini 2022. Kui soovid liituda peale seda emaili crystalralaksmi@gmail.com<\/strong><\/p>\n<p>Aloha,<br \/>\nCrystal Ra<\/p>\n<span class=\"et_bloom_bottom_trigger\"><\/span>","protected":false},"excerpt":{"rendered":"<p>Imeline v\u00f5imalus leida \u00fclesse oma Keha-, Meele-, Ja Vaimu Heaolu Kompass\u00a0 mis taask\u00e4ivitab meie Tervise ning l\u00e4bi selle muuta k\u00f5iki sektoreid oma elus! S\u00fcndmusel osaluseks on sul vaja \u00e4ra t\u00e4ita osaluse ankeet. Kohe kui selle \u00e4ra teed saad emailile ka zoomi lingi.<\/p>\n","protected":false},"featured_media":226484,"comment_status":"open","ping_status":"closed","template":"","meta":{"_acf_changed":false,"_et_pb_use_builder":"","_et_pb_old_content":"","_et_gb_content_width":""},"product_cat":[1014],"product_tag":[],"class_list":{"0":"post-226483","1":"product","2":"type-product","3":"status-publish","4":"has-post-thumbnail","6":"product_cat-uncategorized","8":"first","9":"instock","10":"shipping-taxable","11":"purchasable","12":"product-type-simple"},"acf":[],"_links":{"self":[{"href":"https:\/\/crystalralaksmi.com\/eesti\/wp-json\/wp\/v2\/product\/226483","targetHints":{"allow":["GET"]}}],"collection":[{"href":"https:\/\/crystalralaksmi.com\/eesti\/wp-json\/wp\/v2\/product"}],"about":[{"href":"https:\/\/crystalralaksmi.com\/eesti\/wp-json\/wp\/v2\/types\/product"}],"replies":[{"embeddable":true,"href":"https:\/\/crystalralaksmi.com\/eesti\/wp-json\/wp\/v2\/comments?post=226483"}],"wp:featuredmedia":[{"embeddable":true,"href":"https:\/\/crystalralaksmi.com\/eesti\/wp-json\/wp\/v2\/media\/226484"}],"wp:attachment":[{"href":"https:\/\/crystalralaksmi.com\/eesti\/wp-json\/wp\/v2\/media?parent=226483"}],"wp:term":[{"taxonomy":"product_cat","embeddable":true,"href":"https:\/\/crystalralaksmi.com\/eesti\/wp-json\/wp\/v2\/product_cat?post=226483"},{"taxonomy":"product_tag","embeddable":true,"href":"https:\/\/crystalralaksmi.com\/eesti\/wp-json\/wp\/v2\/product_tag?post=226483"}],"curies":[{"name":"wp","href":"https:\/\/api.w.org\/{rel}","templated":true}]}}