{"id":226503,"date":"2022-12-29T05:57:55","date_gmt":"2022-12-29T03:57:55","guid":{"rendered":"https:\/\/crystalralaksmi.com\/eesti\/?post_type=product&#038;p=226503"},"modified":"2022-12-29T23:01:58","modified_gmt":"2022-12-29T21:01:58","slug":"mentaalse-fitnessi-valjakutse-tutvustuskone-tasuta-pilet","status":"publish","type":"product","link":"https:\/\/crystalralaksmi.com\/eesti\/product\/mentaalse-fitnessi-valjakutse-tutvustuskone-tasuta-pilet\/","title":{"rendered":"Mentaalse Fitnessi V\u00e4ljakutse Tutvustusk\u00f5ne tasuta pilet"},"content":{"rendered":"<p>Aloha!<\/p>\n<p>T\u00e4ida \u00e4ra oma ankeet (vajutades &#8211; osta pilet). Kuna seej\u00e4rel saad s\u00fcndmuse zoomi k\u00f5ne lingi.<\/p>\n<div class=\"x11i5rnm xat24cr x1mh8g0r x1vvkbs xdj266r\">Sellel k\u00f5nel saad kerge \u00fclevaate mida endast kujutab <strong>Mentaalse Fitnessi v\u00e4ljakutse<\/strong> v\u00f5i siis <strong>Elukunstnikuks Taask\u00e4ivitumine.<\/strong><\/div>\n<div class=\"x11i5rnm xat24cr x1mh8g0r x1vvkbs xtlvy1s\">Programm on 13 n\u00e4dalat pikk ja selles sisaldub ka Positiivse Intelligentsuse 8 n\u00e4dalane programm, mille l\u00e4bimisel on osalejal v\u00f5imalus kvalifitseerida Mentaalse Fitnessi Coachide programmi, mille l\u00e4bimisel on v\u00f5imalus seda pakkuma hakata kui \u00fchte uut teenust v\u00f5i professiooni.<\/div>\n<div class=\"x11i5rnm xat24cr x1mh8g0r x1vvkbs xtlvy1s\">Programm p\u00f5hineb Positiivse Intelligentsuse teoorial &#8211; et meil on k\u00f5igil kaks aju poolkera &#8211; positiivne ja negatiivne. Enamus inimesi elavad enamus aja negatiivses. Programm aitab hakata teadvustama mis mustreid ja mida oleks vaja muuta ning seej\u00e4rel muutused sisse viia. See hakkab meie teadvust, meie alateadvust ja ka paljusid mustreid ja harjumusi mis meid v\u00e4ga ei teeni lahustama ja lagundama selleks et aidata meil kolida positiivsele poolusele. Olen praegu selles programmis ise \u00f5ppimas coachiks ja meil on vaja teatud arv kliente et oma eksamiks ette valmistada. Kuna olen aga coach olnud juba \u00fcle 20 aasta &#8211; siis on kliendid ikkagi v\u00e4ga heades k\u00e4tes.<\/div>\n<div><\/div>\n<div class=\"x11i5rnm xat24cr x1mh8g0r x1vvkbs xtlvy1s\"><strong>13 n\u00e4dalases programmis lisandub veel detailne s\u00fcgavsukeldumine meie Sisemiste Sabot\u00f6\u00f6ridega.<\/strong><\/div>\n<div class=\"x11i5rnm xat24cr x1mh8g0r x1vvkbs xtlvy1s\">Kui programm on l\u00e4bitud siis on v\u00f5imalik:<br \/>\n&#8211; Tunda rohkem rahu igap\u00e4evaselt kuna on olemas t\u00f6\u00f6riistakast kuidas ennast sisemiselt juhtida koost\u00f6\u00f6s oma Elutarga ja tema viie v\u00e4ega<br \/>\n&#8211; Teolt tabada nii enda kui teiste Sisemised Sabot\u00f6\u00f6rid ja keerata nende valed pea peale ning luua uus v\u00f5imalus ja n\u00e4gemus<br \/>\n&#8211; Muutuda k\u00f5ige ja k\u00f5igi suhtes oma elus ligit\u00f5mbavamaks kuna negatiivsust ja katsumusi vanal moel on v\u00e4hem<br \/>\n&#8211; V\u00f5ime olla parem naine, mees, lapsevanem, laps, kui ka k\u00f5ik need tehnikad oma t\u00f6\u00f6ellu kaasa v\u00f5tta<br \/>\n&#8211; Oma elu loomine suuremas kerguses ja voolus kus v\u00f5imalused tulevad pigem sinuni kui vastupidi<br \/>\n&#8211; Oma elu ja tuleviku teadlikum loomine siin ja praegu<\/div>\n<div class=\"x11i5rnm xat24cr x1mh8g0r x1vvkbs xtlvy1s\"><\/div>\n<div class=\"x11i5rnm xat24cr x1mh8g0r x1vvkbs xtlvy1s\"><strong>Programm alustab 9ndal jaanuaril kui registreerib v\u00e4hemalt 5 huvilist.<\/strong><\/div>\n<div class=\"x11i5rnm xat24cr x1mh8g0r x1vvkbs xtlvy1s\">Lisainfo saad k\u00fcsida crystalralaksmi@gmail.com<\/div>\n<p>S\u00fcndmuse info on ka \u00fcleval FBs<a href=\"https:\/\/www.facebook.com\/events\/644916860721166\"> siin:\u00a0<\/a><\/p>\n<p>&nbsp;<\/p>\n<span class=\"et_bloom_bottom_trigger\"><\/span>","protected":false},"excerpt":{"rendered":"<p>Imeline v\u00f5imalus saada \u00fclevaade Mentaalse Fitnessi programmist. S\u00fcndmusel osaluseks on sul vaja \u00e4ra t\u00e4ita osaluse ankeet. Kohe kui selle \u00e4ra teed saad emailile ka zoomi lingi.<\/p>\n","protected":false},"featured_media":226504,"comment_status":"open","ping_status":"closed","template":"","meta":{"_acf_changed":false,"_et_pb_use_builder":"","_et_pb_old_content":"","_et_gb_content_width":""},"product_cat":[1014],"product_tag":[],"class_list":{"0":"post-226503","1":"product","2":"type-product","3":"status-publish","4":"has-post-thumbnail","6":"product_cat-uncategorized","8":"first","9":"instock","10":"shipping-taxable","11":"purchasable","12":"product-type-simple"},"acf":[],"_links":{"self":[{"href":"https:\/\/crystalralaksmi.com\/eesti\/wp-json\/wp\/v2\/product\/226503","targetHints":{"allow":["GET"]}}],"collection":[{"href":"https:\/\/crystalralaksmi.com\/eesti\/wp-json\/wp\/v2\/product"}],"about":[{"href":"https:\/\/crystalralaksmi.com\/eesti\/wp-json\/wp\/v2\/types\/product"}],"replies":[{"embeddable":true,"href":"https:\/\/crystalralaksmi.com\/eesti\/wp-json\/wp\/v2\/comments?post=226503"}],"wp:featuredmedia":[{"embeddable":true,"href":"https:\/\/crystalralaksmi.com\/eesti\/wp-json\/wp\/v2\/media\/226504"}],"wp:attachment":[{"href":"https:\/\/crystalralaksmi.com\/eesti\/wp-json\/wp\/v2\/media?parent=226503"}],"wp:term":[{"taxonomy":"product_cat","embeddable":true,"href":"https:\/\/crystalralaksmi.com\/eesti\/wp-json\/wp\/v2\/product_cat?post=226503"},{"taxonomy":"product_tag","embeddable":true,"href":"https:\/\/crystalralaksmi.com\/eesti\/wp-json\/wp\/v2\/product_tag?post=226503"}],"curies":[{"name":"wp","href":"https:\/\/api.w.org\/{rel}","templated":true}]}}