{"id":226557,"date":"2023-01-09T00:52:32","date_gmt":"2023-01-08T22:52:32","guid":{"rendered":"https:\/\/crystalralaksmi.com\/eesti\/?post_type=product&#038;p=226557"},"modified":"2023-02-01T23:03:59","modified_gmt":"2023-02-01T21:03:59","slug":"mentaalse-fitnessi-ehk-elukunstniku-taaskaivitumise-programm-3-kuud","status":"publish","type":"product","link":"https:\/\/crystalralaksmi.com\/eesti\/product\/mentaalse-fitnessi-ehk-elukunstniku-taaskaivitumise-programm-3-kuud\/","title":{"rendered":"Mentaalse Fitnessi ehk Elukunstniku Taask\u00e4ivitumise programm (3 kuud)"},"content":{"rendered":"<p>See programm annab sulle v\u00f5imaluse 13 n\u00e4dala jooksul tutvuda oma 10-ne Sisemise Sabot\u00f6\u00f6riga ja seej\u00e4rel ka oma Sisemise Elutargaga. Sul on v\u00f5imalus kaardistada millised Sisemised Sabot\u00f6\u00f6rid sinu elu praegusel hetkel juhivad ja kui palju on su Elutargal v\u00f5imalust toetada su elu valikuid praegusel hetkel. Koheselt kui hakkad neid teemasid teadvustama hakkavad vanad mustrid lahustuma.<\/p>\n<p>Tegu on Positiivse Intelligentsuse s\u00fcsteemiga, mis toetub ka Kognitiivsele K\u00e4itumisps\u00fchholoogiale, neuroteadustele, saavutus teadusele ja positiivsele ps\u00fchholoogiale. See on maailma mastaabis Uue Ajastu ps\u00fchholoogia, mis annab sulle otseteed ja v\u00f5tmed oma elu kergemaks ja loovamaks loomisel.<\/p>\n<p>Kui sa oled kindel et vajad oma ellu suuremat ja s\u00fcgavamat muutust ning sul on vaja ka tugevamat vundamenti &#8211; siis see on just see programm millega saad seda teha.<\/p>\n<p>Vaid 13 n\u00e4dala jooksul saad endast ja oma Sisemaailmast t\u00e4iesti uue arusaamise ja pildi. Lahkud programmist t\u00f5elise s\u00fcgava teadlikkuse ja mitmete uute t\u00f6\u00f6riistadega kogu \u00fclej\u00e4\u00e4nud eluks. Sinust v\u00f5ib saada t\u00e4ielik 100% Boss ja Kapten oma elus kus sa ei jookse enam vastutuse eest \u00e4ra!<\/p>\n<p>&nbsp;<\/p>\n<span class=\"et_bloom_bottom_trigger\"><\/span>","protected":false},"excerpt":{"rendered":"<h4>Kui soovid valida kolme kuu makse &#8211; vali kassas makseviisiks &#8220;maksa 3 osas&#8221;<\/h4>\n<p>Antud pakkumine on eripakkumine ja enne kui valid selle maksev\u00f5imaluse &#8211; ole hea ja konsulteeri Crystal Ra-ga.<\/p>\n","protected":false},"featured_media":226558,"comment_status":"open","ping_status":"closed","template":"","meta":{"_acf_changed":false,"_et_pb_use_builder":"","_et_pb_old_content":"","_et_gb_content_width":""},"product_cat":[1352],"product_tag":[],"class_list":{"0":"post-226557","1":"product","2":"type-product","3":"status-publish","4":"has-post-thumbnail","6":"product_cat-montonio","8":"first","9":"instock","10":"shipping-taxable","11":"purchasable","12":"product-type-simple"},"acf":[],"_links":{"self":[{"href":"https:\/\/crystalralaksmi.com\/eesti\/wp-json\/wp\/v2\/product\/226557","targetHints":{"allow":["GET"]}}],"collection":[{"href":"https:\/\/crystalralaksmi.com\/eesti\/wp-json\/wp\/v2\/product"}],"about":[{"href":"https:\/\/crystalralaksmi.com\/eesti\/wp-json\/wp\/v2\/types\/product"}],"replies":[{"embeddable":true,"href":"https:\/\/crystalralaksmi.com\/eesti\/wp-json\/wp\/v2\/comments?post=226557"}],"wp:featuredmedia":[{"embeddable":true,"href":"https:\/\/crystalralaksmi.com\/eesti\/wp-json\/wp\/v2\/media\/226558"}],"wp:attachment":[{"href":"https:\/\/crystalralaksmi.com\/eesti\/wp-json\/wp\/v2\/media?parent=226557"}],"wp:term":[{"taxonomy":"product_cat","embeddable":true,"href":"https:\/\/crystalralaksmi.com\/eesti\/wp-json\/wp\/v2\/product_cat?post=226557"},{"taxonomy":"product_tag","embeddable":true,"href":"https:\/\/crystalralaksmi.com\/eesti\/wp-json\/wp\/v2\/product_tag?post=226557"}],"curies":[{"name":"wp","href":"https:\/\/api.w.org\/{rel}","templated":true}]}}