{"id":226624,"date":"2023-02-16T18:19:23","date_gmt":"2023-02-16T16:19:23","guid":{"rendered":"https:\/\/crystalralaksmi.com\/eesti\/?post_type=product&#038;p=226624"},"modified":"2023-11-29T23:00:26","modified_gmt":"2023-11-29T21:00:26","slug":"labimurde-seanss-eripakkumine","status":"publish","type":"product","link":"https:\/\/crystalralaksmi.com\/eesti\/product\/labimurde-seanss-eripakkumine\/","title":{"rendered":"ERIPAKKUMINE \/21.11- 28.11 -OSTA L\u00e4bimurde seanss &#8211; 1 tund"},"content":{"rendered":"<p>See on 1-tunnine zoomi seanss kus sul on v\u00f5imalik jagada Crystal Ra-ga kus oma elus vajaksid l\u00e4bimurret. Crystal Ra v\u00f5tab siis lahti oma t\u00f6\u00f6riista laeka ja v\u00f5tab sealt v\u00e4lja just k\u00f5ik selle mida sul on vaja. Ta teeb ka l\u00fchikese energeetilise sk\u00e4nneerimise kui sinu vaim seda vajab.<\/p>\n<p>Seanss v\u00f5ib olla vaid r\u00e4\u00e4kimine, v\u00f5i k\u00fcsimustele vastamine v\u00f5i nippide ja suunamiste jagamine. Aga v\u00f5ib ka sisaldada endas mini r\u00e4nnakut. Crystal Ra juhendub sinu vaimu juhistest. Peale seanssi saad nii seansi video kui ka lisa t\u00f6\u00f6riistad ja juhised j\u00e4rgnevaks 30-ks p\u00e4evaks. \u00dcks suurem l\u00e4bimurre sellele seansile j\u00e4rgneval kuul on garanteeritud kui mitte rohkemgi! Kas oled valmis?<\/p>\n<p>Seansi makse peab olema laekunud enne seansi toimumist. Seansi saad bookida jagatud lingil\u00a0<a href=\"https:\/\/calendly.com\/coachcrystalra\/60\">siin:\u00a0 <\/a><\/p>\n<span class=\"et_bloom_bottom_trigger\"><\/span>","protected":false},"excerpt":{"rendered":"<p>See on 1-tunnine zoomi seanss kus sul on v\u00f5imalik jagada Crystal Ra-ga kus oma elus vajaksid l\u00e4bimurret. Crystal Ra v\u00f5tab siis lahti oma t\u00f6\u00f6riista laeka ja v\u00f5tab sealt v\u00e4lja just k\u00f5ik selle mida sul on vaja. Ta teeb ka l\u00fchikese energeetilise sk\u00e4nneerimise kui sinu vaim seda vajab.<\/p>\n<p>Seanss v\u00f5ib olla vaid r\u00e4\u00e4kimine, v\u00f5i k\u00fcsimustele vastamine v\u00f5i nippide ja suunamiste jagamine. Aga v\u00f5ib ka sisaldada endas mini r\u00e4nnakut. Crystal Ra juhendub sinu vaimu juhistest. Peale seanssi saad nii seansi video kui ka lisa t\u00f6\u00f6riistad ja juhised j\u00e4rgnevaks 30-ks p\u00e4evaks. \u00dcks suurem l\u00e4bimurre sellele seansile j\u00e4rgneval kuul on garanteeritud kui mitte rohkemgi! Kas oled valmis?<\/p>\n<p>Seansi makse peab olema laekunud enne seansi toimumist. Seansi saad bookida jagatud lingil\u00a0<a href=\"https:\/\/calendly.com\/coachcrystalra\/60\">siin:\u00a0<\/a><\/p>\n","protected":false},"featured_media":226204,"comment_status":"open","ping_status":"closed","template":"","meta":{"_acf_changed":false,"_et_pb_use_builder":"","_et_pb_old_content":"","_et_gb_content_width":""},"product_cat":[1352],"product_tag":[],"class_list":{"0":"post-226624","1":"product","2":"type-product","3":"status-publish","4":"has-post-thumbnail","6":"product_cat-montonio","8":"first","9":"instock","10":"shipping-taxable","11":"purchasable","12":"product-type-simple"},"acf":[],"_links":{"self":[{"href":"https:\/\/crystalralaksmi.com\/eesti\/wp-json\/wp\/v2\/product\/226624","targetHints":{"allow":["GET"]}}],"collection":[{"href":"https:\/\/crystalralaksmi.com\/eesti\/wp-json\/wp\/v2\/product"}],"about":[{"href":"https:\/\/crystalralaksmi.com\/eesti\/wp-json\/wp\/v2\/types\/product"}],"replies":[{"embeddable":true,"href":"https:\/\/crystalralaksmi.com\/eesti\/wp-json\/wp\/v2\/comments?post=226624"}],"wp:featuredmedia":[{"embeddable":true,"href":"https:\/\/crystalralaksmi.com\/eesti\/wp-json\/wp\/v2\/media\/226204"}],"wp:attachment":[{"href":"https:\/\/crystalralaksmi.com\/eesti\/wp-json\/wp\/v2\/media?parent=226624"}],"wp:term":[{"taxonomy":"product_cat","embeddable":true,"href":"https:\/\/crystalralaksmi.com\/eesti\/wp-json\/wp\/v2\/product_cat?post=226624"},{"taxonomy":"product_tag","embeddable":true,"href":"https:\/\/crystalralaksmi.com\/eesti\/wp-json\/wp\/v2\/product_tag?post=226624"}],"curies":[{"name":"wp","href":"https:\/\/api.w.org\/{rel}","templated":true}]}}