{"id":226653,"date":"2023-02-23T06:46:32","date_gmt":"2023-02-23T04:46:32","guid":{"rendered":"https:\/\/crystalralaksmi.com\/eesti\/?post_type=product&#038;p=226653"},"modified":"2023-02-28T23:01:05","modified_gmt":"2023-02-28T21:01:05","slug":"sugav-kevadpuhastus-2023","status":"publish","type":"product","link":"https:\/\/crystalralaksmi.com\/eesti\/product\/sugav-kevadpuhastus-2023\/","title":{"rendered":"Tagasi Tervisesse Kevadpuhastus 2023 (vaid WILDFIT 90 l\u00e4binutele)"},"content":{"rendered":"<p><strong>See imeline Kevadpuhastus<\/strong> on vaid neile kes on juba l\u00e4binud WILDFIT 90 programmi koos Crystal Raga. Enne kui toote ostad &#8211; loe l\u00e4bi detailine info kellele mis hinnaga antud toode kehtib.<\/p>\n<p><strong><a href=\"https:\/\/youtu.be\/od3qI3zzZ5Y\"> Vaata videokutset siit:<\/a><\/strong><\/p>\n<p>Kui sa ei ole programmi l\u00e4binud koos Crystal Ra-ga aga oled seda teinud kellegi teisega ja sooviksid teha l\u00e4bi s\u00fcgavama Kevadpuhastuse tema juhendamisel\u00a0 v\u00f5ta Crystaliga \u00fchendust (crystalralaksmi@gmail.com) aadressiga.<\/p>\n<p><strong>See on muudetud holistiline Kevadpuhastus.<\/strong> Igal osalejal on v\u00f5imalus valida t\u00e4iesti oma kava &#8211; aga baaskava k\u00f5igile osalejatele on j\u00e4rgnev:<\/p>\n<ol>\n<li>N\u00e4dal 1 v\u00f5tab fookusesse rasva puhastuse mahla puhastusega, mis p\u00f5hineb Trofoloogial (toitude kombineerimise teadusel). Vajalik on mahalpressi ja hea blenderi olemasolu. P\u00e4evas tuleks teha 3-4 smuutit. Vajab ekstra aega et k\u00f5ik kas ette valmistada v\u00f5i v\u00e4rskelt teha.<\/li>\n<li>Kaks n\u00e4dalat S\u00fcgavas Kevade hooajas iseenda j\u00e4lgimine ja s\u00fcgavpuhastus keha, meele ja vaimu tasanditel. Vaatame \u00fcle k\u00f5ik WILDFITi peamised t\u00f6\u00f6riistad + boonusena 6 inimvajadust, keha konteinerite graafiku, Bhastrika hingamise, liikumise, samuti hirmude vabastamise, sabot\u00f6\u00f6rid, Sisemise Pere Arhet\u00fc\u00fcbid ja muud vajalikud lisa t\u00f6\u00f6riistad<\/li>\n<li>Teeme l\u00e4bi 3 p\u00e4evase kas rohesmuuti v\u00f5i vee paastu k\u00f5ik koos<\/li>\n<li>K\u00e4ime l\u00e4bi k\u00f5ik hooajad ja seame uued eesm\u00e4rgid.<\/li>\n<\/ol>\n<p>***<\/p>\n<p>Toote saad soetada hinnaga 200 eurot kui sa oled teist aastat Elustiili Klubis ja sa oled juba korra l\u00e4bi teinud Tagasi Tervisesse programmi. Kui sa pole veel Crystal Ra Elustiili Klubi liige (vaid WF 90 l\u00e4binutele) siis on sul v\u00f5imalus seda teha j\u00e4rgnevaks aastaks.<\/p>\n<p><strong>Liitu aastase Crystal Ra Elustiili Klubiga<\/strong> <a href=\"https:\/\/infinite-activation.mykajabi.com\/offers\/6pTrYnf7\/checkout?coupon_code=LWL60OFF2023\">siit<\/a> (saad liituda vaid siis kui oled l\u00e4binud Crystal Ra WILDFIT 90 programmi &#8211; kui sa pole seda veel teinud &#8211; siis j\u00e4rgmine grupp alustab aprillis).<\/p>\n<p>Kui sa pole Crystal Ra Elustiili Klubi liige aga soovid teha l\u00e4bi S\u00fcgava kevadpuhastuse siis sulle on programmi hind 250 eurot. Sel juhul v\u00f5ta Crystal Ra-ga personaalselt \u00fchendust ja saad temalt j\u00e4rgnevad juhised.<\/p>\n<p>Imelise kohtumiseni,<\/p>\n<p>Crystal Ra<\/p>\n<span class=\"et_bloom_bottom_trigger\"><\/span>","protected":false},"excerpt":{"rendered":"<p>Programm koosneb privaatsest FB grupist, viiest zoomi k\u00f5nest (1 tund) ja lisainspiratsioonist ja motivatsioonist mida jagame FB grupis.<\/p>\n<p>Imelise kohtumiseni,<\/p>\n<p>Crystal Ra<\/p>\n","protected":false},"featured_media":226656,"comment_status":"open","ping_status":"closed","template":"","meta":{"_acf_changed":false,"_et_pb_use_builder":"","_et_pb_old_content":"","_et_gb_content_width":""},"product_cat":[1352],"product_tag":[],"class_list":{"0":"post-226653","1":"product","2":"type-product","3":"status-publish","4":"has-post-thumbnail","6":"product_cat-montonio","8":"first","9":"instock","10":"shipping-taxable","11":"purchasable","12":"product-type-simple"},"acf":[],"_links":{"self":[{"href":"https:\/\/crystalralaksmi.com\/eesti\/wp-json\/wp\/v2\/product\/226653","targetHints":{"allow":["GET"]}}],"collection":[{"href":"https:\/\/crystalralaksmi.com\/eesti\/wp-json\/wp\/v2\/product"}],"about":[{"href":"https:\/\/crystalralaksmi.com\/eesti\/wp-json\/wp\/v2\/types\/product"}],"replies":[{"embeddable":true,"href":"https:\/\/crystalralaksmi.com\/eesti\/wp-json\/wp\/v2\/comments?post=226653"}],"wp:featuredmedia":[{"embeddable":true,"href":"https:\/\/crystalralaksmi.com\/eesti\/wp-json\/wp\/v2\/media\/226656"}],"wp:attachment":[{"href":"https:\/\/crystalralaksmi.com\/eesti\/wp-json\/wp\/v2\/media?parent=226653"}],"wp:term":[{"taxonomy":"product_cat","embeddable":true,"href":"https:\/\/crystalralaksmi.com\/eesti\/wp-json\/wp\/v2\/product_cat?post=226653"},{"taxonomy":"product_tag","embeddable":true,"href":"https:\/\/crystalralaksmi.com\/eesti\/wp-json\/wp\/v2\/product_tag?post=226653"}],"curies":[{"name":"wp","href":"https:\/\/api.w.org\/{rel}","templated":true}]}}