{"id":226667,"date":"2023-03-01T00:12:27","date_gmt":"2023-02-28T22:12:27","guid":{"rendered":"https:\/\/crystalralaksmi.com\/eesti\/?post_type=product&#038;p=226667"},"modified":"2023-03-19T23:00:08","modified_gmt":"2023-03-19T21:00:08","slug":"tervise-taaskaivituse-valjakutse-osaleja-registreerimine","status":"publish","type":"product","link":"https:\/\/crystalralaksmi.com\/eesti\/product\/tervise-taaskaivituse-valjakutse-osaleja-registreerimine\/","title":{"rendered":"Tervise Taask\u00e4ivituse V\u00e4ljakutse Osaleja registreerimine"},"content":{"rendered":"<p>Aloha!<\/p>\n<p>K\u00e4es on juba m\u00e4rts. Kuidas on sinul lugu oma uusaastalubadustega? Kui sa neid ikkagi veel teed &#8211; siis on \u00fcsna t\u00f5en\u00e4oline et nendega v\u00f5ib olla ekstra katsumusi. Eriti mis puutub tervisesse. Sageli paneme tervise oma prioriteetide nimekirjas viimasele kohale.<\/p>\n<ul>\n<li><strong>Aga mis siis kui Tervis ongi v\u00f5tmeks kogu su elu taask\u00e4ivitumisele?<\/strong><\/li>\n<li><strong>Kas siis v\u00f5taksid selle teemana tagumiselt riiulilt ettepoole?<\/strong><\/li>\n<li><strong>Kui tervise korrasolek m\u00f5jutaks su suhet iseendaga ja teistega 100%?<\/strong><\/li>\n<li><strong>Kui tervis m\u00f5jutaks su seksuaalsust?<\/strong><\/li>\n<li><strong>Kui tervis m\u00f5jutaks su Elu Missiooni?<\/strong><\/li>\n<li><strong>Kui tervise korrasoleku \u00fcks loomulikest tulemitest oleks Holistiline K\u00fcllus &#8211; mis t\u00e4hendab et see aitaks sul m\u00f5ista kuidas kergemini tuua oma ellu K\u00fcllust igas vormis &#8211; sealhulgas ka finantsilisel kujul?<\/strong><\/li>\n<\/ul>\n<p>Kui k\u00f5ik see juhtuks &#8211; kas siis t\u00e4htsustaksid oma Tervist rohkem ja hakkaksid sellega tegelema?<\/p>\n<p>Sellel v\u00e4ljakutsel on sul v\u00f5imalik tutvuda Viie Tervise Sambaga. Kui sa need sambad selgeks saad ja regulaarselt t\u00f6\u00f6sse paned &#8211; muutub su tervis ja ka heaolu automaatselt ja garanteeritult ja kui neid t\u00f6\u00f6s hoiad ka edaspidiselt siis on heaolu ka j\u00e4tkusuutlik.<\/p>\n<p><strong>Nende viie p\u00e4eva jooksul on sul v\u00f5imalus:<\/strong><br \/>\n<strong>a) Iseseisvalt l\u00e4bi k\u00e4ia mini v\u00e4ljakutse \u00f5ppevideod koos grupicoachingu n\u00e4idetega<\/strong><br \/>\n<strong>b) J\u00e4rgneda igap\u00e4evastele juhistele PDFis ja k\u00f5ik praktikasse panna<\/strong><br \/>\n<strong>c) Jagada oma kogemusi privaatses FB grupis teise osalejatega <\/strong><br \/>\n<strong>d) Olla kohal p\u00e4evas korra Zoom k\u00f5nes kus oma k\u00fcsimusi esitada v\u00f5i grupicoachingut kogeda koos Crystal Ra &#8211; Holistilise Coachi juhtimisel<\/strong><br \/>\n<strong>e) Tunda m\u00e4rgatavat enesetunde paranemist &#8211; keha-, meele-, ja vaimu tasandil viienda p\u00e4eva l\u00f5puks kui oled k\u00f5ik teooria ja praktika t\u00f6\u00f6sse pannud<\/strong><\/p>\n<p>Kui see enesetunne mis sul tekib peale viite p\u00e4eva sulle meeldib ja sa tahaksid oma Heaolu Kompassi edasi puhastada, on sul koheselt peale v\u00e4ljakutset v\u00f5imalus liituda WILDFIT 90 kolme kuulise programmiga mille uus eestikeelne grupp alustab<b> aprilli alguses.<\/b><\/p>\n<p><strong>Imelise kohtumiseni 19 m\u00e4rtsil kell 19 eesti aeg! Tasuta registreerimine on avatud kuni 18. m\u00e4rtsini 2023 kl 18 eesti aeg. Kui soovid liituda peale seda emaili crystalralaksmi@gmail.com<\/strong><\/p>\n<p><strong>Selleks et sinu osalus registreeruks vajuta siinsele tootele &#8211; ja t\u00e4ida \u00e4ra oma info. Seej\u00e4rel tuleb sulle koheselt emailile Zoomi link ja FB Grupi link. Sa pead olema minu FB s\u00f5ber enne kui saad liituda. Oluline on et k\u00f5ik need protsessid oleks tehtud hiljemalt 18nda m\u00e4rtsi hommikuks eesti aeg. Siis saate juba iseseisvalt programmiga alustada 19nda hommikul. Meie esimene k\u00f5ne on 19nda m\u00e4rtsi \u00f5htul.\u00a0<\/strong><\/p>\n<p>Aloha,<br \/>\nCrystal Ra<\/p>\n<span class=\"et_bloom_bottom_trigger\"><\/span>","protected":false},"excerpt":{"rendered":"<p>Aloha! K\u00e4es on juba m\u00e4rts. Kuidas on sinul lugu oma uusaastalubadustega? Kui sa neid ikkagi veel teed &#8211; siis on \u00fcsna t\u00f5en\u00e4oline et nendega v\u00f5ib olla ekstra katsumusi. Eriti mis [&hellip;]<\/p>\n","protected":false},"featured_media":226668,"comment_status":"open","ping_status":"closed","template":"","meta":{"_acf_changed":false,"_et_pb_use_builder":"","_et_pb_old_content":"","_et_gb_content_width":""},"product_cat":[1014],"product_tag":[],"class_list":{"0":"post-226667","1":"product","2":"type-product","3":"status-publish","4":"has-post-thumbnail","6":"product_cat-uncategorized","8":"first","9":"instock","10":"shipping-taxable","11":"purchasable","12":"product-type-simple"},"acf":[],"_links":{"self":[{"href":"https:\/\/crystalralaksmi.com\/eesti\/wp-json\/wp\/v2\/product\/226667","targetHints":{"allow":["GET"]}}],"collection":[{"href":"https:\/\/crystalralaksmi.com\/eesti\/wp-json\/wp\/v2\/product"}],"about":[{"href":"https:\/\/crystalralaksmi.com\/eesti\/wp-json\/wp\/v2\/types\/product"}],"replies":[{"embeddable":true,"href":"https:\/\/crystalralaksmi.com\/eesti\/wp-json\/wp\/v2\/comments?post=226667"}],"wp:featuredmedia":[{"embeddable":true,"href":"https:\/\/crystalralaksmi.com\/eesti\/wp-json\/wp\/v2\/media\/226668"}],"wp:attachment":[{"href":"https:\/\/crystalralaksmi.com\/eesti\/wp-json\/wp\/v2\/media?parent=226667"}],"wp:term":[{"taxonomy":"product_cat","embeddable":true,"href":"https:\/\/crystalralaksmi.com\/eesti\/wp-json\/wp\/v2\/product_cat?post=226667"},{"taxonomy":"product_tag","embeddable":true,"href":"https:\/\/crystalralaksmi.com\/eesti\/wp-json\/wp\/v2\/product_tag?post=226667"}],"curies":[{"name":"wp","href":"https:\/\/api.w.org\/{rel}","templated":true}]}}