{"id":226676,"date":"2023-03-07T04:54:55","date_gmt":"2023-03-07T02:54:55","guid":{"rendered":"https:\/\/crystalralaksmi.com\/eesti\/?post_type=product&#038;p=226676"},"modified":"2023-03-16T23:01:01","modified_gmt":"2023-03-16T21:01:01","slug":"aura-tasakaalustus","status":"publish","type":"product","link":"https:\/\/crystalralaksmi.com\/eesti\/product\/aura-tasakaalustus\/","title":{"rendered":"Aura tasakaalustus"},"content":{"rendered":"<p>Kui oled liikunud Uude Energiasse (peale Auratransformatsiooni\u2122) siis on hea teatud aja tagant k\u00e4ia &#8220;hoolduses&#8221; ehk teha Aura tasakaalustamist. Seanss toimub kas personaalselt v\u00f5i online teel. Online seansi makse peaks laekuma v\u00f5imalusel hiljemalt 24 tundi enne seanssi v\u00f5i \u00e4\u00e4rmisel juhul 2 tundi enne seanssi. Vastasel juhul seanss ei toimu.<\/p>\n<p>Seansi pikkus on 1,5 tundi. Online seanss lindistatakse ja selle link saadetakse hiljemalt 48 tunni jooksul kliendile. Klient saab seansi ajal palju soovitusi ja tal on v\u00f5imalus p\u00e4rast seanssi video iseseisvalt \u00fcle vaadata ja soovitused kirja panna. Kui j\u00e4rgneva 30 p\u00e4eva jooksul neid soovitusi praktikasse pannakse &#8211; siis saab k\u00f5ik maksimaalselt energeetiliselt integreeruda.<\/p>\n<p>Selle seansi ajal saame \u00fcle vaadata vastavalt kliendi energiate juhatusele erinevaid teemasid nagu n\u00e4iteks:<\/p>\n<ul>\n<li>kuidas l\u00e4heb su energiatel \u00fcldises plaanis ja kus on kitsaskohad<\/li>\n<li>kus dimensiooni oled j\u00f5udnud Uues Ajas<\/li>\n<li>kuidas on lugu su nelja elemendiga (tuli, vesi, maa ja \u00f5hk)<\/li>\n<li>kuidas toimivad nais- ja meesenergiad<\/li>\n<li>kuidas l\u00e4heb su Elu Missiooniga<\/li>\n<li>kuidas on lugu su Kaksikvaimuga<\/li>\n<li>kus on muud blokeeringud<\/li>\n<li>kui kaugel oled oma kristalliseerumise ja kullastumisega<\/li>\n<li>kuidas on lood teemant energiatega?<\/li>\n<li>mida veel vajad oma protsessides<\/li>\n<li>kas su vaim ja Elu Missioon saab maksimaalse toe selles riigis ja kohas kus sa parajasti asud<\/li>\n<li>mis varjatud talendid ootavad veel avaldamist aga mida sa pole ise kasutanud?<\/li>\n<li>mis muu info antud kliendi vaimenergia vahendab ja mis vajab t\u00e4helepanu<\/li>\n<\/ul>\n<p>Kui sa maksad selle seansi eest &#8211; saad online seansi korral ka kohese zoomi lingi.<\/p>\n<p>Imelise kohtumiseni!<\/p>\n<span class=\"et_bloom_bottom_trigger\"><\/span>","protected":false},"excerpt":{"rendered":"<p>Kui oled liikunud Uude Energiasse (peale Auratransformatsiooni\u2122) siis on hea teatud aja tagant k\u00e4ia &#8220;hoolduses&#8221; ehk teha Aura tasakaalustamist. Seanss toimub kas personaalselt v\u00f5i online teel. Online seansi makse peaks [&hellip;]<\/p>\n","protected":false},"featured_media":226677,"comment_status":"open","ping_status":"closed","template":"","meta":{"_acf_changed":false,"_et_pb_use_builder":"","_et_pb_old_content":"","_et_gb_content_width":""},"product_cat":[1352],"product_tag":[],"class_list":{"0":"post-226676","1":"product","2":"type-product","3":"status-publish","4":"has-post-thumbnail","6":"product_cat-montonio","8":"first","9":"instock","10":"shipping-taxable","11":"purchasable","12":"product-type-simple"},"acf":[],"_links":{"self":[{"href":"https:\/\/crystalralaksmi.com\/eesti\/wp-json\/wp\/v2\/product\/226676","targetHints":{"allow":["GET"]}}],"collection":[{"href":"https:\/\/crystalralaksmi.com\/eesti\/wp-json\/wp\/v2\/product"}],"about":[{"href":"https:\/\/crystalralaksmi.com\/eesti\/wp-json\/wp\/v2\/types\/product"}],"replies":[{"embeddable":true,"href":"https:\/\/crystalralaksmi.com\/eesti\/wp-json\/wp\/v2\/comments?post=226676"}],"wp:featuredmedia":[{"embeddable":true,"href":"https:\/\/crystalralaksmi.com\/eesti\/wp-json\/wp\/v2\/media\/226677"}],"wp:attachment":[{"href":"https:\/\/crystalralaksmi.com\/eesti\/wp-json\/wp\/v2\/media?parent=226676"}],"wp:term":[{"taxonomy":"product_cat","embeddable":true,"href":"https:\/\/crystalralaksmi.com\/eesti\/wp-json\/wp\/v2\/product_cat?post=226676"},{"taxonomy":"product_tag","embeddable":true,"href":"https:\/\/crystalralaksmi.com\/eesti\/wp-json\/wp\/v2\/product_tag?post=226676"}],"curies":[{"name":"wp","href":"https:\/\/api.w.org\/{rel}","templated":true}]}}