{"id":226747,"date":"2023-04-29T04:45:56","date_gmt":"2023-04-29T01:45:56","guid":{"rendered":"https:\/\/crystalralaksmi.com\/eesti\/?post_type=product&#038;p=226747"},"modified":"2023-12-11T23:01:32","modified_gmt":"2023-12-11T21:01:32","slug":"auraharmoniseerimine","status":"publish","type":"product","link":"https:\/\/crystalralaksmi.com\/eesti\/product\/auraharmoniseerimine\/","title":{"rendered":"Aura harmoniseerimise eripakkumine"},"content":{"rendered":"<p>Imeline Uue Ajastu Energiate harmoniseerimise protsess koos kvantsageduste seansiga. See seanss on vaid neile, kes on l\u00e4binud Auratransformatsiooni v\u00f5i Kaua protsessi. See on energiate hoolitsuse seanss mida v\u00f5iks iga Uue Aja t\u00e4iskasvanu teha nii nagu vajadus tekib.<\/p>\n<p><strong>Selle seansi ajal on v\u00f5imalikud fookuspunktid j\u00e4rgnevad:\u00a0<\/strong><\/p>\n<ol>\n<li>Kas ja kuidas on l\u00e4inud su energiate integreerimisega? Kus on kitsaskohad kristall ja kuldenergiatel?<\/li>\n<li>Kuidas on olukord su 4 elemendiga?<\/li>\n<li>Mis seis on su Sisemise Pere Arhet\u00fc\u00fcpidega?<\/li>\n<li>Kas ja kuidas on olukord K\u00fclluse Rattaga (seksuaalsus, suhted, tervis, elu missioon &#8211; karj\u00e4\u00e4r ja holistiline k\u00fcllus &#8211; raha)?<\/li>\n<li>Kus dimensioonis sa Uues Energias asud?<\/li>\n<li>Milline n\u00e4eb v\u00e4lja su aura ja mis affirmatsiooni s\u00f5numid tulevad kvantsagedustelt?<\/li>\n<li>Kvantsageduste vastuv\u00f5tt terve seansi ajal &#8211; mis aitab &#8220;riisuda&#8221; su keha, meelt ja vaimu. Seal kus vaja m\u00fcksata, seal kus vaja sikutada, seal kus vaja puhastada.<\/li>\n<li>Lisa puhastused energeetiliselt mis t\u00e4helepanu vajavad<\/li>\n<li>Uus plaan uueks peat\u00fckiks koos selgete tegevusjuhistega<\/li>\n<li>Kas ja kuidas on sul olukord Kaksikvaimuga?<\/li>\n<li>\u00a0Kas see koht kus sa praegu elad toetab su energiate integreerumist?<\/li>\n<li>Muud olulised teemad mis vastavalt kliendi teemadele esile kerkivad<\/li>\n<\/ol>\n<p>&nbsp;<\/p>\n<span class=\"et_bloom_bottom_trigger\"><\/span>","protected":false},"excerpt":{"rendered":"<p>Imeline Uue Ajastu Energiate harmoniseerimise protsess koos kvantsageduste seansiga. See seanss on vaid neile, kes on l\u00e4binud Auratransformatsiooni v\u00f5i Kaua protsessi. See on energiate hoolitsuse seanss mida v\u00f5iks iga Uue [&hellip;]<\/p>\n","protected":false},"featured_media":226748,"comment_status":"open","ping_status":"closed","template":"","meta":{"_acf_changed":false,"_et_pb_use_builder":"","_et_pb_old_content":"","_et_gb_content_width":""},"product_cat":[1352],"product_tag":[],"class_list":{"0":"post-226747","1":"product","2":"type-product","3":"status-publish","4":"has-post-thumbnail","6":"product_cat-montonio","8":"first","9":"instock","10":"virtual","11":"purchasable","12":"product-type-simple"},"acf":[],"_links":{"self":[{"href":"https:\/\/crystalralaksmi.com\/eesti\/wp-json\/wp\/v2\/product\/226747","targetHints":{"allow":["GET"]}}],"collection":[{"href":"https:\/\/crystalralaksmi.com\/eesti\/wp-json\/wp\/v2\/product"}],"about":[{"href":"https:\/\/crystalralaksmi.com\/eesti\/wp-json\/wp\/v2\/types\/product"}],"replies":[{"embeddable":true,"href":"https:\/\/crystalralaksmi.com\/eesti\/wp-json\/wp\/v2\/comments?post=226747"}],"wp:featuredmedia":[{"embeddable":true,"href":"https:\/\/crystalralaksmi.com\/eesti\/wp-json\/wp\/v2\/media\/226748"}],"wp:attachment":[{"href":"https:\/\/crystalralaksmi.com\/eesti\/wp-json\/wp\/v2\/media?parent=226747"}],"wp:term":[{"taxonomy":"product_cat","embeddable":true,"href":"https:\/\/crystalralaksmi.com\/eesti\/wp-json\/wp\/v2\/product_cat?post=226747"},{"taxonomy":"product_tag","embeddable":true,"href":"https:\/\/crystalralaksmi.com\/eesti\/wp-json\/wp\/v2\/product_tag?post=226747"}],"curies":[{"name":"wp","href":"https:\/\/api.w.org\/{rel}","templated":true}]}}